{"id":28975,"date":"2023-06-15T09:36:33","date_gmt":"2023-06-15T06:36:33","guid":{"rendered":"https:\/\/www.hirsiset.com\/%e8%81%94%e7%b3%bb%e6%88%91%e4%bb%ac\/register-statement\/"},"modified":"2023-06-15T10:36:00","modified_gmt":"2023-06-15T07:36:00","slug":"register-statement","status":"publish","type":"page","link":"https:\/\/www.hirsiset.com\/zh-hans\/%e8%81%94%e7%b3%bb%e6%88%91%e4%bb%ac\/register-statement\/","title":{"rendered":"Register Statement"},"content":{"rendered":"<h3><\/h3>\n<h3>1. Registrar<\/h3>\n<p>Name: Oulun Hirsiset Oy<br \/>\nAddress: Konetie 19 C1, 90620 Oulu<br \/>\nPhone number : +358 (0)400 386048<br \/>\nEmail address : hirsiset (at) hirsiset.com<br \/>\nWebsite address : https:\/\/www.hirsiset.com<\/p>\n<p>&nbsp;<\/p>\n<h3><\/h3>\n<h3>2. The person responsible for registry matters<\/h3>\n<p>The contact person is Markku M\u00e4l\u00e4sk\u00e4, Oulun Hirsiset Oy.<br \/>\nName: Markku M\u00e4l\u00e4sk\u00e4<br \/>\nPhone number: +358 (0)400 386048<br \/>\nEmail address : markku (at) hirsiset.com<\/p>\n<h3><\/h3>\n<h3>3. Register name<\/h3>\n<p>Hirsiset online service<\/p>\n<h3><\/h3>\n<h3>4. Purpose of use of the register<\/h3>\n<p>Collected personal data is used for marketing of Oulun Hirsiset Oy, sending advertising and marketing materials. The collection and use of data takes place in accordance with Chapter 4 \u00a7 19 of the Personal Data Act.<\/p>\n<h3><\/h3>\n<h3>5. Data content of the register<\/h3>\n<p>The register contains the following information: first name, last name, email address, phone number. Information is collected via the website using a separate email form.<\/p>\n<h3><\/h3>\n<h3>6. Register protection principles<\/h3>\n<p>The website&#8217;s user register information is stored in the registrar&#8217;s system as an IT record, which is protected by the operating system&#8217;s security software. Access to the system requires entering a username and password. The system is also protected by firewalls and other technical means. Only certain, predefined employees of the registrar can access and have the right to use the information contained in the register stored in the system. The information contained in the register is located in locked and guarded premises.<\/p>\n<h3><\/h3>\n<h3>7. Cookies<\/h3>\n<p>We use cookies on our site for content delivery, personalization and traffic analysis in order to offer the best user experience. Cookies are browsing data stored on the user&#8217;s device by an internet browser. Site usage information is sent to Google. By using the site, you accept the use of cookies.<\/p>\n<p>&nbsp;<\/p>\n<h3>8. Content embedded from other sites<\/h3>\n<p>Articles on this site may contain embedded content (for example, videos, images, articles, etc.). Opening embedded content imported from other sites is comparable to the visitor visiting a third-party site. These<br \/>\nsites may collect information about you, use cookies, embed third-party tracking cookies, and monitor your interaction with the embedded content, including tracking your interaction if and when you are logged in as a<br \/>\nuser to the site.<\/p>\n","protected":false},"excerpt":{"rendered":"<p>1. Registrar Name: Oulun Hirsiset Oy Address: Konetie 1&hellip;<\/p>\n","protected":false},"author":1,"featured_media":0,"parent":7321,"menu_order":0,"comment_status":"closed","ping_status":"closed","template":"","meta":{"footnotes":""},"class_list":["post-28975","page","type-page","status-publish","hentry","description-off"],"yoast_head":"<!-- This site is optimized with the Yoast SEO plugin v27.4 - https:\/\/yoast.com\/product\/yoast-seo-wordpress\/ -->\n<title>Register Statement - Hirsiset - Log houses, Log cabins, Free time log apartments<\/title>\n<meta name=\"description\" content=\"This is the register and data protection statement of Oulun Hirsiset Oy in accordance with the Data Protection Act.\" \/>\n<meta name=\"robots\" content=\"index, follow, max-snippet:-1, max-image-preview:large, max-video-preview:-1\" \/>\n<link rel=\"canonical\" href=\"https:\/\/www.hirsiset.com\/zh-hans\/%e8%81%94%e7%b3%bb%e6%88%91%e4%bb%ac\/register-statement\/\" \/>\n<meta property=\"og:locale\" content=\"zh_CN\" \/>\n<meta property=\"og:type\" content=\"article\" \/>\n<meta property=\"og:title\" content=\"Register Statement - Hirsiset - Log houses, Log cabins, Free time log apartments\" \/>\n<meta property=\"og:description\" content=\"This is the register and data protection statement of Oulun Hirsiset Oy in accordance with the Data Protection Act.\" \/>\n<meta property=\"og:url\" content=\"https:\/\/www.hirsiset.com\/zh-hans\/%e8%81%94%e7%b3%bb%e6%88%91%e4%bb%ac\/register-statement\/\" \/>\n<meta property=\"og:site_name\" content=\"Hirsiset\" \/>\n<meta property=\"article:publisher\" content=\"https:\/\/www.facebook.com\/Hirsiset\/\" \/>\n<meta property=\"article:modified_time\" content=\"2023-06-15T07:36:00+00:00\" \/>\n<meta name=\"twitter:card\" content=\"summary_large_image\" \/>\n<meta name=\"twitter:site\" content=\"@hirsiset\" \/>\n<meta name=\"twitter:label1\" content=\"\u9884\u8ba1\u9605\u8bfb\u65f6\u95f4\" \/>\n\t<meta name=\"twitter:data1\" content=\"3 \u5206\" \/>\n<script type=\"application\/ld+json\" class=\"yoast-schema-graph\">{\"@context\":\"https:\\\/\\\/schema.org\",\"@graph\":[{\"@type\":\"WebPage\",\"@id\":\"https:\\\/\\\/www.hirsiset.com\\\/zh-hans\\\/%e8%81%94%e7%b3%bb%e6%88%91%e4%bb%ac\\\/register-statement\\\/\",\"url\":\"https:\\\/\\\/www.hirsiset.com\\\/zh-hans\\\/%e8%81%94%e7%b3%bb%e6%88%91%e4%bb%ac\\\/register-statement\\\/\",\"name\":\"Register Statement - Hirsiset - Log houses, Log cabins, Free time log apartments\",\"isPartOf\":{\"@id\":\"https:\\\/\\\/www.hirsiset.com\\\/zh-hans\\\/#website\"},\"datePublished\":\"2023-06-15T06:36:33+00:00\",\"dateModified\":\"2023-06-15T07:36:00+00:00\",\"description\":\"This is the register and data protection statement of Oulun Hirsiset Oy in accordance with the Data Protection Act.\",\"breadcrumb\":{\"@id\":\"https:\\\/\\\/www.hirsiset.com\\\/zh-hans\\\/%e8%81%94%e7%b3%bb%e6%88%91%e4%bb%ac\\\/register-statement\\\/#breadcrumb\"},\"inLanguage\":\"zh-Hans\",\"potentialAction\":[{\"@type\":\"ReadAction\",\"target\":[\"https:\\\/\\\/www.hirsiset.com\\\/zh-hans\\\/%e8%81%94%e7%b3%bb%e6%88%91%e4%bb%ac\\\/register-statement\\\/\"]}]},{\"@type\":\"BreadcrumbList\",\"@id\":\"https:\\\/\\\/www.hirsiset.com\\\/zh-hans\\\/%e8%81%94%e7%b3%bb%e6%88%91%e4%bb%ac\\\/register-statement\\\/#breadcrumb\",\"itemListElement\":[{\"@type\":\"ListItem\",\"position\":1,\"name\":\"Home\",\"item\":\"https:\\\/\\\/www.hirsiset.com\\\/zh-hans\\\/\"},{\"@type\":\"ListItem\",\"position\":2,\"name\":\"\u8054\u7cfb\u6211\u4eec\",\"item\":\"https:\\\/\\\/www.hirsiset.com\\\/zh-hans\\\/%e8%81%94%e7%b3%bb%e6%88%91%e4%bb%ac\\\/\"},{\"@type\":\"ListItem\",\"position\":3,\"name\":\"Register Statement\"}]},{\"@type\":\"WebSite\",\"@id\":\"https:\\\/\\\/www.hirsiset.com\\\/zh-hans\\\/#website\",\"url\":\"https:\\\/\\\/www.hirsiset.com\\\/zh-hans\\\/\",\"name\":\"Hirsiset\",\"description\":\"Hirsitaloja yli 30-vuoden kokemuksella\",\"publisher\":{\"@id\":\"https:\\\/\\\/www.hirsiset.com\\\/zh-hans\\\/#organization\"},\"potentialAction\":[{\"@type\":\"SearchAction\",\"target\":{\"@type\":\"EntryPoint\",\"urlTemplate\":\"https:\\\/\\\/www.hirsiset.com\\\/zh-hans\\\/?s={search_term_string}\"},\"query-input\":{\"@type\":\"PropertyValueSpecification\",\"valueRequired\":true,\"valueName\":\"search_term_string\"}}],\"inLanguage\":\"zh-Hans\"},{\"@type\":\"Organization\",\"@id\":\"https:\\\/\\\/www.hirsiset.com\\\/zh-hans\\\/#organization\",\"name\":\"Oulun Hirsiset Oy\",\"url\":\"https:\\\/\\\/www.hirsiset.com\\\/zh-hans\\\/\",\"logo\":{\"@type\":\"ImageObject\",\"inLanguage\":\"zh-Hans\",\"@id\":\"https:\\\/\\\/www.hirsiset.com\\\/zh-hans\\\/#\\\/schema\\\/logo\\\/image\\\/\",\"url\":\"https:\\\/\\\/www.hirsiset.com\\\/wp-content\\\/uploads\\\/Hirsiset_logo65px.png\",\"contentUrl\":\"https:\\\/\\\/www.hirsiset.com\\\/wp-content\\\/uploads\\\/Hirsiset_logo65px.png\",\"width\":299,\"height\":65,\"caption\":\"Oulun Hirsiset Oy\"},\"image\":{\"@id\":\"https:\\\/\\\/www.hirsiset.com\\\/zh-hans\\\/#\\\/schema\\\/logo\\\/image\\\/\"},\"sameAs\":[\"https:\\\/\\\/www.facebook.com\\\/Hirsiset\\\/\",\"https:\\\/\\\/x.com\\\/hirsiset\",\"https:\\\/\\\/www.instagram.com\\\/hirsiset_oy\\\/\"]}]}<\/script>\n<!-- \/ Yoast SEO plugin. -->","yoast_head_json":{"title":"Register Statement - Hirsiset - Log houses, Log cabins, Free time log apartments","description":"This is the register and data protection statement of Oulun Hirsiset Oy in accordance with the Data Protection Act.","robots":{"index":"index","follow":"follow","max-snippet":"max-snippet:-1","max-image-preview":"max-image-preview:large","max-video-preview":"max-video-preview:-1"},"canonical":"https:\/\/www.hirsiset.com\/zh-hans\/%e8%81%94%e7%b3%bb%e6%88%91%e4%bb%ac\/register-statement\/","og_locale":"zh_CN","og_type":"article","og_title":"Register Statement - Hirsiset - Log houses, Log cabins, Free time log apartments","og_description":"This is the register and data protection statement of Oulun Hirsiset Oy in accordance with the Data Protection Act.","og_url":"https:\/\/www.hirsiset.com\/zh-hans\/%e8%81%94%e7%b3%bb%e6%88%91%e4%bb%ac\/register-statement\/","og_site_name":"Hirsiset","article_publisher":"https:\/\/www.facebook.com\/Hirsiset\/","article_modified_time":"2023-06-15T07:36:00+00:00","twitter_card":"summary_large_image","twitter_site":"@hirsiset","twitter_misc":{"\u9884\u8ba1\u9605\u8bfb\u65f6\u95f4":"3 \u5206"},"schema":{"@context":"https:\/\/schema.org","@graph":[{"@type":"WebPage","@id":"https:\/\/www.hirsiset.com\/zh-hans\/%e8%81%94%e7%b3%bb%e6%88%91%e4%bb%ac\/register-statement\/","url":"https:\/\/www.hirsiset.com\/zh-hans\/%e8%81%94%e7%b3%bb%e6%88%91%e4%bb%ac\/register-statement\/","name":"Register Statement - Hirsiset - Log houses, Log cabins, Free time log apartments","isPartOf":{"@id":"https:\/\/www.hirsiset.com\/zh-hans\/#website"},"datePublished":"2023-06-15T06:36:33+00:00","dateModified":"2023-06-15T07:36:00+00:00","description":"This is the register and data protection statement of Oulun Hirsiset Oy in accordance with the Data Protection Act.","breadcrumb":{"@id":"https:\/\/www.hirsiset.com\/zh-hans\/%e8%81%94%e7%b3%bb%e6%88%91%e4%bb%ac\/register-statement\/#breadcrumb"},"inLanguage":"zh-Hans","potentialAction":[{"@type":"ReadAction","target":["https:\/\/www.hirsiset.com\/zh-hans\/%e8%81%94%e7%b3%bb%e6%88%91%e4%bb%ac\/register-statement\/"]}]},{"@type":"BreadcrumbList","@id":"https:\/\/www.hirsiset.com\/zh-hans\/%e8%81%94%e7%b3%bb%e6%88%91%e4%bb%ac\/register-statement\/#breadcrumb","itemListElement":[{"@type":"ListItem","position":1,"name":"Home","item":"https:\/\/www.hirsiset.com\/zh-hans\/"},{"@type":"ListItem","position":2,"name":"\u8054\u7cfb\u6211\u4eec","item":"https:\/\/www.hirsiset.com\/zh-hans\/%e8%81%94%e7%b3%bb%e6%88%91%e4%bb%ac\/"},{"@type":"ListItem","position":3,"name":"Register Statement"}]},{"@type":"WebSite","@id":"https:\/\/www.hirsiset.com\/zh-hans\/#website","url":"https:\/\/www.hirsiset.com\/zh-hans\/","name":"Hirsiset","description":"Hirsitaloja yli 30-vuoden kokemuksella","publisher":{"@id":"https:\/\/www.hirsiset.com\/zh-hans\/#organization"},"potentialAction":[{"@type":"SearchAction","target":{"@type":"EntryPoint","urlTemplate":"https:\/\/www.hirsiset.com\/zh-hans\/?s={search_term_string}"},"query-input":{"@type":"PropertyValueSpecification","valueRequired":true,"valueName":"search_term_string"}}],"inLanguage":"zh-Hans"},{"@type":"Organization","@id":"https:\/\/www.hirsiset.com\/zh-hans\/#organization","name":"Oulun Hirsiset Oy","url":"https:\/\/www.hirsiset.com\/zh-hans\/","logo":{"@type":"ImageObject","inLanguage":"zh-Hans","@id":"https:\/\/www.hirsiset.com\/zh-hans\/#\/schema\/logo\/image\/","url":"https:\/\/www.hirsiset.com\/wp-content\/uploads\/Hirsiset_logo65px.png","contentUrl":"https:\/\/www.hirsiset.com\/wp-content\/uploads\/Hirsiset_logo65px.png","width":299,"height":65,"caption":"Oulun Hirsiset Oy"},"image":{"@id":"https:\/\/www.hirsiset.com\/zh-hans\/#\/schema\/logo\/image\/"},"sameAs":["https:\/\/www.facebook.com\/Hirsiset\/","https:\/\/x.com\/hirsiset","https:\/\/www.instagram.com\/hirsiset_oy\/"]}]}},"_links":{"self":[{"href":"https:\/\/www.hirsiset.com\/zh-hans\/wp-json\/wp\/v2\/pages\/28975","targetHints":{"allow":["GET"]}}],"collection":[{"href":"https:\/\/www.hirsiset.com\/zh-hans\/wp-json\/wp\/v2\/pages"}],"about":[{"href":"https:\/\/www.hirsiset.com\/zh-hans\/wp-json\/wp\/v2\/types\/page"}],"author":[{"embeddable":true,"href":"https:\/\/www.hirsiset.com\/zh-hans\/wp-json\/wp\/v2\/users\/1"}],"replies":[{"embeddable":true,"href":"https:\/\/www.hirsiset.com\/zh-hans\/wp-json\/wp\/v2\/comments?post=28975"}],"version-history":[{"count":1,"href":"https:\/\/www.hirsiset.com\/zh-hans\/wp-json\/wp\/v2\/pages\/28975\/revisions"}],"predecessor-version":[{"id":28983,"href":"https:\/\/www.hirsiset.com\/zh-hans\/wp-json\/wp\/v2\/pages\/28975\/revisions\/28983"}],"up":[{"embeddable":true,"href":"https:\/\/www.hirsiset.com\/zh-hans\/wp-json\/wp\/v2\/pages\/7321"}],"wp:attachment":[{"href":"https:\/\/www.hirsiset.com\/zh-hans\/wp-json\/wp\/v2\/media?parent=28975"}],"curies":[{"name":"wp","href":"https:\/\/api.w.org\/{rel}","templated":true}]}}