{"id":973,"date":"2017-01-04T14:03:57","date_gmt":"2017-01-04T12:03:57","guid":{"rendered":"https:\/\/www.hirsiset.com\/logs\/"},"modified":"2026-04-02T08:48:21","modified_gmt":"2026-04-02T05:48:21","slug":"timmer","status":"publish","type":"page","link":"https:\/\/www.hirsiset.com\/sv\/timmer\/","title":{"rendered":"Timmer"},"content":{"rendered":"<div class=\"wpb-content-wrapper\"><p>[vc_row][vc_column][vc_column_text]<\/p>\n<h3>Timmer \u00e4r ett vackert och ekologiskt val. Inomhusluften i ett timmerhus motverkar allergier och har bra kvalitet. Timmer skapar en hemtrevlig atmosf\u00e4r.<\/h3>\n<p>&nbsp;<\/p>\n<p>De massiva v\u00e4ggkonstruktioner i timmerhus j\u00e4mnar ut temperatur- och luftfuktighetsvariationer. Hirsiset anv\u00e4nder det b\u00e4sta finska tr\u00e4 som h\u00e5ller fr\u00e5n generation till generation.<\/p>\n<p>Timmer \u00e4r ett varmt och \u00e4kta naturmaterial. Bara timmer \u00e4r ett 100 % f\u00f6rnyelsebart och \u00e5tervinningsbart material. Timmer har ringa koldioxidutsl\u00e4pp och den binder koldioxid dubbelt sin vikt. Anv\u00e4ndning av tr\u00e4 som byggnadsmaterial minskar v\u00e4xthuseffekten. D\u00e4rf\u00f6r \u00e4r timmer ett aktivt val som ocks\u00e5 senare generationer kommer att uppskatta.<\/p>\n<p>&nbsp;<\/p>\n<h4>Hurdant timmerhus vill du ha?<\/h4>\n<p>Hirsiset har ett brett urval av timmer i olika dimensioner och typer. Vi har s\u00e4kert de r\u00e4tta alternativen f\u00f6r varje behov.<\/p>\n<p><a href=\"https:\/\/www.hirsiset.com\/sv\/leverans\/\" target=\"_blank\" rel=\"noopener\">Hirsiset levererar timmerhus<\/a> i den timmertyp och dimension som du v\u00e4ljer, beroende p\u00e5 dina krav.[\/vc_column_text][vc_empty_space height=&#8221;50px&#8221;][\/vc_column][\/vc_row][vc_row full_width=&#8221;stretch_row&#8221; css=&#8221;.vc_custom_1685432327495{margin-bottom: -30px !important;padding-top: 30px !important;background-color: #f2f1ef !important;}&#8221; el_id=&#8221;timmer&#8221;][vc_column][vc_column_text]<\/p>\n<h4>Exempel p\u00e5 v\u00e5rt timmerval<\/h4>\n<p>[\/vc_column_text][\/vc_column][\/vc_row][vc_row full_width=&#8221;stretch_row&#8221; css=&#8221;.vc_custom_1616677502278{background-color: #f2f1ef !important;}&#8221;][vc_column width=&#8221;1\/5&#8243;][vc_single_image image=&#8221;17214&#8243; img_size=&#8221;full&#8221; alignment=&#8221;center&#8221; image_hovers=&#8221;false&#8221; lazy_loading=&#8221;true&#8221;][vc_column_text]<\/p>\n<p style=\"text-align: center;\">PH 190<\/p>\n<p>[\/vc_column_text][\/vc_column][vc_column width=&#8221;1\/5&#8243;][vc_single_image image=&#8221;17322&#8243; img_size=&#8221;full&#8221; alignment=&#8221;center&#8221; image_hovers=&#8221;false&#8221; lazy_loading=&#8221;true&#8221;][vc_column_text]<\/p>\n<p style=\"text-align: center;\">LH 114&#215;185<\/p>\n<p>[\/vc_column_text][\/vc_column][vc_column width=&#8221;1\/5&#8243;][vc_single_image image=&#8221;17232&#8243; img_size=&#8221;full&#8221; alignment=&#8221;center&#8221; image_hovers=&#8221;false&#8221; lazy_loading=&#8221;true&#8221;][vc_column_text]<\/p>\n<p style=\"text-align: center;\">LH 134&#215;260<\/p>\n<p>[\/vc_column_text][\/vc_column][vc_column width=&#8221;1\/5&#8243;][vc_single_image image=&#8221;17259&#8243; img_size=&#8221;full&#8221; alignment=&#8221;center&#8221; image_hovers=&#8221;false&#8221; lazy_loading=&#8221;true&#8221;][vc_column_text]<\/p>\n<p style=\"text-align: center;\">LH 204&#215;205<\/p>\n<p>[\/vc_column_text][\/vc_column][vc_column width=&#8221;1\/5&#8243;][vc_single_image image=&#8221;17250&#8243; img_size=&#8221;full&#8221; alignment=&#8221;center&#8221; image_hovers=&#8221;false&#8221; lazy_loading=&#8221;true&#8221;][vc_column_text]<\/p>\n<p style=\"text-align: center;\">LH 204&#215;260<\/p>\n<p>[\/vc_column_text][\/vc_column][\/vc_row][vc_row full_width=&#8221;stretch_row&#8221; css=&#8221;.vc_custom_1616755969539{padding-bottom: 30px !important;background-color: #f2f1ef !important;}&#8221;][vc_column width=&#8221;1\/5&#8243;][vc_single_image image=&#8221;17313&#8243; img_size=&#8221;full&#8221; alignment=&#8221;center&#8221; image_hovers=&#8221;false&#8221; lazy_loading=&#8221;true&#8221;][vc_column_text]<\/p>\n<p style=\"text-align: center;\">LH 240&#215;205<\/p>\n<p>[\/vc_column_text][\/vc_column][vc_column width=&#8221;1\/5&#8243;][vc_single_image image=&#8221;17223&#8243; img_size=&#8221;full&#8221; alignment=&#8221;center&#8221; image_hovers=&#8221;false&#8221; lazy_loading=&#8221;true&#8221;][vc_column_text]<\/p>\n<p style=\"text-align: center;\">LH 270&#215;260<\/p>\n<p>[\/vc_column_text][\/vc_column][vc_column width=&#8221;1\/5&#8243;][vc_single_image image=&#8221;17277&#8243; img_size=&#8221;full&#8221; alignment=&#8221;center&#8221; css=&#8221;&#8221; image_hovers=&#8221;false&#8221; lazy_loading=&#8221;true&#8221;][vc_column_text]<\/p>\n<p style=\"text-align: center;\">Maxi 200&#215;360 tall<\/p>\n<p>[\/vc_column_text][\/vc_column][vc_column width=&#8221;1\/5&#8243;][vc_single_image image=&#8221;17268&#8243; img_size=&#8221;full&#8221; alignment=&#8221;center&#8221; css=&#8221;&#8221; image_hovers=&#8221;false&#8221; lazy_loading=&#8221;true&#8221;][vc_column_text]<\/p>\n<p style=\"text-align: center;\">Maxi 200&#215;360 gran<\/p>\n<p>[\/vc_column_text][\/vc_column][vc_column width=&#8221;1\/5&#8243;][vc_single_image image=&#8221;17286&#8243; img_size=&#8221;full&#8221; alignment=&#8221;center&#8221; css=&#8221;&#8221; image_hovers=&#8221;false&#8221; lazy_loading=&#8221;true&#8221;][vc_column_text]<\/p>\n<p style=\"text-align: center;\">Maxi 300&#215;360 tall<\/p>\n<p>[\/vc_column_text][\/vc_column][\/vc_row][vc_row][vc_column width=&#8221;1\/2&#8243;][vc_empty_space height=&#8221;50px&#8221;]<section class=\"shortcode-teaser frame-fancy frame-on fadeIn animate-element\"><div class=\"layzr-bg shortcode-teaser-img\"><img loading=\"lazy\" decoding=\"async\" class=\"lazy-load\" src=\"data:image\/svg+xml;charset=utf-8,%3Csvg xmlns%3D&#039;http%3A%2F%2Fwww.w3.org%2F2000%2Fsvg&#039; viewBox%3D&#039;0 0 631 406&#039;%2F%3E\" width=\"631\" height=\"406\" alt=\"Kvalitet\" data-srcset=\"https:\/\/www.hirsiset.com\/wp-content\/uploads\/lake-1626504_640.png 631w\" data-src=\"https:\/\/www.hirsiset.com\/wp-content\/uploads\/lake-1626504_640.png\" \/><\/div><div class=\"shortcode-teaser-content text-normal\"><h4>Kvalitet<\/h4>\n<p>Hirsiset-timmerhuspaket tillverkas av h\u00f6gkvalitativa r\u00e5varor och alla varors kvalitet \u00f6vertr\u00e4ffar de av Timmerhusindustrins (Hirsitaloteollisuus ry) satta kvalitetskrav. Vi anv\u00e4nder kvalitetskontrollsystem ISO 9001:2015, vars syfte \u00e4r att du som kund f\u00e5r precis det hus som du har best\u00e4llt.<\/p>\n<\/div><\/section>[vc_empty_space height=&#8221;80px&#8221;][\/vc_column][vc_column width=&#8221;1\/2&#8243;][vc_empty_space height=&#8221;50px&#8221;]<section class=\"shortcode-teaser frame-fancy frame-on fadeIn animate-element\"><div class=\"layzr-bg shortcode-teaser-img\"><img loading=\"lazy\" decoding=\"async\" class=\"lazy-load\" src=\"data:image\/svg+xml;charset=utf-8,%3Csvg xmlns%3D&#039;http%3A%2F%2Fwww.w3.org%2F2000%2Fsvg&#039; viewBox%3D&#039;0 0 631 406&#039;%2F%3E\" width=\"631\" height=\"406\" alt=\"Maxihirsi\" data-srcset=\"https:\/\/www.hirsiset.com\/wp-content\/uploads\/maxihirsi-hirsiset.jpg 631w\" data-src=\"https:\/\/www.hirsiset.com\/wp-content\/uploads\/maxihirsi-hirsiset.jpg\" \/><\/div><div class=\"shortcode-teaser-content text-normal\"><h4>Maxi timmer<\/h4>\n<p>\u00e4r ett nytt timmeralternativ f\u00f6r timmerhusbyggaren som underl\u00e4ttar installationsarbetet och \u00e4r betydligt h\u00f6gre \u00e4n vanliga timmer. Den \u00e4r alltid 360 mm h\u00f6g, men tjockleken kan v\u00e4ljas av kunden.<\/p>\n<\/div><\/section>[vc_empty_space height=&#8221;80px&#8221;][\/vc_column][\/vc_row][vc_row full_width=&#8221;stretch_row&#8221; type=&#8221;vc_default&#8221; bg_type=&#8221;bg_color&#8221; bg_override=&#8221;full&#8221; el_id=&#8221;r\u00e5varor&#8221; bg_color_value=&#8221;#f2f0ee&#8221; css=&#8221;.vc_custom_1559054399728{background-color: #f2f1ef !important;}&#8221;][vc_column width=&#8221;2\/3&#8243;][vc_empty_space height=&#8221;50px&#8221;][vc_column_text el_id=&#8221;r\u00e5varor&#8221;]<\/p>\n<h2>R\u00e5varor<\/h2>\n<p>Som synbart material brukar Hirsiset nordens b\u00e4sta furu och, om kunden vill, ocks\u00e5 gran. Deras egenskaper och vackra utseende \u00e4r ber\u00f6mda runtom i v\u00e4rlden. Virket k\u00f6ps fr\u00e5n virkesf\u00f6r\u00e4dlare i norra Finland, vars specialitet \u00e4r att leverera virke som motsvarar kundens kvalitetskrav. S\u00e5 f\u00f6rs\u00e4krar vi att v\u00e5ra kunder f\u00e5r de b\u00e4sta r\u00e5varor. [\/vc_column_text][vc_empty_space height=&#8221;50px&#8221;][\/vc_column][vc_column width=&#8221;1\/3&#8243;][vc_empty_space height=&#8221;50px&#8221;][vc_single_image image=&#8221;6611&#8243; img_size=&#8221;full&#8221; css=&#8221;&#8221; image_hovers=&#8221;false&#8221;][vc_empty_space height=&#8221;50px&#8221;][\/vc_column][\/vc_row][vc_row type=&#8221;vc_default&#8221; anchor=&#8221;nurkat&#8221; el_id=&#8221;knutar&#8221;][vc_column][vc_empty_space height=&#8221;50px&#8221;][vc_column_text css=&#8221;&#8221;]<\/p>\n<h2>Knutar<\/h2>\n<p>Husknutar p\u00e5 ett <a href=\"https:\/\/www.hirsiset.com\/sv\/timmerhuset\/\">timmerhus<\/a> kan tillverkas p\u00e5 m\u00e5nga olika s\u00e4tt. Med olika knuttyper kan husets utseende l\u00e4tt f\u00f6r\u00e4ndras. Traditionellt har ett fabrikstillverkat timmerhus haft utstickande knutar. Modern teknologi m\u00f6jligg\u00f6r ocks\u00e5 j\u00e4mna knutl\u00f6sningar. J\u00e4mna knutl\u00f6sningar ger huset ett modernt utseende och de g\u00f6r det m\u00f6jligt att bygga ett timmerhus i en stadsmilj\u00f6.<\/p>\n<p>Hirsiset har satsat p\u00e5 produktutveckling och v\u00e5ra knutar \u00e4r t\u00e4ta och vackra att se p\u00e5.<\/p>\n<p>&nbsp;<\/p>\n<h4>Olika knutl\u00f6sningar<\/h4>\n<p>[\/vc_column_text][\/vc_column][\/vc_row][vc_row gap=&#8221;10&#8243;][vc_column width=&#8221;1\/4&#8243;][vc_single_image image=&#8221;2500&#8243; img_size=&#8221;full&#8221; alignment=&#8221;center&#8221; css=&#8221;&#8221; image_hovers=&#8221;false&#8221; lazy_loading=&#8221;true&#8221;][vc_column_text]<strong>Korsknut<\/strong> \u00e4r den mest anv\u00e4nda knuttypen i mekanisk produktion.[\/vc_column_text][vc_empty_space height=&#8221;50px&#8221;][\/vc_column][vc_column width=&#8221;1\/4&#8243;][vc_single_image image=&#8221;2482&#8243; img_size=&#8221;full&#8221; alignment=&#8221;center&#8221; css=&#8221;&#8221; image_hovers=&#8221;false&#8221; lazy_loading=&#8221;true&#8221;][vc_column_text]<strong>Laxstj\u00e4rten<\/strong> imiterar de traditionella handtimrade knutar.[\/vc_column_text][vc_empty_space height=&#8221;50px&#8221;][\/vc_column][vc_column width=&#8221;1\/4&#8243;][vc_single_image image=&#8221;2491&#8243; img_size=&#8221;full&#8221; alignment=&#8221;center&#8221; css=&#8221;&#8221; image_hovers=&#8221;false&#8221; lazy_loading=&#8221;true&#8221;][vc_column_text]<strong>Inkapslade knutar<\/strong> avviker fr\u00e5n de traditionella korsknutarna s\u00e5 att \u00e4ndarna \u00e4r bara n\u00e5gra centimeter l\u00e5nga och de inkapslas.[\/vc_column_text][vc_empty_space height=&#8221;50px&#8221;][\/vc_column][vc_column width=&#8221;1\/4&#8243;][vc_single_image image=&#8221;15832&#8243; img_size=&#8221;full&#8221; alignment=&#8221;center&#8221; css=&#8221;&#8221; image_hovers=&#8221;false&#8221; lazy_loading=&#8221;true&#8221;][vc_column_text]<strong>J\u00e4mna knutar<\/strong> g\u00f6r det m\u00f6jligt att timmer ligger p\u00e5 samma niv\u00e5 p\u00e5 alla v\u00e4ggar.[\/vc_column_text][vc_empty_space height=&#8221;50px&#8221;][\/vc_column][\/vc_row]<\/p>\n<\/div>","protected":false},"excerpt":{"rendered":"<p>[vc_row][vc_column][vc_column_text] Timmer \u00e4r ett vackert och ekologiskt val. Inomhusluften i ett timmerhus motverkar allergier och har bra kvalitet. Timmer skapar en hemtrevlig atmosf\u00e4r. &nbsp; De massiva v\u00e4ggkonstruktioner i timmerhus j\u00e4mnar ut temperatur- och luftfuktighetsvariationer. Hirsiset anv\u00e4nder det b\u00e4sta finska tr\u00e4 som h\u00e5ller fr\u00e5n generation till generation. Timmer \u00e4r ett varmt och \u00e4kta naturmaterial. Bara timmer&hellip;<\/p>\n","protected":false},"author":1,"featured_media":0,"parent":0,"menu_order":0,"comment_status":"closed","ping_status":"closed","template":"","meta":{"footnotes":""},"class_list":["post-973","page","type-page","status-publish","hentry","description-off"],"yoast_head":"<!-- This site is optimized with the Yoast SEO plugin v27.4 - https:\/\/yoast.com\/product\/yoast-seo-wordpress\/ -->\n<title>Timmer \u00e4r ekologiskt val - Hirsiset - Timmerhus \u00e4r ett v\u00e4rde val<\/title>\n<meta name=\"description\" content=\"Timmer \u00e4r ekologiskt val. Hur \u00e4r ditt timmerhus? L\u00e5t oss tillsammans \u00f6verv\u00e4ga det r\u00e4tta, naturliga alternativet till ditt n\u00e4sta timmerhem.\" \/>\n<meta name=\"robots\" content=\"index, follow, max-snippet:-1, max-image-preview:large, max-video-preview:-1\" \/>\n<link rel=\"canonical\" href=\"https:\/\/www.hirsiset.com\/sv\/timmer\/\" \/>\n<meta property=\"og:locale\" content=\"sv_SE\" \/>\n<meta property=\"og:type\" content=\"article\" \/>\n<meta property=\"og:title\" content=\"Timmer \u00e4r ekologiskt val - Hirsiset - Timmerhus \u00e4r ett v\u00e4rde val\" \/>\n<meta property=\"og:description\" content=\"Timmer \u00e4r ekologiskt val. Hur \u00e4r ditt timmerhus? L\u00e5t oss tillsammans \u00f6verv\u00e4ga det r\u00e4tta, naturliga alternativet till ditt n\u00e4sta timmerhem.\" \/>\n<meta property=\"og:url\" content=\"https:\/\/www.hirsiset.com\/sv\/timmer\/\" \/>\n<meta property=\"og:site_name\" content=\"Hirsiset\" \/>\n<meta property=\"article:publisher\" content=\"https:\/\/www.facebook.com\/Hirsiset\/\" \/>\n<meta property=\"article:modified_time\" content=\"2026-04-02T05:48:21+00:00\" \/>\n<meta name=\"twitter:card\" content=\"summary_large_image\" \/>\n<meta name=\"twitter:site\" content=\"@hirsiset\" \/>\n<meta name=\"twitter:label1\" content=\"Ber\u00e4knad l\u00e4stid\" \/>\n\t<meta name=\"twitter:data1\" content=\"7 minuter\" \/>\n<script type=\"application\/ld+json\" class=\"yoast-schema-graph\">{\"@context\":\"https:\\\/\\\/schema.org\",\"@graph\":[{\"@type\":\"WebPage\",\"@id\":\"https:\\\/\\\/www.hirsiset.com\\\/sv\\\/timmer\\\/\",\"url\":\"https:\\\/\\\/www.hirsiset.com\\\/sv\\\/timmer\\\/\",\"name\":\"Timmer \u00e4r ekologiskt val - Hirsiset - Timmerhus \u00e4r ett v\u00e4rde val\",\"isPartOf\":{\"@id\":\"https:\\\/\\\/www.hirsiset.com\\\/sv\\\/#website\"},\"datePublished\":\"2017-01-04T12:03:57+00:00\",\"dateModified\":\"2026-04-02T05:48:21+00:00\",\"description\":\"Timmer \u00e4r ekologiskt val. Hur \u00e4r ditt timmerhus? L\u00e5t oss tillsammans \u00f6verv\u00e4ga det r\u00e4tta, naturliga alternativet till ditt n\u00e4sta timmerhem.\",\"breadcrumb\":{\"@id\":\"https:\\\/\\\/www.hirsiset.com\\\/sv\\\/timmer\\\/#breadcrumb\"},\"inLanguage\":\"sv-SE\",\"potentialAction\":[{\"@type\":\"ReadAction\",\"target\":[\"https:\\\/\\\/www.hirsiset.com\\\/sv\\\/timmer\\\/\"]}]},{\"@type\":\"BreadcrumbList\",\"@id\":\"https:\\\/\\\/www.hirsiset.com\\\/sv\\\/timmer\\\/#breadcrumb\",\"itemListElement\":[{\"@type\":\"ListItem\",\"position\":1,\"name\":\"Home\",\"item\":\"https:\\\/\\\/www.hirsiset.com\\\/sv\\\/\"},{\"@type\":\"ListItem\",\"position\":2,\"name\":\"Timmer\"}]},{\"@type\":\"WebSite\",\"@id\":\"https:\\\/\\\/www.hirsiset.com\\\/sv\\\/#website\",\"url\":\"https:\\\/\\\/www.hirsiset.com\\\/sv\\\/\",\"name\":\"Hirsiset\",\"description\":\"Log hus med \u00f6ver 30 \u00e5rs erfarenhet\",\"publisher\":{\"@id\":\"https:\\\/\\\/www.hirsiset.com\\\/sv\\\/#organization\"},\"potentialAction\":[{\"@type\":\"SearchAction\",\"target\":{\"@type\":\"EntryPoint\",\"urlTemplate\":\"https:\\\/\\\/www.hirsiset.com\\\/sv\\\/?s={search_term_string}\"},\"query-input\":{\"@type\":\"PropertyValueSpecification\",\"valueRequired\":true,\"valueName\":\"search_term_string\"}}],\"inLanguage\":\"sv-SE\"},{\"@type\":\"Organization\",\"@id\":\"https:\\\/\\\/www.hirsiset.com\\\/sv\\\/#organization\",\"name\":\"Oulun Hirsiset Oy\",\"url\":\"https:\\\/\\\/www.hirsiset.com\\\/sv\\\/\",\"logo\":{\"@type\":\"ImageObject\",\"inLanguage\":\"sv-SE\",\"@id\":\"https:\\\/\\\/www.hirsiset.com\\\/sv\\\/#\\\/schema\\\/logo\\\/image\\\/\",\"url\":\"https:\\\/\\\/www.hirsiset.com\\\/wp-content\\\/uploads\\\/Hirsiset_logo65px.png\",\"contentUrl\":\"https:\\\/\\\/www.hirsiset.com\\\/wp-content\\\/uploads\\\/Hirsiset_logo65px.png\",\"width\":299,\"height\":65,\"caption\":\"Oulun Hirsiset Oy\"},\"image\":{\"@id\":\"https:\\\/\\\/www.hirsiset.com\\\/sv\\\/#\\\/schema\\\/logo\\\/image\\\/\"},\"sameAs\":[\"https:\\\/\\\/www.facebook.com\\\/Hirsiset\\\/\",\"https:\\\/\\\/x.com\\\/hirsiset\",\"https:\\\/\\\/www.instagram.com\\\/hirsiset_oy\\\/\"]}]}<\/script>\n<!-- \/ Yoast SEO plugin. -->","yoast_head_json":{"title":"Timmer \u00e4r ekologiskt val - Hirsiset - Timmerhus \u00e4r ett v\u00e4rde val","description":"Timmer \u00e4r ekologiskt val. Hur \u00e4r ditt timmerhus? L\u00e5t oss tillsammans \u00f6verv\u00e4ga det r\u00e4tta, naturliga alternativet till ditt n\u00e4sta timmerhem.","robots":{"index":"index","follow":"follow","max-snippet":"max-snippet:-1","max-image-preview":"max-image-preview:large","max-video-preview":"max-video-preview:-1"},"canonical":"https:\/\/www.hirsiset.com\/sv\/timmer\/","og_locale":"sv_SE","og_type":"article","og_title":"Timmer \u00e4r ekologiskt val - Hirsiset - Timmerhus \u00e4r ett v\u00e4rde val","og_description":"Timmer \u00e4r ekologiskt val. Hur \u00e4r ditt timmerhus? L\u00e5t oss tillsammans \u00f6verv\u00e4ga det r\u00e4tta, naturliga alternativet till ditt n\u00e4sta timmerhem.","og_url":"https:\/\/www.hirsiset.com\/sv\/timmer\/","og_site_name":"Hirsiset","article_publisher":"https:\/\/www.facebook.com\/Hirsiset\/","article_modified_time":"2026-04-02T05:48:21+00:00","twitter_card":"summary_large_image","twitter_site":"@hirsiset","twitter_misc":{"Ber\u00e4knad l\u00e4stid":"7 minuter"},"schema":{"@context":"https:\/\/schema.org","@graph":[{"@type":"WebPage","@id":"https:\/\/www.hirsiset.com\/sv\/timmer\/","url":"https:\/\/www.hirsiset.com\/sv\/timmer\/","name":"Timmer \u00e4r ekologiskt val - Hirsiset - Timmerhus \u00e4r ett v\u00e4rde val","isPartOf":{"@id":"https:\/\/www.hirsiset.com\/sv\/#website"},"datePublished":"2017-01-04T12:03:57+00:00","dateModified":"2026-04-02T05:48:21+00:00","description":"Timmer \u00e4r ekologiskt val. Hur \u00e4r ditt timmerhus? L\u00e5t oss tillsammans \u00f6verv\u00e4ga det r\u00e4tta, naturliga alternativet till ditt n\u00e4sta timmerhem.","breadcrumb":{"@id":"https:\/\/www.hirsiset.com\/sv\/timmer\/#breadcrumb"},"inLanguage":"sv-SE","potentialAction":[{"@type":"ReadAction","target":["https:\/\/www.hirsiset.com\/sv\/timmer\/"]}]},{"@type":"BreadcrumbList","@id":"https:\/\/www.hirsiset.com\/sv\/timmer\/#breadcrumb","itemListElement":[{"@type":"ListItem","position":1,"name":"Home","item":"https:\/\/www.hirsiset.com\/sv\/"},{"@type":"ListItem","position":2,"name":"Timmer"}]},{"@type":"WebSite","@id":"https:\/\/www.hirsiset.com\/sv\/#website","url":"https:\/\/www.hirsiset.com\/sv\/","name":"Hirsiset","description":"Log hus med \u00f6ver 30 \u00e5rs erfarenhet","publisher":{"@id":"https:\/\/www.hirsiset.com\/sv\/#organization"},"potentialAction":[{"@type":"SearchAction","target":{"@type":"EntryPoint","urlTemplate":"https:\/\/www.hirsiset.com\/sv\/?s={search_term_string}"},"query-input":{"@type":"PropertyValueSpecification","valueRequired":true,"valueName":"search_term_string"}}],"inLanguage":"sv-SE"},{"@type":"Organization","@id":"https:\/\/www.hirsiset.com\/sv\/#organization","name":"Oulun Hirsiset Oy","url":"https:\/\/www.hirsiset.com\/sv\/","logo":{"@type":"ImageObject","inLanguage":"sv-SE","@id":"https:\/\/www.hirsiset.com\/sv\/#\/schema\/logo\/image\/","url":"https:\/\/www.hirsiset.com\/wp-content\/uploads\/Hirsiset_logo65px.png","contentUrl":"https:\/\/www.hirsiset.com\/wp-content\/uploads\/Hirsiset_logo65px.png","width":299,"height":65,"caption":"Oulun Hirsiset Oy"},"image":{"@id":"https:\/\/www.hirsiset.com\/sv\/#\/schema\/logo\/image\/"},"sameAs":["https:\/\/www.facebook.com\/Hirsiset\/","https:\/\/x.com\/hirsiset","https:\/\/www.instagram.com\/hirsiset_oy\/"]}]}},"_links":{"self":[{"href":"https:\/\/www.hirsiset.com\/sv\/wp-json\/wp\/v2\/pages\/973","targetHints":{"allow":["GET"]}}],"collection":[{"href":"https:\/\/www.hirsiset.com\/sv\/wp-json\/wp\/v2\/pages"}],"about":[{"href":"https:\/\/www.hirsiset.com\/sv\/wp-json\/wp\/v2\/types\/page"}],"author":[{"embeddable":true,"href":"https:\/\/www.hirsiset.com\/sv\/wp-json\/wp\/v2\/users\/1"}],"replies":[{"embeddable":true,"href":"https:\/\/www.hirsiset.com\/sv\/wp-json\/wp\/v2\/comments?post=973"}],"version-history":[{"count":14,"href":"https:\/\/www.hirsiset.com\/sv\/wp-json\/wp\/v2\/pages\/973\/revisions"}],"predecessor-version":[{"id":36502,"href":"https:\/\/www.hirsiset.com\/sv\/wp-json\/wp\/v2\/pages\/973\/revisions\/36502"}],"wp:attachment":[{"href":"https:\/\/www.hirsiset.com\/sv\/wp-json\/wp\/v2\/media?parent=973"}],"curies":[{"name":"wp","href":"https:\/\/api.w.org\/{rel}","templated":true}]}}