{"id":7209,"date":"2016-04-27T09:39:33","date_gmt":"2016-04-27T07:39:33","guid":{"rendered":"https:\/\/www.hirsiset.com\/kuvagalleria\/"},"modified":"2023-11-17T11:00:12","modified_gmt":"2023-11-17T09:00:12","slug":"timmerhussamling","status":"publish","type":"page","link":"https:\/\/www.hirsiset.com\/sv\/timmerhuset\/timmerhussamling\/","title":{"rendered":"Fotogalleri"},"content":{"rendered":"<p>Hirsiset timmerhussamling \u00e4r h\u00f6gkvalitativa konstverk. Hirsiset timmerhus eller en timmervilla \u00e4r ett h\u00f6gkvalitativt exempel p\u00e5 hantverk. G\u00e5 vidare och kom och se hur timmerhuset ser ut fr\u00e5n insidan.Oavsett om du vill ha en timmerbastu, en timmerstuga, ett litet timmerminihus, ett timmerhus f\u00f6r en stor eller liten familj eller n\u00e5gon annan timmerbyggnad v\u00e4nligen kontakta oss. Du kan hitta ditt nya timmerhus i stockhusmodellerna av Hirsiset.<\/p>\n<p>Timmer \u00e4r ett vackert och ekologiskt alternativ. Kvaliteten p\u00e5 inomhusluften i timmerhuset \u00e4r utm\u00e4rkt, vilket f\u00f6rhindrar allergier.<br \/>\nTimmer lyser med en mysig atmosf\u00e4r. Timmerhusets massiva v\u00e4ggstruktur balanserar fluktuationerna av v\u00e4rme och fuktighet.<br \/>\nTimmerhuset \u00e4r en energieffektiv l\u00f6sning och timmer som anv\u00e4nds i dess konstruktion \u00e4r ett ekologiskt material och ett v\u00e4rdeval.<\/p>\n<p>Timmer \u00e4r ett varmt och \u00e4kta naturmaterial. Av byggmaterialen \u00e4r det bara tr\u00e4 som \u00e4r \u00e4kta 100 % f\u00f6rnybart och \u00e5tervinningsbart material. Koldioxidavtrycket f\u00f6r stocken \u00e4r det minsta och det binder koldioxid tv\u00e5 g\u00e5nger dess vikt. Ett timmerhus \u00e4r ett v\u00e4rdeval som ocks\u00e5 kommer att uppskattas av kommande generationer.<\/p>\n","protected":false},"excerpt":{"rendered":"<p>Hirsiset timmerhussamling \u00e4r h\u00f6gkvalitativa konstverk. Hirsiset timmerhus eller en timmervilla \u00e4r ett h\u00f6gkvalitativt exempel p\u00e5 hantverk. G\u00e5 vidare och kom och se hur timmerhuset ser ut fr\u00e5n insidan.Oavsett om du vill ha en timmerbastu, en timmerstuga, ett litet timmerminihus, ett timmerhus f\u00f6r en stor eller liten familj eller n\u00e5gon annan timmerbyggnad v\u00e4nligen kontakta oss. Du&hellip;<\/p>\n","protected":false},"author":1,"featured_media":0,"parent":7202,"menu_order":4,"comment_status":"closed","ping_status":"closed","template":"template-albums-jgrid.php","meta":{"footnotes":""},"class_list":["post-7209","page","type-page","status-publish","hentry","description-off"],"yoast_head":"<!-- This site is optimized with the Yoast SEO plugin v27.4 - https:\/\/yoast.com\/product\/yoast-seo-wordpress\/ -->\n<title>Timmerhussamling - Hirsiset - Timmerhus, timmerstugor och fritid hus<\/title>\n<meta name=\"description\" content=\"Hirsiset timmerhussamling \u00e4r h\u00f6gkvalitativa konstverk. G\u00e5 l\u00e4ngre och se hur Hirsiset timmerhuset ser ut inuti.\" \/>\n<meta name=\"robots\" content=\"index, follow, max-snippet:-1, max-image-preview:large, max-video-preview:-1\" \/>\n<link rel=\"canonical\" href=\"https:\/\/www.hirsiset.com\/sv\/husmodeller\/fotogalleri\/\" \/>\n<meta property=\"og:locale\" content=\"sv_SE\" \/>\n<meta property=\"og:type\" content=\"article\" \/>\n<meta property=\"og:title\" content=\"Timmerhussamling - Hirsiset - Timmerhus, timmerstugor och fritid hus\" \/>\n<meta property=\"og:description\" content=\"Hirsiset timmerhussamling \u00e4r h\u00f6gkvalitativa konstverk. G\u00e5 l\u00e4ngre och se hur Hirsiset timmerhuset ser ut inuti.\" \/>\n<meta property=\"og:url\" content=\"https:\/\/www.hirsiset.com\/sv\/husmodeller\/fotogalleri\/\" \/>\n<meta property=\"og:site_name\" content=\"Hirsiset\" \/>\n<meta property=\"article:publisher\" content=\"https:\/\/www.facebook.com\/Hirsiset\/\" \/>\n<meta property=\"article:modified_time\" content=\"2023-11-17T09:00:12+00:00\" \/>\n<meta name=\"twitter:card\" content=\"summary_large_image\" \/>\n<meta name=\"twitter:site\" content=\"@hirsiset\" \/>\n<meta name=\"twitter:label1\" content=\"Ber\u00e4knad l\u00e4stid\" \/>\n\t<meta name=\"twitter:data1\" content=\"2 minuter\" \/>\n<script type=\"application\/ld+json\" class=\"yoast-schema-graph\">{\"@context\":\"https:\\\/\\\/schema.org\",\"@graph\":[{\"@type\":\"WebPage\",\"@id\":\"https:\\\/\\\/www.hirsiset.com\\\/sv\\\/timmerhuset\\\/timmerhussamling\\\/\",\"url\":\"https:\\\/\\\/www.hirsiset.com\\\/sv\\\/husmodeller\\\/fotogalleri\\\/\",\"name\":\"Timmerhussamling - Hirsiset - Timmerhus, timmerstugor och fritid hus\",\"isPartOf\":{\"@id\":\"https:\\\/\\\/www.hirsiset.com\\\/sv\\\/#website\"},\"datePublished\":\"2016-04-27T07:39:33+00:00\",\"dateModified\":\"2023-11-17T09:00:12+00:00\",\"description\":\"Hirsiset timmerhussamling \u00e4r h\u00f6gkvalitativa konstverk. G\u00e5 l\u00e4ngre och se hur Hirsiset timmerhuset ser ut inuti.\",\"breadcrumb\":{\"@id\":\"https:\\\/\\\/www.hirsiset.com\\\/sv\\\/husmodeller\\\/fotogalleri\\\/#breadcrumb\"},\"inLanguage\":\"sv-SE\",\"potentialAction\":[{\"@type\":\"ReadAction\",\"target\":[\"https:\\\/\\\/www.hirsiset.com\\\/sv\\\/husmodeller\\\/fotogalleri\\\/\"]}]},{\"@type\":\"BreadcrumbList\",\"@id\":\"https:\\\/\\\/www.hirsiset.com\\\/sv\\\/husmodeller\\\/fotogalleri\\\/#breadcrumb\",\"itemListElement\":[{\"@type\":\"ListItem\",\"position\":1,\"name\":\"Home\",\"item\":\"https:\\\/\\\/www.hirsiset.com\\\/sv\\\/\"},{\"@type\":\"ListItem\",\"position\":2,\"name\":\"Husmodeller\",\"item\":\"https:\\\/\\\/www.hirsiset.com\\\/sv\\\/timmerhuset\\\/\"},{\"@type\":\"ListItem\",\"position\":3,\"name\":\"Fotogalleri\"}]},{\"@type\":\"WebSite\",\"@id\":\"https:\\\/\\\/www.hirsiset.com\\\/sv\\\/#website\",\"url\":\"https:\\\/\\\/www.hirsiset.com\\\/sv\\\/\",\"name\":\"Hirsiset\",\"description\":\"Log hus med \u00f6ver 30 \u00e5rs erfarenhet\",\"publisher\":{\"@id\":\"https:\\\/\\\/www.hirsiset.com\\\/sv\\\/#organization\"},\"potentialAction\":[{\"@type\":\"SearchAction\",\"target\":{\"@type\":\"EntryPoint\",\"urlTemplate\":\"https:\\\/\\\/www.hirsiset.com\\\/sv\\\/?s={search_term_string}\"},\"query-input\":{\"@type\":\"PropertyValueSpecification\",\"valueRequired\":true,\"valueName\":\"search_term_string\"}}],\"inLanguage\":\"sv-SE\"},{\"@type\":\"Organization\",\"@id\":\"https:\\\/\\\/www.hirsiset.com\\\/sv\\\/#organization\",\"name\":\"Oulun Hirsiset Oy\",\"url\":\"https:\\\/\\\/www.hirsiset.com\\\/sv\\\/\",\"logo\":{\"@type\":\"ImageObject\",\"inLanguage\":\"sv-SE\",\"@id\":\"https:\\\/\\\/www.hirsiset.com\\\/sv\\\/#\\\/schema\\\/logo\\\/image\\\/\",\"url\":\"https:\\\/\\\/www.hirsiset.com\\\/wp-content\\\/uploads\\\/Hirsiset_logo65px.png\",\"contentUrl\":\"https:\\\/\\\/www.hirsiset.com\\\/wp-content\\\/uploads\\\/Hirsiset_logo65px.png\",\"width\":299,\"height\":65,\"caption\":\"Oulun Hirsiset Oy\"},\"image\":{\"@id\":\"https:\\\/\\\/www.hirsiset.com\\\/sv\\\/#\\\/schema\\\/logo\\\/image\\\/\"},\"sameAs\":[\"https:\\\/\\\/www.facebook.com\\\/Hirsiset\\\/\",\"https:\\\/\\\/x.com\\\/hirsiset\",\"https:\\\/\\\/www.instagram.com\\\/hirsiset_oy\\\/\"]}]}<\/script>\n<!-- \/ Yoast SEO plugin. -->","yoast_head_json":{"title":"Timmerhussamling - Hirsiset - Timmerhus, timmerstugor och fritid hus","description":"Hirsiset timmerhussamling \u00e4r h\u00f6gkvalitativa konstverk. G\u00e5 l\u00e4ngre och se hur Hirsiset timmerhuset ser ut inuti.","robots":{"index":"index","follow":"follow","max-snippet":"max-snippet:-1","max-image-preview":"max-image-preview:large","max-video-preview":"max-video-preview:-1"},"canonical":"https:\/\/www.hirsiset.com\/sv\/husmodeller\/fotogalleri\/","og_locale":"sv_SE","og_type":"article","og_title":"Timmerhussamling - Hirsiset - Timmerhus, timmerstugor och fritid hus","og_description":"Hirsiset timmerhussamling \u00e4r h\u00f6gkvalitativa konstverk. G\u00e5 l\u00e4ngre och se hur Hirsiset timmerhuset ser ut inuti.","og_url":"https:\/\/www.hirsiset.com\/sv\/husmodeller\/fotogalleri\/","og_site_name":"Hirsiset","article_publisher":"https:\/\/www.facebook.com\/Hirsiset\/","article_modified_time":"2023-11-17T09:00:12+00:00","twitter_card":"summary_large_image","twitter_site":"@hirsiset","twitter_misc":{"Ber\u00e4knad l\u00e4stid":"2 minuter"},"schema":{"@context":"https:\/\/schema.org","@graph":[{"@type":"WebPage","@id":"https:\/\/www.hirsiset.com\/sv\/timmerhuset\/timmerhussamling\/","url":"https:\/\/www.hirsiset.com\/sv\/husmodeller\/fotogalleri\/","name":"Timmerhussamling - Hirsiset - Timmerhus, timmerstugor och fritid hus","isPartOf":{"@id":"https:\/\/www.hirsiset.com\/sv\/#website"},"datePublished":"2016-04-27T07:39:33+00:00","dateModified":"2023-11-17T09:00:12+00:00","description":"Hirsiset timmerhussamling \u00e4r h\u00f6gkvalitativa konstverk. G\u00e5 l\u00e4ngre och se hur Hirsiset timmerhuset ser ut inuti.","breadcrumb":{"@id":"https:\/\/www.hirsiset.com\/sv\/husmodeller\/fotogalleri\/#breadcrumb"},"inLanguage":"sv-SE","potentialAction":[{"@type":"ReadAction","target":["https:\/\/www.hirsiset.com\/sv\/husmodeller\/fotogalleri\/"]}]},{"@type":"BreadcrumbList","@id":"https:\/\/www.hirsiset.com\/sv\/husmodeller\/fotogalleri\/#breadcrumb","itemListElement":[{"@type":"ListItem","position":1,"name":"Home","item":"https:\/\/www.hirsiset.com\/sv\/"},{"@type":"ListItem","position":2,"name":"Husmodeller","item":"https:\/\/www.hirsiset.com\/sv\/timmerhuset\/"},{"@type":"ListItem","position":3,"name":"Fotogalleri"}]},{"@type":"WebSite","@id":"https:\/\/www.hirsiset.com\/sv\/#website","url":"https:\/\/www.hirsiset.com\/sv\/","name":"Hirsiset","description":"Log hus med \u00f6ver 30 \u00e5rs erfarenhet","publisher":{"@id":"https:\/\/www.hirsiset.com\/sv\/#organization"},"potentialAction":[{"@type":"SearchAction","target":{"@type":"EntryPoint","urlTemplate":"https:\/\/www.hirsiset.com\/sv\/?s={search_term_string}"},"query-input":{"@type":"PropertyValueSpecification","valueRequired":true,"valueName":"search_term_string"}}],"inLanguage":"sv-SE"},{"@type":"Organization","@id":"https:\/\/www.hirsiset.com\/sv\/#organization","name":"Oulun Hirsiset Oy","url":"https:\/\/www.hirsiset.com\/sv\/","logo":{"@type":"ImageObject","inLanguage":"sv-SE","@id":"https:\/\/www.hirsiset.com\/sv\/#\/schema\/logo\/image\/","url":"https:\/\/www.hirsiset.com\/wp-content\/uploads\/Hirsiset_logo65px.png","contentUrl":"https:\/\/www.hirsiset.com\/wp-content\/uploads\/Hirsiset_logo65px.png","width":299,"height":65,"caption":"Oulun Hirsiset Oy"},"image":{"@id":"https:\/\/www.hirsiset.com\/sv\/#\/schema\/logo\/image\/"},"sameAs":["https:\/\/www.facebook.com\/Hirsiset\/","https:\/\/x.com\/hirsiset","https:\/\/www.instagram.com\/hirsiset_oy\/"]}]}},"_links":{"self":[{"href":"https:\/\/www.hirsiset.com\/sv\/wp-json\/wp\/v2\/pages\/7209","targetHints":{"allow":["GET"]}}],"collection":[{"href":"https:\/\/www.hirsiset.com\/sv\/wp-json\/wp\/v2\/pages"}],"about":[{"href":"https:\/\/www.hirsiset.com\/sv\/wp-json\/wp\/v2\/types\/page"}],"author":[{"embeddable":true,"href":"https:\/\/www.hirsiset.com\/sv\/wp-json\/wp\/v2\/users\/1"}],"replies":[{"embeddable":true,"href":"https:\/\/www.hirsiset.com\/sv\/wp-json\/wp\/v2\/comments?post=7209"}],"version-history":[{"count":3,"href":"https:\/\/www.hirsiset.com\/sv\/wp-json\/wp\/v2\/pages\/7209\/revisions"}],"predecessor-version":[{"id":29704,"href":"https:\/\/www.hirsiset.com\/sv\/wp-json\/wp\/v2\/pages\/7209\/revisions\/29704"}],"up":[{"embeddable":true,"href":"https:\/\/www.hirsiset.com\/sv\/wp-json\/wp\/v2\/pages\/7202"}],"wp:attachment":[{"href":"https:\/\/www.hirsiset.com\/sv\/wp-json\/wp\/v2\/media?parent=7209"}],"curies":[{"name":"wp","href":"https:\/\/api.w.org\/{rel}","templated":true}]}}