{"id":6282,"date":"2017-10-11T17:19:06","date_gmt":"2017-10-11T14:19:06","guid":{"rendered":"https:\/\/www.hirsiset.com\/omaa-aikaa\/"},"modified":"2023-08-17T10:10:04","modified_gmt":"2023-08-17T07:10:04","slug":"egen-tid","status":"publish","type":"page","link":"https:\/\/www.hirsiset.com\/sv\/timmerhuset\/egen-tid\/","title":{"rendered":"Egen tid"},"content":{"rendered":"<p>Hirsiset Egen tid <span class=\"HwtZe\" lang=\"sv\"><span class=\"jCAhz ChMk0b\"><span class=\"ryNqvb\">timmerhussamling dr\u00f6mmarnas timmerhus<\/span><\/span><\/span> <span class=\"HwtZe\" lang=\"sv\"><span class=\"jCAhz ChMk0b\"><span class=\"ryNqvb\">\u2013 ett timmerhus f\u00f6r fritiden, som skapar utrymme f\u00f6r att njuta av det som \u00e4r viktigast i ett timmerhus.<\/span><\/span> <span class=\"jCAhz ChMk0b\"><span class=\"ryNqvb\">Fritidstimmerl\u00e4genheter och timmerhusmodeller, fulla av k\u00e4rlek och v\u00e4rme.<\/span><\/span><\/span><\/p>\n<p>&nbsp;<\/p>\n","protected":false},"excerpt":{"rendered":"<p>Hirsiset Egen tid timmerhussamling dr\u00f6mmarnas timmerhus \u2013 ett timmerhus f\u00f6r fritiden, som skapar utrymme f\u00f6r att njuta av det som \u00e4r viktigast i ett timmerhus. Fritidstimmerl\u00e4genheter och timmerhusmodeller, fulla av k\u00e4rlek och v\u00e4rme. &nbsp;<\/p>\n","protected":false},"author":1,"featured_media":0,"parent":7202,"menu_order":2,"comment_status":"closed","ping_status":"closed","template":"template-portfolio-masonry.php","meta":{"footnotes":""},"class_list":["post-6282","page","type-page","status-publish","hentry","description-off"],"yoast_head":"<!-- This site is optimized with the Yoast SEO plugin v27.4 - https:\/\/yoast.com\/product\/yoast-seo-wordpress\/ -->\n<title>Hirsiset Egen tid timmerhussamling dr\u00f6mmarnas timmerhus<\/title>\n<meta name=\"description\" content=\"Hirsiset Egen tid timmerhussamling dr\u00f6mmarnas timmerhus \u2013 ett timmerhus f\u00f6r fritiden, som skapar utrymme f\u00f6r att njuta av som \u00e4r viktigast.\" \/>\n<meta name=\"robots\" content=\"index, follow, max-snippet:-1, max-image-preview:large, max-video-preview:-1\" \/>\n<link rel=\"canonical\" href=\"https:\/\/www.hirsiset.com\/sv\/husmodeller\/egen-tid\/\" \/>\n<meta property=\"og:locale\" content=\"sv_SE\" \/>\n<meta property=\"og:type\" content=\"article\" \/>\n<meta property=\"og:title\" content=\"Hirsiset Egen tid timmerhussamling dr\u00f6mmarnas timmerhus\" \/>\n<meta property=\"og:description\" content=\"Hirsiset Egen tid timmerhussamling dr\u00f6mmarnas timmerhus \u2013 ett timmerhus f\u00f6r fritiden, som skapar utrymme f\u00f6r att njuta av som \u00e4r viktigast.\" \/>\n<meta property=\"og:url\" content=\"https:\/\/www.hirsiset.com\/sv\/husmodeller\/egen-tid\/\" \/>\n<meta property=\"og:site_name\" content=\"Hirsiset\" \/>\n<meta property=\"article:publisher\" content=\"https:\/\/www.facebook.com\/Hirsiset\/\" \/>\n<meta property=\"article:modified_time\" content=\"2023-08-17T07:10:04+00:00\" \/>\n<meta name=\"twitter:card\" content=\"summary_large_image\" \/>\n<meta name=\"twitter:site\" content=\"@hirsiset\" \/>\n<meta name=\"twitter:label1\" content=\"Ber\u00e4knad l\u00e4stid\" \/>\n\t<meta name=\"twitter:data1\" content=\"1 minut\" \/>\n<script type=\"application\/ld+json\" class=\"yoast-schema-graph\">{\"@context\":\"https:\\\/\\\/schema.org\",\"@graph\":[{\"@type\":\"WebPage\",\"@id\":\"https:\\\/\\\/www.hirsiset.com\\\/sv\\\/timmerhuset\\\/egen-tid\\\/\",\"url\":\"https:\\\/\\\/www.hirsiset.com\\\/sv\\\/husmodeller\\\/egen-tid\\\/\",\"name\":\"Hirsiset Egen tid timmerhussamling dr\u00f6mmarnas timmerhus\",\"isPartOf\":{\"@id\":\"https:\\\/\\\/www.hirsiset.com\\\/sv\\\/#website\"},\"datePublished\":\"2017-10-11T14:19:06+00:00\",\"dateModified\":\"2023-08-17T07:10:04+00:00\",\"description\":\"Hirsiset Egen tid timmerhussamling dr\u00f6mmarnas timmerhus \u2013 ett timmerhus f\u00f6r fritiden, som skapar utrymme f\u00f6r att njuta av som \u00e4r viktigast.\",\"breadcrumb\":{\"@id\":\"https:\\\/\\\/www.hirsiset.com\\\/sv\\\/husmodeller\\\/egen-tid\\\/#breadcrumb\"},\"inLanguage\":\"sv-SE\",\"potentialAction\":[{\"@type\":\"ReadAction\",\"target\":[\"https:\\\/\\\/www.hirsiset.com\\\/sv\\\/husmodeller\\\/egen-tid\\\/\"]}]},{\"@type\":\"BreadcrumbList\",\"@id\":\"https:\\\/\\\/www.hirsiset.com\\\/sv\\\/husmodeller\\\/egen-tid\\\/#breadcrumb\",\"itemListElement\":[{\"@type\":\"ListItem\",\"position\":1,\"name\":\"Home\",\"item\":\"https:\\\/\\\/www.hirsiset.com\\\/sv\\\/\"},{\"@type\":\"ListItem\",\"position\":2,\"name\":\"Husmodeller\",\"item\":\"https:\\\/\\\/www.hirsiset.com\\\/sv\\\/timmerhuset\\\/\"},{\"@type\":\"ListItem\",\"position\":3,\"name\":\"Egen tid\"}]},{\"@type\":\"WebSite\",\"@id\":\"https:\\\/\\\/www.hirsiset.com\\\/sv\\\/#website\",\"url\":\"https:\\\/\\\/www.hirsiset.com\\\/sv\\\/\",\"name\":\"Hirsiset\",\"description\":\"Log hus med \u00f6ver 30 \u00e5rs erfarenhet\",\"publisher\":{\"@id\":\"https:\\\/\\\/www.hirsiset.com\\\/sv\\\/#organization\"},\"potentialAction\":[{\"@type\":\"SearchAction\",\"target\":{\"@type\":\"EntryPoint\",\"urlTemplate\":\"https:\\\/\\\/www.hirsiset.com\\\/sv\\\/?s={search_term_string}\"},\"query-input\":{\"@type\":\"PropertyValueSpecification\",\"valueRequired\":true,\"valueName\":\"search_term_string\"}}],\"inLanguage\":\"sv-SE\"},{\"@type\":\"Organization\",\"@id\":\"https:\\\/\\\/www.hirsiset.com\\\/sv\\\/#organization\",\"name\":\"Oulun Hirsiset Oy\",\"url\":\"https:\\\/\\\/www.hirsiset.com\\\/sv\\\/\",\"logo\":{\"@type\":\"ImageObject\",\"inLanguage\":\"sv-SE\",\"@id\":\"https:\\\/\\\/www.hirsiset.com\\\/sv\\\/#\\\/schema\\\/logo\\\/image\\\/\",\"url\":\"https:\\\/\\\/www.hirsiset.com\\\/wp-content\\\/uploads\\\/Hirsiset_logo65px.png\",\"contentUrl\":\"https:\\\/\\\/www.hirsiset.com\\\/wp-content\\\/uploads\\\/Hirsiset_logo65px.png\",\"width\":299,\"height\":65,\"caption\":\"Oulun Hirsiset Oy\"},\"image\":{\"@id\":\"https:\\\/\\\/www.hirsiset.com\\\/sv\\\/#\\\/schema\\\/logo\\\/image\\\/\"},\"sameAs\":[\"https:\\\/\\\/www.facebook.com\\\/Hirsiset\\\/\",\"https:\\\/\\\/x.com\\\/hirsiset\",\"https:\\\/\\\/www.instagram.com\\\/hirsiset_oy\\\/\"]}]}<\/script>\n<!-- \/ Yoast SEO plugin. -->","yoast_head_json":{"title":"Hirsiset Egen tid timmerhussamling dr\u00f6mmarnas timmerhus","description":"Hirsiset Egen tid timmerhussamling dr\u00f6mmarnas timmerhus \u2013 ett timmerhus f\u00f6r fritiden, som skapar utrymme f\u00f6r att njuta av som \u00e4r viktigast.","robots":{"index":"index","follow":"follow","max-snippet":"max-snippet:-1","max-image-preview":"max-image-preview:large","max-video-preview":"max-video-preview:-1"},"canonical":"https:\/\/www.hirsiset.com\/sv\/husmodeller\/egen-tid\/","og_locale":"sv_SE","og_type":"article","og_title":"Hirsiset Egen tid timmerhussamling dr\u00f6mmarnas timmerhus","og_description":"Hirsiset Egen tid timmerhussamling dr\u00f6mmarnas timmerhus \u2013 ett timmerhus f\u00f6r fritiden, som skapar utrymme f\u00f6r att njuta av som \u00e4r viktigast.","og_url":"https:\/\/www.hirsiset.com\/sv\/husmodeller\/egen-tid\/","og_site_name":"Hirsiset","article_publisher":"https:\/\/www.facebook.com\/Hirsiset\/","article_modified_time":"2023-08-17T07:10:04+00:00","twitter_card":"summary_large_image","twitter_site":"@hirsiset","twitter_misc":{"Ber\u00e4knad l\u00e4stid":"1 minut"},"schema":{"@context":"https:\/\/schema.org","@graph":[{"@type":"WebPage","@id":"https:\/\/www.hirsiset.com\/sv\/timmerhuset\/egen-tid\/","url":"https:\/\/www.hirsiset.com\/sv\/husmodeller\/egen-tid\/","name":"Hirsiset Egen tid timmerhussamling dr\u00f6mmarnas timmerhus","isPartOf":{"@id":"https:\/\/www.hirsiset.com\/sv\/#website"},"datePublished":"2017-10-11T14:19:06+00:00","dateModified":"2023-08-17T07:10:04+00:00","description":"Hirsiset Egen tid timmerhussamling dr\u00f6mmarnas timmerhus \u2013 ett timmerhus f\u00f6r fritiden, som skapar utrymme f\u00f6r att njuta av som \u00e4r viktigast.","breadcrumb":{"@id":"https:\/\/www.hirsiset.com\/sv\/husmodeller\/egen-tid\/#breadcrumb"},"inLanguage":"sv-SE","potentialAction":[{"@type":"ReadAction","target":["https:\/\/www.hirsiset.com\/sv\/husmodeller\/egen-tid\/"]}]},{"@type":"BreadcrumbList","@id":"https:\/\/www.hirsiset.com\/sv\/husmodeller\/egen-tid\/#breadcrumb","itemListElement":[{"@type":"ListItem","position":1,"name":"Home","item":"https:\/\/www.hirsiset.com\/sv\/"},{"@type":"ListItem","position":2,"name":"Husmodeller","item":"https:\/\/www.hirsiset.com\/sv\/timmerhuset\/"},{"@type":"ListItem","position":3,"name":"Egen tid"}]},{"@type":"WebSite","@id":"https:\/\/www.hirsiset.com\/sv\/#website","url":"https:\/\/www.hirsiset.com\/sv\/","name":"Hirsiset","description":"Log hus med \u00f6ver 30 \u00e5rs erfarenhet","publisher":{"@id":"https:\/\/www.hirsiset.com\/sv\/#organization"},"potentialAction":[{"@type":"SearchAction","target":{"@type":"EntryPoint","urlTemplate":"https:\/\/www.hirsiset.com\/sv\/?s={search_term_string}"},"query-input":{"@type":"PropertyValueSpecification","valueRequired":true,"valueName":"search_term_string"}}],"inLanguage":"sv-SE"},{"@type":"Organization","@id":"https:\/\/www.hirsiset.com\/sv\/#organization","name":"Oulun Hirsiset Oy","url":"https:\/\/www.hirsiset.com\/sv\/","logo":{"@type":"ImageObject","inLanguage":"sv-SE","@id":"https:\/\/www.hirsiset.com\/sv\/#\/schema\/logo\/image\/","url":"https:\/\/www.hirsiset.com\/wp-content\/uploads\/Hirsiset_logo65px.png","contentUrl":"https:\/\/www.hirsiset.com\/wp-content\/uploads\/Hirsiset_logo65px.png","width":299,"height":65,"caption":"Oulun Hirsiset Oy"},"image":{"@id":"https:\/\/www.hirsiset.com\/sv\/#\/schema\/logo\/image\/"},"sameAs":["https:\/\/www.facebook.com\/Hirsiset\/","https:\/\/x.com\/hirsiset","https:\/\/www.instagram.com\/hirsiset_oy\/"]}]}},"_links":{"self":[{"href":"https:\/\/www.hirsiset.com\/sv\/wp-json\/wp\/v2\/pages\/6282","targetHints":{"allow":["GET"]}}],"collection":[{"href":"https:\/\/www.hirsiset.com\/sv\/wp-json\/wp\/v2\/pages"}],"about":[{"href":"https:\/\/www.hirsiset.com\/sv\/wp-json\/wp\/v2\/types\/page"}],"author":[{"embeddable":true,"href":"https:\/\/www.hirsiset.com\/sv\/wp-json\/wp\/v2\/users\/1"}],"replies":[{"embeddable":true,"href":"https:\/\/www.hirsiset.com\/sv\/wp-json\/wp\/v2\/comments?post=6282"}],"version-history":[{"count":7,"href":"https:\/\/www.hirsiset.com\/sv\/wp-json\/wp\/v2\/pages\/6282\/revisions"}],"predecessor-version":[{"id":29171,"href":"https:\/\/www.hirsiset.com\/sv\/wp-json\/wp\/v2\/pages\/6282\/revisions\/29171"}],"up":[{"embeddable":true,"href":"https:\/\/www.hirsiset.com\/sv\/wp-json\/wp\/v2\/pages\/7202"}],"wp:attachment":[{"href":"https:\/\/www.hirsiset.com\/sv\/wp-json\/wp\/v2\/media?parent=6282"}],"curies":[{"name":"wp","href":"https:\/\/api.w.org\/{rel}","templated":true}]}}