{"id":11414,"date":"2019-09-09T09:13:02","date_gmt":"2019-09-09T06:13:02","guid":{"rendered":"https:\/\/www.hirsiset.com\/ule-alv\/"},"modified":"2026-04-02T08:36:29","modified_gmt":"2026-04-02T05:36:29","slug":"ule-alv","status":"publish","type":"page","link":"https:\/\/www.hirsiset.com\/sv\/timmerhuset\/ule-alv\/","title":{"rendered":"Ule \u00e4lv"},"content":{"rendered":"<div class=\"wpb-content-wrapper\"><p>[vc_row][vc_column][vc_column_text css=&#8221;&#8221;]<span class=\"tlid-translation translation\" lang=\"sv\">Hirsisets nya Ule \u00e4lv timmerhus samlingen \u00e4r f\u00e4rsk, modern och mycket anpassningsbar f\u00f6r att passa alla \u00f6nskem\u00e5l och behov av timmerhus och timmerstugor. Fr\u00e5n bastuhuset till det stora familjhemmet \u00e4r alla nya modeller designade f\u00f6r att m\u00f6ta dagens behov och krav. Vi vill att v\u00e5ra timmerhus ska vara enkla och praktiska i sin vardag utan att gl\u00f6mma deras sk\u00f6nhet. Speciell uppm\u00e4rksamhet har \u00e4gnats \u00e5t funktionella utrymmesl\u00f6sningar inom omr\u00e5den som k\u00f6k, tv\u00e4ttstuga och f\u00f6rvaringsutrymme.<\/span><\/p>\n<p><span class=\"tlid-translation translation\" lang=\"sv\">En av de viktigaste funktionerna i ett timmerhus \u00e4r <a href=\"https:\/\/www.hirsiset.com\/sv\/timmer\/\">dess h\u00f6rn<\/a>. Har du ett traditionellt tv\u00e4rh\u00f6rn, ett l\u00e5gt nyckelh\u00f6rn, ett modernt stadsh\u00f6rn eller ett imponerande laxknut? Gillar du f\u00f6rh\u00f6jda och rymliga vardagsrum? Speciellt med ett konsoltak kan du f\u00e5 utrymme i ditt hem med det upph\u00f6jda taket. N\u00e4stan alla modeller i samlingen finns i olika takformat; traditionell borste, konsol eller avkortad borste. Uteplatssl\u00f6sningarna, storleken p\u00e5 f\u00f6nstren, f\u00e4rgningen av timmerhuset och de sm\u00e5 detaljerna inifr\u00e5n och ut skapar en unik kombination. Vill du bara ha en s\u00e4ndning av tr\u00e4delar eller kliva in i <a href=\"https:\/\/www.hirsiset.com\/sv\/timmerhuset\/\">ett f\u00e4rdigt timmerhus<\/a>? Allt lyckas eftersom vi levererar husen med det leveransinneh\u00e5ll du vill ha.<\/span><\/p>\n<p><span class=\"tlid-translation translation\" lang=\"sv\">P\u00e5 Hirsiset designar vi alltid ett timmerhus tillsammans f\u00f6r att passa dina behov och \u00f6nskem\u00e5l. <a href=\"https:\/\/www.hirsiset.com\/sv\/distributors\/\">Kontakta oss<\/a> f\u00f6r att b\u00f6rja designa ditt dr\u00f6mhem!<\/span>[\/vc_column_text][vc_empty_space][\/vc_column][\/vc_row][vc_row][vc_column width=&#8221;1\/4&#8243;][vc_column_text css=&#8221;.vc_custom_1675852668445{padding-top: 0px !important;padding-bottom: 0px !important;}&#8221;]<a href=\"https:\/\/www.ark-stenius.fi\/\"><img loading=\"lazy\" decoding=\"async\" class=\"alignnone wp-image-11632\" src=\"https:\/\/www.hirsiset.com\/wp-content\/uploads\/Petra-Karjalainen-s.jpg\" alt=\"Petra Stenius\" width=\"178\" height=\"200\" srcset=\"https:\/\/www.hirsiset.com\/wp-content\/uploads\/Petra-Karjalainen-s.jpg 300w, https:\/\/www.hirsiset.com\/wp-content\/uploads\/Petra-Karjalainen-s-267x300.jpg 267w\" sizes=\"auto, (max-width: 178px) 100vw, 178px\" \/><\/a><\/p>\n<p><em><span class=\"tlid-translation translation\" lang=\"sv\"><span class=\"\" title=\"\">Oulujoki-samlingen \u00e4r i samarbete med Hirsiset <\/span><span class=\"\" title=\"\">designad av <a href=\"https:\/\/www.ark-stenius.fi\/\">Petra Stenius<\/a>.<\/span><\/span><\/em>[\/vc_column_text][vc_empty_space][\/vc_column][vc_column width=&#8221;3\/4&#8243; css=&#8221;.vc_custom_1617969426442{padding-top: 0px !important;padding-right: 40px !important;padding-bottom: 0px !important;padding-left: 40px !important;}&#8221;][vc_single_image image=&#8221;17048&#8243; img_size=&#8221;full&#8221; alignment=&#8221;center&#8221; onclick=&#8221;custom_link&#8221; link=&#8221;https:\/\/www.hirsiset.com\/sv\/gallery\/pyhakoski\/&#8221;][vc_column_text]<\/p>\n<p style=\"text-align: center;\"><a href=\"https:\/\/www.hirsiset.com\/sv\/gallery\/pyhakoski\/\" target=\"_blank\" rel=\"noopener\"><em>Pyh\u00e4koski fotogalleri<\/em><\/a><\/p>\n<p>[\/vc_column_text][vc_empty_space][\/vc_column][\/vc_row][vc_row gap=&#8221;20&#8243; css=&#8221;.vc_custom_1625226789196{margin-bottom: 60px !important;background-color: #efefef !important;}&#8221;][vc_column width=&#8221;1\/2&#8243;][vc_single_image image=&#8221;20191&#8243; img_size=&#8221;medium&#8221; alignment=&#8221;center&#8221; image_hovers=&#8221;false&#8221;][\/vc_column][vc_column width=&#8221;1\/2&#8243;][vc_empty_space height=&#8221;20px&#8221;][vc_column_text]<\/p>\n<h4>Ladda ner en gratis broschyr!<\/h4>\n<p><span class=\"HwtZe\" lang=\"sv\"><span class=\"jCAhz ChMk0b\"><span class=\"ryNqvb\">Broschyren inneh\u00e5ller alla Ule \u00e4lv -modeller.<\/span><\/span><\/span><\/p>\n<p><span class=\"HwtZe\" lang=\"sv\"><span class=\"jCAhz ChMk0b\"><span class=\"ryNqvb\">Ha en god l\u00e4sning!<\/span><\/span><\/span>[\/vc_column_text]<style type=\"text\/css\" data-type=\"the7_shortcodes-inline-css\">#default-btn-abc1fcafaf1a354300fb84d3a5a37139.ico-right-side > i {\n  margin-right: 0px;\n  margin-left: 8px;\n}\n#default-btn-abc1fcafaf1a354300fb84d3a5a37139 > i {\n  margin-right: 8px;\n}<\/style><a href=\"https:\/\/www.hirsiset.com\/sv\/ladda-ner-en-broschyr\/\" class=\"default-btn-shortcode dt-btn dt-btn-l link-hover-off btn-inline-left \" id=\"default-btn-abc1fcafaf1a354300fb84d3a5a37139\" title=\"Ladda ner en broschyr\"><span>Ladda ner en broschyr<\/span><\/a>[vc_empty_space height=&#8221;30px&#8221;][\/vc_column][\/vc_row]<\/p>\n<\/div>","protected":false},"excerpt":{"rendered":"<p>[vc_row][vc_column][vc_column_text css=&#8221;&#8221;]Hirsisets nya Ule \u00e4lv timmerhus samlingen \u00e4r f\u00e4rsk, modern och mycket anpassningsbar f\u00f6r att passa alla \u00f6nskem\u00e5l och behov av timmerhus och timmerstugor. Fr\u00e5n bastuhuset till det stora familjhemmet \u00e4r alla nya modeller designade f\u00f6r att m\u00f6ta dagens behov och krav. Vi vill att v\u00e5ra timmerhus ska vara enkla och praktiska i sin vardag&hellip;<\/p>\n","protected":false},"author":5,"featured_media":16957,"parent":7202,"menu_order":0,"comment_status":"closed","ping_status":"closed","template":"template-portfolio-masonry.php","meta":{"footnotes":""},"class_list":["post-11414","page","type-page","status-publish","has-post-thumbnail","hentry","description-off"],"yoast_head":"<!-- This site is optimized with the Yoast SEO plugin v27.4 - https:\/\/yoast.com\/product\/yoast-seo-wordpress\/ -->\n<title>Hirsiset - Ule \u00e4lv timmerhus samlingen modernt dr\u00f6m timmerhus<\/title>\n<meta name=\"description\" content=\"Hirsiset Ule \u00e4lv timmerhus samlingen dr\u00f6m timmerhus \u00e4r f\u00e4rsk, modern och mycket anpassningsbar f\u00f6r att passa alla \u00f6nskem\u00e5l och behov av timmerhus och timmerstugor\" \/>\n<meta name=\"robots\" content=\"index, follow, max-snippet:-1, max-image-preview:large, max-video-preview:-1\" \/>\n<link rel=\"canonical\" href=\"https:\/\/www.hirsiset.com\/sv\/husmodeller\/ule-alv\/\" \/>\n<meta property=\"og:locale\" content=\"sv_SE\" \/>\n<meta property=\"og:type\" content=\"article\" \/>\n<meta property=\"og:title\" content=\"Hirsiset - Ule \u00e4lv timmerhus samlingen modernt dr\u00f6m timmerhus\" \/>\n<meta property=\"og:description\" content=\"Hirsiset Ule \u00e4lv timmerhus samlingen dr\u00f6m timmerhus \u00e4r f\u00e4rsk, modern och mycket anpassningsbar f\u00f6r att passa alla \u00f6nskem\u00e5l och behov av timmerhus och timmerstugor\" \/>\n<meta property=\"og:url\" content=\"https:\/\/www.hirsiset.com\/sv\/husmodeller\/ule-alv\/\" \/>\n<meta property=\"og:site_name\" content=\"Hirsiset\" \/>\n<meta property=\"article:publisher\" content=\"https:\/\/www.facebook.com\/Hirsiset\/\" \/>\n<meta property=\"article:modified_time\" content=\"2026-04-02T05:36:29+00:00\" \/>\n<meta property=\"og:image\" content=\"https:\/\/www.hirsiset.com\/wp-content\/uploads\/moderni-kaksikerroksinen-hirsitalo.jpg\" \/>\n\t<meta property=\"og:image:width\" content=\"1500\" \/>\n\t<meta property=\"og:image:height\" content=\"1001\" \/>\n\t<meta property=\"og:image:type\" content=\"image\/jpeg\" \/>\n<meta name=\"twitter:card\" content=\"summary_large_image\" \/>\n<meta name=\"twitter:site\" content=\"@hirsiset\" \/>\n<meta name=\"twitter:label1\" content=\"Ber\u00e4knad l\u00e4stid\" \/>\n\t<meta name=\"twitter:data1\" content=\"3 minuter\" \/>\n<script type=\"application\/ld+json\" class=\"yoast-schema-graph\">{\"@context\":\"https:\\\/\\\/schema.org\",\"@graph\":[{\"@type\":\"WebPage\",\"@id\":\"https:\\\/\\\/www.hirsiset.com\\\/sv\\\/timmerhuset\\\/ule-alv\\\/\",\"url\":\"https:\\\/\\\/www.hirsiset.com\\\/sv\\\/husmodeller\\\/ule-alv\\\/\",\"name\":\"Hirsiset - Ule \u00e4lv timmerhus samlingen modernt dr\u00f6m timmerhus\",\"isPartOf\":{\"@id\":\"https:\\\/\\\/www.hirsiset.com\\\/sv\\\/#website\"},\"primaryImageOfPage\":{\"@id\":\"https:\\\/\\\/www.hirsiset.com\\\/sv\\\/husmodeller\\\/ule-alv\\\/#primaryimage\"},\"image\":{\"@id\":\"https:\\\/\\\/www.hirsiset.com\\\/sv\\\/husmodeller\\\/ule-alv\\\/#primaryimage\"},\"thumbnailUrl\":\"https:\\\/\\\/www.hirsiset.com\\\/wp-content\\\/uploads\\\/moderni-kaksikerroksinen-hirsitalo.jpg\",\"datePublished\":\"2019-09-09T06:13:02+00:00\",\"dateModified\":\"2026-04-02T05:36:29+00:00\",\"description\":\"Hirsiset Ule \u00e4lv timmerhus samlingen dr\u00f6m timmerhus \u00e4r f\u00e4rsk, modern och mycket anpassningsbar f\u00f6r att passa alla \u00f6nskem\u00e5l och behov av timmerhus och timmerstugor\",\"breadcrumb\":{\"@id\":\"https:\\\/\\\/www.hirsiset.com\\\/sv\\\/husmodeller\\\/ule-alv\\\/#breadcrumb\"},\"inLanguage\":\"sv-SE\",\"potentialAction\":[{\"@type\":\"ReadAction\",\"target\":[\"https:\\\/\\\/www.hirsiset.com\\\/sv\\\/husmodeller\\\/ule-alv\\\/\"]}]},{\"@type\":\"ImageObject\",\"inLanguage\":\"sv-SE\",\"@id\":\"https:\\\/\\\/www.hirsiset.com\\\/sv\\\/husmodeller\\\/ule-alv\\\/#primaryimage\",\"url\":\"https:\\\/\\\/www.hirsiset.com\\\/wp-content\\\/uploads\\\/moderni-kaksikerroksinen-hirsitalo.jpg\",\"contentUrl\":\"https:\\\/\\\/www.hirsiset.com\\\/wp-content\\\/uploads\\\/moderni-kaksikerroksinen-hirsitalo.jpg\",\"width\":1500,\"height\":1001,\"caption\":\"moderni hirsitalo\"},{\"@type\":\"BreadcrumbList\",\"@id\":\"https:\\\/\\\/www.hirsiset.com\\\/sv\\\/husmodeller\\\/ule-alv\\\/#breadcrumb\",\"itemListElement\":[{\"@type\":\"ListItem\",\"position\":1,\"name\":\"Home\",\"item\":\"https:\\\/\\\/www.hirsiset.com\\\/sv\\\/\"},{\"@type\":\"ListItem\",\"position\":2,\"name\":\"Husmodeller\",\"item\":\"https:\\\/\\\/www.hirsiset.com\\\/sv\\\/timmerhuset\\\/\"},{\"@type\":\"ListItem\",\"position\":3,\"name\":\"Ule \u00e4lv\"}]},{\"@type\":\"WebSite\",\"@id\":\"https:\\\/\\\/www.hirsiset.com\\\/sv\\\/#website\",\"url\":\"https:\\\/\\\/www.hirsiset.com\\\/sv\\\/\",\"name\":\"Hirsiset\",\"description\":\"Log hus med \u00f6ver 30 \u00e5rs erfarenhet\",\"publisher\":{\"@id\":\"https:\\\/\\\/www.hirsiset.com\\\/sv\\\/#organization\"},\"potentialAction\":[{\"@type\":\"SearchAction\",\"target\":{\"@type\":\"EntryPoint\",\"urlTemplate\":\"https:\\\/\\\/www.hirsiset.com\\\/sv\\\/?s={search_term_string}\"},\"query-input\":{\"@type\":\"PropertyValueSpecification\",\"valueRequired\":true,\"valueName\":\"search_term_string\"}}],\"inLanguage\":\"sv-SE\"},{\"@type\":\"Organization\",\"@id\":\"https:\\\/\\\/www.hirsiset.com\\\/sv\\\/#organization\",\"name\":\"Oulun Hirsiset Oy\",\"url\":\"https:\\\/\\\/www.hirsiset.com\\\/sv\\\/\",\"logo\":{\"@type\":\"ImageObject\",\"inLanguage\":\"sv-SE\",\"@id\":\"https:\\\/\\\/www.hirsiset.com\\\/sv\\\/#\\\/schema\\\/logo\\\/image\\\/\",\"url\":\"https:\\\/\\\/www.hirsiset.com\\\/wp-content\\\/uploads\\\/Hirsiset_logo65px.png\",\"contentUrl\":\"https:\\\/\\\/www.hirsiset.com\\\/wp-content\\\/uploads\\\/Hirsiset_logo65px.png\",\"width\":299,\"height\":65,\"caption\":\"Oulun Hirsiset Oy\"},\"image\":{\"@id\":\"https:\\\/\\\/www.hirsiset.com\\\/sv\\\/#\\\/schema\\\/logo\\\/image\\\/\"},\"sameAs\":[\"https:\\\/\\\/www.facebook.com\\\/Hirsiset\\\/\",\"https:\\\/\\\/x.com\\\/hirsiset\",\"https:\\\/\\\/www.instagram.com\\\/hirsiset_oy\\\/\"]}]}<\/script>\n<!-- \/ Yoast SEO plugin. -->","yoast_head_json":{"title":"Hirsiset - Ule \u00e4lv timmerhus samlingen modernt dr\u00f6m timmerhus","description":"Hirsiset Ule \u00e4lv timmerhus samlingen dr\u00f6m timmerhus \u00e4r f\u00e4rsk, modern och mycket anpassningsbar f\u00f6r att passa alla \u00f6nskem\u00e5l och behov av timmerhus och timmerstugor","robots":{"index":"index","follow":"follow","max-snippet":"max-snippet:-1","max-image-preview":"max-image-preview:large","max-video-preview":"max-video-preview:-1"},"canonical":"https:\/\/www.hirsiset.com\/sv\/husmodeller\/ule-alv\/","og_locale":"sv_SE","og_type":"article","og_title":"Hirsiset - Ule \u00e4lv timmerhus samlingen modernt dr\u00f6m timmerhus","og_description":"Hirsiset Ule \u00e4lv timmerhus samlingen dr\u00f6m timmerhus \u00e4r f\u00e4rsk, modern och mycket anpassningsbar f\u00f6r att passa alla \u00f6nskem\u00e5l och behov av timmerhus och timmerstugor","og_url":"https:\/\/www.hirsiset.com\/sv\/husmodeller\/ule-alv\/","og_site_name":"Hirsiset","article_publisher":"https:\/\/www.facebook.com\/Hirsiset\/","article_modified_time":"2026-04-02T05:36:29+00:00","og_image":[{"width":1500,"height":1001,"url":"https:\/\/www.hirsiset.com\/wp-content\/uploads\/moderni-kaksikerroksinen-hirsitalo.jpg","type":"image\/jpeg"}],"twitter_card":"summary_large_image","twitter_site":"@hirsiset","twitter_misc":{"Ber\u00e4knad l\u00e4stid":"3 minuter"},"schema":{"@context":"https:\/\/schema.org","@graph":[{"@type":"WebPage","@id":"https:\/\/www.hirsiset.com\/sv\/timmerhuset\/ule-alv\/","url":"https:\/\/www.hirsiset.com\/sv\/husmodeller\/ule-alv\/","name":"Hirsiset - Ule \u00e4lv timmerhus samlingen modernt dr\u00f6m timmerhus","isPartOf":{"@id":"https:\/\/www.hirsiset.com\/sv\/#website"},"primaryImageOfPage":{"@id":"https:\/\/www.hirsiset.com\/sv\/husmodeller\/ule-alv\/#primaryimage"},"image":{"@id":"https:\/\/www.hirsiset.com\/sv\/husmodeller\/ule-alv\/#primaryimage"},"thumbnailUrl":"https:\/\/www.hirsiset.com\/wp-content\/uploads\/moderni-kaksikerroksinen-hirsitalo.jpg","datePublished":"2019-09-09T06:13:02+00:00","dateModified":"2026-04-02T05:36:29+00:00","description":"Hirsiset Ule \u00e4lv timmerhus samlingen dr\u00f6m timmerhus \u00e4r f\u00e4rsk, modern och mycket anpassningsbar f\u00f6r att passa alla \u00f6nskem\u00e5l och behov av timmerhus och timmerstugor","breadcrumb":{"@id":"https:\/\/www.hirsiset.com\/sv\/husmodeller\/ule-alv\/#breadcrumb"},"inLanguage":"sv-SE","potentialAction":[{"@type":"ReadAction","target":["https:\/\/www.hirsiset.com\/sv\/husmodeller\/ule-alv\/"]}]},{"@type":"ImageObject","inLanguage":"sv-SE","@id":"https:\/\/www.hirsiset.com\/sv\/husmodeller\/ule-alv\/#primaryimage","url":"https:\/\/www.hirsiset.com\/wp-content\/uploads\/moderni-kaksikerroksinen-hirsitalo.jpg","contentUrl":"https:\/\/www.hirsiset.com\/wp-content\/uploads\/moderni-kaksikerroksinen-hirsitalo.jpg","width":1500,"height":1001,"caption":"moderni hirsitalo"},{"@type":"BreadcrumbList","@id":"https:\/\/www.hirsiset.com\/sv\/husmodeller\/ule-alv\/#breadcrumb","itemListElement":[{"@type":"ListItem","position":1,"name":"Home","item":"https:\/\/www.hirsiset.com\/sv\/"},{"@type":"ListItem","position":2,"name":"Husmodeller","item":"https:\/\/www.hirsiset.com\/sv\/timmerhuset\/"},{"@type":"ListItem","position":3,"name":"Ule \u00e4lv"}]},{"@type":"WebSite","@id":"https:\/\/www.hirsiset.com\/sv\/#website","url":"https:\/\/www.hirsiset.com\/sv\/","name":"Hirsiset","description":"Log hus med \u00f6ver 30 \u00e5rs erfarenhet","publisher":{"@id":"https:\/\/www.hirsiset.com\/sv\/#organization"},"potentialAction":[{"@type":"SearchAction","target":{"@type":"EntryPoint","urlTemplate":"https:\/\/www.hirsiset.com\/sv\/?s={search_term_string}"},"query-input":{"@type":"PropertyValueSpecification","valueRequired":true,"valueName":"search_term_string"}}],"inLanguage":"sv-SE"},{"@type":"Organization","@id":"https:\/\/www.hirsiset.com\/sv\/#organization","name":"Oulun Hirsiset Oy","url":"https:\/\/www.hirsiset.com\/sv\/","logo":{"@type":"ImageObject","inLanguage":"sv-SE","@id":"https:\/\/www.hirsiset.com\/sv\/#\/schema\/logo\/image\/","url":"https:\/\/www.hirsiset.com\/wp-content\/uploads\/Hirsiset_logo65px.png","contentUrl":"https:\/\/www.hirsiset.com\/wp-content\/uploads\/Hirsiset_logo65px.png","width":299,"height":65,"caption":"Oulun Hirsiset Oy"},"image":{"@id":"https:\/\/www.hirsiset.com\/sv\/#\/schema\/logo\/image\/"},"sameAs":["https:\/\/www.facebook.com\/Hirsiset\/","https:\/\/x.com\/hirsiset","https:\/\/www.instagram.com\/hirsiset_oy\/"]}]}},"_links":{"self":[{"href":"https:\/\/www.hirsiset.com\/sv\/wp-json\/wp\/v2\/pages\/11414","targetHints":{"allow":["GET"]}}],"collection":[{"href":"https:\/\/www.hirsiset.com\/sv\/wp-json\/wp\/v2\/pages"}],"about":[{"href":"https:\/\/www.hirsiset.com\/sv\/wp-json\/wp\/v2\/types\/page"}],"author":[{"embeddable":true,"href":"https:\/\/www.hirsiset.com\/sv\/wp-json\/wp\/v2\/users\/5"}],"replies":[{"embeddable":true,"href":"https:\/\/www.hirsiset.com\/sv\/wp-json\/wp\/v2\/comments?post=11414"}],"version-history":[{"count":21,"href":"https:\/\/www.hirsiset.com\/sv\/wp-json\/wp\/v2\/pages\/11414\/revisions"}],"predecessor-version":[{"id":36501,"href":"https:\/\/www.hirsiset.com\/sv\/wp-json\/wp\/v2\/pages\/11414\/revisions\/36501"}],"up":[{"embeddable":true,"href":"https:\/\/www.hirsiset.com\/sv\/wp-json\/wp\/v2\/pages\/7202"}],"wp:featuredmedia":[{"embeddable":true,"href":"https:\/\/www.hirsiset.com\/sv\/wp-json\/wp\/v2\/media\/16957"}],"wp:attachment":[{"href":"https:\/\/www.hirsiset.com\/sv\/wp-json\/wp\/v2\/media?parent=11414"}],"curies":[{"name":"wp","href":"https:\/\/api.w.org\/{rel}","templated":true}]}}