{"id":30486,"date":"2023-06-15T09:36:33","date_gmt":"2023-06-15T06:36:33","guid":{"rendered":"https:\/\/www.hirsiset.com\/kontakt\/register-statement\/"},"modified":"2024-02-26T12:29:50","modified_gmt":"2024-02-26T10:29:50","slug":"izjava-zasebnosti","status":"publish","type":"page","link":"https:\/\/www.hirsiset.com\/sl\/kontakt\/izjava-zasebnosti\/","title":{"rendered":"Izjava zasebnosti"},"content":{"rendered":"<h3><\/h3>\n<h3>1. Register<\/h3>\n<p>Ime podjetja: Oulun Hirsiset Oy<br \/>\nNaslov: Konetie 19 C1, 90620 Oulu<br \/>\nTelefon: +358 (0)400 386048<br \/>\nE-po\u0161ta: hirsiset (at) hirsiset.com<br \/>\nSpletna stran: https:\/\/www.hirsiset.com<\/p>\n<h3><\/h3>\n<h3>2. Odgovorna oseba<\/h3>\n<p>Oseba za kontakt: Markku M\u00e4l\u00e4sk\u00e4, Oulun Hirsiset Oy.<br \/>\nIme: Markku M\u00e4l\u00e4sk\u00e4<br \/>\nTelefon: +358 (0)400 386048<br \/>\nE-po\u0161ta: markku (at) hirsiset.com<\/p>\n<h3><\/h3>\n<h3>3. Naziv registra<\/h3>\n<p>Hirsiset online service<\/p>\n<h3><\/h3>\n<h3>4. Namen uporabe registra<\/h3>\n<p>Zbrani osebni podatki se uporabljajo za tr\u017eenje podjetja Oulun Hirsiset Oy, po\u0161iljanje ogla\u0161evalskega gradiva in marketin\u0161kih materialov. Zbiranje in uporaba podatkov poteka v skladu s 19. \u010dlenom 4. poglavja Zakona o varstvu osebnih podatkov.<\/p>\n<h3><\/h3>\n<h3>5. Vsebina registra podatkov<\/h3>\n<p>Register vsebuje naslednje informacije: ime, priimek, e-po\u0161tni naslov, telefonska \u0161tevilka. Informacije se zbirajo prek spletnega mesta s pomo\u010djo lo\u010denega obrazca za elektronsko po\u0161to.<\/p>\n<h3><\/h3>\n<h3>6. Na\u010dela varovanja registra<\/h3>\n<p>Informacije o uporabnikih spletnega mesta se hranijo v sistemu registra kot IT-zapis, ki je za\u0161\u010diten z varnostno programsko opremo operacijskega sistema. Dostop do sistema zahteva vnos uporabni\u0161kega imena in gesla. Sistem je prav tako za\u0161\u010diten z po\u017earnimi zidovi in drugimi tehni\u010dnimi sredstvi. Do informacij, shranjenih v sistemu registra, lahko dostopajo le poobla\u0161\u010dene osebe zaposlene v podjetju Hirsiset. Informacije, shranjene v registru, se nahajajo v zaklenjenih in varovanih prostorih.<\/p>\n<h3><\/h3>\n<h3>7. Pi\u0161kotki<\/h3>\n<p>Na na\u0161em spletnem mestu uporabljamo pi\u0161kotke za dostavo vsebine, prilagajanje vsebine uporabniku in analizo prometa, da bi zagotovili najbolj\u0161o uporabni\u0161ko izku\u0161njo. Pi\u0161kotki so podatki brskanja, shranjeni na uporabnikovi napravi s strani spletnega brskalnika. Informacije o uporabi spletnega mesta se po\u0161iljajo Googlu. Z uporabo spletnega mesta sprejemate in se strinjate z uporabo pi\u0161kotkov.<\/p>\n<p>&nbsp;<\/p>\n<h3>8. Vsebina, vgrajena iz drugih spletnih mest<\/h3>\n<p>\u010clanki na tem spletnem mestu lahko vsebujejo vgrajeno vsebino (na primer videoposnetke, slike, \u010dlanke itd.). Odpiranje vgrajene vsebine, uvo\u017eene iz drugih spletnih mest, je primerljivo s tem, da obiskovalec obi\u0161\u010de spletno mesto tretje osebe. Ta spletna mesta lahko zbirajo informacije o vas, uporabljajo pi\u0161kotke, vgrajujejo pi\u0161kotke za sledenje tretjih oseb in spremljajo va\u0161o interakcijo z vgrajeno vsebino, vklju\u010dno s sledenjem va\u0161e interakcije, \u010de ste prijavljeni kot uporabnik na spletnem mestu.<\/p>\n","protected":false},"excerpt":{"rendered":"<p>1. Register Ime podjetja: Oulun Hirsiset Oy Naslov: Konetie 19 C1, 90620 Oulu Telefon: +358 (0)400 386048 E-po\u0161ta: hirsiset (at) hirsiset.com Spletna stran: https:\/\/www.hirsiset.com 2. Odgovorna oseba Oseba za kontakt: Markku M\u00e4l\u00e4sk\u00e4, Oulun Hirsiset Oy. Ime: Markku M\u00e4l\u00e4sk\u00e4 Telefon: +358 (0)400 386048 E-po\u0161ta: markku (at) hirsiset.com 3. Naziv registra Hirsiset online service 4. Namen uporabe&hellip;<\/p>\n","protected":false},"author":1,"featured_media":0,"parent":30039,"menu_order":0,"comment_status":"closed","ping_status":"closed","template":"","meta":{"footnotes":""},"class_list":["post-30486","page","type-page","status-publish","hentry","description-off"],"yoast_head":"<!-- This site is optimized with the Yoast SEO plugin v27.4 - https:\/\/yoast.com\/product\/yoast-seo-wordpress\/ -->\n<title>Izjava zasebnosti - Hirsiset - Log houses, Log cabins, Free time log apartments<\/title>\n<meta name=\"description\" content=\"This is the register and data protection statement of Oulun Hirsiset Oy in accordance with the Data Protection Act.\" \/>\n<meta name=\"robots\" content=\"index, follow, max-snippet:-1, max-image-preview:large, max-video-preview:-1\" \/>\n<link rel=\"canonical\" href=\"https:\/\/www.hirsiset.com\/sl\/kontakt\/izjava-zasebnosti\/\" \/>\n<meta property=\"og:locale\" content=\"sl_SI\" \/>\n<meta property=\"og:type\" content=\"article\" \/>\n<meta property=\"og:title\" content=\"Izjava zasebnosti - Hirsiset - Log houses, Log cabins, Free time log apartments\" \/>\n<meta property=\"og:description\" content=\"This is the register and data protection statement of Oulun Hirsiset Oy in accordance with the Data Protection Act.\" \/>\n<meta property=\"og:url\" content=\"https:\/\/www.hirsiset.com\/sl\/kontakt\/izjava-zasebnosti\/\" \/>\n<meta property=\"og:site_name\" content=\"Hirsiset\" \/>\n<meta property=\"article:publisher\" content=\"https:\/\/www.facebook.com\/Hirsiset\/\" \/>\n<meta property=\"article:modified_time\" content=\"2024-02-26T10:29:50+00:00\" \/>\n<meta name=\"twitter:card\" content=\"summary_large_image\" \/>\n<meta name=\"twitter:site\" content=\"@hirsiset\" \/>\n<meta name=\"twitter:label1\" content=\"Est. reading time\" \/>\n\t<meta name=\"twitter:data1\" content=\"2 minuti\" \/>\n<script type=\"application\/ld+json\" class=\"yoast-schema-graph\">{\"@context\":\"https:\\\/\\\/schema.org\",\"@graph\":[{\"@type\":\"WebPage\",\"@id\":\"https:\\\/\\\/www.hirsiset.com\\\/sl\\\/kontakt\\\/izjava-zasebnosti\\\/\",\"url\":\"https:\\\/\\\/www.hirsiset.com\\\/sl\\\/kontakt\\\/izjava-zasebnosti\\\/\",\"name\":\"Izjava zasebnosti - Hirsiset - Log houses, Log cabins, Free time log apartments\",\"isPartOf\":{\"@id\":\"https:\\\/\\\/www.hirsiset.com\\\/sl\\\/#website\"},\"datePublished\":\"2023-06-15T06:36:33+00:00\",\"dateModified\":\"2024-02-26T10:29:50+00:00\",\"description\":\"This is the register and data protection statement of Oulun Hirsiset Oy in accordance with the Data Protection Act.\",\"breadcrumb\":{\"@id\":\"https:\\\/\\\/www.hirsiset.com\\\/sl\\\/kontakt\\\/izjava-zasebnosti\\\/#breadcrumb\"},\"inLanguage\":\"sl-SI\",\"potentialAction\":[{\"@type\":\"ReadAction\",\"target\":[\"https:\\\/\\\/www.hirsiset.com\\\/sl\\\/kontakt\\\/izjava-zasebnosti\\\/\"]}]},{\"@type\":\"BreadcrumbList\",\"@id\":\"https:\\\/\\\/www.hirsiset.com\\\/sl\\\/kontakt\\\/izjava-zasebnosti\\\/#breadcrumb\",\"itemListElement\":[{\"@type\":\"ListItem\",\"position\":1,\"name\":\"Home\",\"item\":\"https:\\\/\\\/www.hirsiset.com\\\/sl\\\/\"},{\"@type\":\"ListItem\",\"position\":2,\"name\":\"Kontaktiraite nas\",\"item\":\"https:\\\/\\\/www.hirsiset.com\\\/sl\\\/kontakt\\\/\"},{\"@type\":\"ListItem\",\"position\":3,\"name\":\"Izjava zasebnosti\"}]},{\"@type\":\"WebSite\",\"@id\":\"https:\\\/\\\/www.hirsiset.com\\\/sl\\\/#website\",\"url\":\"https:\\\/\\\/www.hirsiset.com\\\/sl\\\/\",\"name\":\"Hirsiset\",\"description\":\"Hirsitaloja yli 30-vuoden kokemuksella\",\"publisher\":{\"@id\":\"https:\\\/\\\/www.hirsiset.com\\\/sl\\\/#organization\"},\"potentialAction\":[{\"@type\":\"SearchAction\",\"target\":{\"@type\":\"EntryPoint\",\"urlTemplate\":\"https:\\\/\\\/www.hirsiset.com\\\/sl\\\/?s={search_term_string}\"},\"query-input\":{\"@type\":\"PropertyValueSpecification\",\"valueRequired\":true,\"valueName\":\"search_term_string\"}}],\"inLanguage\":\"sl-SI\"},{\"@type\":\"Organization\",\"@id\":\"https:\\\/\\\/www.hirsiset.com\\\/sl\\\/#organization\",\"name\":\"Oulun Hirsiset Oy\",\"url\":\"https:\\\/\\\/www.hirsiset.com\\\/sl\\\/\",\"logo\":{\"@type\":\"ImageObject\",\"inLanguage\":\"sl-SI\",\"@id\":\"https:\\\/\\\/www.hirsiset.com\\\/sl\\\/#\\\/schema\\\/logo\\\/image\\\/\",\"url\":\"https:\\\/\\\/www.hirsiset.com\\\/wp-content\\\/uploads\\\/Hirsiset_logo65px.png\",\"contentUrl\":\"https:\\\/\\\/www.hirsiset.com\\\/wp-content\\\/uploads\\\/Hirsiset_logo65px.png\",\"width\":299,\"height\":65,\"caption\":\"Oulun Hirsiset Oy\"},\"image\":{\"@id\":\"https:\\\/\\\/www.hirsiset.com\\\/sl\\\/#\\\/schema\\\/logo\\\/image\\\/\"},\"sameAs\":[\"https:\\\/\\\/www.facebook.com\\\/Hirsiset\\\/\",\"https:\\\/\\\/x.com\\\/hirsiset\",\"https:\\\/\\\/www.instagram.com\\\/hirsiset_oy\\\/\"]}]}<\/script>\n<!-- \/ Yoast SEO plugin. -->","yoast_head_json":{"title":"Izjava zasebnosti - Hirsiset - Log houses, Log cabins, Free time log apartments","description":"This is the register and data protection statement of Oulun Hirsiset Oy in accordance with the Data Protection Act.","robots":{"index":"index","follow":"follow","max-snippet":"max-snippet:-1","max-image-preview":"max-image-preview:large","max-video-preview":"max-video-preview:-1"},"canonical":"https:\/\/www.hirsiset.com\/sl\/kontakt\/izjava-zasebnosti\/","og_locale":"sl_SI","og_type":"article","og_title":"Izjava zasebnosti - Hirsiset - Log houses, Log cabins, Free time log apartments","og_description":"This is the register and data protection statement of Oulun Hirsiset Oy in accordance with the Data Protection Act.","og_url":"https:\/\/www.hirsiset.com\/sl\/kontakt\/izjava-zasebnosti\/","og_site_name":"Hirsiset","article_publisher":"https:\/\/www.facebook.com\/Hirsiset\/","article_modified_time":"2024-02-26T10:29:50+00:00","twitter_card":"summary_large_image","twitter_site":"@hirsiset","twitter_misc":{"Est. reading time":"2 minuti"},"schema":{"@context":"https:\/\/schema.org","@graph":[{"@type":"WebPage","@id":"https:\/\/www.hirsiset.com\/sl\/kontakt\/izjava-zasebnosti\/","url":"https:\/\/www.hirsiset.com\/sl\/kontakt\/izjava-zasebnosti\/","name":"Izjava zasebnosti - Hirsiset - Log houses, Log cabins, Free time log apartments","isPartOf":{"@id":"https:\/\/www.hirsiset.com\/sl\/#website"},"datePublished":"2023-06-15T06:36:33+00:00","dateModified":"2024-02-26T10:29:50+00:00","description":"This is the register and data protection statement of Oulun Hirsiset Oy in accordance with the Data Protection Act.","breadcrumb":{"@id":"https:\/\/www.hirsiset.com\/sl\/kontakt\/izjava-zasebnosti\/#breadcrumb"},"inLanguage":"sl-SI","potentialAction":[{"@type":"ReadAction","target":["https:\/\/www.hirsiset.com\/sl\/kontakt\/izjava-zasebnosti\/"]}]},{"@type":"BreadcrumbList","@id":"https:\/\/www.hirsiset.com\/sl\/kontakt\/izjava-zasebnosti\/#breadcrumb","itemListElement":[{"@type":"ListItem","position":1,"name":"Home","item":"https:\/\/www.hirsiset.com\/sl\/"},{"@type":"ListItem","position":2,"name":"Kontaktiraite nas","item":"https:\/\/www.hirsiset.com\/sl\/kontakt\/"},{"@type":"ListItem","position":3,"name":"Izjava zasebnosti"}]},{"@type":"WebSite","@id":"https:\/\/www.hirsiset.com\/sl\/#website","url":"https:\/\/www.hirsiset.com\/sl\/","name":"Hirsiset","description":"Hirsitaloja yli 30-vuoden kokemuksella","publisher":{"@id":"https:\/\/www.hirsiset.com\/sl\/#organization"},"potentialAction":[{"@type":"SearchAction","target":{"@type":"EntryPoint","urlTemplate":"https:\/\/www.hirsiset.com\/sl\/?s={search_term_string}"},"query-input":{"@type":"PropertyValueSpecification","valueRequired":true,"valueName":"search_term_string"}}],"inLanguage":"sl-SI"},{"@type":"Organization","@id":"https:\/\/www.hirsiset.com\/sl\/#organization","name":"Oulun Hirsiset Oy","url":"https:\/\/www.hirsiset.com\/sl\/","logo":{"@type":"ImageObject","inLanguage":"sl-SI","@id":"https:\/\/www.hirsiset.com\/sl\/#\/schema\/logo\/image\/","url":"https:\/\/www.hirsiset.com\/wp-content\/uploads\/Hirsiset_logo65px.png","contentUrl":"https:\/\/www.hirsiset.com\/wp-content\/uploads\/Hirsiset_logo65px.png","width":299,"height":65,"caption":"Oulun Hirsiset Oy"},"image":{"@id":"https:\/\/www.hirsiset.com\/sl\/#\/schema\/logo\/image\/"},"sameAs":["https:\/\/www.facebook.com\/Hirsiset\/","https:\/\/x.com\/hirsiset","https:\/\/www.instagram.com\/hirsiset_oy\/"]}]}},"_links":{"self":[{"href":"https:\/\/www.hirsiset.com\/sl\/wp-json\/wp\/v2\/pages\/30486","targetHints":{"allow":["GET"]}}],"collection":[{"href":"https:\/\/www.hirsiset.com\/sl\/wp-json\/wp\/v2\/pages"}],"about":[{"href":"https:\/\/www.hirsiset.com\/sl\/wp-json\/wp\/v2\/types\/page"}],"author":[{"embeddable":true,"href":"https:\/\/www.hirsiset.com\/sl\/wp-json\/wp\/v2\/users\/1"}],"replies":[{"embeddable":true,"href":"https:\/\/www.hirsiset.com\/sl\/wp-json\/wp\/v2\/comments?post=30486"}],"version-history":[{"count":2,"href":"https:\/\/www.hirsiset.com\/sl\/wp-json\/wp\/v2\/pages\/30486\/revisions"}],"predecessor-version":[{"id":30514,"href":"https:\/\/www.hirsiset.com\/sl\/wp-json\/wp\/v2\/pages\/30486\/revisions\/30514"}],"up":[{"embeddable":true,"href":"https:\/\/www.hirsiset.com\/sl\/wp-json\/wp\/v2\/pages\/30039"}],"wp:attachment":[{"href":"https:\/\/www.hirsiset.com\/sl\/wp-json\/wp\/v2\/media?parent=30486"}],"curies":[{"name":"wp","href":"https:\/\/api.w.org\/{rel}","templated":true}]}}