{"id":30452,"date":"2021-09-22T16:55:59","date_gmt":"2021-09-22T13:55:59","guid":{"rendered":"https:\/\/www.hirsiset.com\/download-a-brochure\/"},"modified":"2024-02-27T11:13:44","modified_gmt":"2024-02-27T09:13:44","slug":"prenesi_katalog","status":"publish","type":"page","link":"https:\/\/www.hirsiset.com\/sl\/prenesi_katalog\/","title":{"rendered":"Prenesi katalog"},"content":{"rendered":"<div class=\"wpb-content-wrapper\"><p>[vc_row][vc_column width=&#8221;1\/2&#8243;][vc_single_image image=&#8221;30453&#8243; img_size=&#8221;large&#8221; alignment=&#8221;center&#8221; image_hovers=&#8221;false&#8221;][\/vc_column][vc_column width=&#8221;1\/2&#8243;][vc_column_text]<\/p>\n<div class=\"wpb_text_column wpb_content_element \">\n<div class=\"wpb_wrapper\">\n<h3>Hirsiset nova kolekcija lesenih hi\u0161 River Oulu<\/h3>\n<h4>Oglejte si kolekcijo ali prenesite brezpla\u010den katalog!<\/h4>\n<p>Nova kolekcija lesenih hi\u0161 <a href=\"https:\/\/www.hirsiset.com\/sl\/lesene-hise\/river-oulu\/\">Hirsiset River Oulu<\/a> je sve\u017ea, moderna in izredno prilagodljiva in kot taka ustreza \u017eeljam in potrebam vsakogar. Naj bo savna ali velika dru\u017einska hi\u0161a, vsi novi modeli so zasnovani tako, da izpolnjujejo vse potrebe in zahteve dana\u0161njega \u010dasa.<\/p>\n<p>Pri na\u010drtovanju namenjamo posebno pozornost prakti\u010dnosti in uporabnosti prostorov za vsakodnevno \u017eivljenje, pri tem pa ne pozabimo tudi na sam videz, tako notranjih prostorov, kot tudi zunanjosti hi\u0161. Funkcionalne in prakti\u010dne re\u0161itve se \u0161e posebej odra\u017eajo v prostorih kot so kuhinja, shramba in utility<\/p>\n<p>Preglejte <a href=\"https:\/\/www.hirsiset.com\/sl\/lesene-hise\/river-oulu\/\">ponudbo hi\u0161 na na\u0161i spletni strani<\/a> ali prenesite katalog z vsemi modeli hi\u0161 River Oulu.<\/p>\n<p>V kolikor \u017eelite, da vam po\u0161ljemo navodila za prenos kataloga, v spodnje polje vpi\u0161ite va\u0161 e-po\u0161tni naslov. Za\u010dnimo na\u010drtovati va\u0161o sanjsko hi\u0161o!<\/p>\n<\/div>\n<\/div>\n<p>[\/vc_column_text]\n<div class=\"wpcf7 no-js\" id=\"wpcf7-f30487-o1\" lang=\"sl-SI\" dir=\"ltr\" data-wpcf7-id=\"30487\">\n<div class=\"screen-reader-response\"><p role=\"status\" aria-live=\"polite\" aria-atomic=\"true\"><\/p> <ul><\/ul><\/div>\n<form action=\"\/sl\/wp-json\/wp\/v2\/pages\/30452#wpcf7-f30487-o1\" method=\"post\" class=\"wpcf7-form init\" aria-label=\"Kontaktni obrazec\" novalidate=\"novalidate\" data-status=\"init\">\n<fieldset class=\"hidden-fields-container\"><input type=\"hidden\" name=\"_wpcf7\" value=\"30487\" \/><input type=\"hidden\" name=\"_wpcf7_version\" value=\"6.1.5\" \/><input type=\"hidden\" name=\"_wpcf7_locale\" value=\"sl_SI\" \/><input type=\"hidden\" name=\"_wpcf7_unit_tag\" value=\"wpcf7-f30487-o1\" \/><input type=\"hidden\" name=\"_wpcf7_container_post\" value=\"0\" \/><input type=\"hidden\" name=\"_wpcf7_posted_data_hash\" value=\"\" \/><input type=\"hidden\" name=\"_wpcf7_recaptcha_response\" value=\"\" \/>\n<\/fieldset>\n<p>Ime *\n<\/p>\n<p><span class=\"wpcf7-form-control-wrap\" data-name=\"your-name\"><input size=\"40\" maxlength=\"400\" class=\"wpcf7-form-control wpcf7-text wpcf7-validates-as-required\" aria-required=\"true\" aria-invalid=\"false\" value=\"\" type=\"text\" name=\"your-name\" \/><\/span>\n<\/p>\n<p>E-po\u0161ta *\n<\/p>\n<p><span class=\"wpcf7-form-control-wrap\" data-name=\"your-email\"><input size=\"40\" maxlength=\"400\" class=\"wpcf7-form-control wpcf7-email wpcf7-validates-as-required wpcf7-text wpcf7-validates-as-email\" aria-required=\"true\" aria-invalid=\"false\" value=\"\" type=\"email\" name=\"your-email\" \/><\/span>\n<\/p>\n<p>Telefon *\n<\/p>\n<p><span class=\"wpcf7-form-control-wrap\" data-name=\"tel-405\"><input size=\"40\" maxlength=\"400\" class=\"wpcf7-form-control wpcf7-tel wpcf7-validates-as-required wpcf7-text wpcf7-validates-as-tel\" aria-required=\"true\" aria-invalid=\"false\" value=\"\" type=\"tel\" name=\"tel-405\" \/><\/span>\n<\/p>\n<p>Naslov sporo\u010dila\n<\/p>\n<p><span class=\"wpcf7-form-control-wrap\" data-name=\"your-subject\"><input size=\"40\" maxlength=\"400\" class=\"wpcf7-form-control wpcf7-text\" aria-invalid=\"false\" value=\"\" type=\"text\" name=\"your-subject\" \/><\/span>\n<\/p>\n<p>Ali imate gradbeno parcelo?<br \/>\n<span class=\"wpcf7-form-control-wrap\" data-name=\"radio-22\"><span class=\"wpcf7-form-control wpcf7-radio\"><span class=\"wpcf7-list-item first\"><label><input type=\"radio\" name=\"radio-22\" value=\"Da\" checked=\"checked\" \/><span class=\"wpcf7-list-item-label\">Da<\/span><\/label><\/span><span class=\"wpcf7-list-item last\"><label><input type=\"radio\" name=\"radio-22\" value=\"Ne \u0161e\" \/><span class=\"wpcf7-list-item-label\">Ne \u0161e<\/span><\/label><\/span><\/span><\/span>\n<\/p>\n<p>Povejte nam ve\u010d o va\u0161ih na\u010drtih za gradnjo\n<\/p>\n<p><span class=\"wpcf7-form-control-wrap\" data-name=\"your-message\"><textarea cols=\"40\" rows=\"10\" maxlength=\"2000\" class=\"wpcf7-form-control wpcf7-textarea\" aria-invalid=\"false\" name=\"your-message\"><\/textarea><\/span>\n<\/p>\n<p><span class=\"wpcf7-form-control-wrap\" data-name=\"acceptance-150\"><span class=\"wpcf7-form-control wpcf7-acceptance\"><span class=\"wpcf7-list-item\"><label><input type=\"checkbox\" name=\"acceptance-150\" value=\"1\" aria-invalid=\"false\" \/><span class=\"wpcf7-list-item-label\">Sprejemam pogoje uporabe in dovoljujem, da se me kontaktira  *<\/span><\/label><\/span><\/span><\/span>\n<\/p>\n<p><a href=\"\/sl\/izjava-zasebnosti\/\">Izjava zasebnosti<\/a>\n<\/p>\n<p>\n<span class=\"wpcf7-form-control-wrap recaptcha\" data-name=\"recaptcha\"><span data-sitekey=\"6LfD8rIUAAAAAGCzvEWumyjINGEM0Xer_BbNTwNo\" class=\"wpcf7-form-control wpcf7-recaptcha g-recaptcha\"><\/span>\r\n<noscript>\r\n\t<div class=\"grecaptcha-noscript\">\r\n\t\t<iframe loading=\"lazy\" src=\"https:\/\/www.google.com\/recaptcha\/api\/fallback?k=6LfD8rIUAAAAAGCzvEWumyjINGEM0Xer_BbNTwNo\" frameborder=\"0\" scrolling=\"no\" width=\"310\" height=\"430\">\r\n\t\t<\/iframe>\r\n\t\t<textarea name=\"g-recaptcha-response\" rows=\"3\" cols=\"40\" placeholder=\"reCaptcha Response Here\">\r\n\t\t<\/textarea>\r\n\t<\/div>\r\n<\/noscript>\r\n<\/span>\n<\/p>\n<p>* Obvezne informacije\n<\/p>\n<p><input class=\"wpcf7-form-control wpcf7-submit has-spinner\" type=\"submit\" value=\"PO\u0160LJI\" \/>\n<\/p><div class=\"wpcf7-response-output\" aria-hidden=\"true\"><\/div>\n<\/form>\n<\/div>\n[vc_empty_space height=&#8221;50px&#8221;][\/vc_column][\/vc_row]<\/p>\n<\/div>","protected":false},"excerpt":{"rendered":"<p>[vc_row][vc_column width=&#8221;1\/2&#8243;][vc_single_image image=&#8221;30453&#8243; img_size=&#8221;large&#8221; alignment=&#8221;center&#8221; image_hovers=&#8221;false&#8221;][\/vc_column][vc_column width=&#8221;1\/2&#8243;][vc_column_text] Hirsiset nova kolekcija lesenih hi\u0161 River Oulu Oglejte si kolekcijo ali prenesite brezpla\u010den katalog! Nova kolekcija lesenih hi\u0161 Hirsiset River Oulu je sve\u017ea, moderna in izredno prilagodljiva in kot taka ustreza \u017eeljam in potrebam vsakogar. Naj bo savna ali velika dru\u017einska hi\u0161a, vsi novi modeli so zasnovani tako,&hellip;<\/p>\n","protected":false},"author":1,"featured_media":30454,"parent":0,"menu_order":0,"comment_status":"closed","ping_status":"closed","template":"","meta":{"footnotes":""},"class_list":["post-30452","page","type-page","status-publish","has-post-thumbnail","hentry","description-off"],"yoast_head":"<!-- This site is optimized with the Yoast SEO plugin v27.4 - https:\/\/yoast.com\/product\/yoast-seo-wordpress\/ -->\n<title>Prenesi katalog - Hirsiset - Hirsiset nova kolekcija lesenih hi\u0161 River Oulu<\/title>\n<meta name=\"description\" content=\"Check out Hirsiset new River Oulu -log homes collection or download a free brochure! Log houses, log villas, log homes and log cabins according to your wishes.\" \/>\n<meta name=\"robots\" content=\"index, follow, max-snippet:-1, max-image-preview:large, max-video-preview:-1\" \/>\n<link rel=\"canonical\" href=\"https:\/\/www.hirsiset.com\/sl\/prenesi_katalog\/\" \/>\n<meta property=\"og:locale\" content=\"sl_SI\" \/>\n<meta property=\"og:type\" content=\"article\" \/>\n<meta property=\"og:title\" content=\"Prenesi katalog - Hirsiset - Hirsiset nova kolekcija lesenih hi\u0161 River Oulu\" \/>\n<meta property=\"og:description\" content=\"Check out Hirsiset new River Oulu -log homes collection or download a free brochure! Log houses, log villas, log homes and log cabins according to your wishes.\" \/>\n<meta property=\"og:url\" content=\"https:\/\/www.hirsiset.com\/sl\/prenesi_katalog\/\" \/>\n<meta property=\"og:site_name\" content=\"Hirsiset\" \/>\n<meta property=\"article:publisher\" content=\"https:\/\/www.facebook.com\/Hirsiset\/\" \/>\n<meta property=\"article:modified_time\" content=\"2024-02-27T09:13:44+00:00\" \/>\n<meta property=\"og:image\" content=\"https:\/\/www.hirsiset.com\/wp-content\/uploads\/Hirsiset-tilaa-kuvasto-1.jpg\" \/>\n\t<meta property=\"og:image:width\" content=\"1600\" \/>\n\t<meta property=\"og:image:height\" content=\"821\" \/>\n\t<meta property=\"og:image:type\" content=\"image\/jpeg\" \/>\n<meta name=\"twitter:card\" content=\"summary_large_image\" \/>\n<meta name=\"twitter:site\" content=\"@hirsiset\" \/>\n<meta name=\"twitter:label1\" content=\"Est. reading time\" \/>\n\t<meta name=\"twitter:data1\" content=\"2 minuti\" \/>\n<script type=\"application\/ld+json\" class=\"yoast-schema-graph\">{\"@context\":\"https:\\\/\\\/schema.org\",\"@graph\":[{\"@type\":\"WebPage\",\"@id\":\"https:\\\/\\\/www.hirsiset.com\\\/sl\\\/prenesi_katalog\\\/\",\"url\":\"https:\\\/\\\/www.hirsiset.com\\\/sl\\\/prenesi_katalog\\\/\",\"name\":\"Prenesi katalog - Hirsiset - Hirsiset nova kolekcija lesenih hi\u0161 River Oulu\",\"isPartOf\":{\"@id\":\"https:\\\/\\\/www.hirsiset.com\\\/sl\\\/#website\"},\"primaryImageOfPage\":{\"@id\":\"https:\\\/\\\/www.hirsiset.com\\\/sl\\\/prenesi_katalog\\\/#primaryimage\"},\"image\":{\"@id\":\"https:\\\/\\\/www.hirsiset.com\\\/sl\\\/prenesi_katalog\\\/#primaryimage\"},\"thumbnailUrl\":\"https:\\\/\\\/www.hirsiset.com\\\/wp-content\\\/uploads\\\/Hirsiset-tilaa-kuvasto-1.jpg\",\"datePublished\":\"2021-09-22T13:55:59+00:00\",\"dateModified\":\"2024-02-27T09:13:44+00:00\",\"description\":\"Check out Hirsiset new River Oulu -log homes collection or download a free brochure! Log houses, log villas, log homes and log cabins according to your wishes.\",\"breadcrumb\":{\"@id\":\"https:\\\/\\\/www.hirsiset.com\\\/sl\\\/prenesi_katalog\\\/#breadcrumb\"},\"inLanguage\":\"sl-SI\",\"potentialAction\":[{\"@type\":\"ReadAction\",\"target\":[\"https:\\\/\\\/www.hirsiset.com\\\/sl\\\/prenesi_katalog\\\/\"]}]},{\"@type\":\"ImageObject\",\"inLanguage\":\"sl-SI\",\"@id\":\"https:\\\/\\\/www.hirsiset.com\\\/sl\\\/prenesi_katalog\\\/#primaryimage\",\"url\":\"https:\\\/\\\/www.hirsiset.com\\\/wp-content\\\/uploads\\\/Hirsiset-tilaa-kuvasto-1.jpg\",\"contentUrl\":\"https:\\\/\\\/www.hirsiset.com\\\/wp-content\\\/uploads\\\/Hirsiset-tilaa-kuvasto-1.jpg\",\"width\":1600,\"height\":821},{\"@type\":\"BreadcrumbList\",\"@id\":\"https:\\\/\\\/www.hirsiset.com\\\/sl\\\/prenesi_katalog\\\/#breadcrumb\",\"itemListElement\":[{\"@type\":\"ListItem\",\"position\":1,\"name\":\"Home\",\"item\":\"https:\\\/\\\/www.hirsiset.com\\\/sl\\\/\"},{\"@type\":\"ListItem\",\"position\":2,\"name\":\"Prenesi katalog\"}]},{\"@type\":\"WebSite\",\"@id\":\"https:\\\/\\\/www.hirsiset.com\\\/sl\\\/#website\",\"url\":\"https:\\\/\\\/www.hirsiset.com\\\/sl\\\/\",\"name\":\"Hirsiset\",\"description\":\"Hirsitaloja yli 30-vuoden kokemuksella\",\"publisher\":{\"@id\":\"https:\\\/\\\/www.hirsiset.com\\\/sl\\\/#organization\"},\"potentialAction\":[{\"@type\":\"SearchAction\",\"target\":{\"@type\":\"EntryPoint\",\"urlTemplate\":\"https:\\\/\\\/www.hirsiset.com\\\/sl\\\/?s={search_term_string}\"},\"query-input\":{\"@type\":\"PropertyValueSpecification\",\"valueRequired\":true,\"valueName\":\"search_term_string\"}}],\"inLanguage\":\"sl-SI\"},{\"@type\":\"Organization\",\"@id\":\"https:\\\/\\\/www.hirsiset.com\\\/sl\\\/#organization\",\"name\":\"Oulun Hirsiset Oy\",\"url\":\"https:\\\/\\\/www.hirsiset.com\\\/sl\\\/\",\"logo\":{\"@type\":\"ImageObject\",\"inLanguage\":\"sl-SI\",\"@id\":\"https:\\\/\\\/www.hirsiset.com\\\/sl\\\/#\\\/schema\\\/logo\\\/image\\\/\",\"url\":\"https:\\\/\\\/www.hirsiset.com\\\/wp-content\\\/uploads\\\/Hirsiset_logo65px.png\",\"contentUrl\":\"https:\\\/\\\/www.hirsiset.com\\\/wp-content\\\/uploads\\\/Hirsiset_logo65px.png\",\"width\":299,\"height\":65,\"caption\":\"Oulun Hirsiset Oy\"},\"image\":{\"@id\":\"https:\\\/\\\/www.hirsiset.com\\\/sl\\\/#\\\/schema\\\/logo\\\/image\\\/\"},\"sameAs\":[\"https:\\\/\\\/www.facebook.com\\\/Hirsiset\\\/\",\"https:\\\/\\\/x.com\\\/hirsiset\",\"https:\\\/\\\/www.instagram.com\\\/hirsiset_oy\\\/\"]}]}<\/script>\n<!-- \/ Yoast SEO plugin. -->","yoast_head_json":{"title":"Prenesi katalog - Hirsiset - Hirsiset nova kolekcija lesenih hi\u0161 River Oulu","description":"Check out Hirsiset new River Oulu -log homes collection or download a free brochure! Log houses, log villas, log homes and log cabins according to your wishes.","robots":{"index":"index","follow":"follow","max-snippet":"max-snippet:-1","max-image-preview":"max-image-preview:large","max-video-preview":"max-video-preview:-1"},"canonical":"https:\/\/www.hirsiset.com\/sl\/prenesi_katalog\/","og_locale":"sl_SI","og_type":"article","og_title":"Prenesi katalog - Hirsiset - Hirsiset nova kolekcija lesenih hi\u0161 River Oulu","og_description":"Check out Hirsiset new River Oulu -log homes collection or download a free brochure! Log houses, log villas, log homes and log cabins according to your wishes.","og_url":"https:\/\/www.hirsiset.com\/sl\/prenesi_katalog\/","og_site_name":"Hirsiset","article_publisher":"https:\/\/www.facebook.com\/Hirsiset\/","article_modified_time":"2024-02-27T09:13:44+00:00","og_image":[{"width":1600,"height":821,"url":"https:\/\/www.hirsiset.com\/wp-content\/uploads\/Hirsiset-tilaa-kuvasto-1.jpg","type":"image\/jpeg"}],"twitter_card":"summary_large_image","twitter_site":"@hirsiset","twitter_misc":{"Est. reading time":"2 minuti"},"schema":{"@context":"https:\/\/schema.org","@graph":[{"@type":"WebPage","@id":"https:\/\/www.hirsiset.com\/sl\/prenesi_katalog\/","url":"https:\/\/www.hirsiset.com\/sl\/prenesi_katalog\/","name":"Prenesi katalog - Hirsiset - Hirsiset nova kolekcija lesenih hi\u0161 River Oulu","isPartOf":{"@id":"https:\/\/www.hirsiset.com\/sl\/#website"},"primaryImageOfPage":{"@id":"https:\/\/www.hirsiset.com\/sl\/prenesi_katalog\/#primaryimage"},"image":{"@id":"https:\/\/www.hirsiset.com\/sl\/prenesi_katalog\/#primaryimage"},"thumbnailUrl":"https:\/\/www.hirsiset.com\/wp-content\/uploads\/Hirsiset-tilaa-kuvasto-1.jpg","datePublished":"2021-09-22T13:55:59+00:00","dateModified":"2024-02-27T09:13:44+00:00","description":"Check out Hirsiset new River Oulu -log homes collection or download a free brochure! Log houses, log villas, log homes and log cabins according to your wishes.","breadcrumb":{"@id":"https:\/\/www.hirsiset.com\/sl\/prenesi_katalog\/#breadcrumb"},"inLanguage":"sl-SI","potentialAction":[{"@type":"ReadAction","target":["https:\/\/www.hirsiset.com\/sl\/prenesi_katalog\/"]}]},{"@type":"ImageObject","inLanguage":"sl-SI","@id":"https:\/\/www.hirsiset.com\/sl\/prenesi_katalog\/#primaryimage","url":"https:\/\/www.hirsiset.com\/wp-content\/uploads\/Hirsiset-tilaa-kuvasto-1.jpg","contentUrl":"https:\/\/www.hirsiset.com\/wp-content\/uploads\/Hirsiset-tilaa-kuvasto-1.jpg","width":1600,"height":821},{"@type":"BreadcrumbList","@id":"https:\/\/www.hirsiset.com\/sl\/prenesi_katalog\/#breadcrumb","itemListElement":[{"@type":"ListItem","position":1,"name":"Home","item":"https:\/\/www.hirsiset.com\/sl\/"},{"@type":"ListItem","position":2,"name":"Prenesi katalog"}]},{"@type":"WebSite","@id":"https:\/\/www.hirsiset.com\/sl\/#website","url":"https:\/\/www.hirsiset.com\/sl\/","name":"Hirsiset","description":"Hirsitaloja yli 30-vuoden kokemuksella","publisher":{"@id":"https:\/\/www.hirsiset.com\/sl\/#organization"},"potentialAction":[{"@type":"SearchAction","target":{"@type":"EntryPoint","urlTemplate":"https:\/\/www.hirsiset.com\/sl\/?s={search_term_string}"},"query-input":{"@type":"PropertyValueSpecification","valueRequired":true,"valueName":"search_term_string"}}],"inLanguage":"sl-SI"},{"@type":"Organization","@id":"https:\/\/www.hirsiset.com\/sl\/#organization","name":"Oulun Hirsiset Oy","url":"https:\/\/www.hirsiset.com\/sl\/","logo":{"@type":"ImageObject","inLanguage":"sl-SI","@id":"https:\/\/www.hirsiset.com\/sl\/#\/schema\/logo\/image\/","url":"https:\/\/www.hirsiset.com\/wp-content\/uploads\/Hirsiset_logo65px.png","contentUrl":"https:\/\/www.hirsiset.com\/wp-content\/uploads\/Hirsiset_logo65px.png","width":299,"height":65,"caption":"Oulun Hirsiset Oy"},"image":{"@id":"https:\/\/www.hirsiset.com\/sl\/#\/schema\/logo\/image\/"},"sameAs":["https:\/\/www.facebook.com\/Hirsiset\/","https:\/\/x.com\/hirsiset","https:\/\/www.instagram.com\/hirsiset_oy\/"]}]}},"_links":{"self":[{"href":"https:\/\/www.hirsiset.com\/sl\/wp-json\/wp\/v2\/pages\/30452","targetHints":{"allow":["GET"]}}],"collection":[{"href":"https:\/\/www.hirsiset.com\/sl\/wp-json\/wp\/v2\/pages"}],"about":[{"href":"https:\/\/www.hirsiset.com\/sl\/wp-json\/wp\/v2\/types\/page"}],"author":[{"embeddable":true,"href":"https:\/\/www.hirsiset.com\/sl\/wp-json\/wp\/v2\/users\/1"}],"replies":[{"embeddable":true,"href":"https:\/\/www.hirsiset.com\/sl\/wp-json\/wp\/v2\/comments?post=30452"}],"version-history":[{"count":7,"href":"https:\/\/www.hirsiset.com\/sl\/wp-json\/wp\/v2\/pages\/30452\/revisions"}],"predecessor-version":[{"id":30535,"href":"https:\/\/www.hirsiset.com\/sl\/wp-json\/wp\/v2\/pages\/30452\/revisions\/30535"}],"wp:featuredmedia":[{"embeddable":true,"href":"https:\/\/www.hirsiset.com\/sl\/wp-json\/wp\/v2\/media\/30454"}],"wp:attachment":[{"href":"https:\/\/www.hirsiset.com\/sl\/wp-json\/wp\/v2\/media?parent=30452"}],"curies":[{"name":"wp","href":"https:\/\/api.w.org\/{rel}","templated":true}]}}