{"id":30034,"date":"2023-05-11T09:40:06","date_gmt":"2023-05-11T06:40:06","guid":{"rendered":"https:\/\/www.hirsiset.com\/log-house\/new-models\/"},"modified":"2025-05-29T12:53:52","modified_gmt":"2025-05-29T09:53:52","slug":"lightful","status":"publish","type":"page","link":"https:\/\/www.hirsiset.com\/sl\/lesena-hisa\/lightful\/","title":{"rendered":"Lightful"},"content":{"rendered":"<p>Hirsiset kolekcija lesenih hi\u0161 predstavlja nove modele sanjskih lesenih hi\u0161. Naravna svetloba v teh modelih sanjskih lesenih hi\u0161 pri\u010dara skandinavski slog, ki se odra\u017ea v prostornem in doma\u010dem vzdu\u0161ju svetlih bivalnih prostorov.<\/p>\n<p>&nbsp;<\/p>\n","protected":false},"excerpt":{"rendered":"<p>Hirsiset kolekcija lesenih hi\u0161 predstavlja nove modele sanjskih lesenih hi\u0161. Naravna svetloba v teh modelih sanjskih lesenih hi\u0161 pri\u010dara skandinavski slog, ki se odra\u017ea v prostornem in doma\u010dem vzdu\u0161ju svetlih bivalnih prostorov. &nbsp;<\/p>\n","protected":false},"author":1,"featured_media":0,"parent":30616,"menu_order":1,"comment_status":"closed","ping_status":"closed","template":"template-portfolio-masonry.php","meta":{"footnotes":""},"class_list":["post-30034","page","type-page","status-publish","hentry","description-off"],"yoast_head":"<!-- This site is optimized with the Yoast SEO plugin v27.4 - https:\/\/yoast.com\/product\/yoast-seo-wordpress\/ -->\n<title>Hirsiset kolekcija lesenih hi\u0161 predstavlja nove modele sanjskih lesenih hi\u0161.<\/title>\n<meta name=\"description\" content=\"Hirsiset kolekcija lesenih hi\u0161 predstavlja nove modele sanjskih lesenih hi\u0161. Naravna svetloba v teh modelih sanjskih lesenih hi\u0161 pri\u010dara skandinavski slog,\" \/>\n<meta name=\"robots\" content=\"index, follow, max-snippet:-1, max-image-preview:large, max-video-preview:-1\" \/>\n<link rel=\"canonical\" href=\"https:\/\/www.hirsiset.com\/sl\/lesena-hisa\/lightful\/\" \/>\n<meta property=\"og:locale\" content=\"sl_SI\" \/>\n<meta property=\"og:type\" content=\"article\" \/>\n<meta property=\"og:title\" content=\"Hirsiset kolekcija lesenih hi\u0161 predstavlja nove modele sanjskih lesenih hi\u0161.\" \/>\n<meta property=\"og:description\" content=\"Hirsiset kolekcija lesenih hi\u0161 predstavlja nove modele sanjskih lesenih hi\u0161. Naravna svetloba v teh modelih sanjskih lesenih hi\u0161 pri\u010dara skandinavski slog,\" \/>\n<meta property=\"og:url\" content=\"https:\/\/www.hirsiset.com\/sl\/lesena-hisa\/lightful\/\" \/>\n<meta property=\"og:site_name\" content=\"Hirsiset\" \/>\n<meta property=\"article:publisher\" content=\"https:\/\/www.facebook.com\/Hirsiset\/\" \/>\n<meta property=\"article:modified_time\" content=\"2025-05-29T09:53:52+00:00\" \/>\n<meta name=\"twitter:card\" content=\"summary_large_image\" \/>\n<meta name=\"twitter:site\" content=\"@hirsiset\" \/>\n<meta name=\"twitter:label1\" content=\"Est. reading time\" \/>\n\t<meta name=\"twitter:data1\" content=\"1 minuta\" \/>\n<script type=\"application\/ld+json\" class=\"yoast-schema-graph\">{\"@context\":\"https:\\\/\\\/schema.org\",\"@graph\":[{\"@type\":\"WebPage\",\"@id\":\"https:\\\/\\\/www.hirsiset.com\\\/sl\\\/lesena-hisa\\\/lightful\\\/\",\"url\":\"https:\\\/\\\/www.hirsiset.com\\\/sl\\\/lesena-hisa\\\/lightful\\\/\",\"name\":\"Hirsiset kolekcija lesenih hi\u0161 predstavlja nove modele sanjskih lesenih hi\u0161.\",\"isPartOf\":{\"@id\":\"https:\\\/\\\/www.hirsiset.com\\\/sl\\\/#website\"},\"datePublished\":\"2023-05-11T06:40:06+00:00\",\"dateModified\":\"2025-05-29T09:53:52+00:00\",\"description\":\"Hirsiset kolekcija lesenih hi\u0161 predstavlja nove modele sanjskih lesenih hi\u0161. Naravna svetloba v teh modelih sanjskih lesenih hi\u0161 pri\u010dara skandinavski slog,\",\"breadcrumb\":{\"@id\":\"https:\\\/\\\/www.hirsiset.com\\\/sl\\\/lesena-hisa\\\/lightful\\\/#breadcrumb\"},\"inLanguage\":\"sl-SI\",\"potentialAction\":[{\"@type\":\"ReadAction\",\"target\":[\"https:\\\/\\\/www.hirsiset.com\\\/sl\\\/lesena-hisa\\\/lightful\\\/\"]}]},{\"@type\":\"BreadcrumbList\",\"@id\":\"https:\\\/\\\/www.hirsiset.com\\\/sl\\\/lesena-hisa\\\/lightful\\\/#breadcrumb\",\"itemListElement\":[{\"@type\":\"ListItem\",\"position\":1,\"name\":\"Home\",\"item\":\"https:\\\/\\\/www.hirsiset.com\\\/sl\\\/\"},{\"@type\":\"ListItem\",\"position\":2,\"name\":\"MODELI HI\u0160\",\"item\":\"https:\\\/\\\/www.hirsiset.com\\\/sl\\\/lesena-hisa\\\/\"},{\"@type\":\"ListItem\",\"position\":3,\"name\":\"Lightful\"}]},{\"@type\":\"WebSite\",\"@id\":\"https:\\\/\\\/www.hirsiset.com\\\/sl\\\/#website\",\"url\":\"https:\\\/\\\/www.hirsiset.com\\\/sl\\\/\",\"name\":\"Hirsiset\",\"description\":\"Hirsitaloja yli 30-vuoden kokemuksella\",\"publisher\":{\"@id\":\"https:\\\/\\\/www.hirsiset.com\\\/sl\\\/#organization\"},\"potentialAction\":[{\"@type\":\"SearchAction\",\"target\":{\"@type\":\"EntryPoint\",\"urlTemplate\":\"https:\\\/\\\/www.hirsiset.com\\\/sl\\\/?s={search_term_string}\"},\"query-input\":{\"@type\":\"PropertyValueSpecification\",\"valueRequired\":true,\"valueName\":\"search_term_string\"}}],\"inLanguage\":\"sl-SI\"},{\"@type\":\"Organization\",\"@id\":\"https:\\\/\\\/www.hirsiset.com\\\/sl\\\/#organization\",\"name\":\"Oulun Hirsiset Oy\",\"url\":\"https:\\\/\\\/www.hirsiset.com\\\/sl\\\/\",\"logo\":{\"@type\":\"ImageObject\",\"inLanguage\":\"sl-SI\",\"@id\":\"https:\\\/\\\/www.hirsiset.com\\\/sl\\\/#\\\/schema\\\/logo\\\/image\\\/\",\"url\":\"https:\\\/\\\/www.hirsiset.com\\\/wp-content\\\/uploads\\\/Hirsiset_logo65px.png\",\"contentUrl\":\"https:\\\/\\\/www.hirsiset.com\\\/wp-content\\\/uploads\\\/Hirsiset_logo65px.png\",\"width\":299,\"height\":65,\"caption\":\"Oulun Hirsiset Oy\"},\"image\":{\"@id\":\"https:\\\/\\\/www.hirsiset.com\\\/sl\\\/#\\\/schema\\\/logo\\\/image\\\/\"},\"sameAs\":[\"https:\\\/\\\/www.facebook.com\\\/Hirsiset\\\/\",\"https:\\\/\\\/x.com\\\/hirsiset\",\"https:\\\/\\\/www.instagram.com\\\/hirsiset_oy\\\/\"]}]}<\/script>\n<!-- \/ Yoast SEO plugin. -->","yoast_head_json":{"title":"Hirsiset kolekcija lesenih hi\u0161 predstavlja nove modele sanjskih lesenih hi\u0161.","description":"Hirsiset kolekcija lesenih hi\u0161 predstavlja nove modele sanjskih lesenih hi\u0161. Naravna svetloba v teh modelih sanjskih lesenih hi\u0161 pri\u010dara skandinavski slog,","robots":{"index":"index","follow":"follow","max-snippet":"max-snippet:-1","max-image-preview":"max-image-preview:large","max-video-preview":"max-video-preview:-1"},"canonical":"https:\/\/www.hirsiset.com\/sl\/lesena-hisa\/lightful\/","og_locale":"sl_SI","og_type":"article","og_title":"Hirsiset kolekcija lesenih hi\u0161 predstavlja nove modele sanjskih lesenih hi\u0161.","og_description":"Hirsiset kolekcija lesenih hi\u0161 predstavlja nove modele sanjskih lesenih hi\u0161. Naravna svetloba v teh modelih sanjskih lesenih hi\u0161 pri\u010dara skandinavski slog,","og_url":"https:\/\/www.hirsiset.com\/sl\/lesena-hisa\/lightful\/","og_site_name":"Hirsiset","article_publisher":"https:\/\/www.facebook.com\/Hirsiset\/","article_modified_time":"2025-05-29T09:53:52+00:00","twitter_card":"summary_large_image","twitter_site":"@hirsiset","twitter_misc":{"Est. reading time":"1 minuta"},"schema":{"@context":"https:\/\/schema.org","@graph":[{"@type":"WebPage","@id":"https:\/\/www.hirsiset.com\/sl\/lesena-hisa\/lightful\/","url":"https:\/\/www.hirsiset.com\/sl\/lesena-hisa\/lightful\/","name":"Hirsiset kolekcija lesenih hi\u0161 predstavlja nove modele sanjskih lesenih hi\u0161.","isPartOf":{"@id":"https:\/\/www.hirsiset.com\/sl\/#website"},"datePublished":"2023-05-11T06:40:06+00:00","dateModified":"2025-05-29T09:53:52+00:00","description":"Hirsiset kolekcija lesenih hi\u0161 predstavlja nove modele sanjskih lesenih hi\u0161. Naravna svetloba v teh modelih sanjskih lesenih hi\u0161 pri\u010dara skandinavski slog,","breadcrumb":{"@id":"https:\/\/www.hirsiset.com\/sl\/lesena-hisa\/lightful\/#breadcrumb"},"inLanguage":"sl-SI","potentialAction":[{"@type":"ReadAction","target":["https:\/\/www.hirsiset.com\/sl\/lesena-hisa\/lightful\/"]}]},{"@type":"BreadcrumbList","@id":"https:\/\/www.hirsiset.com\/sl\/lesena-hisa\/lightful\/#breadcrumb","itemListElement":[{"@type":"ListItem","position":1,"name":"Home","item":"https:\/\/www.hirsiset.com\/sl\/"},{"@type":"ListItem","position":2,"name":"MODELI HI\u0160","item":"https:\/\/www.hirsiset.com\/sl\/lesena-hisa\/"},{"@type":"ListItem","position":3,"name":"Lightful"}]},{"@type":"WebSite","@id":"https:\/\/www.hirsiset.com\/sl\/#website","url":"https:\/\/www.hirsiset.com\/sl\/","name":"Hirsiset","description":"Hirsitaloja yli 30-vuoden kokemuksella","publisher":{"@id":"https:\/\/www.hirsiset.com\/sl\/#organization"},"potentialAction":[{"@type":"SearchAction","target":{"@type":"EntryPoint","urlTemplate":"https:\/\/www.hirsiset.com\/sl\/?s={search_term_string}"},"query-input":{"@type":"PropertyValueSpecification","valueRequired":true,"valueName":"search_term_string"}}],"inLanguage":"sl-SI"},{"@type":"Organization","@id":"https:\/\/www.hirsiset.com\/sl\/#organization","name":"Oulun Hirsiset Oy","url":"https:\/\/www.hirsiset.com\/sl\/","logo":{"@type":"ImageObject","inLanguage":"sl-SI","@id":"https:\/\/www.hirsiset.com\/sl\/#\/schema\/logo\/image\/","url":"https:\/\/www.hirsiset.com\/wp-content\/uploads\/Hirsiset_logo65px.png","contentUrl":"https:\/\/www.hirsiset.com\/wp-content\/uploads\/Hirsiset_logo65px.png","width":299,"height":65,"caption":"Oulun Hirsiset Oy"},"image":{"@id":"https:\/\/www.hirsiset.com\/sl\/#\/schema\/logo\/image\/"},"sameAs":["https:\/\/www.facebook.com\/Hirsiset\/","https:\/\/x.com\/hirsiset","https:\/\/www.instagram.com\/hirsiset_oy\/"]}]}},"_links":{"self":[{"href":"https:\/\/www.hirsiset.com\/sl\/wp-json\/wp\/v2\/pages\/30034","targetHints":{"allow":["GET"]}}],"collection":[{"href":"https:\/\/www.hirsiset.com\/sl\/wp-json\/wp\/v2\/pages"}],"about":[{"href":"https:\/\/www.hirsiset.com\/sl\/wp-json\/wp\/v2\/types\/page"}],"author":[{"embeddable":true,"href":"https:\/\/www.hirsiset.com\/sl\/wp-json\/wp\/v2\/users\/1"}],"replies":[{"embeddable":true,"href":"https:\/\/www.hirsiset.com\/sl\/wp-json\/wp\/v2\/comments?post=30034"}],"version-history":[{"count":4,"href":"https:\/\/www.hirsiset.com\/sl\/wp-json\/wp\/v2\/pages\/30034\/revisions"}],"predecessor-version":[{"id":34273,"href":"https:\/\/www.hirsiset.com\/sl\/wp-json\/wp\/v2\/pages\/30034\/revisions\/34273"}],"up":[{"embeddable":true,"href":"https:\/\/www.hirsiset.com\/sl\/wp-json\/wp\/v2\/pages\/30616"}],"wp:attachment":[{"href":"https:\/\/www.hirsiset.com\/sl\/wp-json\/wp\/v2\/media?parent=30034"}],"curies":[{"name":"wp","href":"https:\/\/api.w.org\/{rel}","templated":true}]}}