{"id":30012,"date":"2016-04-08T13:05:18","date_gmt":"2016-04-08T11:05:18","guid":{"rendered":"https:\/\/www.hirsiset.com\/delivery\/"},"modified":"2026-04-03T11:29:47","modified_gmt":"2026-04-03T08:29:47","slug":"dostava","status":"publish","type":"page","link":"https:\/\/www.hirsiset.com\/sl\/dostava\/","title":{"rendered":"Dostava"},"content":{"rendered":"<div class=\"wpb-content-wrapper\"><p>[vc_row][vc_column][vc_column_text css=&#8221;&#8221;]Vsi materiali, ki so vklju\u010deni v dostavo va\u0161e sanjske lesene hi\u0161e, so izbrani glede na va\u0161e \u017eelje. Osnovna dostava je sestavljena iz znanih in standardnih materialov, vendar lahko izberete tudi materiale, ki bolje ustrezajo va\u0161im individualnim \u017eeljam. To lahko na primer vklju\u010duje nestandardne oblike vrat in oken ali razli\u010dne materiale za notranje povr\u0161ine.[\/vc_column_text][\/vc_column][\/vc_row][vc_row full_width=&#8221;stretch_row&#8221; type=&#8221;vc_default&#8221; bg_type=&#8221;bg_color&#8221; bg_override=&#8221;full&#8221; bg_color_value=&#8221;#f2f0ee&#8221; el_id=&#8221;na\u010drtovanje&#8221;][vc_column width=&#8221;2\/3&#8243;][vc_empty_space height=&#8221;80px&#8221;][vc_column_text css=&#8221;.vc_custom_1708685960936{margin-bottom: 50px !important;}&#8221;]<\/p>\n<h2>Na\u010drtovanje in oblikovanje<\/h2>\n<p>Oblikovanje va\u0161e sanjske lesene hi\u0161e se za\u010dne s pogovorom. Na\u0161i zaposleni in na\u0161i partnerji imajo znanje o razli\u010dnih mo\u017enostih in bogate izku\u0161nje pri prakti\u010dni izvedbi va\u0161e sanjske lesene hi\u0161e. Z veseljem vam bomo pomagali v vseh fazah na\u010drtovanja.<\/p>\n<p>Lesene hi\u0161e se na\u010drtujejo s programi, ki omogo\u010dajo prilagodljivo oblikovanje in proizvodnjo glede na va\u0161e \u017eelje. Na\u010drti se po\u0161ljejo na proizvodne linije elektronsko, avtomatizirani stroji pa obdelujejo vsako deblo glede na va\u0161e \u017eelje.<\/p>\n<p>Na\u010drtovanje se vedno izvaja v sodelovanju s stranko, ki lahko pred za\u010detkom proizvodnje preveri, ali so na\u010drti v skladu z njihovim naro\u010dilom.[\/vc_column_text][vc_empty_space height=&#8221;40px&#8221;][\/vc_column][vc_column width=&#8221;1\/3&#8243;][vc_empty_space height=&#8221;100px&#8221;][vc_single_image image=&#8221;30016&#8243; img_size=&#8221;large&#8221; css=&#8221;&#8221; image_hovers=&#8221;false&#8221; lazy_loading=&#8221;true&#8221;][vc_empty_space height=&#8221;40px&#8221;][\/vc_column][\/vc_row][vc_row full_width=&#8221;stretch_row&#8221; type=&#8221;vc_default&#8221; margin_bottom=&#8221;0px&#8221; bg_type=&#8221;bg_color&#8221; bg_override=&#8221;full&#8221; bg_color_value=&#8221;#ffffff&#8221; css=&#8221;.vc_custom_1708684974333{background-color: #f2f1ef !important;}&#8221; el_id=&#8221;proizvodnja&#8221;][vc_column width=&#8221;2\/3&#8243;][vc_empty_space height=&#8221;40px&#8221;][vc_column_text css=&#8221;.vc_custom_1708939109790{margin-bottom: 50px !important;}&#8221;]<\/p>\n<h2><span class=\"HwtZe\" lang=\"sl\"><span class=\"jCAhz ChMk0b\"><span class=\"ryNqvb\">Proizvodnja<\/span><\/span><\/span><\/h2>\n<p><span class=\"HwtZe\" lang=\"sl\">V sodobni industriji lesenih hi\u0161 se na\u010deloma hi\u0161e ve\u010d ne proizvajajo in skladi\u0161\u010dijo, temve\u010d se proizvedejo po kup\u010devih individualnih \u017eeljah in dostavijo direktno na kup\u010dev naslov. Priprava na\u010drtov, planiranje in proizvodnja se prilagajajo na kup\u010deve \u017eelje in so pomemben faktor pri izbiri sanjske hi\u0161e.<br \/>\n<\/span><\/p>\n<p><span class=\"HwtZe\" lang=\"sl\">Izvedba celotnega postopka je tako komulativa vseh faktorjev in predstavlja uspe\u0161no formulo, kateri zaupa \u017ee ve\u010d tiso\u010d kupcev. Pravilna in natan\u010dna izvedba zmanj\u0161uje riziko nepravilnih mer in skraj\u0161uje \u010das, kateri je potreben za postavitev hi\u0161e.<br \/>\n<\/span>[\/vc_column_text][vc_empty_space height=&#8221;40px&#8221;][\/vc_column][vc_column width=&#8221;1\/3&#8243;][vc_empty_space height=&#8221;40px&#8221;][vc_single_image image=&#8221;29978&#8243; img_size=&#8221;large&#8221; css=&#8221;&#8221; image_hovers=&#8221;false&#8221; lazy_loading=&#8221;true&#8221;][vc_empty_space height=&#8221;40px&#8221;][\/vc_column][\/vc_row][vc_row full_width=&#8221;stretch_row&#8221; type=&#8221;vc_default&#8221; margin_bottom=&#8221;0px&#8221; bg_type=&#8221;bg_color&#8221; bg_override=&#8221;full&#8221; bg_color_value=&#8221;#f2f0ee&#8221; css=&#8221;.vc_custom_1709103675488{margin-bottom: 0px !important;}&#8221; el_id=&#8221;logistika&#8221;][vc_column width=&#8221;2\/3&#8243;][vc_empty_space height=&#8221;40px&#8221;][vc_column_text css=&#8221;.vc_custom_1708686460999{margin-bottom: 50px !important;}&#8221;]<\/p>\n<h2>Logistika<\/h2>\n<p>Za celotni gradbeni projekt za izgradnjo lesenih hi\u0161 je pomembno, da je dostava lesenih hi\u0161 na gradbi\u0161\u010du v dogovorjenem \u010dasu. Pri dostavi lesenih hi\u0161 Hirsiset uporablja zanesljive partnerje, ki preva\u017eajo pakete hi\u0161 na gradbi\u0161\u010de pravo\u010dasno. Deli lesene hi\u0161e so v ve\u010d dobro za\u0161\u010ditenih paketih, ki pakete varujejo pred po\u0161kodbami med transportom. Tako blago prispe na gradbi\u0161\u010de nepo\u0161kodovano in \u010disto.[\/vc_column_text][vc_empty_space height=&#8221;40px&#8221;][\/vc_column][vc_column width=&#8221;1\/3&#8243;][vc_empty_space height=&#8221;40px&#8221;]<div id=\"ult-carousel-57362248269f57e412969c\" class=\"ult-carousel-wrapper   ult_horizontal\" data-gutter=\"0\" data-rtl=\"false\" ><div class=\"ult-carousel-31630380069f57e4129580 \" >[vc_single_image image=&#8221;30017&#8243; img_size=&#8221;full&#8221; css=&#8221;&#8221;][vc_single_image image=&#8221;30018&#8243; img_size=&#8221;full&#8221; css=&#8221;&#8221;]<\/div><\/div>\t\t\t<script type=\"text\/javascript\">\n\t\t\t\tjQuery(document).ready(function ($) {\n\t\t\t\t\tif( typeof jQuery('.ult-carousel-31630380069f57e4129580').slick == \"function\"){\n\t\t\t\t\t\t$('.ult-carousel-31630380069f57e4129580').slick({dots: false,autoplay: true,autoplaySpeed: \"5000\",speed: \"1000\",infinite: true,arrows: false,slidesToScroll:1,slidesToShow:1,swipe: false,draggable: false,touchMove: true,pauseOnHover: true,pauseOnFocus: false,responsive: [\n\t\t\t\t\t\t\t{\n\t\t\t\t\t\t\t  breakpoint: 1026,\n\t\t\t\t\t\t\t  settings: {\n\t\t\t\t\t\t\t\tslidesToShow: 1,\n\t\t\t\t\t\t\t\tslidesToScroll: 1,  \n\t\t\t\t\t\t\t  }\n\t\t\t\t\t\t\t},\n\t\t\t\t\t\t\t{\n\t\t\t\t\t\t\t  breakpoint: 1025,\n\t\t\t\t\t\t\t  settings: {\n\t\t\t\t\t\t\t\tslidesToShow: 1,\n\t\t\t\t\t\t\t\tslidesToScroll: 1\n\t\t\t\t\t\t\t  }\n\t\t\t\t\t\t\t},\n\t\t\t\t\t\t\t{\n\t\t\t\t\t\t\t  breakpoint: 760,\n\t\t\t\t\t\t\t  settings: {\n\t\t\t\t\t\t\t\tslidesToShow: 1,\n\t\t\t\t\t\t\t\tslidesToScroll: 1\n\t\t\t\t\t\t\t  }\n\t\t\t\t\t\t\t}\n\t\t\t\t\t\t],pauseOnDotsHover: true,customPaging: function(slider, i) {\n                   return '<i type=\"button\" style= \"color:#333333;\" class=\"ultsl-record\" data-role=\"none\"><\/i>';\n                },});\n\t\t\t\t\t}\n\t\t\t\t});\n\t\t\t<\/script>\n\t\t\t[vc_empty_space height=&#8221;40px&#8221;][\/vc_column][\/vc_row][vc_row full_width=&#8221;stretch_row&#8221; type=&#8221;vc_default&#8221; margin_bottom=&#8221;-50px&#8221; bg_type=&#8221;bg_color&#8221; bg_override=&#8221;full&#8221; bg_color_value=&#8221;#ffffff&#8221; css=&#8221;.vc_custom_1708685040344{margin-bottom: -50px !important;background-color: #f2f1ef !important;}&#8221; el_id=&#8221;postavitev&#8221;][vc_column width=&#8221;2\/3&#8243;][vc_empty_space height=&#8221;40px&#8221;][vc_column_text css=&#8221;.vc_custom_1708686576191{margin-bottom: 50px !important;}&#8221;]<\/p>\n<h2>Postavljanje hi\u0161<\/h2>\n<p>Sestavljanje lesene hi\u0161e Hirsiset zahteva nekaj znanja s podro\u010dja gradnje, uspeh pa prinese previden pristop. Zagotavljamo navodila za sestavljanje, skupaj z dostavo lesene hi\u0161e in dobre slike vseh struktur. Paket vklju\u010duje veliko \u017ee pripravljenih lesenih delov, ki se hitro in enostavno sestavijo.<\/p>\n<p>\u010ce \u017eelite, vam lahko pomagamo pri iskanju strokovne ekipe za postavitev hi\u0161e ali pa vam po\u0161ljemo strokovnjaka za nadzor gradnje lesenih hi\u0161, ki vam bo svetoval pri gradnji hi\u0161e.[\/vc_column_text][vc_empty_space height=&#8221;40px&#8221;][\/vc_column][vc_column width=&#8221;1\/3&#8243;][vc_empty_space height=&#8221;40px&#8221;][vc_single_image image=&#8221;30019&#8243; img_size=&#8221;large&#8221; css=&#8221;&#8221; image_hovers=&#8221;false&#8221;][vc_empty_space height=&#8221;40px&#8221;][\/vc_column][\/vc_row]<\/p>\n<\/div>","protected":false},"excerpt":{"rendered":"<p>[vc_row][vc_column][vc_column_text css=&#8221;&#8221;]Vsi materiali, ki so vklju\u010deni v dostavo va\u0161e sanjske lesene hi\u0161e, so izbrani glede na va\u0161e \u017eelje. Osnovna dostava je sestavljena iz znanih in standardnih materialov, vendar lahko izberete tudi materiale, ki bolje ustrezajo va\u0161im individualnim \u017eeljam. To lahko na primer vklju\u010duje nestandardne oblike vrat in oken ali razli\u010dne materiale za notranje povr\u0161ine.[\/vc_column_text][\/vc_column][\/vc_row][vc_row full_width=&#8221;stretch_row&#8221;&hellip;<\/p>\n","protected":false},"author":1,"featured_media":0,"parent":0,"menu_order":0,"comment_status":"closed","ping_status":"closed","template":"","meta":{"footnotes":""},"class_list":["post-30012","page","type-page","status-publish","hentry","description-off"],"yoast_head":"<!-- This site is optimized with the Yoast SEO plugin v27.4 - https:\/\/yoast.com\/product\/yoast-seo-wordpress\/ -->\n<title>Dostava - Hirsiset - your dream log house delivery<\/title>\n<meta name=\"description\" content=\"We help your dream log house delivery through all stages of production. Go further and make one of your log home dreams come true.\" \/>\n<meta name=\"robots\" content=\"index, follow, max-snippet:-1, max-image-preview:large, max-video-preview:-1\" \/>\n<link rel=\"canonical\" href=\"https:\/\/www.hirsiset.com\/sl\/dostava\/\" \/>\n<meta property=\"og:locale\" content=\"sl_SI\" \/>\n<meta property=\"og:type\" content=\"article\" \/>\n<meta property=\"og:title\" content=\"Dostava - Hirsiset - your dream log house delivery\" \/>\n<meta property=\"og:description\" content=\"We help your dream log house delivery through all stages of production. Go further and make one of your log home dreams come true.\" \/>\n<meta property=\"og:url\" content=\"https:\/\/www.hirsiset.com\/sl\/dostava\/\" \/>\n<meta property=\"og:site_name\" content=\"Hirsiset\" \/>\n<meta property=\"article:publisher\" content=\"https:\/\/www.facebook.com\/Hirsiset\/\" \/>\n<meta property=\"article:modified_time\" content=\"2026-04-03T08:29:47+00:00\" \/>\n<meta name=\"twitter:card\" content=\"summary_large_image\" \/>\n<meta name=\"twitter:site\" content=\"@hirsiset\" \/>\n<meta name=\"twitter:label1\" content=\"Est. reading time\" \/>\n\t<meta name=\"twitter:data1\" content=\"4 minute\" \/>\n<script type=\"application\/ld+json\" class=\"yoast-schema-graph\">{\"@context\":\"https:\\\/\\\/schema.org\",\"@graph\":[{\"@type\":\"WebPage\",\"@id\":\"https:\\\/\\\/www.hirsiset.com\\\/sl\\\/dostava\\\/\",\"url\":\"https:\\\/\\\/www.hirsiset.com\\\/sl\\\/dostava\\\/\",\"name\":\"Dostava - Hirsiset - your dream log house delivery\",\"isPartOf\":{\"@id\":\"https:\\\/\\\/www.hirsiset.com\\\/sl\\\/#website\"},\"datePublished\":\"2016-04-08T11:05:18+00:00\",\"dateModified\":\"2026-04-03T08:29:47+00:00\",\"description\":\"We help your dream log house delivery through all stages of production. Go further and make one of your log home dreams come true.\",\"breadcrumb\":{\"@id\":\"https:\\\/\\\/www.hirsiset.com\\\/sl\\\/dostava\\\/#breadcrumb\"},\"inLanguage\":\"sl-SI\",\"potentialAction\":[{\"@type\":\"ReadAction\",\"target\":[\"https:\\\/\\\/www.hirsiset.com\\\/sl\\\/dostava\\\/\"]}]},{\"@type\":\"BreadcrumbList\",\"@id\":\"https:\\\/\\\/www.hirsiset.com\\\/sl\\\/dostava\\\/#breadcrumb\",\"itemListElement\":[{\"@type\":\"ListItem\",\"position\":1,\"name\":\"Home\",\"item\":\"https:\\\/\\\/www.hirsiset.com\\\/sl\\\/\"},{\"@type\":\"ListItem\",\"position\":2,\"name\":\"Dostava\"}]},{\"@type\":\"WebSite\",\"@id\":\"https:\\\/\\\/www.hirsiset.com\\\/sl\\\/#website\",\"url\":\"https:\\\/\\\/www.hirsiset.com\\\/sl\\\/\",\"name\":\"Hirsiset\",\"description\":\"Hirsitaloja yli 30-vuoden kokemuksella\",\"publisher\":{\"@id\":\"https:\\\/\\\/www.hirsiset.com\\\/sl\\\/#organization\"},\"potentialAction\":[{\"@type\":\"SearchAction\",\"target\":{\"@type\":\"EntryPoint\",\"urlTemplate\":\"https:\\\/\\\/www.hirsiset.com\\\/sl\\\/?s={search_term_string}\"},\"query-input\":{\"@type\":\"PropertyValueSpecification\",\"valueRequired\":true,\"valueName\":\"search_term_string\"}}],\"inLanguage\":\"sl-SI\"},{\"@type\":\"Organization\",\"@id\":\"https:\\\/\\\/www.hirsiset.com\\\/sl\\\/#organization\",\"name\":\"Oulun Hirsiset Oy\",\"url\":\"https:\\\/\\\/www.hirsiset.com\\\/sl\\\/\",\"logo\":{\"@type\":\"ImageObject\",\"inLanguage\":\"sl-SI\",\"@id\":\"https:\\\/\\\/www.hirsiset.com\\\/sl\\\/#\\\/schema\\\/logo\\\/image\\\/\",\"url\":\"https:\\\/\\\/www.hirsiset.com\\\/wp-content\\\/uploads\\\/Hirsiset_logo65px.png\",\"contentUrl\":\"https:\\\/\\\/www.hirsiset.com\\\/wp-content\\\/uploads\\\/Hirsiset_logo65px.png\",\"width\":299,\"height\":65,\"caption\":\"Oulun Hirsiset Oy\"},\"image\":{\"@id\":\"https:\\\/\\\/www.hirsiset.com\\\/sl\\\/#\\\/schema\\\/logo\\\/image\\\/\"},\"sameAs\":[\"https:\\\/\\\/www.facebook.com\\\/Hirsiset\\\/\",\"https:\\\/\\\/x.com\\\/hirsiset\",\"https:\\\/\\\/www.instagram.com\\\/hirsiset_oy\\\/\"]}]}<\/script>\n<!-- \/ Yoast SEO plugin. -->","yoast_head_json":{"title":"Dostava - Hirsiset - your dream log house delivery","description":"We help your dream log house delivery through all stages of production. Go further and make one of your log home dreams come true.","robots":{"index":"index","follow":"follow","max-snippet":"max-snippet:-1","max-image-preview":"max-image-preview:large","max-video-preview":"max-video-preview:-1"},"canonical":"https:\/\/www.hirsiset.com\/sl\/dostava\/","og_locale":"sl_SI","og_type":"article","og_title":"Dostava - Hirsiset - your dream log house delivery","og_description":"We help your dream log house delivery through all stages of production. Go further and make one of your log home dreams come true.","og_url":"https:\/\/www.hirsiset.com\/sl\/dostava\/","og_site_name":"Hirsiset","article_publisher":"https:\/\/www.facebook.com\/Hirsiset\/","article_modified_time":"2026-04-03T08:29:47+00:00","twitter_card":"summary_large_image","twitter_site":"@hirsiset","twitter_misc":{"Est. reading time":"4 minute"},"schema":{"@context":"https:\/\/schema.org","@graph":[{"@type":"WebPage","@id":"https:\/\/www.hirsiset.com\/sl\/dostava\/","url":"https:\/\/www.hirsiset.com\/sl\/dostava\/","name":"Dostava - Hirsiset - your dream log house delivery","isPartOf":{"@id":"https:\/\/www.hirsiset.com\/sl\/#website"},"datePublished":"2016-04-08T11:05:18+00:00","dateModified":"2026-04-03T08:29:47+00:00","description":"We help your dream log house delivery through all stages of production. Go further and make one of your log home dreams come true.","breadcrumb":{"@id":"https:\/\/www.hirsiset.com\/sl\/dostava\/#breadcrumb"},"inLanguage":"sl-SI","potentialAction":[{"@type":"ReadAction","target":["https:\/\/www.hirsiset.com\/sl\/dostava\/"]}]},{"@type":"BreadcrumbList","@id":"https:\/\/www.hirsiset.com\/sl\/dostava\/#breadcrumb","itemListElement":[{"@type":"ListItem","position":1,"name":"Home","item":"https:\/\/www.hirsiset.com\/sl\/"},{"@type":"ListItem","position":2,"name":"Dostava"}]},{"@type":"WebSite","@id":"https:\/\/www.hirsiset.com\/sl\/#website","url":"https:\/\/www.hirsiset.com\/sl\/","name":"Hirsiset","description":"Hirsitaloja yli 30-vuoden kokemuksella","publisher":{"@id":"https:\/\/www.hirsiset.com\/sl\/#organization"},"potentialAction":[{"@type":"SearchAction","target":{"@type":"EntryPoint","urlTemplate":"https:\/\/www.hirsiset.com\/sl\/?s={search_term_string}"},"query-input":{"@type":"PropertyValueSpecification","valueRequired":true,"valueName":"search_term_string"}}],"inLanguage":"sl-SI"},{"@type":"Organization","@id":"https:\/\/www.hirsiset.com\/sl\/#organization","name":"Oulun Hirsiset Oy","url":"https:\/\/www.hirsiset.com\/sl\/","logo":{"@type":"ImageObject","inLanguage":"sl-SI","@id":"https:\/\/www.hirsiset.com\/sl\/#\/schema\/logo\/image\/","url":"https:\/\/www.hirsiset.com\/wp-content\/uploads\/Hirsiset_logo65px.png","contentUrl":"https:\/\/www.hirsiset.com\/wp-content\/uploads\/Hirsiset_logo65px.png","width":299,"height":65,"caption":"Oulun Hirsiset Oy"},"image":{"@id":"https:\/\/www.hirsiset.com\/sl\/#\/schema\/logo\/image\/"},"sameAs":["https:\/\/www.facebook.com\/Hirsiset\/","https:\/\/x.com\/hirsiset","https:\/\/www.instagram.com\/hirsiset_oy\/"]}]}},"_links":{"self":[{"href":"https:\/\/www.hirsiset.com\/sl\/wp-json\/wp\/v2\/pages\/30012","targetHints":{"allow":["GET"]}}],"collection":[{"href":"https:\/\/www.hirsiset.com\/sl\/wp-json\/wp\/v2\/pages"}],"about":[{"href":"https:\/\/www.hirsiset.com\/sl\/wp-json\/wp\/v2\/types\/page"}],"author":[{"embeddable":true,"href":"https:\/\/www.hirsiset.com\/sl\/wp-json\/wp\/v2\/users\/1"}],"replies":[{"embeddable":true,"href":"https:\/\/www.hirsiset.com\/sl\/wp-json\/wp\/v2\/comments?post=30012"}],"version-history":[{"count":12,"href":"https:\/\/www.hirsiset.com\/sl\/wp-json\/wp\/v2\/pages\/30012\/revisions"}],"predecessor-version":[{"id":36535,"href":"https:\/\/www.hirsiset.com\/sl\/wp-json\/wp\/v2\/pages\/30012\/revisions\/36535"}],"wp:attachment":[{"href":"https:\/\/www.hirsiset.com\/sl\/wp-json\/wp\/v2\/media?parent=30012"}],"curies":[{"name":"wp","href":"https:\/\/api.w.org\/{rel}","templated":true}]}}