{"id":29979,"date":"2017-01-04T14:03:57","date_gmt":"2017-01-04T12:03:57","guid":{"rendered":"https:\/\/www.hirsiset.com\/logs\/"},"modified":"2026-04-03T09:26:44","modified_gmt":"2026-04-03T06:26:44","slug":"bruna","status":"publish","type":"page","link":"https:\/\/www.hirsiset.com\/sl\/bruna\/","title":{"rendered":"Bruna"},"content":{"rendered":"<div class=\"wpb-content-wrapper\"><p>[vc_row][vc_column][vc_column_text]<\/p>\n<h3>Uporaba lesa je ekolo\u0161ka in po videzu lepa izbira za stavbe. Po raziskavah imajo lesene hi\u0161e izjemno dobro kakovost zraka v notranjosti.<\/h3>\n<p>&nbsp;<\/p>\n<p>Gradnja iz lesa uravnava vla\u017enost in toploto zraka v notranjosti prostora. Hirsiset uporablja najbolj\u0161i arkti\u010dni bor za zagotovitev gradnje, ki traja ve\u010d generacij.<\/p>\n<p>Les je topel in pristen naravni material in je najbolj\u0161a izbira za gradbeni material, saj je 100% obnovljiv. Uporaba lesa pomeni, da se oglji\u010dni odtis in okoljski vpliv zgradbe mo\u010dno zmanj\u0161ata. Les nase ve\u017ee ogljikov dioksid (CO\u00b2), za svojo dvakratno te\u017eo. Lesene hi\u0161e Hirsiset skladi\u0161\u010dijo veliko ton ogljikovega dioksida in lahko predstavljajo odli\u010dno okoljsko dejanje proti podnebnim spremembam.<\/p>\n<p>&nbsp;<\/p>\n<p>&nbsp;<\/p>\n<h4>Kak\u0161no vrsto lesene hi\u0161e si \u017eelite? Kak\u0161na bruna so vam v\u0161e\u010d?<\/h4>\n<p>V ponudbi imamo veliko razli\u010dnih dimenzij in vrst lesenih brun.<\/p>\n<p>Hirsiset vam dostavi hi\u0161o z vrsto lesa in dimenzijo, ki ju izberete; poi\u0161\u010dite pravo naravno alternativo za svojo leseno hi\u0161o glede na va\u0161e zahteve.<\/p>\n<p>[\/vc_column_text][vc_empty_space height=&#8221;50px&#8221;][\/vc_column][\/vc_row][vc_row full_width=&#8221;stretch_row&#8221; css=&#8221;.vc_custom_1708683978873{margin-bottom: -30px !important;padding-top: 30px !important;background-color: #f2f1ef !important;}&#8221; el_id=&#8221;brun&#8221;][vc_column][vc_column_text]<\/p>\n<h4>Primeri brun<\/h4>\n<p>[\/vc_column_text][\/vc_column][\/vc_row][vc_row full_width=&#8221;stretch_row&#8221; css=&#8221;.vc_custom_1616677502278{background-color: #f2f1ef !important;}&#8221;][vc_column width=&#8221;1\/5&#8243;][vc_single_image image=&#8221;29990&#8243; img_size=&#8221;full&#8221; alignment=&#8221;center&#8221; image_hovers=&#8221;false&#8221; lazy_loading=&#8221;true&#8221;][vc_column_text]<\/p>\n<p style=\"text-align: center;\">PH 190<\/p>\n<p>[\/vc_column_text][\/vc_column][vc_column width=&#8221;1\/5&#8243;][vc_single_image image=&#8221;30000&#8243; img_size=&#8221;full&#8221; alignment=&#8221;center&#8221; image_hovers=&#8221;false&#8221; lazy_loading=&#8221;true&#8221;][vc_column_text]<\/p>\n<p style=\"text-align: center;\">LH 114&#215;185<\/p>\n<p>[\/vc_column_text][\/vc_column][vc_column width=&#8221;1\/5&#8243;][vc_single_image image=&#8221;29992&#8243; img_size=&#8221;full&#8221; alignment=&#8221;center&#8221; image_hovers=&#8221;false&#8221; lazy_loading=&#8221;true&#8221;][vc_column_text]<\/p>\n<p style=\"text-align: center;\">LH 134&#215;260<\/p>\n<p>[\/vc_column_text][\/vc_column][vc_column width=&#8221;1\/5&#8243;][vc_single_image image=&#8221;29995&#8243; img_size=&#8221;full&#8221; alignment=&#8221;center&#8221; image_hovers=&#8221;false&#8221; lazy_loading=&#8221;true&#8221;][vc_column_text]<\/p>\n<p style=\"text-align: center;\">LH 204&#215;205<\/p>\n<p>[\/vc_column_text][\/vc_column][vc_column width=&#8221;1\/5&#8243;][vc_single_image image=&#8221;29994&#8243; img_size=&#8221;full&#8221; alignment=&#8221;center&#8221; image_hovers=&#8221;false&#8221; lazy_loading=&#8221;true&#8221;][vc_column_text]<\/p>\n<p style=\"text-align: center;\">LH 204&#215;260<\/p>\n<p>[\/vc_column_text][\/vc_column][\/vc_row][vc_row full_width=&#8221;stretch_row&#8221; css=&#8221;.vc_custom_1616755969539{padding-bottom: 30px !important;background-color: #f2f1ef !important;}&#8221;][vc_column width=&#8221;1\/5&#8243;][vc_single_image image=&#8221;29999&#8243; img_size=&#8221;full&#8221; alignment=&#8221;center&#8221; image_hovers=&#8221;false&#8221; lazy_loading=&#8221;true&#8221;][vc_column_text]<\/p>\n<p style=\"text-align: center;\">LH 240&#215;205<\/p>\n<p>[\/vc_column_text][\/vc_column][vc_column width=&#8221;1\/5&#8243;][vc_single_image image=&#8221;29991&#8243; img_size=&#8221;full&#8221; alignment=&#8221;center&#8221; image_hovers=&#8221;false&#8221; lazy_loading=&#8221;true&#8221;][vc_column_text]<\/p>\n<p style=\"text-align: center;\">LH 270&#215;260<\/p>\n<p>[\/vc_column_text][\/vc_column][vc_column width=&#8221;1\/5&#8243;][vc_single_image image=&#8221;29997&#8243; img_size=&#8221;full&#8221; alignment=&#8221;center&#8221; css=&#8221;&#8221; image_hovers=&#8221;false&#8221; lazy_loading=&#8221;true&#8221;][vc_column_text]<\/p>\n<p style=\"text-align: center;\">Maxi 200&#215;360 bor<\/p>\n<p>[\/vc_column_text][\/vc_column][vc_column width=&#8221;1\/5&#8243;][vc_single_image image=&#8221;29996&#8243; img_size=&#8221;full&#8221; alignment=&#8221;center&#8221; css=&#8221;&#8221; image_hovers=&#8221;false&#8221; lazy_loading=&#8221;true&#8221;][vc_column_text]<\/p>\n<p style=\"text-align: center;\">Maxi 200&#215;360 smreka<\/p>\n<p>[\/vc_column_text][\/vc_column][vc_column width=&#8221;1\/5&#8243;][vc_single_image image=&#8221;29998&#8243; img_size=&#8221;full&#8221; alignment=&#8221;center&#8221; css=&#8221;&#8221; image_hovers=&#8221;false&#8221; lazy_loading=&#8221;true&#8221;][vc_column_text]<\/p>\n<p style=\"text-align: center;\">Maxi 300&#215;360 bor<\/p>\n<p>[\/vc_column_text][\/vc_column][\/vc_row][vc_row][vc_column width=&#8221;1\/2&#8243;][vc_empty_space height=&#8221;50px&#8221;]<section class=\"shortcode-teaser frame-fancy frame-on fadeIn animate-element\"><div class=\"layzr-bg shortcode-teaser-img\"><img loading=\"lazy\" decoding=\"async\" class=\"lazy-load\" src=\"data:image\/svg+xml;charset=utf-8,%3Csvg xmlns%3D&#039;http%3A%2F%2Fwww.w3.org%2F2000%2Fsvg&#039; viewBox%3D&#039;0 0 631 406&#039;%2F%3E\" width=\"631\" height=\"406\" alt=\"Laatu\" data-srcset=\"https:\/\/www.hirsiset.com\/wp-content\/uploads\/lake-1626504_640.png 631w\" data-src=\"https:\/\/www.hirsiset.com\/wp-content\/uploads\/lake-1626504_640.png\" \/><\/div><div class=\"shortcode-teaser-content text-normal\"><h4>Kakovost<\/h4>\n<p>Vsaka dostava lesene hi\u0161e Hirsiset je sestavljena iz visokokakovostnih surovin in celo presega zahteve smernic Hirsitaloteollisuus Ry (Finsko zdru\u017eenje proizvajalcev lesenih hi\u0161) in se pona\u0161a s sistemom nadzora kakovosti ISO 9001:2015, ki zagotavlja, da kupci dobite hi\u0161o izdelano po najvi\u0161jih standardih.<\/p>\n<\/div><\/section>[vc_empty_space height=&#8221;80px&#8221;][\/vc_column][vc_column width=&#8221;1\/2&#8243;][vc_empty_space height=&#8221;50px&#8221;]<section class=\"shortcode-teaser frame-fancy frame-on fadeIn animate-element\"><div class=\"layzr-bg shortcode-teaser-img\"><img loading=\"lazy\" decoding=\"async\" class=\"lazy-load\" src=\"data:image\/svg+xml;charset=utf-8,%3Csvg xmlns%3D&#039;http%3A%2F%2Fwww.w3.org%2F2000%2Fsvg&#039; viewBox%3D&#039;0 0 631 406&#039;%2F%3E\" width=\"631\" height=\"406\" alt=\"Maxi log\" data-srcset=\"https:\/\/www.hirsiset.com\/wp-content\/uploads\/maxihirsi-hirsiset.jpg 631w\" data-src=\"https:\/\/www.hirsiset.com\/wp-content\/uploads\/maxihirsi-hirsiset.jpg\" \/><\/div><div class=\"shortcode-teaser-content text-normal\"><h4>Maxi log<\/h4>\n<p>Nova opcija za graditelje lesenih hi\u0161, ki olaj\u0161uje namestitvena dela. Bruno je bistveno vi\u0161je od obi\u010dajnih brun &#8211; vi\u0161ina 360 mm. Debelina \u00bbMaxi log\u00ab pa se lahko izbere po individualni \u017eelji stranke.<\/p>\n<\/div><\/section>[vc_empty_space height=&#8221;80px&#8221;][\/vc_column][\/vc_row][vc_row full_width=&#8221;stretch_row&#8221; type=&#8221;vc_default&#8221; bg_type=&#8221;bg_color&#8221; bg_override=&#8221;full&#8221; el_id=&#8221;materiali&#8221; bg_color_value=&#8221;#f2f0ee&#8221; css=&#8221;.vc_custom_1708684017542{background-color: #f2f1ef !important;}&#8221;][vc_column width=&#8221;2\/3&#8243;][vc_empty_space height=&#8221;50px&#8221;][vc_column_text el_id=&#8221;materiaalit&#8221;]<\/p>\n<h2>Materiali<\/h2>\n<p>Vse vidne dele lesa v lesenih hi\u0161ah Hirsiset izdelamo iz po\u010dasi rasto\u010dega severnega bora, katerega lep videz in zna\u010dilnosti so poznane po vsem svetu. Les pridobivamo preko lesno predelovalnih obratov, ki se specializirajo za kakovosten les, pripravljen po zahtevah naro\u010dnikove kakovosti. S tem na\u0161i kupci prejmejo najbolj\u0161e in kakovostne materiale.[\/vc_column_text][vc_empty_space height=&#8221;50px&#8221;][\/vc_column][vc_column width=&#8221;1\/3&#8243;][vc_empty_space height=&#8221;50px&#8221;][vc_single_image image=&#8221;29986&#8243; img_size=&#8221;full&#8221; css=&#8221;&#8221; image_hovers=&#8221;false&#8221;][vc_empty_space height=&#8221;50px&#8221;][\/vc_column][\/vc_row][vc_row type=&#8221;vc_default&#8221; anchor=&#8221;nurkat&#8221; el_id=&#8221;vogali&#8221;][vc_column][vc_empty_space height=&#8221;50px&#8221;][vc_column_text]<\/p>\n<h2>Vogali<\/h2>\n<p>Vogali va\u0161e lesene hi\u0161e se lahko izdelajo na ve\u010d razli\u010dnih na\u010dinov. Razli\u010dne vrste vogalov spremenijo tudi videz hi\u0161e. Hirsiset spoji vogalov niso le najtesnej\u0161i na trgu, ampak so tudi lepi na pogled.<\/p>\n<p>&nbsp;<\/p>\n<h4>V ponudbi imamo \u0161tiri glavne vrste vogalov.<\/h4>\n<p>[\/vc_column_text][\/vc_column][\/vc_row][vc_row gap=&#8221;10&#8243;][vc_column width=&#8221;1\/4&#8243;][vc_single_image image=&#8221;36451&#8243; img_size=&#8221;full&#8221; alignment=&#8221;center&#8221; css=&#8221;&#8221; image_hovers=&#8221;false&#8221; lazy_loading=&#8221;true&#8221;][vc_column_text]<strong>Tradicionalni dolg vogal<\/strong>, ki je najbolj priljubljen pri lesenih hi\u0161ah.[\/vc_column_text][vc_empty_space height=&#8221;50px&#8221;][\/vc_column][vc_column width=&#8221;1\/4&#8243;][vc_single_image image=&#8221;36454&#8243; img_size=&#8221;full&#8221; alignment=&#8221;center&#8221; css=&#8221;&#8221; image_hovers=&#8221;false&#8221; lazy_loading=&#8221;true&#8221;][vc_column_text]<strong>Lastovi\u010dji vogal<\/strong>, ki posnema tradicionalne ro\u010dno izdelane vogale. Z lastovi\u010djimi repi lesena hi\u0161a nima izbo\u010denih vogalov, zato je dovoljena na obmo\u010djih gradnje, kjer so tradicionalni vogali neza\u017eeleni.[\/vc_column_text][vc_empty_space height=&#8221;50px&#8221;][\/vc_column][vc_column width=&#8221;1\/4&#8243;][vc_single_image image=&#8221;36457&#8243; img_size=&#8221;full&#8221; alignment=&#8221;center&#8221; css=&#8221;&#8221; image_hovers=&#8221;false&#8221; lazy_loading=&#8221;true&#8221;][vc_column_text]<strong>Kotni vogal tipa &#8220;box&#8221;<\/strong> se razlikuje od tradicionalnega dolgega vogala tako, da se konci prekri\u017eanih debel raztezajo le nekaj centimetrov \u010dez vogal, vogali pa so pokriti z lesenimi plo\u0161\u010dami.[\/vc_column_text][vc_empty_space height=&#8221;50px&#8221;][\/vc_column][vc_column width=&#8221;1\/4&#8243;][vc_single_image image=&#8221;30008&#8243; img_size=&#8221;full&#8221; alignment=&#8221;center&#8221; css=&#8221;&#8221; image_hovers=&#8221;false&#8221; lazy_loading=&#8221;true&#8221;][vc_column_text]<strong>Mestni vogal<\/strong> je narejen brez vidnih vogalov. Lesena bruna potekajo na isti ravni na vseh stenah.[\/vc_column_text][vc_empty_space height=&#8221;50px&#8221;][\/vc_column][\/vc_row]<\/p>\n<\/div>","protected":false},"excerpt":{"rendered":"<p>[vc_row][vc_column][vc_column_text] Uporaba lesa je ekolo\u0161ka in po videzu lepa izbira za stavbe. Po raziskavah imajo lesene hi\u0161e izjemno dobro kakovost zraka v notranjosti. &nbsp; Gradnja iz lesa uravnava vla\u017enost in toploto zraka v notranjosti prostora. Hirsiset uporablja najbolj\u0161i arkti\u010dni bor za zagotovitev gradnje, ki traja ve\u010d generacij. Les je topel in pristen naravni material in&hellip;<\/p>\n","protected":false},"author":1,"featured_media":0,"parent":0,"menu_order":0,"comment_status":"closed","ping_status":"closed","template":"","meta":{"footnotes":""},"class_list":["post-29979","page","type-page","status-publish","hentry","description-off"],"yoast_head":"<!-- This site is optimized with the Yoast SEO plugin v27.4 - https:\/\/yoast.com\/product\/yoast-seo-wordpress\/ -->\n<title>Bruna - Hirsiset - Kak\u0161no vrsto lesene hi\u0161e si \u017eelite?<\/title>\n<meta name=\"description\" content=\"Kak\u0161no vrsto lesene hi\u0161e si \u017eelite? Kak\u0161na bruna so vam v\u0161e\u010d? V ponudbi imamo veliko razli\u010dnih dimenzij in vrst lesenih brun.\" \/>\n<meta name=\"robots\" content=\"index, follow, max-snippet:-1, max-image-preview:large, max-video-preview:-1\" \/>\n<link rel=\"canonical\" href=\"https:\/\/www.hirsiset.com\/sl\/bruna\/\" \/>\n<meta property=\"og:locale\" content=\"sl_SI\" \/>\n<meta property=\"og:type\" content=\"article\" \/>\n<meta property=\"og:title\" content=\"Bruna - Hirsiset - Kak\u0161no vrsto lesene hi\u0161e si \u017eelite?\" \/>\n<meta property=\"og:description\" content=\"Kak\u0161no vrsto lesene hi\u0161e si \u017eelite? Kak\u0161na bruna so vam v\u0161e\u010d? V ponudbi imamo veliko razli\u010dnih dimenzij in vrst lesenih brun.\" \/>\n<meta property=\"og:url\" content=\"https:\/\/www.hirsiset.com\/sl\/bruna\/\" \/>\n<meta property=\"og:site_name\" content=\"Hirsiset\" \/>\n<meta property=\"article:publisher\" content=\"https:\/\/www.facebook.com\/Hirsiset\/\" \/>\n<meta property=\"article:modified_time\" content=\"2026-04-03T06:26:44+00:00\" \/>\n<meta name=\"twitter:card\" content=\"summary_large_image\" \/>\n<meta name=\"twitter:site\" content=\"@hirsiset\" \/>\n<meta name=\"twitter:label1\" content=\"Est. reading time\" \/>\n\t<meta name=\"twitter:data1\" content=\"8 minut\" \/>\n<script type=\"application\/ld+json\" class=\"yoast-schema-graph\">{\"@context\":\"https:\\\/\\\/schema.org\",\"@graph\":[{\"@type\":\"WebPage\",\"@id\":\"https:\\\/\\\/www.hirsiset.com\\\/sl\\\/bruna\\\/\",\"url\":\"https:\\\/\\\/www.hirsiset.com\\\/sl\\\/bruna\\\/\",\"name\":\"Bruna - Hirsiset - Kak\u0161no vrsto lesene hi\u0161e si \u017eelite?\",\"isPartOf\":{\"@id\":\"https:\\\/\\\/www.hirsiset.com\\\/sl\\\/#website\"},\"datePublished\":\"2017-01-04T12:03:57+00:00\",\"dateModified\":\"2026-04-03T06:26:44+00:00\",\"description\":\"Kak\u0161no vrsto lesene hi\u0161e si \u017eelite? Kak\u0161na bruna so vam v\u0161e\u010d? V ponudbi imamo veliko razli\u010dnih dimenzij in vrst lesenih brun.\",\"breadcrumb\":{\"@id\":\"https:\\\/\\\/www.hirsiset.com\\\/sl\\\/bruna\\\/#breadcrumb\"},\"inLanguage\":\"sl-SI\",\"potentialAction\":[{\"@type\":\"ReadAction\",\"target\":[\"https:\\\/\\\/www.hirsiset.com\\\/sl\\\/bruna\\\/\"]}]},{\"@type\":\"BreadcrumbList\",\"@id\":\"https:\\\/\\\/www.hirsiset.com\\\/sl\\\/bruna\\\/#breadcrumb\",\"itemListElement\":[{\"@type\":\"ListItem\",\"position\":1,\"name\":\"Home\",\"item\":\"https:\\\/\\\/www.hirsiset.com\\\/sl\\\/\"},{\"@type\":\"ListItem\",\"position\":2,\"name\":\"Bruna\"}]},{\"@type\":\"WebSite\",\"@id\":\"https:\\\/\\\/www.hirsiset.com\\\/sl\\\/#website\",\"url\":\"https:\\\/\\\/www.hirsiset.com\\\/sl\\\/\",\"name\":\"Hirsiset\",\"description\":\"Hirsitaloja yli 30-vuoden kokemuksella\",\"publisher\":{\"@id\":\"https:\\\/\\\/www.hirsiset.com\\\/sl\\\/#organization\"},\"potentialAction\":[{\"@type\":\"SearchAction\",\"target\":{\"@type\":\"EntryPoint\",\"urlTemplate\":\"https:\\\/\\\/www.hirsiset.com\\\/sl\\\/?s={search_term_string}\"},\"query-input\":{\"@type\":\"PropertyValueSpecification\",\"valueRequired\":true,\"valueName\":\"search_term_string\"}}],\"inLanguage\":\"sl-SI\"},{\"@type\":\"Organization\",\"@id\":\"https:\\\/\\\/www.hirsiset.com\\\/sl\\\/#organization\",\"name\":\"Oulun Hirsiset Oy\",\"url\":\"https:\\\/\\\/www.hirsiset.com\\\/sl\\\/\",\"logo\":{\"@type\":\"ImageObject\",\"inLanguage\":\"sl-SI\",\"@id\":\"https:\\\/\\\/www.hirsiset.com\\\/sl\\\/#\\\/schema\\\/logo\\\/image\\\/\",\"url\":\"https:\\\/\\\/www.hirsiset.com\\\/wp-content\\\/uploads\\\/Hirsiset_logo65px.png\",\"contentUrl\":\"https:\\\/\\\/www.hirsiset.com\\\/wp-content\\\/uploads\\\/Hirsiset_logo65px.png\",\"width\":299,\"height\":65,\"caption\":\"Oulun Hirsiset Oy\"},\"image\":{\"@id\":\"https:\\\/\\\/www.hirsiset.com\\\/sl\\\/#\\\/schema\\\/logo\\\/image\\\/\"},\"sameAs\":[\"https:\\\/\\\/www.facebook.com\\\/Hirsiset\\\/\",\"https:\\\/\\\/x.com\\\/hirsiset\",\"https:\\\/\\\/www.instagram.com\\\/hirsiset_oy\\\/\"]}]}<\/script>\n<!-- \/ Yoast SEO plugin. -->","yoast_head_json":{"title":"Bruna - Hirsiset - Kak\u0161no vrsto lesene hi\u0161e si \u017eelite?","description":"Kak\u0161no vrsto lesene hi\u0161e si \u017eelite? Kak\u0161na bruna so vam v\u0161e\u010d? V ponudbi imamo veliko razli\u010dnih dimenzij in vrst lesenih brun.","robots":{"index":"index","follow":"follow","max-snippet":"max-snippet:-1","max-image-preview":"max-image-preview:large","max-video-preview":"max-video-preview:-1"},"canonical":"https:\/\/www.hirsiset.com\/sl\/bruna\/","og_locale":"sl_SI","og_type":"article","og_title":"Bruna - Hirsiset - Kak\u0161no vrsto lesene hi\u0161e si \u017eelite?","og_description":"Kak\u0161no vrsto lesene hi\u0161e si \u017eelite? Kak\u0161na bruna so vam v\u0161e\u010d? V ponudbi imamo veliko razli\u010dnih dimenzij in vrst lesenih brun.","og_url":"https:\/\/www.hirsiset.com\/sl\/bruna\/","og_site_name":"Hirsiset","article_publisher":"https:\/\/www.facebook.com\/Hirsiset\/","article_modified_time":"2026-04-03T06:26:44+00:00","twitter_card":"summary_large_image","twitter_site":"@hirsiset","twitter_misc":{"Est. reading time":"8 minut"},"schema":{"@context":"https:\/\/schema.org","@graph":[{"@type":"WebPage","@id":"https:\/\/www.hirsiset.com\/sl\/bruna\/","url":"https:\/\/www.hirsiset.com\/sl\/bruna\/","name":"Bruna - Hirsiset - Kak\u0161no vrsto lesene hi\u0161e si \u017eelite?","isPartOf":{"@id":"https:\/\/www.hirsiset.com\/sl\/#website"},"datePublished":"2017-01-04T12:03:57+00:00","dateModified":"2026-04-03T06:26:44+00:00","description":"Kak\u0161no vrsto lesene hi\u0161e si \u017eelite? Kak\u0161na bruna so vam v\u0161e\u010d? V ponudbi imamo veliko razli\u010dnih dimenzij in vrst lesenih brun.","breadcrumb":{"@id":"https:\/\/www.hirsiset.com\/sl\/bruna\/#breadcrumb"},"inLanguage":"sl-SI","potentialAction":[{"@type":"ReadAction","target":["https:\/\/www.hirsiset.com\/sl\/bruna\/"]}]},{"@type":"BreadcrumbList","@id":"https:\/\/www.hirsiset.com\/sl\/bruna\/#breadcrumb","itemListElement":[{"@type":"ListItem","position":1,"name":"Home","item":"https:\/\/www.hirsiset.com\/sl\/"},{"@type":"ListItem","position":2,"name":"Bruna"}]},{"@type":"WebSite","@id":"https:\/\/www.hirsiset.com\/sl\/#website","url":"https:\/\/www.hirsiset.com\/sl\/","name":"Hirsiset","description":"Hirsitaloja yli 30-vuoden kokemuksella","publisher":{"@id":"https:\/\/www.hirsiset.com\/sl\/#organization"},"potentialAction":[{"@type":"SearchAction","target":{"@type":"EntryPoint","urlTemplate":"https:\/\/www.hirsiset.com\/sl\/?s={search_term_string}"},"query-input":{"@type":"PropertyValueSpecification","valueRequired":true,"valueName":"search_term_string"}}],"inLanguage":"sl-SI"},{"@type":"Organization","@id":"https:\/\/www.hirsiset.com\/sl\/#organization","name":"Oulun Hirsiset Oy","url":"https:\/\/www.hirsiset.com\/sl\/","logo":{"@type":"ImageObject","inLanguage":"sl-SI","@id":"https:\/\/www.hirsiset.com\/sl\/#\/schema\/logo\/image\/","url":"https:\/\/www.hirsiset.com\/wp-content\/uploads\/Hirsiset_logo65px.png","contentUrl":"https:\/\/www.hirsiset.com\/wp-content\/uploads\/Hirsiset_logo65px.png","width":299,"height":65,"caption":"Oulun Hirsiset Oy"},"image":{"@id":"https:\/\/www.hirsiset.com\/sl\/#\/schema\/logo\/image\/"},"sameAs":["https:\/\/www.facebook.com\/Hirsiset\/","https:\/\/x.com\/hirsiset","https:\/\/www.instagram.com\/hirsiset_oy\/"]}]}},"_links":{"self":[{"href":"https:\/\/www.hirsiset.com\/sl\/wp-json\/wp\/v2\/pages\/29979","targetHints":{"allow":["GET"]}}],"collection":[{"href":"https:\/\/www.hirsiset.com\/sl\/wp-json\/wp\/v2\/pages"}],"about":[{"href":"https:\/\/www.hirsiset.com\/sl\/wp-json\/wp\/v2\/types\/page"}],"author":[{"embeddable":true,"href":"https:\/\/www.hirsiset.com\/sl\/wp-json\/wp\/v2\/users\/1"}],"replies":[{"embeddable":true,"href":"https:\/\/www.hirsiset.com\/sl\/wp-json\/wp\/v2\/comments?post=29979"}],"version-history":[{"count":9,"href":"https:\/\/www.hirsiset.com\/sl\/wp-json\/wp\/v2\/pages\/29979\/revisions"}],"predecessor-version":[{"id":36520,"href":"https:\/\/www.hirsiset.com\/sl\/wp-json\/wp\/v2\/pages\/29979\/revisions\/36520"}],"wp:attachment":[{"href":"https:\/\/www.hirsiset.com\/sl\/wp-json\/wp\/v2\/media?parent=29979"}],"curies":[{"name":"wp","href":"https:\/\/api.w.org\/{rel}","templated":true}]}}