{"id":33596,"date":"2019-08-28T09:26:41","date_gmt":"2019-08-28T06:26:41","guid":{"rendered":"https:\/\/www.hirsiset.com\/log-house\/river-oulu\/"},"modified":"2025-06-04T10:21:47","modified_gmt":"2025-06-04T07:21:47","slug":"river-oulu","status":"publish","type":"page","link":"https:\/\/www.hirsiset.com\/pl\/dom-z-bali\/river-oulu\/","title":{"rendered":"River Oulu"},"content":{"rendered":"<div class=\"wpb-content-wrapper\"><p>[vc_row][vc_column][vc_column_text css=&#8221;&#8221;]Kolekcja dom\u00f3w z bali Hirsiset River Oulu to \u015bwie\u017ce, nowoczesne i w pe\u0142ni konfigurowalne rozwi\u0105zania, kt\u00f3re mo\u017cna dopasowa\u0107 do indywidualnych \u017cycze\u0144 i potrzeb ka\u017cdego klienta. Od ma\u0142ych saun po du\u017ce domy rodzinne &#8211; wszystkie nowe modele s\u0105 zaprojektowane tak, aby spe\u0142nia\u0107 wsp\u00f3\u0142czesne wymagania. Zale\u017cy nam, aby nasze domy z bali by\u0142y praktyczne i wygodne w codziennym u\u017cytkowaniu, nie zapominaj\u0105c przy tym o ich walorach estetycznych. Szczeg\u00f3ln\u0105 uwag\u0119 po\u015bwi\u0119cili\u015bmy funkcjonalnym rozwi\u0105zaniom przestrzennym w takich obszarach jak kuchnia, pomieszczenia gospodarcze i miejsca do przechowywania.<\/p>\n<p>Jedn\u0105 z kluczowych cech domu z bali jest rozwi\u0105zanie <a href=\"https:\/\/www.hirsiset.com\/pl\/bale\/\">naro\u017cnik\u00f3w<\/a>. Wybierzesz tradycyjne z\u0142\u0105cze, dyskretne z\u0142\u0105cze typu box, nowoczesne z\u0142\u0105cze miejskie czy imponuj\u0105ce z\u0142\u0105cze jask\u00f3\u0142czy ogon? Marzysz o podwy\u017cszonej i przestronnej strefie dziennej? Szczeg\u00f3lnie jednospadowa konstrukcja dachu zapewnia wysokie, otwarte przestrzenie w strefie dziennej. Prawie wszystkie modele z kolekcji mo\u017cna zaprojektowa\u0107 z preferowanym typem dachu: tradycyjnym dwuspadowym, jednospadowym lub skandynawskim dwuspadowym. Rozwi\u0105zania tarasowe, wymiary okien, kolor domu z bali oraz drobne detale wn\u0119trza i elewacji tworz\u0105 spersonalizowan\u0105 ca\u0142o\u015b\u0107. Chcesz zakupi\u0107 wy\u0142\u0105cznie okre\u015blone materia\u0142y drewniane czy mo\u017ce gotowy pakiet <a href=\"https:\/\/www.hirsiset.com\/pl\/dom-z-bali\/\">domu z bali do samodzielnego monta\u017cu<\/a>? Wszystko jest mo\u017cliwe, poniewa\u017c dostarczamy domy dok\u0142adnie z tak\u0105 zawarto\u015bci\u0105 dostawy, jak\u0105 sobie \u017cyczysz.<\/p>\n<p>W Hirsiset zawsze projektujemy domy z bali wsp\u00f3lnie z klientem, aby idealnie odpowiada\u0142y Twoim potrzebom i preferencjom. <a href=\"https:\/\/www.hirsiset.com\/pl\/dystrybutorzy\/\">Skontaktuj si\u0119 z nami<\/a>, aby rozpocz\u0105\u0107 projektowanie wymarzonego domu![\/vc_column_text][vc_empty_space][\/vc_column][\/vc_row][vc_row][vc_column width=&#8221;1\/4&#8243;][vc_column_text css=&#8221;.vc_custom_1748586548487{padding-top: 0px !important;padding-bottom: 0px !important;}&#8221;]<a href=\"https:\/\/www.ark-stenius.fi\/\"><img loading=\"lazy\" decoding=\"async\" class=\"alignnone wp-image-11632\" src=\"https:\/\/www.hirsiset.com\/wp-content\/uploads\/Petra-Karjalainen-s.jpg\" alt=\"Petra Stenius\" width=\"178\" height=\"200\" srcset=\"https:\/\/www.hirsiset.com\/wp-content\/uploads\/Petra-Karjalainen-s.jpg 300w, https:\/\/www.hirsiset.com\/wp-content\/uploads\/Petra-Karjalainen-s-267x300.jpg 267w\" sizes=\"auto, (max-width: 178px) 100vw, 178px\" \/><\/a><\/p>\n<p><em>Kolekcja River Oulu zosta\u0142a zaprojektowana we wsp\u00f3\u0142pracy z projektantk\u0105 <a href=\"https:\/\/www.ark-stenius.fi\/\">Petra Stenius<\/a>.<\/em><\/p>\n<p>[\/vc_column_text][vc_empty_space][\/vc_column][vc_column width=&#8221;3\/4&#8243; css=&#8221;.vc_custom_1617969426442{padding-top: 0px !important;padding-right: 40px !important;padding-bottom: 0px !important;padding-left: 40px !important;}&#8221;][vc_single_image image=&#8221;17043&#8243; img_size=&#8221;full&#8221; alignment=&#8221;center&#8221; onclick=&#8221;custom_link&#8221; css=&#8221;&#8221; link=&#8221;https:\/\/www.hirsiset.com\/pl\/gallery\/pyhakoski\/&#8221;][vc_column_text css=&#8221;&#8221;]<\/p>\n<p style=\"text-align: center;\"><a href=\"https:\/\/www.hirsiset.com\/pl\/gallery\/pyhakoski\/\" target=\"_blank\" rel=\"noopener\"><em>Pyh\u00e4koski photogallery<\/em><\/a><\/p>\n<p>[\/vc_column_text][vc_empty_space][\/vc_column][\/vc_row][vc_row gap=&#8221;20&#8243; css=&#8221;.vc_custom_1625226789196{margin-bottom: 60px !important;background-color: #efefef !important;}&#8221;][vc_column width=&#8221;1\/2&#8243;][vc_single_image image=&#8221;33592&#8243; img_size=&#8221;medium&#8221; alignment=&#8221;center&#8221; image_hovers=&#8221;false&#8221;][\/vc_column][vc_column width=&#8221;1\/2&#8243;][vc_empty_space height=&#8221;20px&#8221;][vc_column_text css=&#8221;&#8221;]<\/p>\n<h4>Pobierz darmow\u0105 broszur\u0119<\/h4>\n<p>Broszura zawiera wszystkie modele kolekcji River Oulu.<\/p>\n<p>Mi\u0142ego czytania!<\/p>\n<p>[\/vc_column_text]<style type=\"text\/css\" data-type=\"the7_shortcodes-inline-css\">#default-btn-b6fbacb6e72f42cef49bbd34082f9b82.ico-right-side > i {\n  margin-right: 0px;\n  margin-left: 8px;\n}\n#default-btn-b6fbacb6e72f42cef49bbd34082f9b82 > i {\n  margin-right: 8px;\n}<\/style><a href=\"https:\/\/www.hirsiset.com\/pl\/pobierz-broszure\/\" class=\"default-btn-shortcode dt-btn dt-btn-l link-hover-off btn-inline-left \" id=\"default-btn-b6fbacb6e72f42cef49bbd34082f9b82\" title=\"Download a brochure\"><span>Pobierz broszur\u0119<\/span><\/a>[vc_empty_space height=&#8221;30px&#8221;][\/vc_column][\/vc_row]<\/p>\n<\/div>","protected":false},"excerpt":{"rendered":"<p>[vc_row][vc_column][vc_column_text css=&#8221;&#8221;]Kolekcja dom\u00f3w z bali Hirsiset River Oulu to \u015bwie\u017ce, nowoczesne i w pe\u0142ni konfigurowalne rozwi\u0105zania, kt\u00f3re mo\u017cna dopasowa\u0107 do indywidualnych \u017cycze\u0144 i potrzeb ka\u017cdego klienta. Od ma\u0142ych saun po du\u017ce domy rodzinne &#8211; wszystkie nowe modele s\u0105 zaprojektowane tak, aby spe\u0142nia\u0107 wsp\u00f3\u0142czesne wymagania. Zale\u017cy nam, aby nasze domy z bali by\u0142y praktyczne i wygodne&hellip;<\/p>\n","protected":false},"author":5,"featured_media":33598,"parent":33585,"menu_order":0,"comment_status":"closed","ping_status":"closed","template":"template-portfolio-masonry.php","meta":{"footnotes":""},"class_list":["post-33596","page","type-page","status-publish","has-post-thumbnail","hentry","description-off"],"yoast_head":"<!-- This site is optimized with the Yoast SEO plugin v27.4 - https:\/\/yoast.com\/product\/yoast-seo-wordpress\/ -->\n<title>Hirsiset - River Oulu Kolekcja dom\u00f3w z bali Hirsiset River Oulu<\/title>\n<meta name=\"description\" content=\"Kolekcja dom\u00f3w z bali Hirsiset River Oulu to \u015bwie\u017ce, nowoczesne i w pe\u0142ni konfigurowalne rozwi\u0105zania, kt\u00f3re mo\u017cna dopasowa\u0107 do indywidualnych \u017cycze\u0144 i potrzeb ka\u017cdego klienta.\" \/>\n<meta name=\"robots\" content=\"index, follow, max-snippet:-1, max-image-preview:large, max-video-preview:-1\" \/>\n<link rel=\"canonical\" href=\"https:\/\/www.hirsiset.com\/pl\/dom-z-bali\/river-oulu\/\" \/>\n<meta property=\"og:locale\" content=\"pl_PL\" \/>\n<meta property=\"og:type\" content=\"article\" \/>\n<meta property=\"og:title\" content=\"Hirsiset - River Oulu Kolekcja dom\u00f3w z bali Hirsiset River Oulu\" \/>\n<meta property=\"og:description\" content=\"Kolekcja dom\u00f3w z bali Hirsiset River Oulu to \u015bwie\u017ce, nowoczesne i w pe\u0142ni konfigurowalne rozwi\u0105zania, kt\u00f3re mo\u017cna dopasowa\u0107 do indywidualnych \u017cycze\u0144 i potrzeb ka\u017cdego klienta.\" \/>\n<meta property=\"og:url\" content=\"https:\/\/www.hirsiset.com\/pl\/dom-z-bali\/river-oulu\/\" \/>\n<meta property=\"og:site_name\" content=\"Hirsiset\" \/>\n<meta property=\"article:publisher\" content=\"https:\/\/www.facebook.com\/Hirsiset\/\" \/>\n<meta property=\"article:modified_time\" content=\"2025-06-04T07:21:47+00:00\" \/>\n<meta property=\"og:image\" content=\"https:\/\/www.hirsiset.com\/wp-content\/uploads\/moderni-kaksikerroksinen-hirsitalo.jpg\" \/>\n\t<meta property=\"og:image:width\" content=\"1500\" \/>\n\t<meta property=\"og:image:height\" content=\"1001\" \/>\n\t<meta property=\"og:image:type\" content=\"image\/jpeg\" \/>\n<meta name=\"twitter:card\" content=\"summary_large_image\" \/>\n<meta name=\"twitter:site\" content=\"@hirsiset\" \/>\n<meta name=\"twitter:label1\" content=\"Szacowany czas czytania\" \/>\n\t<meta name=\"twitter:data1\" content=\"3 minuty\" \/>\n<script type=\"application\/ld+json\" class=\"yoast-schema-graph\">{\"@context\":\"https:\\\/\\\/schema.org\",\"@graph\":[{\"@type\":\"WebPage\",\"@id\":\"https:\\\/\\\/www.hirsiset.com\\\/pl\\\/dom-z-bali\\\/river-oulu\\\/\",\"url\":\"https:\\\/\\\/www.hirsiset.com\\\/pl\\\/dom-z-bali\\\/river-oulu\\\/\",\"name\":\"Hirsiset - River Oulu Kolekcja dom\u00f3w z bali Hirsiset River Oulu\",\"isPartOf\":{\"@id\":\"https:\\\/\\\/www.hirsiset.com\\\/pl\\\/#website\"},\"primaryImageOfPage\":{\"@id\":\"https:\\\/\\\/www.hirsiset.com\\\/pl\\\/dom-z-bali\\\/river-oulu\\\/#primaryimage\"},\"image\":{\"@id\":\"https:\\\/\\\/www.hirsiset.com\\\/pl\\\/dom-z-bali\\\/river-oulu\\\/#primaryimage\"},\"thumbnailUrl\":\"https:\\\/\\\/www.hirsiset.com\\\/wp-content\\\/uploads\\\/moderni-kaksikerroksinen-hirsitalo.jpg\",\"datePublished\":\"2019-08-28T06:26:41+00:00\",\"dateModified\":\"2025-06-04T07:21:47+00:00\",\"description\":\"Kolekcja dom\u00f3w z bali Hirsiset River Oulu to \u015bwie\u017ce, nowoczesne i w pe\u0142ni konfigurowalne rozwi\u0105zania, kt\u00f3re mo\u017cna dopasowa\u0107 do indywidualnych \u017cycze\u0144 i potrzeb ka\u017cdego klienta.\",\"breadcrumb\":{\"@id\":\"https:\\\/\\\/www.hirsiset.com\\\/pl\\\/dom-z-bali\\\/river-oulu\\\/#breadcrumb\"},\"inLanguage\":\"pl-PL\",\"potentialAction\":[{\"@type\":\"ReadAction\",\"target\":[\"https:\\\/\\\/www.hirsiset.com\\\/pl\\\/dom-z-bali\\\/river-oulu\\\/\"]}]},{\"@type\":\"ImageObject\",\"inLanguage\":\"pl-PL\",\"@id\":\"https:\\\/\\\/www.hirsiset.com\\\/pl\\\/dom-z-bali\\\/river-oulu\\\/#primaryimage\",\"url\":\"https:\\\/\\\/www.hirsiset.com\\\/wp-content\\\/uploads\\\/moderni-kaksikerroksinen-hirsitalo.jpg\",\"contentUrl\":\"https:\\\/\\\/www.hirsiset.com\\\/wp-content\\\/uploads\\\/moderni-kaksikerroksinen-hirsitalo.jpg\",\"width\":1500,\"height\":1001},{\"@type\":\"BreadcrumbList\",\"@id\":\"https:\\\/\\\/www.hirsiset.com\\\/pl\\\/dom-z-bali\\\/river-oulu\\\/#breadcrumb\",\"itemListElement\":[{\"@type\":\"ListItem\",\"position\":1,\"name\":\"Home\",\"item\":\"https:\\\/\\\/www.hirsiset.com\\\/pl\\\/\"},{\"@type\":\"ListItem\",\"position\":2,\"name\":\"Modele dom\u00f3w\",\"item\":\"https:\\\/\\\/www.hirsiset.com\\\/pl\\\/dom-z-bali\\\/\"},{\"@type\":\"ListItem\",\"position\":3,\"name\":\"River Oulu\"}]},{\"@type\":\"WebSite\",\"@id\":\"https:\\\/\\\/www.hirsiset.com\\\/pl\\\/#website\",\"url\":\"https:\\\/\\\/www.hirsiset.com\\\/pl\\\/\",\"name\":\"Hirsiset\",\"description\":\"Hirsitaloja yli 30-vuoden kokemuksella\",\"publisher\":{\"@id\":\"https:\\\/\\\/www.hirsiset.com\\\/pl\\\/#organization\"},\"potentialAction\":[{\"@type\":\"SearchAction\",\"target\":{\"@type\":\"EntryPoint\",\"urlTemplate\":\"https:\\\/\\\/www.hirsiset.com\\\/pl\\\/?s={search_term_string}\"},\"query-input\":{\"@type\":\"PropertyValueSpecification\",\"valueRequired\":true,\"valueName\":\"search_term_string\"}}],\"inLanguage\":\"pl-PL\"},{\"@type\":\"Organization\",\"@id\":\"https:\\\/\\\/www.hirsiset.com\\\/pl\\\/#organization\",\"name\":\"Oulun Hirsiset Oy\",\"url\":\"https:\\\/\\\/www.hirsiset.com\\\/pl\\\/\",\"logo\":{\"@type\":\"ImageObject\",\"inLanguage\":\"pl-PL\",\"@id\":\"https:\\\/\\\/www.hirsiset.com\\\/pl\\\/#\\\/schema\\\/logo\\\/image\\\/\",\"url\":\"https:\\\/\\\/www.hirsiset.com\\\/wp-content\\\/uploads\\\/Hirsiset_logo65px.png\",\"contentUrl\":\"https:\\\/\\\/www.hirsiset.com\\\/wp-content\\\/uploads\\\/Hirsiset_logo65px.png\",\"width\":299,\"height\":65,\"caption\":\"Oulun Hirsiset Oy\"},\"image\":{\"@id\":\"https:\\\/\\\/www.hirsiset.com\\\/pl\\\/#\\\/schema\\\/logo\\\/image\\\/\"},\"sameAs\":[\"https:\\\/\\\/www.facebook.com\\\/Hirsiset\\\/\",\"https:\\\/\\\/x.com\\\/hirsiset\",\"https:\\\/\\\/www.instagram.com\\\/hirsiset_oy\\\/\"]}]}<\/script>\n<!-- \/ Yoast SEO plugin. -->","yoast_head_json":{"title":"Hirsiset - River Oulu Kolekcja dom\u00f3w z bali Hirsiset River Oulu","description":"Kolekcja dom\u00f3w z bali Hirsiset River Oulu to \u015bwie\u017ce, nowoczesne i w pe\u0142ni konfigurowalne rozwi\u0105zania, kt\u00f3re mo\u017cna dopasowa\u0107 do indywidualnych \u017cycze\u0144 i potrzeb ka\u017cdego klienta.","robots":{"index":"index","follow":"follow","max-snippet":"max-snippet:-1","max-image-preview":"max-image-preview:large","max-video-preview":"max-video-preview:-1"},"canonical":"https:\/\/www.hirsiset.com\/pl\/dom-z-bali\/river-oulu\/","og_locale":"pl_PL","og_type":"article","og_title":"Hirsiset - River Oulu Kolekcja dom\u00f3w z bali Hirsiset River Oulu","og_description":"Kolekcja dom\u00f3w z bali Hirsiset River Oulu to \u015bwie\u017ce, nowoczesne i w pe\u0142ni konfigurowalne rozwi\u0105zania, kt\u00f3re mo\u017cna dopasowa\u0107 do indywidualnych \u017cycze\u0144 i potrzeb ka\u017cdego klienta.","og_url":"https:\/\/www.hirsiset.com\/pl\/dom-z-bali\/river-oulu\/","og_site_name":"Hirsiset","article_publisher":"https:\/\/www.facebook.com\/Hirsiset\/","article_modified_time":"2025-06-04T07:21:47+00:00","og_image":[{"width":1500,"height":1001,"url":"https:\/\/www.hirsiset.com\/wp-content\/uploads\/moderni-kaksikerroksinen-hirsitalo.jpg","type":"image\/jpeg"}],"twitter_card":"summary_large_image","twitter_site":"@hirsiset","twitter_misc":{"Szacowany czas czytania":"3 minuty"},"schema":{"@context":"https:\/\/schema.org","@graph":[{"@type":"WebPage","@id":"https:\/\/www.hirsiset.com\/pl\/dom-z-bali\/river-oulu\/","url":"https:\/\/www.hirsiset.com\/pl\/dom-z-bali\/river-oulu\/","name":"Hirsiset - River Oulu Kolekcja dom\u00f3w z bali Hirsiset River Oulu","isPartOf":{"@id":"https:\/\/www.hirsiset.com\/pl\/#website"},"primaryImageOfPage":{"@id":"https:\/\/www.hirsiset.com\/pl\/dom-z-bali\/river-oulu\/#primaryimage"},"image":{"@id":"https:\/\/www.hirsiset.com\/pl\/dom-z-bali\/river-oulu\/#primaryimage"},"thumbnailUrl":"https:\/\/www.hirsiset.com\/wp-content\/uploads\/moderni-kaksikerroksinen-hirsitalo.jpg","datePublished":"2019-08-28T06:26:41+00:00","dateModified":"2025-06-04T07:21:47+00:00","description":"Kolekcja dom\u00f3w z bali Hirsiset River Oulu to \u015bwie\u017ce, nowoczesne i w pe\u0142ni konfigurowalne rozwi\u0105zania, kt\u00f3re mo\u017cna dopasowa\u0107 do indywidualnych \u017cycze\u0144 i potrzeb ka\u017cdego klienta.","breadcrumb":{"@id":"https:\/\/www.hirsiset.com\/pl\/dom-z-bali\/river-oulu\/#breadcrumb"},"inLanguage":"pl-PL","potentialAction":[{"@type":"ReadAction","target":["https:\/\/www.hirsiset.com\/pl\/dom-z-bali\/river-oulu\/"]}]},{"@type":"ImageObject","inLanguage":"pl-PL","@id":"https:\/\/www.hirsiset.com\/pl\/dom-z-bali\/river-oulu\/#primaryimage","url":"https:\/\/www.hirsiset.com\/wp-content\/uploads\/moderni-kaksikerroksinen-hirsitalo.jpg","contentUrl":"https:\/\/www.hirsiset.com\/wp-content\/uploads\/moderni-kaksikerroksinen-hirsitalo.jpg","width":1500,"height":1001},{"@type":"BreadcrumbList","@id":"https:\/\/www.hirsiset.com\/pl\/dom-z-bali\/river-oulu\/#breadcrumb","itemListElement":[{"@type":"ListItem","position":1,"name":"Home","item":"https:\/\/www.hirsiset.com\/pl\/"},{"@type":"ListItem","position":2,"name":"Modele dom\u00f3w","item":"https:\/\/www.hirsiset.com\/pl\/dom-z-bali\/"},{"@type":"ListItem","position":3,"name":"River Oulu"}]},{"@type":"WebSite","@id":"https:\/\/www.hirsiset.com\/pl\/#website","url":"https:\/\/www.hirsiset.com\/pl\/","name":"Hirsiset","description":"Hirsitaloja yli 30-vuoden kokemuksella","publisher":{"@id":"https:\/\/www.hirsiset.com\/pl\/#organization"},"potentialAction":[{"@type":"SearchAction","target":{"@type":"EntryPoint","urlTemplate":"https:\/\/www.hirsiset.com\/pl\/?s={search_term_string}"},"query-input":{"@type":"PropertyValueSpecification","valueRequired":true,"valueName":"search_term_string"}}],"inLanguage":"pl-PL"},{"@type":"Organization","@id":"https:\/\/www.hirsiset.com\/pl\/#organization","name":"Oulun Hirsiset Oy","url":"https:\/\/www.hirsiset.com\/pl\/","logo":{"@type":"ImageObject","inLanguage":"pl-PL","@id":"https:\/\/www.hirsiset.com\/pl\/#\/schema\/logo\/image\/","url":"https:\/\/www.hirsiset.com\/wp-content\/uploads\/Hirsiset_logo65px.png","contentUrl":"https:\/\/www.hirsiset.com\/wp-content\/uploads\/Hirsiset_logo65px.png","width":299,"height":65,"caption":"Oulun Hirsiset Oy"},"image":{"@id":"https:\/\/www.hirsiset.com\/pl\/#\/schema\/logo\/image\/"},"sameAs":["https:\/\/www.facebook.com\/Hirsiset\/","https:\/\/x.com\/hirsiset","https:\/\/www.instagram.com\/hirsiset_oy\/"]}]}},"_links":{"self":[{"href":"https:\/\/www.hirsiset.com\/pl\/wp-json\/wp\/v2\/pages\/33596","targetHints":{"allow":["GET"]}}],"collection":[{"href":"https:\/\/www.hirsiset.com\/pl\/wp-json\/wp\/v2\/pages"}],"about":[{"href":"https:\/\/www.hirsiset.com\/pl\/wp-json\/wp\/v2\/types\/page"}],"author":[{"embeddable":true,"href":"https:\/\/www.hirsiset.com\/pl\/wp-json\/wp\/v2\/users\/5"}],"replies":[{"embeddable":true,"href":"https:\/\/www.hirsiset.com\/pl\/wp-json\/wp\/v2\/comments?post=33596"}],"version-history":[{"count":4,"href":"https:\/\/www.hirsiset.com\/pl\/wp-json\/wp\/v2\/pages\/33596\/revisions"}],"predecessor-version":[{"id":34415,"href":"https:\/\/www.hirsiset.com\/pl\/wp-json\/wp\/v2\/pages\/33596\/revisions\/34415"}],"up":[{"embeddable":true,"href":"https:\/\/www.hirsiset.com\/pl\/wp-json\/wp\/v2\/pages\/33585"}],"wp:featuredmedia":[{"embeddable":true,"href":"https:\/\/www.hirsiset.com\/pl\/wp-json\/wp\/v2\/media\/33598"}],"wp:attachment":[{"href":"https:\/\/www.hirsiset.com\/pl\/wp-json\/wp\/v2\/media?parent=33596"}],"curies":[{"name":"wp","href":"https:\/\/api.w.org\/{rel}","templated":true}]}}