{"id":33590,"date":"2020-12-30T14:15:12","date_gmt":"2020-12-30T12:15:12","guid":{"rendered":"https:\/\/www.hirsiset.com\/hirsiset-life\/"},"modified":"2025-05-27T13:13:21","modified_gmt":"2025-05-27T10:13:21","slug":"hirsiset-life","status":"publish","type":"page","link":"https:\/\/www.hirsiset.com\/pl\/hirsiset-life\/","title":{"rendered":"HIRSISET \u017bYCIE"},"content":{"rendered":"<p>Ekologiczny charakter domu z bali to wa\u017cna warto\u015b\u0107. Ekologii i przyjazno\u015bci dla \u015brodowiska, jest jednym z powod\u00f3w, dla kt\u00f3rych domy z bali zyskuj\u0105 coraz wi\u0119ksz\u0105 popularno\u015b\u0107.<\/p>\n","protected":false},"excerpt":{"rendered":"<p>Ekologiczny charakter domu z bali to wa\u017cna warto\u015b\u0107. Ekologii i przyjazno\u015bci dla \u015brodowiska, jest jednym z powod\u00f3w, dla kt\u00f3rych domy z bali zyskuj\u0105 coraz wi\u0119ksz\u0105 popularno\u015b\u0107.<\/p>\n","protected":false},"author":1,"featured_media":0,"parent":0,"menu_order":0,"comment_status":"closed","ping_status":"closed","template":"template-blog-masonry.php","meta":{"footnotes":""},"class_list":["post-33590","page","type-page","status-publish","hentry","description-off"],"yoast_head":"<!-- This site is optimized with the Yoast SEO plugin v27.4 - https:\/\/yoast.com\/product\/yoast-seo-wordpress\/ -->\n<title>HIRSISET \u017bYCIE - Ekologiczny charakter domu z bali to wa\u017cna warto\u015b\u0107<\/title>\n<meta name=\"description\" content=\"Ekologiczny charakter domu z bali to wa\u017cna warto\u015b\u0107. Ekologii i przyjazno\u015bci dla \u015brodowiska, jest jednym z powod\u00f3w, dla kt\u00f3rych domy z bali zyskuj\u0105 coraz wi\u0119ksz\u0105 popularno\u015b\u0107.\" \/>\n<meta name=\"robots\" content=\"index, follow, max-snippet:-1, max-image-preview:large, max-video-preview:-1\" \/>\n<link rel=\"canonical\" href=\"https:\/\/www.hirsiset.com\/pl\/hirsiset-life\/\" \/>\n<meta property=\"og:locale\" content=\"pl_PL\" \/>\n<meta property=\"og:type\" content=\"article\" \/>\n<meta property=\"og:title\" content=\"HIRSISET \u017bYCIE - Ekologiczny charakter domu z bali to wa\u017cna warto\u015b\u0107\" \/>\n<meta property=\"og:description\" content=\"Ekologiczny charakter domu z bali to wa\u017cna warto\u015b\u0107. Ekologii i przyjazno\u015bci dla \u015brodowiska, jest jednym z powod\u00f3w, dla kt\u00f3rych domy z bali zyskuj\u0105 coraz wi\u0119ksz\u0105 popularno\u015b\u0107.\" \/>\n<meta property=\"og:url\" content=\"https:\/\/www.hirsiset.com\/pl\/hirsiset-life\/\" \/>\n<meta property=\"og:site_name\" content=\"Hirsiset\" \/>\n<meta property=\"article:publisher\" content=\"https:\/\/www.facebook.com\/Hirsiset\/\" \/>\n<meta property=\"article:modified_time\" content=\"2025-05-27T10:13:21+00:00\" \/>\n<meta name=\"twitter:card\" content=\"summary_large_image\" \/>\n<meta name=\"twitter:site\" content=\"@hirsiset\" \/>\n<meta name=\"twitter:label1\" content=\"Szacowany czas czytania\" \/>\n\t<meta name=\"twitter:data1\" content=\"1 minuta\" \/>\n<script type=\"application\/ld+json\" class=\"yoast-schema-graph\">{\"@context\":\"https:\\\/\\\/schema.org\",\"@graph\":[{\"@type\":\"WebPage\",\"@id\":\"https:\\\/\\\/www.hirsiset.com\\\/pl\\\/hirsiset-life\\\/\",\"url\":\"https:\\\/\\\/www.hirsiset.com\\\/pl\\\/hirsiset-life\\\/\",\"name\":\"HIRSISET \u017bYCIE - Ekologiczny charakter domu z bali to wa\u017cna warto\u015b\u0107\",\"isPartOf\":{\"@id\":\"https:\\\/\\\/www.hirsiset.com\\\/pl\\\/#website\"},\"datePublished\":\"2020-12-30T12:15:12+00:00\",\"dateModified\":\"2025-05-27T10:13:21+00:00\",\"description\":\"Ekologiczny charakter domu z bali to wa\u017cna warto\u015b\u0107. Ekologii i przyjazno\u015bci dla \u015brodowiska, jest jednym z powod\u00f3w, dla kt\u00f3rych domy z bali zyskuj\u0105 coraz wi\u0119ksz\u0105 popularno\u015b\u0107.\",\"breadcrumb\":{\"@id\":\"https:\\\/\\\/www.hirsiset.com\\\/pl\\\/hirsiset-life\\\/#breadcrumb\"},\"inLanguage\":\"pl-PL\",\"potentialAction\":[{\"@type\":\"ReadAction\",\"target\":[\"https:\\\/\\\/www.hirsiset.com\\\/pl\\\/hirsiset-life\\\/\"]}]},{\"@type\":\"BreadcrumbList\",\"@id\":\"https:\\\/\\\/www.hirsiset.com\\\/pl\\\/hirsiset-life\\\/#breadcrumb\",\"itemListElement\":[{\"@type\":\"ListItem\",\"position\":1,\"name\":\"Home\",\"item\":\"https:\\\/\\\/www.hirsiset.com\\\/pl\\\/\"},{\"@type\":\"ListItem\",\"position\":2,\"name\":\"HIRSISET \u017bYCIE\"}]},{\"@type\":\"WebSite\",\"@id\":\"https:\\\/\\\/www.hirsiset.com\\\/pl\\\/#website\",\"url\":\"https:\\\/\\\/www.hirsiset.com\\\/pl\\\/\",\"name\":\"Hirsiset\",\"description\":\"Hirsitaloja yli 30-vuoden kokemuksella\",\"publisher\":{\"@id\":\"https:\\\/\\\/www.hirsiset.com\\\/pl\\\/#organization\"},\"potentialAction\":[{\"@type\":\"SearchAction\",\"target\":{\"@type\":\"EntryPoint\",\"urlTemplate\":\"https:\\\/\\\/www.hirsiset.com\\\/pl\\\/?s={search_term_string}\"},\"query-input\":{\"@type\":\"PropertyValueSpecification\",\"valueRequired\":true,\"valueName\":\"search_term_string\"}}],\"inLanguage\":\"pl-PL\"},{\"@type\":\"Organization\",\"@id\":\"https:\\\/\\\/www.hirsiset.com\\\/pl\\\/#organization\",\"name\":\"Oulun Hirsiset Oy\",\"url\":\"https:\\\/\\\/www.hirsiset.com\\\/pl\\\/\",\"logo\":{\"@type\":\"ImageObject\",\"inLanguage\":\"pl-PL\",\"@id\":\"https:\\\/\\\/www.hirsiset.com\\\/pl\\\/#\\\/schema\\\/logo\\\/image\\\/\",\"url\":\"https:\\\/\\\/www.hirsiset.com\\\/wp-content\\\/uploads\\\/Hirsiset_logo65px.png\",\"contentUrl\":\"https:\\\/\\\/www.hirsiset.com\\\/wp-content\\\/uploads\\\/Hirsiset_logo65px.png\",\"width\":299,\"height\":65,\"caption\":\"Oulun Hirsiset Oy\"},\"image\":{\"@id\":\"https:\\\/\\\/www.hirsiset.com\\\/pl\\\/#\\\/schema\\\/logo\\\/image\\\/\"},\"sameAs\":[\"https:\\\/\\\/www.facebook.com\\\/Hirsiset\\\/\",\"https:\\\/\\\/x.com\\\/hirsiset\",\"https:\\\/\\\/www.instagram.com\\\/hirsiset_oy\\\/\"]}]}<\/script>\n<!-- \/ Yoast SEO plugin. -->","yoast_head_json":{"title":"HIRSISET \u017bYCIE - Ekologiczny charakter domu z bali to wa\u017cna warto\u015b\u0107","description":"Ekologiczny charakter domu z bali to wa\u017cna warto\u015b\u0107. Ekologii i przyjazno\u015bci dla \u015brodowiska, jest jednym z powod\u00f3w, dla kt\u00f3rych domy z bali zyskuj\u0105 coraz wi\u0119ksz\u0105 popularno\u015b\u0107.","robots":{"index":"index","follow":"follow","max-snippet":"max-snippet:-1","max-image-preview":"max-image-preview:large","max-video-preview":"max-video-preview:-1"},"canonical":"https:\/\/www.hirsiset.com\/pl\/hirsiset-life\/","og_locale":"pl_PL","og_type":"article","og_title":"HIRSISET \u017bYCIE - Ekologiczny charakter domu z bali to wa\u017cna warto\u015b\u0107","og_description":"Ekologiczny charakter domu z bali to wa\u017cna warto\u015b\u0107. Ekologii i przyjazno\u015bci dla \u015brodowiska, jest jednym z powod\u00f3w, dla kt\u00f3rych domy z bali zyskuj\u0105 coraz wi\u0119ksz\u0105 popularno\u015b\u0107.","og_url":"https:\/\/www.hirsiset.com\/pl\/hirsiset-life\/","og_site_name":"Hirsiset","article_publisher":"https:\/\/www.facebook.com\/Hirsiset\/","article_modified_time":"2025-05-27T10:13:21+00:00","twitter_card":"summary_large_image","twitter_site":"@hirsiset","twitter_misc":{"Szacowany czas czytania":"1 minuta"},"schema":{"@context":"https:\/\/schema.org","@graph":[{"@type":"WebPage","@id":"https:\/\/www.hirsiset.com\/pl\/hirsiset-life\/","url":"https:\/\/www.hirsiset.com\/pl\/hirsiset-life\/","name":"HIRSISET \u017bYCIE - Ekologiczny charakter domu z bali to wa\u017cna warto\u015b\u0107","isPartOf":{"@id":"https:\/\/www.hirsiset.com\/pl\/#website"},"datePublished":"2020-12-30T12:15:12+00:00","dateModified":"2025-05-27T10:13:21+00:00","description":"Ekologiczny charakter domu z bali to wa\u017cna warto\u015b\u0107. Ekologii i przyjazno\u015bci dla \u015brodowiska, jest jednym z powod\u00f3w, dla kt\u00f3rych domy z bali zyskuj\u0105 coraz wi\u0119ksz\u0105 popularno\u015b\u0107.","breadcrumb":{"@id":"https:\/\/www.hirsiset.com\/pl\/hirsiset-life\/#breadcrumb"},"inLanguage":"pl-PL","potentialAction":[{"@type":"ReadAction","target":["https:\/\/www.hirsiset.com\/pl\/hirsiset-life\/"]}]},{"@type":"BreadcrumbList","@id":"https:\/\/www.hirsiset.com\/pl\/hirsiset-life\/#breadcrumb","itemListElement":[{"@type":"ListItem","position":1,"name":"Home","item":"https:\/\/www.hirsiset.com\/pl\/"},{"@type":"ListItem","position":2,"name":"HIRSISET \u017bYCIE"}]},{"@type":"WebSite","@id":"https:\/\/www.hirsiset.com\/pl\/#website","url":"https:\/\/www.hirsiset.com\/pl\/","name":"Hirsiset","description":"Hirsitaloja yli 30-vuoden kokemuksella","publisher":{"@id":"https:\/\/www.hirsiset.com\/pl\/#organization"},"potentialAction":[{"@type":"SearchAction","target":{"@type":"EntryPoint","urlTemplate":"https:\/\/www.hirsiset.com\/pl\/?s={search_term_string}"},"query-input":{"@type":"PropertyValueSpecification","valueRequired":true,"valueName":"search_term_string"}}],"inLanguage":"pl-PL"},{"@type":"Organization","@id":"https:\/\/www.hirsiset.com\/pl\/#organization","name":"Oulun Hirsiset Oy","url":"https:\/\/www.hirsiset.com\/pl\/","logo":{"@type":"ImageObject","inLanguage":"pl-PL","@id":"https:\/\/www.hirsiset.com\/pl\/#\/schema\/logo\/image\/","url":"https:\/\/www.hirsiset.com\/wp-content\/uploads\/Hirsiset_logo65px.png","contentUrl":"https:\/\/www.hirsiset.com\/wp-content\/uploads\/Hirsiset_logo65px.png","width":299,"height":65,"caption":"Oulun Hirsiset Oy"},"image":{"@id":"https:\/\/www.hirsiset.com\/pl\/#\/schema\/logo\/image\/"},"sameAs":["https:\/\/www.facebook.com\/Hirsiset\/","https:\/\/x.com\/hirsiset","https:\/\/www.instagram.com\/hirsiset_oy\/"]}]}},"_links":{"self":[{"href":"https:\/\/www.hirsiset.com\/pl\/wp-json\/wp\/v2\/pages\/33590","targetHints":{"allow":["GET"]}}],"collection":[{"href":"https:\/\/www.hirsiset.com\/pl\/wp-json\/wp\/v2\/pages"}],"about":[{"href":"https:\/\/www.hirsiset.com\/pl\/wp-json\/wp\/v2\/types\/page"}],"author":[{"embeddable":true,"href":"https:\/\/www.hirsiset.com\/pl\/wp-json\/wp\/v2\/users\/1"}],"replies":[{"embeddable":true,"href":"https:\/\/www.hirsiset.com\/pl\/wp-json\/wp\/v2\/comments?post=33590"}],"version-history":[{"count":3,"href":"https:\/\/www.hirsiset.com\/pl\/wp-json\/wp\/v2\/pages\/33590\/revisions"}],"predecessor-version":[{"id":34206,"href":"https:\/\/www.hirsiset.com\/pl\/wp-json\/wp\/v2\/pages\/33590\/revisions\/34206"}],"wp:attachment":[{"href":"https:\/\/www.hirsiset.com\/pl\/wp-json\/wp\/v2\/media?parent=33590"}],"curies":[{"name":"wp","href":"https:\/\/api.w.org\/{rel}","templated":true}]}}