{"id":33571,"date":"2016-04-08T13:05:18","date_gmt":"2016-04-08T11:05:18","guid":{"rendered":"https:\/\/www.hirsiset.com\/delivery\/"},"modified":"2026-04-03T11:34:53","modified_gmt":"2026-04-03T08:34:53","slug":"dostawa","status":"publish","type":"page","link":"https:\/\/www.hirsiset.com\/pl\/dostawa\/","title":{"rendered":"Dostawa"},"content":{"rendered":"<div class=\"wpb-content-wrapper\"><p>[vc_row][vc_column][vc_column_text css=&#8221;&#8221;]Materia\u0142y wchodz\u0105ce w sk\u0142ad dostawy wymarzonego domu z bali s\u0105 starannie dobierane zgodnie z Twoimi preferencjami. Podstawowy pakiet obejmuje sprawdzone, standardowe komponenty, jednak istnieje mo\u017cliwo\u015b\u0107 wyboru materia\u0142\u00f3w wy\u017cszej klasy, kt\u00f3re w pe\u0142ni odpowiadaj\u0105 Twoim indywidualnym wymaganiom. W\u015br\u00f3d opcji do wyboru znajduj\u0105 si\u0119 mi\u0119dzy innymi:<\/p>\n<p>&#8211; Nietypowe rozwi\u0105zania drzwiowe i okienne<br \/>\n&#8211; Alternatywne materia\u0142y wyko\u0144czeniowe wn\u0119trz<br \/>\n&#8211; Personalizowane elementy konstrukcyjne[\/vc_column_text][\/vc_column][\/vc_row][vc_row full_width=&#8221;stretch_row&#8221; type=&#8221;vc_default&#8221; bg_type=&#8221;bg_color&#8221; bg_override=&#8221;full&#8221; bg_color_value=&#8221;#f2f0ee&#8221; el_id=&#8221;planowanie&#8221;][vc_column width=&#8221;2\/3&#8243;][vc_empty_space height=&#8221;80px&#8221;][vc_column_text css=&#8221;.vc_custom_1748428381204{margin-bottom: 50px !important;}&#8221;]<\/p>\n<h2>Planowanie &amp; Projekt<\/h2>\n<p>Projektowanie wymarzonego domu z bali zaczyna si\u0119 od rozmowy. Nasz personel posiada wiedz\u0119 o r\u00f3\u017cnych mo\u017cliwo\u015bciach i solidne do\u015bwiadczenie w praktycznej realizacji wymarzonego domu z bali. Ch\u0119tnie pomo\u017cemy Ci we wszystkich fazach projektowania.<\/p>\n<p>Domy z bali s\u0105 projektowane przy u\u017cyciu program\u00f3w umo\u017cliwiaj\u0105cych elastyczne projektowanie i produkcj\u0119 zgodnie z Twoimi \u017cyczeniami. Informacje projektowe s\u0105 przesy\u0142ane elektronicznie na linie produkcyjne, a automatyczne maszyny obrabiaj\u0105 ka\u017cdy bal wed\u0142ug Twoich preferencji.<\/p>\n<p>Planowanie zawsze odbywa si\u0119 we wsp\u00f3\u0142pracy z klientem, kt\u00f3ry mo\u017ce sprawdzi\u0107 przed rozpocz\u0119ciem produkcji, czy plany s\u0105 zgodne z jego zam\u00f3wieniem.<\/p>\n<p>[\/vc_column_text][vc_empty_space height=&#8221;40px&#8221;][\/vc_column][vc_column width=&#8221;1\/3&#8243;][vc_empty_space height=&#8221;100px&#8221;][vc_single_image image=&#8221;33574&#8243; img_size=&#8221;large&#8221; css=&#8221;&#8221; image_hovers=&#8221;false&#8221; lazy_loading=&#8221;true&#8221;][vc_empty_space height=&#8221;40px&#8221;][\/vc_column][\/vc_row][vc_row full_width=&#8221;stretch_row&#8221; type=&#8221;vc_default&#8221; margin_bottom=&#8221;0px&#8221; bg_type=&#8221;bg_color&#8221; bg_override=&#8221;full&#8221; bg_color_value=&#8221;#ffffff&#8221; css=&#8221;.vc_custom_1748428484808{background-color: #f2f1ef !important;}&#8221; el_id=&#8221;produkcja&#8221;][vc_column width=&#8221;2\/3&#8243;][vc_empty_space height=&#8221;40px&#8221;][vc_column_text css=&#8221;.vc_custom_1748428548333{margin-bottom: 50px !important;}&#8221;]<\/p>\n<h2>Produkcja<\/h2>\n<p>W nowoczesnej fabryce dom\u00f3w z bali domy nie s\u0105 zwykle produkowane i magazynowane, lecz wytwarzane bezpo\u015brednio na zam\u00f3wienie klienta, zgodnie z jego indywidualnymi \u017cyczeniami. Potrzeby klienta i szybkie terminy dostaw stanowi\u0105 priorytet w procesie budowlanym. Dlatego planowanie i produkcja musz\u0105 by\u0107 wydajne i elastyczne.<\/p>\n<p>Ostateczny rezultat to efekt udanego planowania i dba\u0142o\u015bci o szczeg\u00f3\u0142y. Precyzyjne projektowanie minimalizuje problemy na placu budowy i umo\u017cliwia efektywn\u0105 prefabrykacj\u0119, co skraca czas monta\u017cu.<\/p>\n<p>&nbsp;<\/p>\n<p>[\/vc_column_text][vc_empty_space height=&#8221;40px&#8221;][\/vc_column][vc_column width=&#8221;1\/3&#8243;][vc_empty_space height=&#8221;40px&#8221;][vc_single_image image=&#8221;33537&#8243; img_size=&#8221;large&#8221; css=&#8221;&#8221; image_hovers=&#8221;false&#8221; lazy_loading=&#8221;true&#8221;][vc_empty_space height=&#8221;40px&#8221;][\/vc_column][\/vc_row][vc_row full_width=&#8221;stretch_row&#8221; type=&#8221;vc_default&#8221; margin_bottom=&#8221;0px&#8221; bg_type=&#8221;bg_color&#8221; bg_override=&#8221;full&#8221; bg_color_value=&#8221;#f2f0ee&#8221; css=&#8221;.vc_custom_1748428700464{margin-bottom: 0px !important;}&#8221; el_id=&#8221;logistyka&#8221;][vc_column width=&#8221;2\/3&#8243;][vc_empty_space height=&#8221;40px&#8221;][vc_column_text css=&#8221;.vc_custom_1748428660869{margin-bottom: 50px !important;}&#8221;]<\/p>\n<h2>Logistyka<\/h2>\n<p>W projekcie budowy domu z bali kluczowe jest dostarczenie materia\u0142\u00f3w na miejsce budowy w uzgodnionym terminie &#8211; zar\u00f3wno w Finlandii, jak i za granic\u0105. Hirsiset wsp\u00f3\u0142pracuje z wiarygodnymi partnerami logistycznymi, kt\u00f3rzy zapewniaj\u0105 terminowy transport pakiet\u00f3w budowlanych na plac budowy.<\/p>\n<p>Elementy domu z bali s\u0105 zabezpieczone w kilku pakietach, co chroni wszystkie drewniane cz\u0119\u015bci. Dzi\u0119ki temu materia\u0142y docieraj\u0105 na miejsce budowy w nienaruszonym stanie i czyste.<\/p>\n<p>[\/vc_column_text][vc_empty_space height=&#8221;40px&#8221;][\/vc_column][vc_column width=&#8221;1\/3&#8243;][vc_empty_space height=&#8221;40px&#8221;]<div id=\"ult-carousel-183475563869e06c5ea9eca\" class=\"ult-carousel-wrapper   ult_horizontal\" data-gutter=\"0\" data-rtl=\"false\" ><div class=\"ult-carousel-378271074269e06c5ea9c85 \" >[vc_single_image image=&#8221;33575&#8243; img_size=&#8221;full&#8221; css=&#8221;&#8221;][vc_single_image image=&#8221;33576&#8243; img_size=&#8221;full&#8221; css=&#8221;&#8221;]<\/div><\/div>\t\t\t<script type=\"text\/javascript\">\n\t\t\t\tjQuery(document).ready(function ($) {\n\t\t\t\t\tif( typeof jQuery('.ult-carousel-378271074269e06c5ea9c85').slick == \"function\"){\n\t\t\t\t\t\t$('.ult-carousel-378271074269e06c5ea9c85').slick({dots: false,autoplay: true,autoplaySpeed: \"5000\",speed: \"1000\",infinite: true,arrows: false,slidesToScroll:1,slidesToShow:1,swipe: false,draggable: false,touchMove: true,pauseOnHover: true,pauseOnFocus: false,responsive: [\n\t\t\t\t\t\t\t{\n\t\t\t\t\t\t\t  breakpoint: 1026,\n\t\t\t\t\t\t\t  settings: {\n\t\t\t\t\t\t\t\tslidesToShow: 1,\n\t\t\t\t\t\t\t\tslidesToScroll: 1,  \n\t\t\t\t\t\t\t  }\n\t\t\t\t\t\t\t},\n\t\t\t\t\t\t\t{\n\t\t\t\t\t\t\t  breakpoint: 1025,\n\t\t\t\t\t\t\t  settings: {\n\t\t\t\t\t\t\t\tslidesToShow: 1,\n\t\t\t\t\t\t\t\tslidesToScroll: 1\n\t\t\t\t\t\t\t  }\n\t\t\t\t\t\t\t},\n\t\t\t\t\t\t\t{\n\t\t\t\t\t\t\t  breakpoint: 760,\n\t\t\t\t\t\t\t  settings: {\n\t\t\t\t\t\t\t\tslidesToShow: 1,\n\t\t\t\t\t\t\t\tslidesToScroll: 1\n\t\t\t\t\t\t\t  }\n\t\t\t\t\t\t\t}\n\t\t\t\t\t\t],pauseOnDotsHover: true,customPaging: function(slider, i) {\n                   return '<i type=\"button\" style= \"color:#333333;\" class=\"ultsl-record\" data-role=\"none\"><\/i>';\n                },});\n\t\t\t\t\t}\n\t\t\t\t});\n\t\t\t<\/script>\n\t\t\t[vc_empty_space height=&#8221;40px&#8221;][\/vc_column][\/vc_row][vc_row full_width=&#8221;stretch_row&#8221; type=&#8221;vc_default&#8221; margin_bottom=&#8221;-50px&#8221; bg_type=&#8221;bg_color&#8221; bg_override=&#8221;full&#8221; bg_color_value=&#8221;#ffffff&#8221; css=&#8221;.vc_custom_1748428724761{margin-bottom: -50px !important;background-color: #f2f1ef !important;}&#8221; el_id=&#8221;montaz&#8221;][vc_column width=&#8221;2\/3&#8243;][vc_empty_space height=&#8221;40px&#8221;][vc_column_text css=&#8221;.vc_custom_1748428790588{margin-bottom: 50px !important;}&#8221;]<\/p>\n<h2>Monta\u017c<\/h2>\n<p>Monta\u017c domu z bali Hirsiset wymaga pewnej wiedzy budowlanej, ale przy starannym podej\u015bciu zako\u0144czy si\u0119 sukcesem. Do ka\u017cdej dostawy do\u0142\u0105czamy szczeg\u00f3\u0142owe instrukcje monta\u017cowe wraz z dok\u0142adnymi zdj\u0119ciami wszystkich konstrukcji. W pakiecie znajduje si\u0119 wiele gotowych do zamontowania element\u00f3w drewnianych, kt\u00f3re mo\u017cna szybko i \u0142atwo po\u0142\u0105czy\u0107.<\/p>\n<p>Je\u015bli sobie \u017cyczysz, mo\u017cemy pom\u00f3c w znalezieniu wykwalifikowanej ekipy monta\u017cowej lub wys\u0142a\u0107 eksperta ds. dom\u00f3w z bali, kt\u00f3ry doradzi podczas budowy.<\/p>\n<p>&nbsp;<\/p>\n<p>[\/vc_column_text][vc_empty_space height=&#8221;40px&#8221;][\/vc_column][vc_column width=&#8221;1\/3&#8243;][vc_empty_space height=&#8221;40px&#8221;][vc_single_image image=&#8221;33577&#8243; img_size=&#8221;large&#8221; css=&#8221;&#8221; image_hovers=&#8221;false&#8221;][vc_empty_space height=&#8221;40px&#8221;][\/vc_column][\/vc_row]<\/p>\n<\/div>","protected":false},"excerpt":{"rendered":"<p>[vc_row][vc_column][vc_column_text css=&#8221;&#8221;]Materia\u0142y wchodz\u0105ce w sk\u0142ad dostawy wymarzonego domu z bali s\u0105 starannie dobierane zgodnie z Twoimi preferencjami. Podstawowy pakiet obejmuje sprawdzone, standardowe komponenty, jednak istnieje mo\u017cliwo\u015b\u0107 wyboru materia\u0142\u00f3w wy\u017cszej klasy, kt\u00f3re w pe\u0142ni odpowiadaj\u0105 Twoim indywidualnym wymaganiom. W\u015br\u00f3d opcji do wyboru znajduj\u0105 si\u0119 mi\u0119dzy innymi: &#8211; Nietypowe rozwi\u0105zania drzwiowe i okienne &#8211; Alternatywne materia\u0142y wyko\u0144czeniowe&hellip;<\/p>\n","protected":false},"author":1,"featured_media":0,"parent":0,"menu_order":0,"comment_status":"closed","ping_status":"closed","template":"","meta":{"footnotes":""},"class_list":["post-33571","page","type-page","status-publish","hentry","description-off"],"yoast_head":"<!-- This site is optimized with the Yoast SEO plugin v27.4 - https:\/\/yoast.com\/product\/yoast-seo-wordpress\/ -->\n<title>Dostawa - Hirsiset - sk\u0142ad dostawy wymarzonego domu z bali<\/title>\n<meta name=\"description\" content=\"Pomagamy w realizacji wymarzonego domu z bali na wszystkich etapach produkcji. Id\u017a dalej i spe\u0142nij jedno ze swoich marze\u0144 o domu z bali.\" \/>\n<meta name=\"robots\" content=\"index, follow, max-snippet:-1, max-image-preview:large, max-video-preview:-1\" \/>\n<link rel=\"canonical\" href=\"https:\/\/www.hirsiset.com\/pl\/dostawa\/\" \/>\n<meta property=\"og:locale\" content=\"pl_PL\" \/>\n<meta property=\"og:type\" content=\"article\" \/>\n<meta property=\"og:title\" content=\"Dostawa - Hirsiset - sk\u0142ad dostawy wymarzonego domu z bali\" \/>\n<meta property=\"og:description\" content=\"Pomagamy w realizacji wymarzonego domu z bali na wszystkich etapach produkcji. Id\u017a dalej i spe\u0142nij jedno ze swoich marze\u0144 o domu z bali.\" \/>\n<meta property=\"og:url\" content=\"https:\/\/www.hirsiset.com\/pl\/dostawa\/\" \/>\n<meta property=\"og:site_name\" content=\"Hirsiset\" \/>\n<meta property=\"article:publisher\" content=\"https:\/\/www.facebook.com\/Hirsiset\/\" \/>\n<meta property=\"article:modified_time\" content=\"2026-04-03T08:34:53+00:00\" \/>\n<meta name=\"twitter:card\" content=\"summary_large_image\" \/>\n<meta name=\"twitter:site\" content=\"@hirsiset\" \/>\n<meta name=\"twitter:label1\" content=\"Szacowany czas czytania\" \/>\n\t<meta name=\"twitter:data1\" content=\"4 minuty\" \/>\n<script type=\"application\/ld+json\" class=\"yoast-schema-graph\">{\"@context\":\"https:\\\/\\\/schema.org\",\"@graph\":[{\"@type\":\"WebPage\",\"@id\":\"https:\\\/\\\/www.hirsiset.com\\\/pl\\\/dostawa\\\/\",\"url\":\"https:\\\/\\\/www.hirsiset.com\\\/pl\\\/dostawa\\\/\",\"name\":\"Dostawa - Hirsiset - sk\u0142ad dostawy wymarzonego domu z bali\",\"isPartOf\":{\"@id\":\"https:\\\/\\\/www.hirsiset.com\\\/pl\\\/#website\"},\"datePublished\":\"2016-04-08T11:05:18+00:00\",\"dateModified\":\"2026-04-03T08:34:53+00:00\",\"description\":\"Pomagamy w realizacji wymarzonego domu z bali na wszystkich etapach produkcji. Id\u017a dalej i spe\u0142nij jedno ze swoich marze\u0144 o domu z bali.\",\"breadcrumb\":{\"@id\":\"https:\\\/\\\/www.hirsiset.com\\\/pl\\\/dostawa\\\/#breadcrumb\"},\"inLanguage\":\"pl-PL\",\"potentialAction\":[{\"@type\":\"ReadAction\",\"target\":[\"https:\\\/\\\/www.hirsiset.com\\\/pl\\\/dostawa\\\/\"]}]},{\"@type\":\"BreadcrumbList\",\"@id\":\"https:\\\/\\\/www.hirsiset.com\\\/pl\\\/dostawa\\\/#breadcrumb\",\"itemListElement\":[{\"@type\":\"ListItem\",\"position\":1,\"name\":\"Home\",\"item\":\"https:\\\/\\\/www.hirsiset.com\\\/pl\\\/\"},{\"@type\":\"ListItem\",\"position\":2,\"name\":\"Dostawa\"}]},{\"@type\":\"WebSite\",\"@id\":\"https:\\\/\\\/www.hirsiset.com\\\/pl\\\/#website\",\"url\":\"https:\\\/\\\/www.hirsiset.com\\\/pl\\\/\",\"name\":\"Hirsiset\",\"description\":\"Hirsitaloja yli 30-vuoden kokemuksella\",\"publisher\":{\"@id\":\"https:\\\/\\\/www.hirsiset.com\\\/pl\\\/#organization\"},\"potentialAction\":[{\"@type\":\"SearchAction\",\"target\":{\"@type\":\"EntryPoint\",\"urlTemplate\":\"https:\\\/\\\/www.hirsiset.com\\\/pl\\\/?s={search_term_string}\"},\"query-input\":{\"@type\":\"PropertyValueSpecification\",\"valueRequired\":true,\"valueName\":\"search_term_string\"}}],\"inLanguage\":\"pl-PL\"},{\"@type\":\"Organization\",\"@id\":\"https:\\\/\\\/www.hirsiset.com\\\/pl\\\/#organization\",\"name\":\"Oulun Hirsiset Oy\",\"url\":\"https:\\\/\\\/www.hirsiset.com\\\/pl\\\/\",\"logo\":{\"@type\":\"ImageObject\",\"inLanguage\":\"pl-PL\",\"@id\":\"https:\\\/\\\/www.hirsiset.com\\\/pl\\\/#\\\/schema\\\/logo\\\/image\\\/\",\"url\":\"https:\\\/\\\/www.hirsiset.com\\\/wp-content\\\/uploads\\\/Hirsiset_logo65px.png\",\"contentUrl\":\"https:\\\/\\\/www.hirsiset.com\\\/wp-content\\\/uploads\\\/Hirsiset_logo65px.png\",\"width\":299,\"height\":65,\"caption\":\"Oulun Hirsiset Oy\"},\"image\":{\"@id\":\"https:\\\/\\\/www.hirsiset.com\\\/pl\\\/#\\\/schema\\\/logo\\\/image\\\/\"},\"sameAs\":[\"https:\\\/\\\/www.facebook.com\\\/Hirsiset\\\/\",\"https:\\\/\\\/x.com\\\/hirsiset\",\"https:\\\/\\\/www.instagram.com\\\/hirsiset_oy\\\/\"]}]}<\/script>\n<!-- \/ Yoast SEO plugin. -->","yoast_head_json":{"title":"Dostawa - Hirsiset - sk\u0142ad dostawy wymarzonego domu z bali","description":"Pomagamy w realizacji wymarzonego domu z bali na wszystkich etapach produkcji. Id\u017a dalej i spe\u0142nij jedno ze swoich marze\u0144 o domu z bali.","robots":{"index":"index","follow":"follow","max-snippet":"max-snippet:-1","max-image-preview":"max-image-preview:large","max-video-preview":"max-video-preview:-1"},"canonical":"https:\/\/www.hirsiset.com\/pl\/dostawa\/","og_locale":"pl_PL","og_type":"article","og_title":"Dostawa - Hirsiset - sk\u0142ad dostawy wymarzonego domu z bali","og_description":"Pomagamy w realizacji wymarzonego domu z bali na wszystkich etapach produkcji. Id\u017a dalej i spe\u0142nij jedno ze swoich marze\u0144 o domu z bali.","og_url":"https:\/\/www.hirsiset.com\/pl\/dostawa\/","og_site_name":"Hirsiset","article_publisher":"https:\/\/www.facebook.com\/Hirsiset\/","article_modified_time":"2026-04-03T08:34:53+00:00","twitter_card":"summary_large_image","twitter_site":"@hirsiset","twitter_misc":{"Szacowany czas czytania":"4 minuty"},"schema":{"@context":"https:\/\/schema.org","@graph":[{"@type":"WebPage","@id":"https:\/\/www.hirsiset.com\/pl\/dostawa\/","url":"https:\/\/www.hirsiset.com\/pl\/dostawa\/","name":"Dostawa - Hirsiset - sk\u0142ad dostawy wymarzonego domu z bali","isPartOf":{"@id":"https:\/\/www.hirsiset.com\/pl\/#website"},"datePublished":"2016-04-08T11:05:18+00:00","dateModified":"2026-04-03T08:34:53+00:00","description":"Pomagamy w realizacji wymarzonego domu z bali na wszystkich etapach produkcji. Id\u017a dalej i spe\u0142nij jedno ze swoich marze\u0144 o domu z bali.","breadcrumb":{"@id":"https:\/\/www.hirsiset.com\/pl\/dostawa\/#breadcrumb"},"inLanguage":"pl-PL","potentialAction":[{"@type":"ReadAction","target":["https:\/\/www.hirsiset.com\/pl\/dostawa\/"]}]},{"@type":"BreadcrumbList","@id":"https:\/\/www.hirsiset.com\/pl\/dostawa\/#breadcrumb","itemListElement":[{"@type":"ListItem","position":1,"name":"Home","item":"https:\/\/www.hirsiset.com\/pl\/"},{"@type":"ListItem","position":2,"name":"Dostawa"}]},{"@type":"WebSite","@id":"https:\/\/www.hirsiset.com\/pl\/#website","url":"https:\/\/www.hirsiset.com\/pl\/","name":"Hirsiset","description":"Hirsitaloja yli 30-vuoden kokemuksella","publisher":{"@id":"https:\/\/www.hirsiset.com\/pl\/#organization"},"potentialAction":[{"@type":"SearchAction","target":{"@type":"EntryPoint","urlTemplate":"https:\/\/www.hirsiset.com\/pl\/?s={search_term_string}"},"query-input":{"@type":"PropertyValueSpecification","valueRequired":true,"valueName":"search_term_string"}}],"inLanguage":"pl-PL"},{"@type":"Organization","@id":"https:\/\/www.hirsiset.com\/pl\/#organization","name":"Oulun Hirsiset Oy","url":"https:\/\/www.hirsiset.com\/pl\/","logo":{"@type":"ImageObject","inLanguage":"pl-PL","@id":"https:\/\/www.hirsiset.com\/pl\/#\/schema\/logo\/image\/","url":"https:\/\/www.hirsiset.com\/wp-content\/uploads\/Hirsiset_logo65px.png","contentUrl":"https:\/\/www.hirsiset.com\/wp-content\/uploads\/Hirsiset_logo65px.png","width":299,"height":65,"caption":"Oulun Hirsiset Oy"},"image":{"@id":"https:\/\/www.hirsiset.com\/pl\/#\/schema\/logo\/image\/"},"sameAs":["https:\/\/www.facebook.com\/Hirsiset\/","https:\/\/x.com\/hirsiset","https:\/\/www.instagram.com\/hirsiset_oy\/"]}]}},"_links":{"self":[{"href":"https:\/\/www.hirsiset.com\/pl\/wp-json\/wp\/v2\/pages\/33571","targetHints":{"allow":["GET"]}}],"collection":[{"href":"https:\/\/www.hirsiset.com\/pl\/wp-json\/wp\/v2\/pages"}],"about":[{"href":"https:\/\/www.hirsiset.com\/pl\/wp-json\/wp\/v2\/types\/page"}],"author":[{"embeddable":true,"href":"https:\/\/www.hirsiset.com\/pl\/wp-json\/wp\/v2\/users\/1"}],"replies":[{"embeddable":true,"href":"https:\/\/www.hirsiset.com\/pl\/wp-json\/wp\/v2\/comments?post=33571"}],"version-history":[{"count":6,"href":"https:\/\/www.hirsiset.com\/pl\/wp-json\/wp\/v2\/pages\/33571\/revisions"}],"predecessor-version":[{"id":36536,"href":"https:\/\/www.hirsiset.com\/pl\/wp-json\/wp\/v2\/pages\/33571\/revisions\/36536"}],"wp:attachment":[{"href":"https:\/\/www.hirsiset.com\/pl\/wp-json\/wp\/v2\/media?parent=33571"}],"curies":[{"name":"wp","href":"https:\/\/api.w.org\/{rel}","templated":true}]}}