{"id":33538,"date":"2017-01-04T14:03:57","date_gmt":"2017-01-04T12:03:57","guid":{"rendered":"https:\/\/www.hirsiset.com\/logs\/"},"modified":"2026-04-08T08:49:41","modified_gmt":"2026-04-08T05:49:41","slug":"bale","status":"publish","type":"page","link":"https:\/\/www.hirsiset.com\/pl\/bale\/","title":{"rendered":"Bale"},"content":{"rendered":"<div class=\"wpb-content-wrapper\"><p>[vc_row][vc_column][vc_column_text css=&#8221;&#8221;]<\/p>\n<h3>Drewno to ekologiczny i pi\u0119kny wyb\u00f3r dla wszystkich konstrukcji z bali. Wed\u0142ug bada\u0144, domy z bali charakteryzuj\u0105 si\u0119 wyj\u0105tkowo dobr\u0105 jako\u015bci\u0105 powietrza wewn\u0105trz.<\/h3>\n<p>&nbsp;<\/p>\n<p>Solidna konstrukcja z litego drewna balansuje wilgotno\u015b\u0107 i ciep\u0142o w pomieszczeniach. Hirsiset u\u017cywa najwy\u017cszej jako\u015bci sosny arktycznej, aby zapewni\u0107 konstrukcj\u0119, kt\u00f3ra przetrwa pokolenia.<\/p>\n<p>Drewno to ciep\u0142y i autentyczny materia\u0142 naturalny. Jest najlepszym wyborem materia\u0142u budowlanego, poniewa\u017c jest w 100% odnawialne. U\u017cywanie drewna oznacza, \u017ce \u015blad w\u0119glowy i wp\u0142yw na \u015brodowisko s\u0105 znacznie zmniejszone. Drewno wi\u0105\u017ce ilo\u015b\u0107 dwutlenku w\u0119gla (CO\u00b2) dwukrotnie wi\u0119ksz\u0105 ni\u017c jego w\u0142asna waga. Domy z bali Hirsiset magazynuj\u0105 wiele ton dwutlenku w\u0119gla i mog\u0105 by\u0107 doskona\u0142ym dzia\u0142aniem ekologicznym w walce ze zmianami klimatycznymi.<\/p>\n<p>&nbsp;<\/p>\n<h4>Jaki jest Tw\u00f3j wymarzony dom z bali? Jaki rodzaj bali preferujesz w swoim domu?<\/h4>\n<p>Oferujemy szeroki wyb\u00f3r wielu wymiar\u00f3w i rodzaj\u00f3w bali.<\/p>\n<p><a href=\"https:\/\/www.hirsiset.com\/pl\/dostawa\/\">Hirsiset dostarcza domy z bali<\/a> w wybranym przez Ciebie rodzaju i wymiarze. Znajd\u017a idealn\u0105, naturaln\u0105 alternatyw\u0119 dla swojego domu z bali, w zale\u017cno\u015bci od Twoich wymaga\u0144.[\/vc_column_text][vc_empty_space height=&#8221;50px&#8221;][\/vc_column][\/vc_row][vc_row full_width=&#8221;stretch_row&#8221; css=&#8221;.vc_custom_1748425298927{margin-bottom: -30px !important;padding-top: 30px !important;background-color: #f2f1ef !important;}&#8221; el_id=&#8221;bali&#8221;][vc_column][vc_column_text css=&#8221;&#8221;]<\/p>\n<h4>Przyk\u0142ady naszego asortymentu bali<\/h4>\n<p>[\/vc_column_text][\/vc_column][\/vc_row][vc_row full_width=&#8221;stretch_row&#8221; css=&#8221;.vc_custom_1616677502278{background-color: #f2f1ef !important;}&#8221;][vc_column width=&#8221;1\/5&#8243;][vc_single_image image=&#8221;33548&#8243; img_size=&#8221;full&#8221; alignment=&#8221;center&#8221; image_hovers=&#8221;false&#8221; lazy_loading=&#8221;true&#8221;][vc_column_text]<\/p>\n<p style=\"text-align: center;\">PH 190<\/p>\n<p>[\/vc_column_text][\/vc_column][vc_column width=&#8221;1\/5&#8243;][vc_single_image image=&#8221;33558&#8243; img_size=&#8221;full&#8221; alignment=&#8221;center&#8221; image_hovers=&#8221;false&#8221; lazy_loading=&#8221;true&#8221;][vc_column_text]<\/p>\n<p style=\"text-align: center;\">LH 114&#215;185<\/p>\n<p>[\/vc_column_text][\/vc_column][vc_column width=&#8221;1\/5&#8243;][vc_single_image image=&#8221;33550&#8243; img_size=&#8221;full&#8221; alignment=&#8221;center&#8221; image_hovers=&#8221;false&#8221; lazy_loading=&#8221;true&#8221;][vc_column_text]<\/p>\n<p style=\"text-align: center;\">LH 134&#215;260<\/p>\n<p>[\/vc_column_text][\/vc_column][vc_column width=&#8221;1\/5&#8243;][vc_single_image image=&#8221;33553&#8243; img_size=&#8221;full&#8221; alignment=&#8221;center&#8221; image_hovers=&#8221;false&#8221; lazy_loading=&#8221;true&#8221;][vc_column_text]<\/p>\n<p style=\"text-align: center;\">LH 204&#215;205<\/p>\n<p>[\/vc_column_text][\/vc_column][vc_column width=&#8221;1\/5&#8243;][vc_single_image image=&#8221;33552&#8243; img_size=&#8221;full&#8221; alignment=&#8221;center&#8221; image_hovers=&#8221;false&#8221; lazy_loading=&#8221;true&#8221;][vc_column_text]<\/p>\n<p style=\"text-align: center;\">LH 204&#215;260<\/p>\n<p>[\/vc_column_text][\/vc_column][\/vc_row][vc_row full_width=&#8221;stretch_row&#8221; css=&#8221;.vc_custom_1616755969539{padding-bottom: 30px !important;background-color: #f2f1ef !important;}&#8221;][vc_column width=&#8221;1\/5&#8243;][vc_single_image image=&#8221;33557&#8243; img_size=&#8221;full&#8221; alignment=&#8221;center&#8221; image_hovers=&#8221;false&#8221; lazy_loading=&#8221;true&#8221;][vc_column_text]<\/p>\n<p style=\"text-align: center;\">LH 240&#215;205<\/p>\n<p>[\/vc_column_text][\/vc_column][vc_column width=&#8221;1\/5&#8243;][vc_single_image image=&#8221;33549&#8243; img_size=&#8221;full&#8221; alignment=&#8221;center&#8221; image_hovers=&#8221;false&#8221; lazy_loading=&#8221;true&#8221;][vc_column_text]<\/p>\n<p style=\"text-align: center;\">LH 270&#215;260<\/p>\n<p>[\/vc_column_text][\/vc_column][vc_column width=&#8221;1\/5&#8243;][vc_single_image image=&#8221;33555&#8243; img_size=&#8221;full&#8221; alignment=&#8221;center&#8221; css=&#8221;&#8221; image_hovers=&#8221;false&#8221; lazy_loading=&#8221;true&#8221;][vc_column_text]<\/p>\n<p style=\"text-align: center;\">Maxi 200&#215;360 pine<\/p>\n<p>[\/vc_column_text][\/vc_column][vc_column width=&#8221;1\/5&#8243;][vc_single_image image=&#8221;33554&#8243; img_size=&#8221;full&#8221; alignment=&#8221;center&#8221; css=&#8221;&#8221; image_hovers=&#8221;false&#8221; lazy_loading=&#8221;true&#8221;][vc_column_text]<\/p>\n<p style=\"text-align: center;\">Maxi 200&#215;360 spruce<\/p>\n<p>[\/vc_column_text][\/vc_column][vc_column width=&#8221;1\/5&#8243;][vc_single_image image=&#8221;33556&#8243; img_size=&#8221;full&#8221; alignment=&#8221;center&#8221; css=&#8221;&#8221; image_hovers=&#8221;false&#8221; lazy_loading=&#8221;true&#8221;][vc_column_text]<\/p>\n<p style=\"text-align: center;\">Maxi 300&#215;360 pine<\/p>\n<p>[\/vc_column_text][\/vc_column][\/vc_row][vc_row][vc_column width=&#8221;1\/2&#8243;][vc_empty_space height=&#8221;50px&#8221;]<section class=\"shortcode-teaser frame-fancy frame-on fadeIn animate-element\"><div class=\"layzr-bg shortcode-teaser-img\"><img loading=\"lazy\" decoding=\"async\" class=\"lazy-load\" src=\"data:image\/svg+xml;charset=utf-8,%3Csvg xmlns%3D&#039;http%3A%2F%2Fwww.w3.org%2F2000%2Fsvg&#039; viewBox%3D&#039;0 0 631 406&#039;%2F%3E\" width=\"631\" height=\"406\" alt=\"Jako\u015b\u0107\" data-srcset=\"https:\/\/www.hirsiset.com\/wp-content\/uploads\/lake-1626504_640.png 631w\" data-src=\"https:\/\/www.hirsiset.com\/wp-content\/uploads\/lake-1626504_640.png\" \/><\/div><div class=\"shortcode-teaser-content text-normal\"><h4>Jako\u015b\u0107<\/h4>\n<p>Ka\u017cdy dom z bali Hirsiset jest wykonywany z *materia\u0142\u00f3w najwy\u017cszej jako\u015bci, przekraczaj\u0105c wymogi wytycznych stowarzyszenia **Hirsitaloteollisuus Ry* (Fi\u0144skiego Zwi\u0105zku Producent\u00f3w Dom\u00f3w z Bali). Nasza fabryka posiada r\u00f3wnie\u017c *certyfikat systemu kontroli jako\u015bci ISO 9001:2015*, co gwarantuje, \u017ce jako klient otrzymasz dok\u0142adnie ten dom, kt\u00f3ry zam\u00f3wi\u0142e\u015b.<\/p>\n<\/div><\/section>[vc_empty_space height=&#8221;80px&#8221;][\/vc_column][vc_column width=&#8221;1\/2&#8243;][vc_empty_space height=&#8221;50px&#8221;]<section class=\"shortcode-teaser frame-fancy frame-on fadeIn animate-element\"><div class=\"layzr-bg shortcode-teaser-img\"><img loading=\"lazy\" decoding=\"async\" class=\"lazy-load\" src=\"data:image\/svg+xml;charset=utf-8,%3Csvg xmlns%3D&#039;http%3A%2F%2Fwww.w3.org%2F2000%2Fsvg&#039; viewBox%3D&#039;0 0 631 406&#039;%2F%3E\" width=\"631\" height=\"406\" alt=\"Maxi log\" data-srcset=\"https:\/\/www.hirsiset.com\/wp-content\/uploads\/maxihirsi-hirsiset.jpg 631w\" data-src=\"https:\/\/www.hirsiset.com\/wp-content\/uploads\/maxihirsi-hirsiset.jpg\" \/><\/div><div class=\"shortcode-teaser-content text-normal\"><h4>Maxi log<\/h4>\n<p>Maxi log to nowy rodzaj bala dla budowniczych dom\u00f3w z bali, kt\u00f3ry u\u0142atwia prace monta\u017cowe i jest znacznie wy\u017cszy ni\u017c standardowe bale. Jego wysoko\u015b\u0107 zawsze wynosi 360 mm, ale grubo\u015b\u0107 mo\u017cna dobra\u0107 zgodnie z preferencjami klienta.<\/p>\n<\/div><\/section>[vc_empty_space height=&#8221;80px&#8221;][\/vc_column][\/vc_row][vc_row full_width=&#8221;stretch_row&#8221; type=&#8221;vc_default&#8221; bg_type=&#8221;bg_color&#8221; bg_override=&#8221;full&#8221; el_id=&#8221;materialy&#8221; bg_color_value=&#8221;#f2f0ee&#8221; css=&#8221;.vc_custom_1748426765839{background-color: #f2f1ef !important;}&#8221;][vc_column width=&#8221;2\/3&#8243;][vc_empty_space height=&#8221;50px&#8221;][vc_column_text css=&#8221;&#8221; el_id=&#8221;materiaalit&#8221;]<\/p>\n<h2>Materia\u0142y<\/h2>\n<p>Wszystkie widoczne elementy drewniane w domach z bali Hirsiset s\u0105 wykonane z wolno rosn\u0105cej sosny p\u00f3\u0142nocnej, znanej na ca\u0142ym \u015bwiecie ze swojego pi\u0119knego wygl\u0105du i doskona\u0142ych w\u0142a\u015bciwo\u015bci. Drewno pozyskujemy z wyspecjalizowanych p\u00f3\u0142nocnych zak\u0142ad\u00f3w obr\u00f3bki drewna, kt\u00f3re przygotowuj\u0105 materia\u0142y zgodnie z rygorystycznymi wymaganiami jako\u015bciowymi naszych klient\u00f3w. Dzi\u0119ki temu zapewniamy najwy\u017csz\u0105 jako\u015b\u0107 materia\u0142\u00f3w.<\/p>\n<p>[\/vc_column_text][vc_empty_space height=&#8221;50px&#8221;][\/vc_column][vc_column width=&#8221;1\/3&#8243;][vc_empty_space height=&#8221;50px&#8221;][vc_single_image image=&#8221;33544&#8243; img_size=&#8221;full&#8221; css=&#8221;&#8221; image_hovers=&#8221;false&#8221;][vc_empty_space height=&#8221;50px&#8221;][\/vc_column][\/vc_row][vc_row type=&#8221;vc_default&#8221; anchor=&#8221;nurkat&#8221; el_id=&#8221;narozniki&#8221;][vc_column][vc_empty_space height=&#8221;50px&#8221;][vc_column_text css=&#8221;&#8221;]<\/p>\n<h2>Naro\u017cniki<\/h2>\n<p>Naro\u017cniki Twojego <a href=\"https:\/\/www.hirsiset.com\/pl\/dom-z-bali\/\">domu z bali<\/a> mo\u017cna wykona\u0107 na kilka r\u00f3\u017cnych sposob\u00f3w. R\u00f3\u017cne typy naro\u017cnik\u00f3w mog\u0105 znacz\u0105co zmieni\u0107 wygl\u0105d domu. Po\u0142\u0105czenia naro\u017cne Hirsiset s\u0105 nie tylko najbardziej szczelne na rynku, ale tak\u017ce estetycznie wykonane.<\/p>\n<p>&nbsp;<\/p>\n<h4>W naszej ofercie znajduj\u0105 si\u0119 cztery g\u0142\u00f3wne typy naro\u017cnik\u00f3w.<\/h4>\n<p>[\/vc_column_text][\/vc_column][\/vc_row][vc_row gap=&#8221;10&#8243;][vc_column width=&#8221;1\/4&#8243;][vc_single_image image=&#8221;36450&#8243; img_size=&#8221;full&#8221; alignment=&#8221;center&#8221; css=&#8221;&#8221; image_hovers=&#8221;false&#8221; lazy_loading=&#8221;true&#8221;][vc_column_text css=&#8221;&#8221;]<strong>Tradycyjne, d\u0142ugie z\u0142\u0105cze naro\u017cne<\/strong>, najbardziej popularne w domach z bali obrabianych maszynowo.<\/p>\n<p>[\/vc_column_text][vc_empty_space height=&#8221;50px&#8221;][\/vc_column][vc_column width=&#8221;1\/4&#8243;][vc_single_image image=&#8221;36453&#8243; img_size=&#8221;full&#8221; alignment=&#8221;center&#8221; css=&#8221;&#8221; image_hovers=&#8221;false&#8221; lazy_loading=&#8221;true&#8221;][vc_column_text css=&#8221;&#8221;]<strong>Naro\u017cnik typu \u201ejask\u00f3\u0142czy ogon\u201d<\/strong> imitujacy tradycyjne, r\u0119cznie wykonane z\u0142\u0105cza. Domy z bali z tym typem naro\u017cnika nie maj\u0105 wystaj\u0105cych element\u00f3w, dzi\u0119ki czemu s\u0105 dopuszczalne w obszarach budowlanych, gdzie takie wystajace naro\u017cniki sa niepo\u017cadane.<\/p>\n<p>[\/vc_column_text][vc_empty_space height=&#8221;50px&#8221;][\/vc_column][vc_column width=&#8221;1\/4&#8243;][vc_single_image image=&#8221;36456&#8243; img_size=&#8221;full&#8221; alignment=&#8221;center&#8221; css=&#8221;&#8221; image_hovers=&#8221;false&#8221; lazy_loading=&#8221;true&#8221;][vc_column_text css=&#8221;&#8221;]<strong>Naro\u017cnik typu box r\u00f3\u017cni<\/strong> si\u0119 od tradycyjnego d\u0142ugiego z\u0142\u0105cza tym, \u017ce ko\u0144ce krzy\u017cuj\u0105cych si\u0119 bali wystaj\u0105 tylko kilka centymetr\u00f3w poza naro\u017cnik, kt\u00f3ry dodatkowo jest os\u0142oni\u0119ty deskami.<\/p>\n<p>[\/vc_column_text][vc_empty_space height=&#8221;50px&#8221;][\/vc_column][vc_column width=&#8221;1\/4&#8243;][vc_single_image image=&#8221;33566&#8243; img_size=&#8221;full&#8221; alignment=&#8221;center&#8221; css=&#8221;&#8221; image_hovers=&#8221;false&#8221; lazy_loading=&#8221;true&#8221;][vc_column_text css=&#8221;&#8221;]<strong>Naro\u017cnik miejski<\/strong> wykonany jest bez widocznych z\u0142\u0105czy, a warstwy bali przebiegaj\u0105 na tym samym poziomie na wszystkich \u015bcianach.<\/p>\n<p>[\/vc_column_text][vc_empty_space height=&#8221;50px&#8221;][\/vc_column][\/vc_row]<\/p>\n<\/div>","protected":false},"excerpt":{"rendered":"<p>[vc_row][vc_column][vc_column_text css=&#8221;&#8221;] Drewno to ekologiczny i pi\u0119kny wyb\u00f3r dla wszystkich konstrukcji z bali. Wed\u0142ug bada\u0144, domy z bali charakteryzuj\u0105 si\u0119 wyj\u0105tkowo dobr\u0105 jako\u015bci\u0105 powietrza wewn\u0105trz. &nbsp; Solidna konstrukcja z litego drewna balansuje wilgotno\u015b\u0107 i ciep\u0142o w pomieszczeniach. Hirsiset u\u017cywa najwy\u017cszej jako\u015bci sosny arktycznej, aby zapewni\u0107 konstrukcj\u0119, kt\u00f3ra przetrwa pokolenia. Drewno to ciep\u0142y i autentyczny materia\u0142&hellip;<\/p>\n","protected":false},"author":1,"featured_media":0,"parent":0,"menu_order":0,"comment_status":"closed","ping_status":"closed","template":"","meta":{"footnotes":""},"class_list":["post-33538","page","type-page","status-publish","hentry","description-off"],"yoast_head":"<!-- This site is optimized with the Yoast SEO plugin v27.4 - https:\/\/yoast.com\/product\/yoast-seo-wordpress\/ -->\n<title>Bale - Hirsiset - Jaki jest Tw\u00f3j wymarzony dom z bali?<\/title>\n<meta name=\"description\" content=\"Jaki jest Tw\u00f3j wymarzony dom z bali? Znajd\u017a idealn\u0105, naturaln\u0105 alternatyw\u0119 dla swojego domu z bali, w zale\u017cno\u015bci od Twoich wymaga\u0144.\" \/>\n<meta name=\"robots\" content=\"index, follow, max-snippet:-1, max-image-preview:large, max-video-preview:-1\" \/>\n<link rel=\"canonical\" href=\"https:\/\/www.hirsiset.com\/pl\/bale\/\" \/>\n<meta property=\"og:locale\" content=\"pl_PL\" \/>\n<meta property=\"og:type\" content=\"article\" \/>\n<meta property=\"og:title\" content=\"Bale - Hirsiset - Jaki jest Tw\u00f3j wymarzony dom z bali?\" \/>\n<meta property=\"og:description\" content=\"Jaki jest Tw\u00f3j wymarzony dom z bali? Znajd\u017a idealn\u0105, naturaln\u0105 alternatyw\u0119 dla swojego domu z bali, w zale\u017cno\u015bci od Twoich wymaga\u0144.\" \/>\n<meta property=\"og:url\" content=\"https:\/\/www.hirsiset.com\/pl\/bale\/\" \/>\n<meta property=\"og:site_name\" content=\"Hirsiset\" \/>\n<meta property=\"article:publisher\" content=\"https:\/\/www.facebook.com\/Hirsiset\/\" \/>\n<meta property=\"article:modified_time\" content=\"2026-04-08T05:49:41+00:00\" \/>\n<meta name=\"twitter:card\" content=\"summary_large_image\" \/>\n<meta name=\"twitter:site\" content=\"@hirsiset\" \/>\n<meta name=\"twitter:label1\" content=\"Szacowany czas czytania\" \/>\n\t<meta name=\"twitter:data1\" content=\"4 minuty\" \/>\n<script type=\"application\/ld+json\" class=\"yoast-schema-graph\">{\"@context\":\"https:\\\/\\\/schema.org\",\"@graph\":[{\"@type\":\"WebPage\",\"@id\":\"https:\\\/\\\/www.hirsiset.com\\\/pl\\\/bale\\\/\",\"url\":\"https:\\\/\\\/www.hirsiset.com\\\/pl\\\/bale\\\/\",\"name\":\"Bale - Hirsiset - Jaki jest Tw\u00f3j wymarzony dom z bali?\",\"isPartOf\":{\"@id\":\"https:\\\/\\\/www.hirsiset.com\\\/pl\\\/#website\"},\"datePublished\":\"2017-01-04T12:03:57+00:00\",\"dateModified\":\"2026-04-08T05:49:41+00:00\",\"description\":\"Jaki jest Tw\u00f3j wymarzony dom z bali? Znajd\u017a idealn\u0105, naturaln\u0105 alternatyw\u0119 dla swojego domu z bali, w zale\u017cno\u015bci od Twoich wymaga\u0144.\",\"breadcrumb\":{\"@id\":\"https:\\\/\\\/www.hirsiset.com\\\/pl\\\/bale\\\/#breadcrumb\"},\"inLanguage\":\"pl-PL\",\"potentialAction\":[{\"@type\":\"ReadAction\",\"target\":[\"https:\\\/\\\/www.hirsiset.com\\\/pl\\\/bale\\\/\"]}]},{\"@type\":\"BreadcrumbList\",\"@id\":\"https:\\\/\\\/www.hirsiset.com\\\/pl\\\/bale\\\/#breadcrumb\",\"itemListElement\":[{\"@type\":\"ListItem\",\"position\":1,\"name\":\"Home\",\"item\":\"https:\\\/\\\/www.hirsiset.com\\\/pl\\\/\"},{\"@type\":\"ListItem\",\"position\":2,\"name\":\"Bale\"}]},{\"@type\":\"WebSite\",\"@id\":\"https:\\\/\\\/www.hirsiset.com\\\/pl\\\/#website\",\"url\":\"https:\\\/\\\/www.hirsiset.com\\\/pl\\\/\",\"name\":\"Hirsiset\",\"description\":\"Hirsitaloja yli 30-vuoden kokemuksella\",\"publisher\":{\"@id\":\"https:\\\/\\\/www.hirsiset.com\\\/pl\\\/#organization\"},\"potentialAction\":[{\"@type\":\"SearchAction\",\"target\":{\"@type\":\"EntryPoint\",\"urlTemplate\":\"https:\\\/\\\/www.hirsiset.com\\\/pl\\\/?s={search_term_string}\"},\"query-input\":{\"@type\":\"PropertyValueSpecification\",\"valueRequired\":true,\"valueName\":\"search_term_string\"}}],\"inLanguage\":\"pl-PL\"},{\"@type\":\"Organization\",\"@id\":\"https:\\\/\\\/www.hirsiset.com\\\/pl\\\/#organization\",\"name\":\"Oulun Hirsiset Oy\",\"url\":\"https:\\\/\\\/www.hirsiset.com\\\/pl\\\/\",\"logo\":{\"@type\":\"ImageObject\",\"inLanguage\":\"pl-PL\",\"@id\":\"https:\\\/\\\/www.hirsiset.com\\\/pl\\\/#\\\/schema\\\/logo\\\/image\\\/\",\"url\":\"https:\\\/\\\/www.hirsiset.com\\\/wp-content\\\/uploads\\\/Hirsiset_logo65px.png\",\"contentUrl\":\"https:\\\/\\\/www.hirsiset.com\\\/wp-content\\\/uploads\\\/Hirsiset_logo65px.png\",\"width\":299,\"height\":65,\"caption\":\"Oulun Hirsiset Oy\"},\"image\":{\"@id\":\"https:\\\/\\\/www.hirsiset.com\\\/pl\\\/#\\\/schema\\\/logo\\\/image\\\/\"},\"sameAs\":[\"https:\\\/\\\/www.facebook.com\\\/Hirsiset\\\/\",\"https:\\\/\\\/x.com\\\/hirsiset\",\"https:\\\/\\\/www.instagram.com\\\/hirsiset_oy\\\/\"]}]}<\/script>\n<!-- \/ Yoast SEO plugin. -->","yoast_head_json":{"title":"Bale - Hirsiset - Jaki jest Tw\u00f3j wymarzony dom z bali?","description":"Jaki jest Tw\u00f3j wymarzony dom z bali? Znajd\u017a idealn\u0105, naturaln\u0105 alternatyw\u0119 dla swojego domu z bali, w zale\u017cno\u015bci od Twoich wymaga\u0144.","robots":{"index":"index","follow":"follow","max-snippet":"max-snippet:-1","max-image-preview":"max-image-preview:large","max-video-preview":"max-video-preview:-1"},"canonical":"https:\/\/www.hirsiset.com\/pl\/bale\/","og_locale":"pl_PL","og_type":"article","og_title":"Bale - Hirsiset - Jaki jest Tw\u00f3j wymarzony dom z bali?","og_description":"Jaki jest Tw\u00f3j wymarzony dom z bali? Znajd\u017a idealn\u0105, naturaln\u0105 alternatyw\u0119 dla swojego domu z bali, w zale\u017cno\u015bci od Twoich wymaga\u0144.","og_url":"https:\/\/www.hirsiset.com\/pl\/bale\/","og_site_name":"Hirsiset","article_publisher":"https:\/\/www.facebook.com\/Hirsiset\/","article_modified_time":"2026-04-08T05:49:41+00:00","twitter_card":"summary_large_image","twitter_site":"@hirsiset","twitter_misc":{"Szacowany czas czytania":"4 minuty"},"schema":{"@context":"https:\/\/schema.org","@graph":[{"@type":"WebPage","@id":"https:\/\/www.hirsiset.com\/pl\/bale\/","url":"https:\/\/www.hirsiset.com\/pl\/bale\/","name":"Bale - Hirsiset - Jaki jest Tw\u00f3j wymarzony dom z bali?","isPartOf":{"@id":"https:\/\/www.hirsiset.com\/pl\/#website"},"datePublished":"2017-01-04T12:03:57+00:00","dateModified":"2026-04-08T05:49:41+00:00","description":"Jaki jest Tw\u00f3j wymarzony dom z bali? Znajd\u017a idealn\u0105, naturaln\u0105 alternatyw\u0119 dla swojego domu z bali, w zale\u017cno\u015bci od Twoich wymaga\u0144.","breadcrumb":{"@id":"https:\/\/www.hirsiset.com\/pl\/bale\/#breadcrumb"},"inLanguage":"pl-PL","potentialAction":[{"@type":"ReadAction","target":["https:\/\/www.hirsiset.com\/pl\/bale\/"]}]},{"@type":"BreadcrumbList","@id":"https:\/\/www.hirsiset.com\/pl\/bale\/#breadcrumb","itemListElement":[{"@type":"ListItem","position":1,"name":"Home","item":"https:\/\/www.hirsiset.com\/pl\/"},{"@type":"ListItem","position":2,"name":"Bale"}]},{"@type":"WebSite","@id":"https:\/\/www.hirsiset.com\/pl\/#website","url":"https:\/\/www.hirsiset.com\/pl\/","name":"Hirsiset","description":"Hirsitaloja yli 30-vuoden kokemuksella","publisher":{"@id":"https:\/\/www.hirsiset.com\/pl\/#organization"},"potentialAction":[{"@type":"SearchAction","target":{"@type":"EntryPoint","urlTemplate":"https:\/\/www.hirsiset.com\/pl\/?s={search_term_string}"},"query-input":{"@type":"PropertyValueSpecification","valueRequired":true,"valueName":"search_term_string"}}],"inLanguage":"pl-PL"},{"@type":"Organization","@id":"https:\/\/www.hirsiset.com\/pl\/#organization","name":"Oulun Hirsiset Oy","url":"https:\/\/www.hirsiset.com\/pl\/","logo":{"@type":"ImageObject","inLanguage":"pl-PL","@id":"https:\/\/www.hirsiset.com\/pl\/#\/schema\/logo\/image\/","url":"https:\/\/www.hirsiset.com\/wp-content\/uploads\/Hirsiset_logo65px.png","contentUrl":"https:\/\/www.hirsiset.com\/wp-content\/uploads\/Hirsiset_logo65px.png","width":299,"height":65,"caption":"Oulun Hirsiset Oy"},"image":{"@id":"https:\/\/www.hirsiset.com\/pl\/#\/schema\/logo\/image\/"},"sameAs":["https:\/\/www.facebook.com\/Hirsiset\/","https:\/\/x.com\/hirsiset","https:\/\/www.instagram.com\/hirsiset_oy\/"]}]}},"_links":{"self":[{"href":"https:\/\/www.hirsiset.com\/pl\/wp-json\/wp\/v2\/pages\/33538","targetHints":{"allow":["GET"]}}],"collection":[{"href":"https:\/\/www.hirsiset.com\/pl\/wp-json\/wp\/v2\/pages"}],"about":[{"href":"https:\/\/www.hirsiset.com\/pl\/wp-json\/wp\/v2\/types\/page"}],"author":[{"embeddable":true,"href":"https:\/\/www.hirsiset.com\/pl\/wp-json\/wp\/v2\/users\/1"}],"replies":[{"embeddable":true,"href":"https:\/\/www.hirsiset.com\/pl\/wp-json\/wp\/v2\/comments?post=33538"}],"version-history":[{"count":8,"href":"https:\/\/www.hirsiset.com\/pl\/wp-json\/wp\/v2\/pages\/33538\/revisions"}],"predecessor-version":[{"id":34250,"href":"https:\/\/www.hirsiset.com\/pl\/wp-json\/wp\/v2\/pages\/33538\/revisions\/34250"}],"wp:attachment":[{"href":"https:\/\/www.hirsiset.com\/pl\/wp-json\/wp\/v2\/media?parent=33538"}],"curies":[{"name":"wp","href":"https:\/\/api.w.org\/{rel}","templated":true}]}}