{"id":7057,"date":"2019-05-20T12:43:15","date_gmt":"2019-05-20T09:43:15","guid":{"rendered":"https:\/\/www.hirsiset.com\/%e3%83%95%e3%82%a9%e3%83%88%e3%82%ae%e3%83%a3%e3%83%a9%e3%83%aa%e3%83%bc\/"},"modified":"2019-05-20T12:47:55","modified_gmt":"2019-05-20T09:47:55","slug":"%e3%83%95%e3%82%a9%e3%83%88%e3%82%ae%e3%83%a3%e3%83%a9%e3%83%aa%e3%83%bc","status":"publish","type":"page","link":"https:\/\/www.hirsiset.com\/ja\/%e3%83%8f%e3%82%a6%e3%82%b9%e3%83%a2%e3%83%87%e3%83%ab\/%e3%83%95%e3%82%a9%e3%83%88%e3%82%ae%e3%83%a3%e3%83%a9%e3%83%aa%e3%83%bc\/","title":{"rendered":"\u30d5\u30a9\u30c8\u30ae\u30e3\u30e9\u30ea\u30fc"},"content":{"rendered":"","protected":false},"excerpt":{"rendered":"","protected":false},"author":1,"featured_media":0,"parent":7047,"menu_order":4,"comment_status":"closed","ping_status":"closed","template":"template-albums-jgrid.php","meta":{"footnotes":""},"class_list":["post-7057","page","type-page","status-publish","hentry","description-off"],"yoast_head":"<!-- This site is optimized with the Yoast SEO plugin v27.4 - https:\/\/yoast.com\/product\/yoast-seo-wordpress\/ -->\n<title>\u30d5\u30a9\u30c8\u30ae\u30e3\u30e9\u30ea\u30fc - Hirsiset - Hirsitalot, hirsim\u00f6kit ja vapaa-ajan asunnot<\/title>\n<meta name=\"description\" content=\"Hirsiset-hirsirakennukset ovat korkealaatuisia taidonn\u00e4ytteit\u00e4. K\u00e4y peremm\u00e4lle ja tule katsomaan milt\u00e4 Hirsiset-hirsitalon sis\u00e4puolella n\u00e4ytt\u00e4\u00e4.\" \/>\n<meta name=\"robots\" content=\"index, follow, max-snippet:-1, max-image-preview:large, max-video-preview:-1\" \/>\n<link rel=\"canonical\" href=\"https:\/\/www.hirsiset.com\/ja\/%e3%83%8f%e3%82%a6%e3%82%b9%e3%83%a2%e3%83%87%e3%83%ab\/%e3%83%95%e3%82%a9%e3%83%88%e3%82%ae%e3%83%a3%e3%83%a9%e3%83%aa%e3%83%bc\/\" \/>\n<meta property=\"og:locale\" content=\"ja_JP\" \/>\n<meta property=\"og:type\" content=\"article\" \/>\n<meta property=\"og:title\" content=\"\u30d5\u30a9\u30c8\u30ae\u30e3\u30e9\u30ea\u30fc - Hirsiset - Hirsitalot, hirsim\u00f6kit ja vapaa-ajan asunnot\" \/>\n<meta property=\"og:description\" content=\"Hirsiset-hirsirakennukset ovat korkealaatuisia taidonn\u00e4ytteit\u00e4. K\u00e4y peremm\u00e4lle ja tule katsomaan milt\u00e4 Hirsiset-hirsitalon sis\u00e4puolella n\u00e4ytt\u00e4\u00e4.\" \/>\n<meta property=\"og:url\" content=\"https:\/\/www.hirsiset.com\/ja\/%e3%83%8f%e3%82%a6%e3%82%b9%e3%83%a2%e3%83%87%e3%83%ab\/%e3%83%95%e3%82%a9%e3%83%88%e3%82%ae%e3%83%a3%e3%83%a9%e3%83%aa%e3%83%bc\/\" \/>\n<meta property=\"og:site_name\" content=\"Hirsiset\" \/>\n<meta property=\"article:publisher\" content=\"https:\/\/www.facebook.com\/Hirsiset\/\" \/>\n<meta property=\"article:modified_time\" content=\"2019-05-20T09:47:55+00:00\" \/>\n<meta name=\"twitter:card\" content=\"summary_large_image\" \/>\n<meta name=\"twitter:site\" content=\"@hirsiset\" \/>\n<script type=\"application\/ld+json\" class=\"yoast-schema-graph\">{\"@context\":\"https:\\\/\\\/schema.org\",\"@graph\":[{\"@type\":\"WebPage\",\"@id\":\"https:\\\/\\\/www.hirsiset.com\\\/ja\\\/%e3%83%8f%e3%82%a6%e3%82%b9%e3%83%a2%e3%83%87%e3%83%ab\\\/%e3%83%95%e3%82%a9%e3%83%88%e3%82%ae%e3%83%a3%e3%83%a9%e3%83%aa%e3%83%bc\\\/\",\"url\":\"https:\\\/\\\/www.hirsiset.com\\\/ja\\\/%e3%83%8f%e3%82%a6%e3%82%b9%e3%83%a2%e3%83%87%e3%83%ab\\\/%e3%83%95%e3%82%a9%e3%83%88%e3%82%ae%e3%83%a3%e3%83%a9%e3%83%aa%e3%83%bc\\\/\",\"name\":\"\u30d5\u30a9\u30c8\u30ae\u30e3\u30e9\u30ea\u30fc - Hirsiset - Hirsitalot, hirsim\u00f6kit ja vapaa-ajan asunnot\",\"isPartOf\":{\"@id\":\"https:\\\/\\\/www.hirsiset.com\\\/ja\\\/#website\"},\"datePublished\":\"2019-05-20T09:43:15+00:00\",\"dateModified\":\"2019-05-20T09:47:55+00:00\",\"description\":\"Hirsiset-hirsirakennukset ovat korkealaatuisia taidonn\u00e4ytteit\u00e4. K\u00e4y peremm\u00e4lle ja tule katsomaan milt\u00e4 Hirsiset-hirsitalon sis\u00e4puolella n\u00e4ytt\u00e4\u00e4.\",\"breadcrumb\":{\"@id\":\"https:\\\/\\\/www.hirsiset.com\\\/ja\\\/%e3%83%8f%e3%82%a6%e3%82%b9%e3%83%a2%e3%83%87%e3%83%ab\\\/%e3%83%95%e3%82%a9%e3%83%88%e3%82%ae%e3%83%a3%e3%83%a9%e3%83%aa%e3%83%bc\\\/#breadcrumb\"},\"inLanguage\":\"ja\",\"potentialAction\":[{\"@type\":\"ReadAction\",\"target\":[\"https:\\\/\\\/www.hirsiset.com\\\/ja\\\/%e3%83%8f%e3%82%a6%e3%82%b9%e3%83%a2%e3%83%87%e3%83%ab\\\/%e3%83%95%e3%82%a9%e3%83%88%e3%82%ae%e3%83%a3%e3%83%a9%e3%83%aa%e3%83%bc\\\/\"]}]},{\"@type\":\"BreadcrumbList\",\"@id\":\"https:\\\/\\\/www.hirsiset.com\\\/ja\\\/%e3%83%8f%e3%82%a6%e3%82%b9%e3%83%a2%e3%83%87%e3%83%ab\\\/%e3%83%95%e3%82%a9%e3%83%88%e3%82%ae%e3%83%a3%e3%83%a9%e3%83%aa%e3%83%bc\\\/#breadcrumb\",\"itemListElement\":[{\"@type\":\"ListItem\",\"position\":1,\"name\":\"Home\",\"item\":\"https:\\\/\\\/www.hirsiset.com\\\/ja\\\/\"},{\"@type\":\"ListItem\",\"position\":2,\"name\":\"\u30cf\u30a6\u30b9\u30e2\u30c7\u30eb\",\"item\":\"https:\\\/\\\/www.hirsiset.com\\\/ja\\\/%e3%83%8f%e3%82%a6%e3%82%b9%e3%83%a2%e3%83%87%e3%83%ab\\\/\"},{\"@type\":\"ListItem\",\"position\":3,\"name\":\"\u30d5\u30a9\u30c8\u30ae\u30e3\u30e9\u30ea\u30fc\"}]},{\"@type\":\"WebSite\",\"@id\":\"https:\\\/\\\/www.hirsiset.com\\\/ja\\\/#website\",\"url\":\"https:\\\/\\\/www.hirsiset.com\\\/ja\\\/\",\"name\":\"Hirsiset\",\"description\":\"30\u5e74\u4ee5\u4e0a\u306e\u7d4c\u9a13\u3092\u6301\u3064\u30ed\u30b0\u30cf\u30a6\u30b9\",\"publisher\":{\"@id\":\"https:\\\/\\\/www.hirsiset.com\\\/ja\\\/#organization\"},\"potentialAction\":[{\"@type\":\"SearchAction\",\"target\":{\"@type\":\"EntryPoint\",\"urlTemplate\":\"https:\\\/\\\/www.hirsiset.com\\\/ja\\\/?s={search_term_string}\"},\"query-input\":{\"@type\":\"PropertyValueSpecification\",\"valueRequired\":true,\"valueName\":\"search_term_string\"}}],\"inLanguage\":\"ja\"},{\"@type\":\"Organization\",\"@id\":\"https:\\\/\\\/www.hirsiset.com\\\/ja\\\/#organization\",\"name\":\"Oulun Hirsiset Oy\",\"url\":\"https:\\\/\\\/www.hirsiset.com\\\/ja\\\/\",\"logo\":{\"@type\":\"ImageObject\",\"inLanguage\":\"ja\",\"@id\":\"https:\\\/\\\/www.hirsiset.com\\\/ja\\\/#\\\/schema\\\/logo\\\/image\\\/\",\"url\":\"https:\\\/\\\/www.hirsiset.com\\\/wp-content\\\/uploads\\\/Hirsiset_logo65px.png\",\"contentUrl\":\"https:\\\/\\\/www.hirsiset.com\\\/wp-content\\\/uploads\\\/Hirsiset_logo65px.png\",\"width\":299,\"height\":65,\"caption\":\"Oulun Hirsiset Oy\"},\"image\":{\"@id\":\"https:\\\/\\\/www.hirsiset.com\\\/ja\\\/#\\\/schema\\\/logo\\\/image\\\/\"},\"sameAs\":[\"https:\\\/\\\/www.facebook.com\\\/Hirsiset\\\/\",\"https:\\\/\\\/x.com\\\/hirsiset\",\"https:\\\/\\\/www.instagram.com\\\/hirsiset_oy\\\/\"]}]}<\/script>\n<!-- \/ Yoast SEO plugin. -->","yoast_head_json":{"title":"\u30d5\u30a9\u30c8\u30ae\u30e3\u30e9\u30ea\u30fc - Hirsiset - Hirsitalot, hirsim\u00f6kit ja vapaa-ajan asunnot","description":"Hirsiset-hirsirakennukset ovat korkealaatuisia taidonn\u00e4ytteit\u00e4. K\u00e4y peremm\u00e4lle ja tule katsomaan milt\u00e4 Hirsiset-hirsitalon sis\u00e4puolella n\u00e4ytt\u00e4\u00e4.","robots":{"index":"index","follow":"follow","max-snippet":"max-snippet:-1","max-image-preview":"max-image-preview:large","max-video-preview":"max-video-preview:-1"},"canonical":"https:\/\/www.hirsiset.com\/ja\/%e3%83%8f%e3%82%a6%e3%82%b9%e3%83%a2%e3%83%87%e3%83%ab\/%e3%83%95%e3%82%a9%e3%83%88%e3%82%ae%e3%83%a3%e3%83%a9%e3%83%aa%e3%83%bc\/","og_locale":"ja_JP","og_type":"article","og_title":"\u30d5\u30a9\u30c8\u30ae\u30e3\u30e9\u30ea\u30fc - Hirsiset - Hirsitalot, hirsim\u00f6kit ja vapaa-ajan asunnot","og_description":"Hirsiset-hirsirakennukset ovat korkealaatuisia taidonn\u00e4ytteit\u00e4. K\u00e4y peremm\u00e4lle ja tule katsomaan milt\u00e4 Hirsiset-hirsitalon sis\u00e4puolella n\u00e4ytt\u00e4\u00e4.","og_url":"https:\/\/www.hirsiset.com\/ja\/%e3%83%8f%e3%82%a6%e3%82%b9%e3%83%a2%e3%83%87%e3%83%ab\/%e3%83%95%e3%82%a9%e3%83%88%e3%82%ae%e3%83%a3%e3%83%a9%e3%83%aa%e3%83%bc\/","og_site_name":"Hirsiset","article_publisher":"https:\/\/www.facebook.com\/Hirsiset\/","article_modified_time":"2019-05-20T09:47:55+00:00","twitter_card":"summary_large_image","twitter_site":"@hirsiset","schema":{"@context":"https:\/\/schema.org","@graph":[{"@type":"WebPage","@id":"https:\/\/www.hirsiset.com\/ja\/%e3%83%8f%e3%82%a6%e3%82%b9%e3%83%a2%e3%83%87%e3%83%ab\/%e3%83%95%e3%82%a9%e3%83%88%e3%82%ae%e3%83%a3%e3%83%a9%e3%83%aa%e3%83%bc\/","url":"https:\/\/www.hirsiset.com\/ja\/%e3%83%8f%e3%82%a6%e3%82%b9%e3%83%a2%e3%83%87%e3%83%ab\/%e3%83%95%e3%82%a9%e3%83%88%e3%82%ae%e3%83%a3%e3%83%a9%e3%83%aa%e3%83%bc\/","name":"\u30d5\u30a9\u30c8\u30ae\u30e3\u30e9\u30ea\u30fc - Hirsiset - Hirsitalot, hirsim\u00f6kit ja vapaa-ajan asunnot","isPartOf":{"@id":"https:\/\/www.hirsiset.com\/ja\/#website"},"datePublished":"2019-05-20T09:43:15+00:00","dateModified":"2019-05-20T09:47:55+00:00","description":"Hirsiset-hirsirakennukset ovat korkealaatuisia taidonn\u00e4ytteit\u00e4. K\u00e4y peremm\u00e4lle ja tule katsomaan milt\u00e4 Hirsiset-hirsitalon sis\u00e4puolella n\u00e4ytt\u00e4\u00e4.","breadcrumb":{"@id":"https:\/\/www.hirsiset.com\/ja\/%e3%83%8f%e3%82%a6%e3%82%b9%e3%83%a2%e3%83%87%e3%83%ab\/%e3%83%95%e3%82%a9%e3%83%88%e3%82%ae%e3%83%a3%e3%83%a9%e3%83%aa%e3%83%bc\/#breadcrumb"},"inLanguage":"ja","potentialAction":[{"@type":"ReadAction","target":["https:\/\/www.hirsiset.com\/ja\/%e3%83%8f%e3%82%a6%e3%82%b9%e3%83%a2%e3%83%87%e3%83%ab\/%e3%83%95%e3%82%a9%e3%83%88%e3%82%ae%e3%83%a3%e3%83%a9%e3%83%aa%e3%83%bc\/"]}]},{"@type":"BreadcrumbList","@id":"https:\/\/www.hirsiset.com\/ja\/%e3%83%8f%e3%82%a6%e3%82%b9%e3%83%a2%e3%83%87%e3%83%ab\/%e3%83%95%e3%82%a9%e3%83%88%e3%82%ae%e3%83%a3%e3%83%a9%e3%83%aa%e3%83%bc\/#breadcrumb","itemListElement":[{"@type":"ListItem","position":1,"name":"Home","item":"https:\/\/www.hirsiset.com\/ja\/"},{"@type":"ListItem","position":2,"name":"\u30cf\u30a6\u30b9\u30e2\u30c7\u30eb","item":"https:\/\/www.hirsiset.com\/ja\/%e3%83%8f%e3%82%a6%e3%82%b9%e3%83%a2%e3%83%87%e3%83%ab\/"},{"@type":"ListItem","position":3,"name":"\u30d5\u30a9\u30c8\u30ae\u30e3\u30e9\u30ea\u30fc"}]},{"@type":"WebSite","@id":"https:\/\/www.hirsiset.com\/ja\/#website","url":"https:\/\/www.hirsiset.com\/ja\/","name":"Hirsiset","description":"30\u5e74\u4ee5\u4e0a\u306e\u7d4c\u9a13\u3092\u6301\u3064\u30ed\u30b0\u30cf\u30a6\u30b9","publisher":{"@id":"https:\/\/www.hirsiset.com\/ja\/#organization"},"potentialAction":[{"@type":"SearchAction","target":{"@type":"EntryPoint","urlTemplate":"https:\/\/www.hirsiset.com\/ja\/?s={search_term_string}"},"query-input":{"@type":"PropertyValueSpecification","valueRequired":true,"valueName":"search_term_string"}}],"inLanguage":"ja"},{"@type":"Organization","@id":"https:\/\/www.hirsiset.com\/ja\/#organization","name":"Oulun Hirsiset Oy","url":"https:\/\/www.hirsiset.com\/ja\/","logo":{"@type":"ImageObject","inLanguage":"ja","@id":"https:\/\/www.hirsiset.com\/ja\/#\/schema\/logo\/image\/","url":"https:\/\/www.hirsiset.com\/wp-content\/uploads\/Hirsiset_logo65px.png","contentUrl":"https:\/\/www.hirsiset.com\/wp-content\/uploads\/Hirsiset_logo65px.png","width":299,"height":65,"caption":"Oulun Hirsiset Oy"},"image":{"@id":"https:\/\/www.hirsiset.com\/ja\/#\/schema\/logo\/image\/"},"sameAs":["https:\/\/www.facebook.com\/Hirsiset\/","https:\/\/x.com\/hirsiset","https:\/\/www.instagram.com\/hirsiset_oy\/"]}]}},"_links":{"self":[{"href":"https:\/\/www.hirsiset.com\/ja\/wp-json\/wp\/v2\/pages\/7057","targetHints":{"allow":["GET"]}}],"collection":[{"href":"https:\/\/www.hirsiset.com\/ja\/wp-json\/wp\/v2\/pages"}],"about":[{"href":"https:\/\/www.hirsiset.com\/ja\/wp-json\/wp\/v2\/types\/page"}],"author":[{"embeddable":true,"href":"https:\/\/www.hirsiset.com\/ja\/wp-json\/wp\/v2\/users\/1"}],"replies":[{"embeddable":true,"href":"https:\/\/www.hirsiset.com\/ja\/wp-json\/wp\/v2\/comments?post=7057"}],"version-history":[{"count":0,"href":"https:\/\/www.hirsiset.com\/ja\/wp-json\/wp\/v2\/pages\/7057\/revisions"}],"up":[{"embeddable":true,"href":"https:\/\/www.hirsiset.com\/ja\/wp-json\/wp\/v2\/pages\/7047"}],"wp:attachment":[{"href":"https:\/\/www.hirsiset.com\/ja\/wp-json\/wp\/v2\/media?parent=7057"}],"curies":[{"name":"wp","href":"https:\/\/api.w.org\/{rel}","templated":true}]}}