{"id":6998,"date":"2019-05-16T13:39:41","date_gmt":"2019-05-16T10:39:41","guid":{"rendered":"https:\/\/www.hirsiset.com\/%e3%81%8a%e5%95%8f%e3%81%84%e5%90%88%e3%82%8f%e3%81%9b\/"},"modified":"2023-05-23T10:18:07","modified_gmt":"2023-05-23T07:18:07","slug":"%e3%81%8a%e5%95%8f%e3%81%84%e5%90%88%e3%82%8f%e3%81%9b","status":"publish","type":"page","link":"https:\/\/www.hirsiset.com\/ja\/%e3%81%8a%e5%95%8f%e3%81%84%e5%90%88%e3%82%8f%e3%81%9b\/","title":{"rendered":"\u304a\u554f\u3044\u5408\u308f\u305b"},"content":{"rendered":"<div class=\"wpb-content-wrapper\"><p>[vc_row][vc_column width=&#8221;1\/2&#8243;][vc_column_text]<strong>Managing Director:<\/strong><br \/>\nMarkku M\u00e4l\u00e4sk\u00e4 +358 400 386 048<br \/>\nCEO<\/p>\n<p><strong>Export Manager German and English:<\/strong><br \/>\nMarkku M\u00e4l\u00e4sk\u00e4 +358 400 386 048<br \/>\n\u82f1\u8a9e\u3001\u30c9\u30a4\u30c4\u8a9e\u570f\u3000\u8f38\u51fa\u62c5\u5f53<\/p>\n<p><strong>Export Manager Japanese and Chinese:<\/strong><br \/>\nWei Lu +358 50 452 3491<br \/>\n\u65e5\u672c\u3001\u4e2d\u56fd\u8f38\u51fa\u30de\u30cd\u30fc\u30b8\u30e3\u30fc<\/p>\n<p><strong>Quotation Engineer:<\/strong><br \/>\nPirjo Lantto +358 50 4523 495<br \/>\n\u7a4d\u7b97\u3001\u767a\u6ce8<\/p>\n<p><strong>Construction Engineer:<\/strong><br \/>\nVesa Lassila +358 50 4523 435<br \/>\n\u69cb\u9020\u8a2d\u8a08\u30a8\u30f3\u30b8\u30cb\u30a2<\/p>\n<p>&nbsp;<\/p>\n<p><strong>\u30e1\u30fc\u30eb\u3067\u306e\u304a\u554f\u3044\u5408\u308f\u305b:<\/strong><br \/>\n<strong>\u540d<\/strong>(at) hirsiset.com, hirsiset(at)hirsiset.com[\/vc_column_text][vc_empty_space height=&#8221;50px&#8221;][\/vc_column][vc_column width=&#8221;1\/2&#8243;][vc_column_text]<strong>\u4f4f\u6240<\/strong><br \/>\nHirsiset Sales &amp; Planning Office<br \/>\nKonetie 19 C1<br \/>\nFI-90620 OULU<br \/>\nFinland[\/vc_column_text][vc_gmaps link=&#8221;#E-8_JTNDaWZyYW1lJTIwc3JjJTNEJTIyaHR0cHMlM0ElMkYlMkZ3d3cuZ29vZ2xlLmNvbSUyRm1hcHMlMkZlbWJlZCUzRnBiJTNEJTIxMW0xOCUyMTFtMTIlMjExbTMlMjExZDQyMC44MDI1ODQzNTk0Mjk2JTIxMmQyNS41NjU1MzM1Njk3NDgyODYlMjEzZDY1LjA0Njg4ODM5ODYxNjgyJTIxMm0zJTIxMWYwJTIxMmYwJTIxM2YwJTIxM20yJTIxMWkxMDI0JTIxMmk3NjglMjE0ZjEzLjElMjEzbTMlMjExbTIlMjExczB4NDY4MWNlZjJkNjkyNmUzMSUyNTNBMHg3MDcwYzJhYTAwM2NhZGI4JTIxMnNPdWx1biUyNTIwSGlyc2lzZXQlMjUyME95JTIxNWUwJTIxM20yJTIxMXNmaSUyMTJzZmklMjE0djE2ODQ4MjQzOTg4MzMlMjE1bTIlMjExc2ZpJTIxMnNmaSUyMiUyMHdpZHRoJTNEJTIyNDAwJTIyJTIwaGVpZ2h0JTNEJTIyMzAwJTIyJTIwc3R5bGUlM0QlMjJib3JkZXIlM0EwJTNCJTIyJTIwYWxsb3dmdWxsc2NyZWVuJTNEJTIyJTIyJTIwbG9hZGluZyUzRCUyMmxhenklMjIlMjByZWZlcnJlcnBvbGljeSUzRCUyMm5vLXJlZmVycmVyLXdoZW4tZG93bmdyYWRlJTIyJTNFJTNDJTJGaWZyYW1lJTNF&#8221; size=&#8221;270&#8243;][vc_empty_space height=&#8221;50px&#8221;][\/vc_column][\/vc_row][vc_row][vc_column][vc_column_text]<\/p>\n<h2>\u30d5\u30a9\u30fc\u30e0\u3067\u306e\u304a\u554f\u3044\u5408\u308f\u305b<\/h2>\n<p>[\/vc_column_text]\n<div class=\"wpcf7 no-js\" id=\"wpcf7-f7052-o1\" lang=\"ja\" dir=\"ltr\" data-wpcf7-id=\"7052\">\n<div class=\"screen-reader-response\"><p role=\"status\" aria-live=\"polite\" aria-atomic=\"true\"><\/p> <ul><\/ul><\/div>\n<form action=\"\/ja\/wp-json\/wp\/v2\/pages\/6998#wpcf7-f7052-o1\" method=\"post\" class=\"wpcf7-form init\" aria-label=\"\u30b3\u30f3\u30bf\u30af\u30c8\u30d5\u30a9\u30fc\u30e0\" novalidate=\"novalidate\" data-status=\"init\">\n<fieldset class=\"hidden-fields-container\"><input type=\"hidden\" name=\"_wpcf7\" value=\"7052\" \/><input type=\"hidden\" name=\"_wpcf7_version\" value=\"6.1.5\" \/><input type=\"hidden\" name=\"_wpcf7_locale\" value=\"ja\" \/><input type=\"hidden\" name=\"_wpcf7_unit_tag\" value=\"wpcf7-f7052-o1\" \/><input type=\"hidden\" name=\"_wpcf7_container_post\" value=\"0\" \/><input type=\"hidden\" name=\"_wpcf7_posted_data_hash\" value=\"\" \/><input type=\"hidden\" name=\"_wpcf7_recaptcha_response\" value=\"\" \/>\n<\/fieldset>\n<p>\u304a\u540d\u524d\uff08\u5fc5\u9808\uff09*\n<\/p>\n<p><span class=\"wpcf7-form-control-wrap\" data-name=\"your-name\"><input size=\"40\" maxlength=\"400\" class=\"wpcf7-form-control wpcf7-text wpcf7-validates-as-required\" aria-required=\"true\" aria-invalid=\"false\" value=\"\" type=\"text\" name=\"your-name\" \/><\/span>\n<\/p>\n<p>\u30e1\u30fc\u30eb\uff08\u5fc5\u9808\uff09*\n<\/p>\n<p><span class=\"wpcf7-form-control-wrap\" data-name=\"your-email\"><input size=\"40\" maxlength=\"400\" class=\"wpcf7-form-control wpcf7-email wpcf7-validates-as-required wpcf7-text wpcf7-validates-as-email\" aria-required=\"true\" aria-invalid=\"false\" value=\"\" type=\"email\" name=\"your-email\" \/><\/span>\n<\/p>\n<p>\u96fb\u8a71\uff08\u5fc5\u9808\uff09*\n<\/p>\n<p><span class=\"wpcf7-form-control-wrap\" data-name=\"tel-335\"><input size=\"40\" maxlength=\"400\" class=\"wpcf7-form-control wpcf7-tel wpcf7-validates-as-required wpcf7-text wpcf7-validates-as-tel\" aria-required=\"true\" aria-invalid=\"false\" value=\"\" type=\"tel\" name=\"tel-335\" \/><\/span>\n<\/p>\n<p>\u4f4f\u6240\uff08\u5fc5\u9808\uff09*\n<\/p>\n<p><span class=\"wpcf7-form-control-wrap\" data-name=\"your-home\"><input size=\"40\" maxlength=\"400\" class=\"wpcf7-form-control wpcf7-text wpcf7-validates-as-required\" aria-required=\"true\" aria-invalid=\"false\" value=\"\" type=\"text\" name=\"your-home\" \/><\/span>\n<\/p>\n<p>\u5efa\u8a2d\u4e88\u5b9a\u5730 (\u90fd\u9053\u5e9c\u770c\u30fb\u5e02\u533a\u753a\u6751\u30fb\u5730\u57df\u3001\u672a\u5b9a\u306e\u5834\u5408\u672a\u5b9a\u3068\u8a18\u5165\u3057\u3066\u304f\u3060\u3055\u3044)\uff08\u5fc5\u9808\uff09*\n<\/p>\n<p><span class=\"wpcf7-form-control-wrap\" data-name=\"your-area\"><input size=\"40\" maxlength=\"400\" class=\"wpcf7-form-control wpcf7-text wpcf7-validates-as-required\" aria-required=\"true\" aria-invalid=\"false\" value=\"\" type=\"text\" name=\"your-area\" \/><\/span>\n<\/p>\n<p>\u8868\u984c\n<\/p>\n<p><span class=\"wpcf7-form-control-wrap\" data-name=\"your-subject\"><input size=\"40\" maxlength=\"400\" class=\"wpcf7-form-control wpcf7-text\" aria-invalid=\"false\" value=\"\" type=\"text\" name=\"your-subject\" \/><\/span>\n<\/p>\n<p>\u672c\u6587\n<\/p>\n<p><span class=\"wpcf7-form-control-wrap\" data-name=\"your-message\"><textarea cols=\"40\" rows=\"10\" maxlength=\"2000\" class=\"wpcf7-form-control wpcf7-textarea\" aria-invalid=\"false\" name=\"your-message\"><\/textarea><\/span>\n<\/p>\n<p><small>* \uff08\u5fc5\u9808\uff09 \u5fc5\u9808\u30d5\u30a3\u30fc\u30eb\u30c9<\/small>\n<\/p>\n<p><span class=\"wpcf7-form-control-wrap\" data-name=\"acceptance-150\"><span class=\"wpcf7-form-control wpcf7-acceptance\"><span class=\"wpcf7-list-item\"><label><input type=\"checkbox\" name=\"acceptance-150\" value=\"1\" aria-invalid=\"false\" \/><span class=\"wpcf7-list-item-label\">\u304a\u5ba2\u69d8\u306f\u5f53\u30b5\u30a4\u30c8\u306b\u5165\u529b\u3057\u305f\u30c7\u30fc\u30bf\u304c\u4f7f\u7528\u3084\u4fdd\u5b58\u3055\u308c\u308b\u3053\u3068\u3092\u5408\u610f\u3057\u307e\u3059\u3002 *<\/span><\/label><\/span><\/span><\/span> &nbsp;&nbsp;&nbsp;\n<\/p>\n<p><a href=\"\/ja\/\u304a\u554f\u3044\u5408\u308f\u305b\/register-statement\/\">Register Statement<\/a>\n<\/p>\n<p>&nbsp;\n<\/p>\n<p>\n<span class=\"wpcf7-form-control-wrap recaptcha\" data-name=\"recaptcha\"><span data-sitekey=\"6LfD8rIUAAAAAGCzvEWumyjINGEM0Xer_BbNTwNo\" class=\"wpcf7-form-control wpcf7-recaptcha g-recaptcha\"><\/span>\r\n<noscript>\r\n\t<div class=\"grecaptcha-noscript\">\r\n\t\t<iframe loading=\"lazy\" src=\"https:\/\/www.google.com\/recaptcha\/api\/fallback?k=6LfD8rIUAAAAAGCzvEWumyjINGEM0Xer_BbNTwNo\" frameborder=\"0\" scrolling=\"no\" width=\"310\" height=\"430\">\r\n\t\t<\/iframe>\r\n\t\t<textarea name=\"g-recaptcha-response\" rows=\"3\" cols=\"40\" placeholder=\"reCaptcha \u30ec\u30b9\u30dd\u30f3\u30b9\u306f\u3053\u3061\u3089\">\r\n\t\t<\/textarea>\r\n\t<\/div>\r\n<\/noscript>\r\n<\/span>\n<\/p>\n<p>&nbsp;\n<\/p>\n<p><input class=\"wpcf7-form-control wpcf7-submit has-spinner\" type=\"submit\" value=\"\u9001\u4fe1\" \/>\n<\/p><div class=\"wpcf7-response-output\" aria-hidden=\"true\"><\/div>\n<\/form>\n<\/div>\n[\/vc_column][\/vc_row]<\/p>\n<\/div>","protected":false},"excerpt":{"rendered":"<p>[vc_row][vc_column width=&#8221;1\/2&#8243;][vc_column_text]Managing Director: Markku M\u00e4l\u00e4sk\u00e4 +358 400 386 048 &hellip;<\/p>\n","protected":false},"author":1,"featured_media":0,"parent":0,"menu_order":0,"comment_status":"closed","ping_status":"closed","template":"","meta":{"footnotes":""},"class_list":["post-6998","page","type-page","status-publish","hentry","description-off"],"yoast_head":"<!-- This site is optimized with the Yoast SEO plugin v27.4 - https:\/\/yoast.com\/product\/yoast-seo-wordpress\/ -->\n<title>\u304a\u554f\u3044\u5408\u308f\u305b - Hirsiset - Hirsitalot, hirsim\u00f6kit ja vapaa-ajan asunnot<\/title>\n<meta name=\"description\" content=\"Kun suunnittelet hirsitalon hankintaa, ota ensiksi yhteytt\u00e4 meihin. Me tarjoamme suunnittelun ja toteutuksen unelmiesi hirsitaloon tai hirsim\u00f6kkiin.\" \/>\n<meta name=\"robots\" content=\"index, follow, max-snippet:-1, max-image-preview:large, max-video-preview:-1\" \/>\n<link rel=\"canonical\" href=\"https:\/\/www.hirsiset.com\/ja\/%e3%81%8a%e5%95%8f%e3%81%84%e5%90%88%e3%82%8f%e3%81%9b\/\" \/>\n<meta property=\"og:locale\" content=\"ja_JP\" \/>\n<meta property=\"og:type\" content=\"article\" \/>\n<meta property=\"og:title\" content=\"\u304a\u554f\u3044\u5408\u308f\u305b - Hirsiset - Hirsitalot, hirsim\u00f6kit ja vapaa-ajan asunnot\" \/>\n<meta property=\"og:description\" content=\"Kun suunnittelet hirsitalon hankintaa, ota ensiksi yhteytt\u00e4 meihin. Me tarjoamme suunnittelun ja toteutuksen unelmiesi hirsitaloon tai hirsim\u00f6kkiin.\" \/>\n<meta property=\"og:url\" content=\"https:\/\/www.hirsiset.com\/ja\/%e3%81%8a%e5%95%8f%e3%81%84%e5%90%88%e3%82%8f%e3%81%9b\/\" \/>\n<meta property=\"og:site_name\" content=\"Hirsiset\" \/>\n<meta property=\"article:publisher\" content=\"https:\/\/www.facebook.com\/Hirsiset\/\" \/>\n<meta property=\"article:modified_time\" content=\"2023-05-23T07:18:07+00:00\" \/>\n<meta name=\"twitter:card\" content=\"summary_large_image\" \/>\n<meta name=\"twitter:site\" content=\"@hirsiset\" \/>\n<meta name=\"twitter:label1\" content=\"\u63a8\u5b9a\u8aad\u307f\u53d6\u308a\u6642\u9593\" \/>\n\t<meta name=\"twitter:data1\" content=\"1\u5206\" \/>\n<script type=\"application\/ld+json\" class=\"yoast-schema-graph\">{\"@context\":\"https:\\\/\\\/schema.org\",\"@graph\":[{\"@type\":\"WebPage\",\"@id\":\"https:\\\/\\\/www.hirsiset.com\\\/ja\\\/%e3%81%8a%e5%95%8f%e3%81%84%e5%90%88%e3%82%8f%e3%81%9b\\\/\",\"url\":\"https:\\\/\\\/www.hirsiset.com\\\/ja\\\/%e3%81%8a%e5%95%8f%e3%81%84%e5%90%88%e3%82%8f%e3%81%9b\\\/\",\"name\":\"\u304a\u554f\u3044\u5408\u308f\u305b - Hirsiset - Hirsitalot, hirsim\u00f6kit ja vapaa-ajan asunnot\",\"isPartOf\":{\"@id\":\"https:\\\/\\\/www.hirsiset.com\\\/ja\\\/#website\"},\"datePublished\":\"2019-05-16T10:39:41+00:00\",\"dateModified\":\"2023-05-23T07:18:07+00:00\",\"description\":\"Kun suunnittelet hirsitalon hankintaa, ota ensiksi yhteytt\u00e4 meihin. Me tarjoamme suunnittelun ja toteutuksen unelmiesi hirsitaloon tai hirsim\u00f6kkiin.\",\"breadcrumb\":{\"@id\":\"https:\\\/\\\/www.hirsiset.com\\\/ja\\\/%e3%81%8a%e5%95%8f%e3%81%84%e5%90%88%e3%82%8f%e3%81%9b\\\/#breadcrumb\"},\"inLanguage\":\"ja\",\"potentialAction\":[{\"@type\":\"ReadAction\",\"target\":[\"https:\\\/\\\/www.hirsiset.com\\\/ja\\\/%e3%81%8a%e5%95%8f%e3%81%84%e5%90%88%e3%82%8f%e3%81%9b\\\/\"]}]},{\"@type\":\"BreadcrumbList\",\"@id\":\"https:\\\/\\\/www.hirsiset.com\\\/ja\\\/%e3%81%8a%e5%95%8f%e3%81%84%e5%90%88%e3%82%8f%e3%81%9b\\\/#breadcrumb\",\"itemListElement\":[{\"@type\":\"ListItem\",\"position\":1,\"name\":\"Home\",\"item\":\"https:\\\/\\\/www.hirsiset.com\\\/ja\\\/\"},{\"@type\":\"ListItem\",\"position\":2,\"name\":\"\u304a\u554f\u3044\u5408\u308f\u305b\"}]},{\"@type\":\"WebSite\",\"@id\":\"https:\\\/\\\/www.hirsiset.com\\\/ja\\\/#website\",\"url\":\"https:\\\/\\\/www.hirsiset.com\\\/ja\\\/\",\"name\":\"Hirsiset\",\"description\":\"30\u5e74\u4ee5\u4e0a\u306e\u7d4c\u9a13\u3092\u6301\u3064\u30ed\u30b0\u30cf\u30a6\u30b9\",\"publisher\":{\"@id\":\"https:\\\/\\\/www.hirsiset.com\\\/ja\\\/#organization\"},\"potentialAction\":[{\"@type\":\"SearchAction\",\"target\":{\"@type\":\"EntryPoint\",\"urlTemplate\":\"https:\\\/\\\/www.hirsiset.com\\\/ja\\\/?s={search_term_string}\"},\"query-input\":{\"@type\":\"PropertyValueSpecification\",\"valueRequired\":true,\"valueName\":\"search_term_string\"}}],\"inLanguage\":\"ja\"},{\"@type\":\"Organization\",\"@id\":\"https:\\\/\\\/www.hirsiset.com\\\/ja\\\/#organization\",\"name\":\"Oulun Hirsiset Oy\",\"url\":\"https:\\\/\\\/www.hirsiset.com\\\/ja\\\/\",\"logo\":{\"@type\":\"ImageObject\",\"inLanguage\":\"ja\",\"@id\":\"https:\\\/\\\/www.hirsiset.com\\\/ja\\\/#\\\/schema\\\/logo\\\/image\\\/\",\"url\":\"https:\\\/\\\/www.hirsiset.com\\\/wp-content\\\/uploads\\\/Hirsiset_logo65px.png\",\"contentUrl\":\"https:\\\/\\\/www.hirsiset.com\\\/wp-content\\\/uploads\\\/Hirsiset_logo65px.png\",\"width\":299,\"height\":65,\"caption\":\"Oulun Hirsiset Oy\"},\"image\":{\"@id\":\"https:\\\/\\\/www.hirsiset.com\\\/ja\\\/#\\\/schema\\\/logo\\\/image\\\/\"},\"sameAs\":[\"https:\\\/\\\/www.facebook.com\\\/Hirsiset\\\/\",\"https:\\\/\\\/x.com\\\/hirsiset\",\"https:\\\/\\\/www.instagram.com\\\/hirsiset_oy\\\/\"]}]}<\/script>\n<!-- \/ Yoast SEO plugin. -->","yoast_head_json":{"title":"\u304a\u554f\u3044\u5408\u308f\u305b - Hirsiset - Hirsitalot, hirsim\u00f6kit ja vapaa-ajan asunnot","description":"Kun suunnittelet hirsitalon hankintaa, ota ensiksi yhteytt\u00e4 meihin. Me tarjoamme suunnittelun ja toteutuksen unelmiesi hirsitaloon tai hirsim\u00f6kkiin.","robots":{"index":"index","follow":"follow","max-snippet":"max-snippet:-1","max-image-preview":"max-image-preview:large","max-video-preview":"max-video-preview:-1"},"canonical":"https:\/\/www.hirsiset.com\/ja\/%e3%81%8a%e5%95%8f%e3%81%84%e5%90%88%e3%82%8f%e3%81%9b\/","og_locale":"ja_JP","og_type":"article","og_title":"\u304a\u554f\u3044\u5408\u308f\u305b - Hirsiset - Hirsitalot, hirsim\u00f6kit ja vapaa-ajan asunnot","og_description":"Kun suunnittelet hirsitalon hankintaa, ota ensiksi yhteytt\u00e4 meihin. Me tarjoamme suunnittelun ja toteutuksen unelmiesi hirsitaloon tai hirsim\u00f6kkiin.","og_url":"https:\/\/www.hirsiset.com\/ja\/%e3%81%8a%e5%95%8f%e3%81%84%e5%90%88%e3%82%8f%e3%81%9b\/","og_site_name":"Hirsiset","article_publisher":"https:\/\/www.facebook.com\/Hirsiset\/","article_modified_time":"2023-05-23T07:18:07+00:00","twitter_card":"summary_large_image","twitter_site":"@hirsiset","twitter_misc":{"\u63a8\u5b9a\u8aad\u307f\u53d6\u308a\u6642\u9593":"1\u5206"},"schema":{"@context":"https:\/\/schema.org","@graph":[{"@type":"WebPage","@id":"https:\/\/www.hirsiset.com\/ja\/%e3%81%8a%e5%95%8f%e3%81%84%e5%90%88%e3%82%8f%e3%81%9b\/","url":"https:\/\/www.hirsiset.com\/ja\/%e3%81%8a%e5%95%8f%e3%81%84%e5%90%88%e3%82%8f%e3%81%9b\/","name":"\u304a\u554f\u3044\u5408\u308f\u305b - Hirsiset - Hirsitalot, hirsim\u00f6kit ja vapaa-ajan asunnot","isPartOf":{"@id":"https:\/\/www.hirsiset.com\/ja\/#website"},"datePublished":"2019-05-16T10:39:41+00:00","dateModified":"2023-05-23T07:18:07+00:00","description":"Kun suunnittelet hirsitalon hankintaa, ota ensiksi yhteytt\u00e4 meihin. Me tarjoamme suunnittelun ja toteutuksen unelmiesi hirsitaloon tai hirsim\u00f6kkiin.","breadcrumb":{"@id":"https:\/\/www.hirsiset.com\/ja\/%e3%81%8a%e5%95%8f%e3%81%84%e5%90%88%e3%82%8f%e3%81%9b\/#breadcrumb"},"inLanguage":"ja","potentialAction":[{"@type":"ReadAction","target":["https:\/\/www.hirsiset.com\/ja\/%e3%81%8a%e5%95%8f%e3%81%84%e5%90%88%e3%82%8f%e3%81%9b\/"]}]},{"@type":"BreadcrumbList","@id":"https:\/\/www.hirsiset.com\/ja\/%e3%81%8a%e5%95%8f%e3%81%84%e5%90%88%e3%82%8f%e3%81%9b\/#breadcrumb","itemListElement":[{"@type":"ListItem","position":1,"name":"Home","item":"https:\/\/www.hirsiset.com\/ja\/"},{"@type":"ListItem","position":2,"name":"\u304a\u554f\u3044\u5408\u308f\u305b"}]},{"@type":"WebSite","@id":"https:\/\/www.hirsiset.com\/ja\/#website","url":"https:\/\/www.hirsiset.com\/ja\/","name":"Hirsiset","description":"30\u5e74\u4ee5\u4e0a\u306e\u7d4c\u9a13\u3092\u6301\u3064\u30ed\u30b0\u30cf\u30a6\u30b9","publisher":{"@id":"https:\/\/www.hirsiset.com\/ja\/#organization"},"potentialAction":[{"@type":"SearchAction","target":{"@type":"EntryPoint","urlTemplate":"https:\/\/www.hirsiset.com\/ja\/?s={search_term_string}"},"query-input":{"@type":"PropertyValueSpecification","valueRequired":true,"valueName":"search_term_string"}}],"inLanguage":"ja"},{"@type":"Organization","@id":"https:\/\/www.hirsiset.com\/ja\/#organization","name":"Oulun Hirsiset Oy","url":"https:\/\/www.hirsiset.com\/ja\/","logo":{"@type":"ImageObject","inLanguage":"ja","@id":"https:\/\/www.hirsiset.com\/ja\/#\/schema\/logo\/image\/","url":"https:\/\/www.hirsiset.com\/wp-content\/uploads\/Hirsiset_logo65px.png","contentUrl":"https:\/\/www.hirsiset.com\/wp-content\/uploads\/Hirsiset_logo65px.png","width":299,"height":65,"caption":"Oulun Hirsiset Oy"},"image":{"@id":"https:\/\/www.hirsiset.com\/ja\/#\/schema\/logo\/image\/"},"sameAs":["https:\/\/www.facebook.com\/Hirsiset\/","https:\/\/x.com\/hirsiset","https:\/\/www.instagram.com\/hirsiset_oy\/"]}]}},"_links":{"self":[{"href":"https:\/\/www.hirsiset.com\/ja\/wp-json\/wp\/v2\/pages\/6998","targetHints":{"allow":["GET"]}}],"collection":[{"href":"https:\/\/www.hirsiset.com\/ja\/wp-json\/wp\/v2\/pages"}],"about":[{"href":"https:\/\/www.hirsiset.com\/ja\/wp-json\/wp\/v2\/types\/page"}],"author":[{"embeddable":true,"href":"https:\/\/www.hirsiset.com\/ja\/wp-json\/wp\/v2\/users\/1"}],"replies":[{"embeddable":true,"href":"https:\/\/www.hirsiset.com\/ja\/wp-json\/wp\/v2\/comments?post=6998"}],"version-history":[{"count":4,"href":"https:\/\/www.hirsiset.com\/ja\/wp-json\/wp\/v2\/pages\/6998\/revisions"}],"predecessor-version":[{"id":28798,"href":"https:\/\/www.hirsiset.com\/ja\/wp-json\/wp\/v2\/pages\/6998\/revisions\/28798"}],"wp:attachment":[{"href":"https:\/\/www.hirsiset.com\/ja\/wp-json\/wp\/v2\/media?parent=6998"}],"curies":[{"name":"wp","href":"https:\/\/api.w.org\/{rel}","templated":true}]}}