{"id":6631,"date":"2016-04-08T13:05:18","date_gmt":"2016-04-08T11:05:18","guid":{"rendered":"https:\/\/www.hirsiset.com\/toimitus\/"},"modified":"2026-04-03T11:24:00","modified_gmt":"2026-04-03T08:24:00","slug":"isporuka","status":"publish","type":"page","link":"https:\/\/www.hirsiset.com\/hr\/isporuka\/","title":{"rendered":"Isporuka"},"content":{"rendered":"<div class=\"wpb-content-wrapper\"><p>[vc_row][vc_column][vc_column_text css=&#8221;&#8221;]Materijal isporuke se odabire prema Va\u0161im \u017eeljama. Osnovni sadr\u017eaj isporuke je sastavljen iz poznatih i sigurnih materijala, me\u0111utim, uvijek imate izbor odabrati materijale koji bolje zadovoljavaju Va\u0161e osobne \u017eelje. To mogu biti, primjerice, nestandardni tipovi vrata ili prozora, ili razli\u010diti materijali povr\u0161ina interijera.[\/vc_column_text][\/vc_column][\/vc_row][vc_row full_width=&#8221;stretch_row&#8221; type=&#8221;vc_default&#8221; bg_type=&#8221;bg_color&#8221; bg_override=&#8221;full&#8221; bg_color_value=&#8221;#f2f0ee&#8221; el_id=&#8221;planiranje&#8221;][vc_column width=&#8221;2\/3&#8243;][vc_empty_space height=&#8221;80px&#8221;][vc_column_text css=&#8221;.vc_custom_1554461177127{margin-bottom: 50px !important;}&#8221;]<\/p>\n<h2>Planiranje i dizajn<\/h2>\n<p>Dizajn zapo\u010dinje razgovorom s klijentom. Na\u0161 tim poznaje brojne mogu\u0107nosti i ima veliko iskustvo glede prakti\u010dne izvedbe Va\u0161e ku\u0107e iz snova. Rado \u0107emo Vam pomo\u0107i u svim fazama dizajna.<\/p>\n<p>Ku\u0107e od trupaca se oblikuju programima koji omogu\u0107avaju fleksibilni dizajn i proizvodnju temeljenu na Va\u0161im \u017eeljama. Jednom u detalje isplaniran, projekt ku\u0107e se usmjerava na proizvodne linije elektroni\u010dkim putem i automatski strojevi re\u017eu i oblikuju trupce prema Va\u0161im \u017eeljama.<\/p>\n<p>Planiranje i oblikovanje se uvijek rade u interakciji s klijentom koji mo\u017ee prije po\u010detka proizvodnje provjeriti je li dizajn i projekt u skladu s postoje\u0107om idejom, \u017eeljama i potrebama.<br \/>\n[\/vc_column_text][vc_empty_space height=&#8221;40px&#8221;][\/vc_column][vc_column width=&#8221;1\/3&#8243;][vc_empty_space height=&#8221;100px&#8221;][vc_single_image image=&#8221;2348&#8243; img_size=&#8221;large&#8221; css=&#8221;&#8221; image_hovers=&#8221;false&#8221; lazy_loading=&#8221;true&#8221;][vc_empty_space height=&#8221;40px&#8221;][\/vc_column][\/vc_row][vc_row full_width=&#8221;stretch_row&#8221; type=&#8221;vc_default&#8221; margin_bottom=&#8221;0px&#8221; bg_type=&#8221;bg_color&#8221; bg_override=&#8221;full&#8221; bg_color_value=&#8221;#ffffff&#8221; css=&#8221;.vc_custom_1554461582504{background-color: #f2f1ef !important;}&#8221; el_id=&#8221;proizvodnja&#8221;][vc_column width=&#8221;2\/3&#8243;][vc_empty_space height=&#8221;40px&#8221;][vc_column_text css=&#8221;.vc_custom_1554461232899{margin-bottom: 50px !important;}&#8221;]<\/p>\n<h2>Proizvodnja<\/h2>\n<p>U dana\u0161njoj se tvornici ku\u0107e vi\u0161e ne proizvode za skladi\u0161te, ve\u0107 prema narud\u017ebi i za izravnu isporuku klijentu i, naravno, uvijek prema \u017eeljama klijenta. U samom srcu Hirsiset proizvodnje su \u017eelje klijenta i brza isporuka. Iz tog razloga su i planiranje i proizvodnja istovremeno u\u010dinkoviti i fleksibilni.<\/p>\n<p>Gotov proizvod \u2013 Va\u0161a ku\u0107a iz snova \u2013 je rezultat velike pa\u017enje posve\u0107ene detaljima. Precizni dizajn smanjuje budu\u0107e probleme na gradili\u0161tu i omogu\u0107ava u\u010dinkovitu proizvodnju \u010dime se bitno smanjuje vrijeme gradnje.<br \/>\n[\/vc_column_text][vc_empty_space height=&#8221;40px&#8221;][\/vc_column][vc_column width=&#8221;1\/3&#8243;][vc_empty_space height=&#8221;40px&#8221;][vc_single_image image=&#8221;1709&#8243; img_size=&#8221;large&#8221; css=&#8221;&#8221; image_hovers=&#8221;false&#8221; lazy_loading=&#8221;true&#8221;][vc_empty_space height=&#8221;40px&#8221;][\/vc_column][\/vc_row][vc_row full_width=&#8221;stretch_row&#8221; type=&#8221;vc_default&#8221; margin_bottom=&#8221;0px&#8221; bg_type=&#8221;bg_color&#8221; bg_override=&#8221;full&#8221; bg_color_value=&#8221;#f2f0ee&#8221; css=&#8221;.vc_custom_1554461602011{margin-bottom: 0px !important;}&#8221; el_id=&#8221;logistika&#8221;][vc_column width=&#8221;2\/3&#8243;][vc_empty_space height=&#8221;40px&#8221;][vc_column_text css=&#8221;.vc_custom_1554461350429{margin-bottom: 50px !important;}&#8221;]<\/p>\n<h2>Logistika<\/h2>\n<p>Kod gra\u0111evinskog projekta je iznimno bitno da je materijal drvene ku\u0107e dopremljen na gradili\u0161te u unaprijed definirano vrijeme, bilo da je isporuka u Finskoj ili inozemstvu. Za potrebe transporta Hirsiset sura\u0111uje sa pouzdanim partnerima koji isporuke izvr\u0161avaju prema dogovorenim terminima.<\/p>\n<p>Komponente drvene ku\u0107e su u paketima tako da su svi drveni dijelovi za\u0161ti\u0107eni, i sva se roba dostavlja neo\u0161te\u0107ena i \u010dista.[\/vc_column_text][vc_empty_space height=&#8221;40px&#8221;][\/vc_column][vc_column width=&#8221;1\/3&#8243;][vc_empty_space height=&#8221;40px&#8221;]<div id=\"ult-carousel-132681936269f3c3d1edb38\" class=\"ult-carousel-wrapper   ult_horizontal\" data-gutter=\"0\" data-rtl=\"false\" ><div class=\"ult-carousel-325259477969f3c3d1eda13 \" >[vc_single_image image=&#8221;2357&#8243; img_size=&#8221;full&#8221; css=&#8221;&#8221;][vc_single_image image=&#8221;2366&#8243; img_size=&#8221;full&#8221; css=&#8221;&#8221;]<\/div><\/div>\t\t\t<script type=\"text\/javascript\">\n\t\t\t\tjQuery(document).ready(function ($) {\n\t\t\t\t\tif( typeof jQuery('.ult-carousel-325259477969f3c3d1eda13').slick == \"function\"){\n\t\t\t\t\t\t$('.ult-carousel-325259477969f3c3d1eda13').slick({dots: false,autoplay: true,autoplaySpeed: \"5000\",speed: \"1000\",infinite: true,arrows: false,slidesToScroll:1,slidesToShow:1,swipe: false,draggable: false,touchMove: true,pauseOnHover: true,pauseOnFocus: false,responsive: [\n\t\t\t\t\t\t\t{\n\t\t\t\t\t\t\t  breakpoint: 1026,\n\t\t\t\t\t\t\t  settings: {\n\t\t\t\t\t\t\t\tslidesToShow: 1,\n\t\t\t\t\t\t\t\tslidesToScroll: 1,  \n\t\t\t\t\t\t\t  }\n\t\t\t\t\t\t\t},\n\t\t\t\t\t\t\t{\n\t\t\t\t\t\t\t  breakpoint: 1025,\n\t\t\t\t\t\t\t  settings: {\n\t\t\t\t\t\t\t\tslidesToShow: 1,\n\t\t\t\t\t\t\t\tslidesToScroll: 1\n\t\t\t\t\t\t\t  }\n\t\t\t\t\t\t\t},\n\t\t\t\t\t\t\t{\n\t\t\t\t\t\t\t  breakpoint: 760,\n\t\t\t\t\t\t\t  settings: {\n\t\t\t\t\t\t\t\tslidesToShow: 1,\n\t\t\t\t\t\t\t\tslidesToScroll: 1\n\t\t\t\t\t\t\t  }\n\t\t\t\t\t\t\t}\n\t\t\t\t\t\t],pauseOnDotsHover: true,customPaging: function(slider, i) {\n                   return '<i type=\"button\" style= \"color:#333333;\" class=\"ultsl-record\" data-role=\"none\"><\/i>';\n                },});\n\t\t\t\t\t}\n\t\t\t\t});\n\t\t\t<\/script>\n\t\t\t[vc_empty_space height=&#8221;40px&#8221;][\/vc_column][\/vc_row][vc_row full_width=&#8221;stretch_row&#8221; type=&#8221;vc_default&#8221; margin_bottom=&#8221;-50px&#8221; bg_type=&#8221;bg_color&#8221; bg_override=&#8221;full&#8221; bg_color_value=&#8221;#ffffff&#8221; css=&#8221;.vc_custom_1554461625757{margin-bottom: -50px !important;background-color: #f2f1ef !important;}&#8221; el_id=&#8221;izgradnja&#8221;][vc_column width=&#8221;2\/3&#8243;][vc_empty_space height=&#8221;40px&#8221;][vc_column_text css=&#8221;.vc_custom_1554461399233{margin-bottom: 50px !important;}&#8221;]<\/p>\n<h2>Izgradnja<\/h2>\n<p>Izgradnja Hirsiset ku\u0107e zahtijeva odre\u0111eno znanje gradnje, i mo\u017eete biti uspje\u0161ni ako imate malo talenta, a projektu posvetite puno pozornosti. Materijal drvene ku\u0107e se isporu\u010duje s uputama za gradnju i jasnim slikama svih struktura. U isporuci su tako\u0111er i brojni drveni dijelovi ve\u0107 spremni za ugradnju koji se sla\u017eu jednostavno i brzo.<\/p>\n<p>Ako \u017eelite pomo\u0107i \u0107emo Vam na\u0107i profesionalce koji \u0107e izgraditi Va\u0161u drvenu ku\u0107u, ili \u0107emo poslati stru\u010dnjaka koji \u0107e nadzirati gradnju i pritom dati svoje sugestije i savjete.<br \/>\n[\/vc_column_text][vc_empty_space height=&#8221;40px&#8221;][\/vc_column][vc_column width=&#8221;1\/3&#8243;][vc_empty_space height=&#8221;40px&#8221;][vc_single_image image=&#8221;2609&#8243; img_size=&#8221;large&#8221; css=&#8221;&#8221; image_hovers=&#8221;false&#8221;][vc_empty_space height=&#8221;40px&#8221;][\/vc_column][\/vc_row]<\/p>\n<\/div>","protected":false},"excerpt":{"rendered":"<p>[vc_row][vc_column][vc_column_text css=&#8221;&#8221;]Materijal isporuke se odabire prema Va\u0161im \u017eeljama. Osnovni sadr\u017eaj isporuke je sastavljen iz poznatih i sigurnih materijala, me\u0111utim, uvijek imate izbor odabrati materijale koji bolje zadovoljavaju Va\u0161e osobne \u017eelje. To mogu biti, primjerice, nestandardni tipovi vrata ili prozora, ili razli\u010diti materijali povr\u0161ina interijera.[\/vc_column_text][\/vc_column][\/vc_row][vc_row full_width=&#8221;stretch_row&#8221; type=&#8221;vc_default&#8221; bg_type=&#8221;bg_color&#8221; bg_override=&#8221;full&#8221; bg_color_value=&#8221;#f2f0ee&#8221; el_id=&#8221;planiranje&#8221;][vc_column width=&#8221;2\/3&#8243;][vc_empty_space height=&#8221;80px&#8221;][vc_column_text css=&#8221;.vc_custom_1554461177127{margin-bottom: 50px !important;}&#8221;]&hellip;<\/p>\n","protected":false},"author":1,"featured_media":0,"parent":0,"menu_order":0,"comment_status":"closed","ping_status":"closed","template":"","meta":{"footnotes":""},"class_list":["post-6631","page","type-page","status-publish","hentry","description-off"],"yoast_head":"<!-- This site is optimized with the Yoast SEO plugin v27.4 - https:\/\/yoast.com\/product\/yoast-seo-wordpress\/ -->\n<title>Isporuka - Hirsiset - Hirsitalot, hirsim\u00f6kit ja vapaa-ajan asunnot<\/title>\n<meta name=\"description\" content=\"Autamme unelmatalosi kaikissa valmistusvaiheissa aina suunnittelusta harjakorkeuteen asti. K\u00e4y peremm\u00e4lle niin tehd\u00e4\u00e4n yhdess\u00e4 unelmistasi totta.\" \/>\n<meta name=\"robots\" content=\"index, follow, max-snippet:-1, max-image-preview:large, max-video-preview:-1\" \/>\n<link rel=\"canonical\" href=\"https:\/\/www.hirsiset.com\/hr\/isporuka\/\" \/>\n<meta property=\"og:locale\" content=\"hr_HR\" \/>\n<meta property=\"og:type\" content=\"article\" \/>\n<meta property=\"og:title\" content=\"Isporuka - Hirsiset - Hirsitalot, hirsim\u00f6kit ja vapaa-ajan asunnot\" \/>\n<meta property=\"og:description\" content=\"Autamme unelmatalosi kaikissa valmistusvaiheissa aina suunnittelusta harjakorkeuteen asti. K\u00e4y peremm\u00e4lle niin tehd\u00e4\u00e4n yhdess\u00e4 unelmistasi totta.\" \/>\n<meta property=\"og:url\" content=\"https:\/\/www.hirsiset.com\/hr\/isporuka\/\" \/>\n<meta property=\"og:site_name\" content=\"Hirsiset\" \/>\n<meta property=\"article:publisher\" content=\"https:\/\/www.facebook.com\/Hirsiset\/\" \/>\n<meta property=\"article:modified_time\" content=\"2026-04-03T08:24:00+00:00\" \/>\n<meta name=\"twitter:card\" content=\"summary_large_image\" \/>\n<meta name=\"twitter:site\" content=\"@hirsiset\" \/>\n<meta name=\"twitter:label1\" content=\"Procijenjeno vrijeme \u010ditanja\" \/>\n\t<meta name=\"twitter:data1\" content=\"4 minute\" \/>\n<script type=\"application\/ld+json\" class=\"yoast-schema-graph\">{\"@context\":\"https:\\\/\\\/schema.org\",\"@graph\":[{\"@type\":\"WebPage\",\"@id\":\"https:\\\/\\\/www.hirsiset.com\\\/hr\\\/isporuka\\\/\",\"url\":\"https:\\\/\\\/www.hirsiset.com\\\/hr\\\/isporuka\\\/\",\"name\":\"Isporuka - Hirsiset - Hirsitalot, hirsim\u00f6kit ja vapaa-ajan asunnot\",\"isPartOf\":{\"@id\":\"https:\\\/\\\/www.hirsiset.com\\\/hr\\\/#website\"},\"datePublished\":\"2016-04-08T11:05:18+00:00\",\"dateModified\":\"2026-04-03T08:24:00+00:00\",\"description\":\"Autamme unelmatalosi kaikissa valmistusvaiheissa aina suunnittelusta harjakorkeuteen asti. K\u00e4y peremm\u00e4lle niin tehd\u00e4\u00e4n yhdess\u00e4 unelmistasi totta.\",\"breadcrumb\":{\"@id\":\"https:\\\/\\\/www.hirsiset.com\\\/hr\\\/isporuka\\\/#breadcrumb\"},\"inLanguage\":\"hr\",\"potentialAction\":[{\"@type\":\"ReadAction\",\"target\":[\"https:\\\/\\\/www.hirsiset.com\\\/hr\\\/isporuka\\\/\"]}]},{\"@type\":\"BreadcrumbList\",\"@id\":\"https:\\\/\\\/www.hirsiset.com\\\/hr\\\/isporuka\\\/#breadcrumb\",\"itemListElement\":[{\"@type\":\"ListItem\",\"position\":1,\"name\":\"Home\",\"item\":\"https:\\\/\\\/www.hirsiset.com\\\/hr\\\/\"},{\"@type\":\"ListItem\",\"position\":2,\"name\":\"Isporuka\"}]},{\"@type\":\"WebSite\",\"@id\":\"https:\\\/\\\/www.hirsiset.com\\\/hr\\\/#website\",\"url\":\"https:\\\/\\\/www.hirsiset.com\\\/hr\\\/\",\"name\":\"Hirsiset\",\"description\":\"Ku\u0107e s vi\u0161e od 30 godina iskustva\",\"publisher\":{\"@id\":\"https:\\\/\\\/www.hirsiset.com\\\/hr\\\/#organization\"},\"potentialAction\":[{\"@type\":\"SearchAction\",\"target\":{\"@type\":\"EntryPoint\",\"urlTemplate\":\"https:\\\/\\\/www.hirsiset.com\\\/hr\\\/?s={search_term_string}\"},\"query-input\":{\"@type\":\"PropertyValueSpecification\",\"valueRequired\":true,\"valueName\":\"search_term_string\"}}],\"inLanguage\":\"hr\"},{\"@type\":\"Organization\",\"@id\":\"https:\\\/\\\/www.hirsiset.com\\\/hr\\\/#organization\",\"name\":\"Oulun Hirsiset Oy\",\"url\":\"https:\\\/\\\/www.hirsiset.com\\\/hr\\\/\",\"logo\":{\"@type\":\"ImageObject\",\"inLanguage\":\"hr\",\"@id\":\"https:\\\/\\\/www.hirsiset.com\\\/hr\\\/#\\\/schema\\\/logo\\\/image\\\/\",\"url\":\"https:\\\/\\\/www.hirsiset.com\\\/wp-content\\\/uploads\\\/Hirsiset_logo65px.png\",\"contentUrl\":\"https:\\\/\\\/www.hirsiset.com\\\/wp-content\\\/uploads\\\/Hirsiset_logo65px.png\",\"width\":299,\"height\":65,\"caption\":\"Oulun Hirsiset Oy\"},\"image\":{\"@id\":\"https:\\\/\\\/www.hirsiset.com\\\/hr\\\/#\\\/schema\\\/logo\\\/image\\\/\"},\"sameAs\":[\"https:\\\/\\\/www.facebook.com\\\/Hirsiset\\\/\",\"https:\\\/\\\/x.com\\\/hirsiset\",\"https:\\\/\\\/www.instagram.com\\\/hirsiset_oy\\\/\"]}]}<\/script>\n<!-- \/ Yoast SEO plugin. -->","yoast_head_json":{"title":"Isporuka - Hirsiset - Hirsitalot, hirsim\u00f6kit ja vapaa-ajan asunnot","description":"Autamme unelmatalosi kaikissa valmistusvaiheissa aina suunnittelusta harjakorkeuteen asti. K\u00e4y peremm\u00e4lle niin tehd\u00e4\u00e4n yhdess\u00e4 unelmistasi totta.","robots":{"index":"index","follow":"follow","max-snippet":"max-snippet:-1","max-image-preview":"max-image-preview:large","max-video-preview":"max-video-preview:-1"},"canonical":"https:\/\/www.hirsiset.com\/hr\/isporuka\/","og_locale":"hr_HR","og_type":"article","og_title":"Isporuka - Hirsiset - Hirsitalot, hirsim\u00f6kit ja vapaa-ajan asunnot","og_description":"Autamme unelmatalosi kaikissa valmistusvaiheissa aina suunnittelusta harjakorkeuteen asti. K\u00e4y peremm\u00e4lle niin tehd\u00e4\u00e4n yhdess\u00e4 unelmistasi totta.","og_url":"https:\/\/www.hirsiset.com\/hr\/isporuka\/","og_site_name":"Hirsiset","article_publisher":"https:\/\/www.facebook.com\/Hirsiset\/","article_modified_time":"2026-04-03T08:24:00+00:00","twitter_card":"summary_large_image","twitter_site":"@hirsiset","twitter_misc":{"Procijenjeno vrijeme \u010ditanja":"4 minute"},"schema":{"@context":"https:\/\/schema.org","@graph":[{"@type":"WebPage","@id":"https:\/\/www.hirsiset.com\/hr\/isporuka\/","url":"https:\/\/www.hirsiset.com\/hr\/isporuka\/","name":"Isporuka - Hirsiset - Hirsitalot, hirsim\u00f6kit ja vapaa-ajan asunnot","isPartOf":{"@id":"https:\/\/www.hirsiset.com\/hr\/#website"},"datePublished":"2016-04-08T11:05:18+00:00","dateModified":"2026-04-03T08:24:00+00:00","description":"Autamme unelmatalosi kaikissa valmistusvaiheissa aina suunnittelusta harjakorkeuteen asti. K\u00e4y peremm\u00e4lle niin tehd\u00e4\u00e4n yhdess\u00e4 unelmistasi totta.","breadcrumb":{"@id":"https:\/\/www.hirsiset.com\/hr\/isporuka\/#breadcrumb"},"inLanguage":"hr","potentialAction":[{"@type":"ReadAction","target":["https:\/\/www.hirsiset.com\/hr\/isporuka\/"]}]},{"@type":"BreadcrumbList","@id":"https:\/\/www.hirsiset.com\/hr\/isporuka\/#breadcrumb","itemListElement":[{"@type":"ListItem","position":1,"name":"Home","item":"https:\/\/www.hirsiset.com\/hr\/"},{"@type":"ListItem","position":2,"name":"Isporuka"}]},{"@type":"WebSite","@id":"https:\/\/www.hirsiset.com\/hr\/#website","url":"https:\/\/www.hirsiset.com\/hr\/","name":"Hirsiset","description":"Ku\u0107e s vi\u0161e od 30 godina iskustva","publisher":{"@id":"https:\/\/www.hirsiset.com\/hr\/#organization"},"potentialAction":[{"@type":"SearchAction","target":{"@type":"EntryPoint","urlTemplate":"https:\/\/www.hirsiset.com\/hr\/?s={search_term_string}"},"query-input":{"@type":"PropertyValueSpecification","valueRequired":true,"valueName":"search_term_string"}}],"inLanguage":"hr"},{"@type":"Organization","@id":"https:\/\/www.hirsiset.com\/hr\/#organization","name":"Oulun Hirsiset Oy","url":"https:\/\/www.hirsiset.com\/hr\/","logo":{"@type":"ImageObject","inLanguage":"hr","@id":"https:\/\/www.hirsiset.com\/hr\/#\/schema\/logo\/image\/","url":"https:\/\/www.hirsiset.com\/wp-content\/uploads\/Hirsiset_logo65px.png","contentUrl":"https:\/\/www.hirsiset.com\/wp-content\/uploads\/Hirsiset_logo65px.png","width":299,"height":65,"caption":"Oulun Hirsiset Oy"},"image":{"@id":"https:\/\/www.hirsiset.com\/hr\/#\/schema\/logo\/image\/"},"sameAs":["https:\/\/www.facebook.com\/Hirsiset\/","https:\/\/x.com\/hirsiset","https:\/\/www.instagram.com\/hirsiset_oy\/"]}]}},"_links":{"self":[{"href":"https:\/\/www.hirsiset.com\/hr\/wp-json\/wp\/v2\/pages\/6631","targetHints":{"allow":["GET"]}}],"collection":[{"href":"https:\/\/www.hirsiset.com\/hr\/wp-json\/wp\/v2\/pages"}],"about":[{"href":"https:\/\/www.hirsiset.com\/hr\/wp-json\/wp\/v2\/types\/page"}],"author":[{"embeddable":true,"href":"https:\/\/www.hirsiset.com\/hr\/wp-json\/wp\/v2\/users\/1"}],"replies":[{"embeddable":true,"href":"https:\/\/www.hirsiset.com\/hr\/wp-json\/wp\/v2\/comments?post=6631"}],"version-history":[{"count":5,"href":"https:\/\/www.hirsiset.com\/hr\/wp-json\/wp\/v2\/pages\/6631\/revisions"}],"predecessor-version":[{"id":36533,"href":"https:\/\/www.hirsiset.com\/hr\/wp-json\/wp\/v2\/pages\/6631\/revisions\/36533"}],"wp:attachment":[{"href":"https:\/\/www.hirsiset.com\/hr\/wp-json\/wp\/v2\/media?parent=6631"}],"curies":[{"name":"wp","href":"https:\/\/api.w.org\/{rel}","templated":true}]}}