{"id":948,"date":"2017-01-04T14:03:57","date_gmt":"2017-01-04T12:03:57","guid":{"rendered":"https:\/\/www.hirsiset.com\/logs\/"},"modified":"2026-04-02T14:59:01","modified_gmt":"2026-04-02T11:59:01","slug":"les-madriers","status":"publish","type":"page","link":"https:\/\/www.hirsiset.com\/fr\/les-madriers\/","title":{"rendered":"Les madriers"},"content":{"rendered":"<div class=\"wpb-content-wrapper\"><p>[vc_row][vc_column][vc_column_text css=\u00a0\u00bb\u00a0\u00bb]<\/p>\n<h3>Le madrier est \u00e9cologique et constitue un excellent choix pour la construction. La qualit\u00e9 exceptionnelle de l&rsquo;air \u00e0 l&rsquo;int\u00e9rieur d&rsquo;une maison construite en madrier est scientifiquement prouv\u00e9e.<\/h3>\n<p>&nbsp;<\/p>\n<p>Le madrier r\u00e9gule l&rsquo;humidit\u00e9 et la temp\u00e9rature \u00e0 l&rsquo;int\u00e9rieur d&rsquo;une pi\u00e8ce. Hirsiset utilise du pin arctique de la meilleure qualit\u00e9 pour assurer une construction durable.<\/p>\n<p>Le bois est un mat\u00e9riau naturel chaud et authentique, c&rsquo;est un excellent choix pour la construction car il est 100% renouvelable. Utiliser du bois r\u00e9duit l&#8217;empreinte carbone et l&rsquo;impact environnemental d&rsquo;un b\u00e2timent car il retient deux fois son poids de dioxyde de carbone (CO2). Les maisons Hirsiset participent \u00e0 l&rsquo;action \u00e9cologique contre le changement climatique en stockant des tonnes de dioxyde de carbone.<\/p>\n<p>&nbsp;<\/p>\n<h4>Quel type de madrier pr\u00e9f\u00e9rez-vous pour votre maison ?<\/h4>\n<p>Nous pouvons vous proposer une grande vari\u00e9t\u00e9 de madriers.<\/p>\n<p><a href=\"https:\/\/www.hirsiset.com\/fr\/livraison\/\">Hirsiset livre votre maison<\/a> avec le type de madrier et la dimension que vous choisissez, en fonction de vos besoins.[\/vc_column_text][vc_empty_space height=\u00a0\u00bb50px\u00a0\u00bb][\/vc_column][\/vc_row][vc_row full_width=\u00a0\u00bbstretch_row\u00a0\u00bb css=\u00a0\u00bb.vc_custom_1685434988693{margin-bottom: -30px !important;padding-top: 30px !important;background-color: #f2f1ef !important;}\u00a0\u00bb el_id=\u00a0\u00bbmadriers\u00a0\u00bb][vc_column][vc_column_text]<\/p>\n<h4>Exemples de notre s\u00e9lection des madriers<\/h4>\n<p>[\/vc_column_text][\/vc_column][\/vc_row][vc_row full_width=\u00a0\u00bbstretch_row\u00a0\u00bb css=\u00a0\u00bb.vc_custom_1616677502278{background-color: #f2f1ef !important;}\u00a0\u00bb][vc_column width=\u00a0\u00bb1\/5&Prime;][vc_single_image image=\u00a0\u00bb17210&Prime; img_size=\u00a0\u00bbfull\u00a0\u00bb alignment=\u00a0\u00bbcenter\u00a0\u00bb image_hovers=\u00a0\u00bbfalse\u00a0\u00bb lazy_loading=\u00a0\u00bbtrue\u00a0\u00bb][vc_column_text]<\/p>\n<p style=\"text-align: center;\">PH 190<\/p>\n<p>[\/vc_column_text][\/vc_column][vc_column width=\u00a0\u00bb1\/5&Prime;][vc_single_image image=\u00a0\u00bb17318&Prime; img_size=\u00a0\u00bbfull\u00a0\u00bb alignment=\u00a0\u00bbcenter\u00a0\u00bb image_hovers=\u00a0\u00bbfalse\u00a0\u00bb lazy_loading=\u00a0\u00bbtrue\u00a0\u00bb][vc_column_text]<\/p>\n<p style=\"text-align: center;\">LH 114&#215;185<\/p>\n<p>[\/vc_column_text][\/vc_column][vc_column width=\u00a0\u00bb1\/5&Prime;][vc_single_image image=\u00a0\u00bb17228&Prime; img_size=\u00a0\u00bbfull\u00a0\u00bb alignment=\u00a0\u00bbcenter\u00a0\u00bb image_hovers=\u00a0\u00bbfalse\u00a0\u00bb lazy_loading=\u00a0\u00bbtrue\u00a0\u00bb][vc_column_text]<\/p>\n<p style=\"text-align: center;\">LH 134&#215;260<\/p>\n<p>[\/vc_column_text][\/vc_column][vc_column width=\u00a0\u00bb1\/5&Prime;][vc_single_image image=\u00a0\u00bb17255&Prime; img_size=\u00a0\u00bbfull\u00a0\u00bb alignment=\u00a0\u00bbcenter\u00a0\u00bb image_hovers=\u00a0\u00bbfalse\u00a0\u00bb lazy_loading=\u00a0\u00bbtrue\u00a0\u00bb][vc_column_text]<\/p>\n<p style=\"text-align: center;\">LH 204&#215;205<\/p>\n<p>[\/vc_column_text][\/vc_column][vc_column width=\u00a0\u00bb1\/5&Prime;][vc_single_image image=\u00a0\u00bb17246&Prime; img_size=\u00a0\u00bbfull\u00a0\u00bb alignment=\u00a0\u00bbcenter\u00a0\u00bb image_hovers=\u00a0\u00bbfalse\u00a0\u00bb lazy_loading=\u00a0\u00bbtrue\u00a0\u00bb][vc_column_text]<\/p>\n<p style=\"text-align: center;\">LH 204&#215;260<\/p>\n<p>[\/vc_column_text][\/vc_column][\/vc_row][vc_row full_width=\u00a0\u00bbstretch_row\u00a0\u00bb css=\u00a0\u00bb.vc_custom_1616755969539{padding-bottom: 30px !important;background-color: #f2f1ef !important;}\u00a0\u00bb][vc_column width=\u00a0\u00bb1\/5&Prime;][vc_single_image image=\u00a0\u00bb17309&Prime; img_size=\u00a0\u00bbfull\u00a0\u00bb alignment=\u00a0\u00bbcenter\u00a0\u00bb image_hovers=\u00a0\u00bbfalse\u00a0\u00bb lazy_loading=\u00a0\u00bbtrue\u00a0\u00bb][vc_column_text]<\/p>\n<p style=\"text-align: center;\">LH 240&#215;205<\/p>\n<p>[\/vc_column_text][\/vc_column][vc_column width=\u00a0\u00bb1\/5&Prime;][vc_single_image image=\u00a0\u00bb17219&Prime; img_size=\u00a0\u00bbfull\u00a0\u00bb alignment=\u00a0\u00bbcenter\u00a0\u00bb image_hovers=\u00a0\u00bbfalse\u00a0\u00bb lazy_loading=\u00a0\u00bbtrue\u00a0\u00bb][vc_column_text]<\/p>\n<p style=\"text-align: center;\">LH 270&#215;260<\/p>\n<p>[\/vc_column_text][\/vc_column][vc_column width=\u00a0\u00bb1\/5&Prime;][vc_single_image image=\u00a0\u00bb17273&Prime; img_size=\u00a0\u00bbfull\u00a0\u00bb alignment=\u00a0\u00bbcenter\u00a0\u00bb css=\u00a0\u00bb\u00a0\u00bb image_hovers=\u00a0\u00bbfalse\u00a0\u00bb lazy_loading=\u00a0\u00bbtrue\u00a0\u00bb][vc_column_text]<\/p>\n<p style=\"text-align: center;\">Maxi 200&#215;360 pin<\/p>\n<p>[\/vc_column_text][\/vc_column][vc_column width=\u00a0\u00bb1\/5&Prime;][vc_single_image image=\u00a0\u00bb17264&Prime; img_size=\u00a0\u00bbfull\u00a0\u00bb alignment=\u00a0\u00bbcenter\u00a0\u00bb css=\u00a0\u00bb\u00a0\u00bb image_hovers=\u00a0\u00bbfalse\u00a0\u00bb lazy_loading=\u00a0\u00bbtrue\u00a0\u00bb][vc_column_text]Maxi 200&#215;360 \u00e9pic\u00e9a[\/vc_column_text][\/vc_column][vc_column width=\u00a0\u00bb1\/5&Prime;][vc_single_image image=\u00a0\u00bb17282&Prime; img_size=\u00a0\u00bbfull\u00a0\u00bb alignment=\u00a0\u00bbcenter\u00a0\u00bb css=\u00a0\u00bb\u00a0\u00bb image_hovers=\u00a0\u00bbfalse\u00a0\u00bb lazy_loading=\u00a0\u00bbtrue\u00a0\u00bb][vc_column_text]<\/p>\n<p style=\"text-align: center;\">Maxi 300&#215;360 pin<\/p>\n<p>[\/vc_column_text][\/vc_column][\/vc_row][vc_row][vc_column width=\u00a0\u00bb1\/2&Prime;][vc_empty_space height=\u00a0\u00bb50px\u00a0\u00bb]<section class=\"shortcode-teaser frame-fancy frame-on fadeIn animate-element\"><div class=\"layzr-bg shortcode-teaser-img\"><img loading=\"lazy\" decoding=\"async\" class=\"lazy-load\" src=\"data:image\/svg+xml;charset=utf-8,%3Csvg xmlns%3D&#039;http%3A%2F%2Fwww.w3.org%2F2000%2Fsvg&#039; viewBox%3D&#039;0 0 631 406&#039;%2F%3E\" width=\"631\" height=\"406\" alt=\"Qualit\u00e9\" data-srcset=\"https:\/\/www.hirsiset.com\/wp-content\/uploads\/lake-1626504_640.png 631w\" data-src=\"https:\/\/www.hirsiset.com\/wp-content\/uploads\/lake-1626504_640.png\" \/><\/div><div class=\"shortcode-teaser-content text-normal\"><h4>Qualit\u00e9<\/h4>\n<p>Chaque livraison de maison Hirsiset est compos\u00e9e de mati\u00e8re premi\u00e8re de haute qualit\u00e9 et d\u00e9passe les exigences de la charte Hirsitaloteollisuus Ry (association finlandaise des fabricants de maisons en madriers). L\u2019usine est \u00e9galement couverte par le syst\u00e8me de contr\u00f4le de la qualit\u00e9 ISO 9001: 2015, qui veille \u00e0 ce que le client re\u00e7oive exactement la maison command\u00e9e.<\/p>\n<\/div><\/section>[vc_empty_space height=\u00a0\u00bb80px\u00a0\u00bb][\/vc_column][vc_column width=\u00a0\u00bb1\/2&Prime;][vc_empty_space height=\u00a0\u00bb50px\u00a0\u00bb]<section class=\"shortcode-teaser frame-fancy frame-on fadeIn animate-element\"><div class=\"layzr-bg shortcode-teaser-img\"><img loading=\"lazy\" decoding=\"async\" class=\"lazy-load\" src=\"data:image\/svg+xml;charset=utf-8,%3Csvg xmlns%3D&#039;http%3A%2F%2Fwww.w3.org%2F2000%2Fsvg&#039; viewBox%3D&#039;0 0 631 406&#039;%2F%3E\" width=\"631\" height=\"406\" alt=\"hirsiset maxihirsi\" data-srcset=\"https:\/\/www.hirsiset.com\/wp-content\/uploads\/maxihirsi-hirsiset.jpg 631w\" data-src=\"https:\/\/www.hirsiset.com\/wp-content\/uploads\/maxihirsi-hirsiset.jpg\" \/><\/div><div class=\"shortcode-teaser-content text-normal\"><h4><span class=\"HwtZe\" lang=\"fr\"><span class=\"jCAhz ChMk0b\"><span class=\"ryNqvb\">Maxi Log<\/span><\/span><\/span><\/h4>\n<p><span class=\"HwtZe\" lang=\"fr\"><span class=\"jCAhz ChMk0b\"><span class=\"ryNqvb\">est une nouvelle option de rondins pour les constructeurs de maisons en bois rond. Elle facilite la pose et est nettement plus haute que les rondins ordinaires.<\/span><\/span> <span class=\"jCAhz ChMk0b\"><span class=\"ryNqvb\">Sa hauteur est toujours de 360 \u200b\u200bmm, mais son \u00e9paisseur est personnalisable.<\/span><\/span><\/span><\/p>\n<\/div><\/section>[vc_empty_space height=\u00a0\u00bb80px\u00a0\u00bb][\/vc_column][\/vc_row][vc_row full_width=\u00a0\u00bbstretch_row\u00a0\u00bb type=\u00a0\u00bbvc_default\u00a0\u00bb bg_type=\u00a0\u00bbbg_color\u00a0\u00bb bg_override=\u00a0\u00bbfull\u00a0\u00bb el_id=\u00a0\u00bbmateriaux\u00a0\u00bb bg_color_value=\u00a0\u00bb#f2f0ee\u00a0\u00bb css=\u00a0\u00bb.vc_custom_1575903268168{background-color: #f2f1ef !important;}\u00a0\u00bb][vc_column width=\u00a0\u00bb2\/3&Prime;][vc_empty_space height=\u00a0\u00bb50px\u00a0\u00bb][vc_column_text el_id=\u00a0\u00bbmateriaalit\u00a0\u00bb]<\/p>\n<h2>Les mat\u00e9riaux<\/h2>\n<p>Toutes les pi\u00e8ces de bois visibles dans les maisons en bois massif Hirsiset sont fabriqu\u00e9es \u00e0 partir de pins nordiques \u00e0 croissance lente dont l&rsquo;aspect et les caract\u00e9ristiques sont c\u00e9l\u00e8bres dans le monde entier. Le bois provient d\u2019usines de raffinage du nord sp\u00e9cialis\u00e9es dans un bois de qualit\u00e9 pr\u00e9par\u00e9 selon les exigences du client. Ainsi, nous pouvons garantir une mati\u00e8re premi\u00e8re de la meilleure des qualit\u00e9.[\/vc_column_text][vc_empty_space height=\u00a0\u00bb50px\u00a0\u00bb][\/vc_column][vc_column width=\u00a0\u00bb1\/3&Prime;][vc_empty_space height=\u00a0\u00bb50px\u00a0\u00bb][vc_single_image image=\u00a0\u00bb6606&Prime; img_size=\u00a0\u00bbfull\u00a0\u00bb css=\u00a0\u00bb\u00a0\u00bb image_hovers=\u00a0\u00bbfalse\u00a0\u00bb][vc_empty_space height=\u00a0\u00bb50px\u00a0\u00bb][\/vc_column][\/vc_row][vc_row type=\u00a0\u00bbvc_default\u00a0\u00bb anchor=\u00a0\u00bbnurkat\u00a0\u00bb el_id=\u00a0\u00bbangles\u00a0\u00bb][vc_column][vc_empty_space height=\u00a0\u00bb50px\u00a0\u00bb][vc_column_text]<\/p>\n<h2>Les angles<\/h2>\n<p>Les angles de votre maison en madriers peuvent \u00eatre r\u00e9alis\u00e9s de diff\u00e9rentes mani\u00e8res. Le type d&rsquo;angle choisi aura un impact sur son look.<\/p>\n<p>Les joints d&rsquo;angle Hirsiset ne sont pas seulement les plus astucieux du march\u00e9, ils sont aussi beaux \u00e0 regarder.<\/p>\n<p>&nbsp;<\/p>\n<h4>Nous produisons 4 types d&rsquo;angles standards :<\/h4>\n<p>[\/vc_column_text][\/vc_column][\/vc_row][vc_row gap=\u00a0\u00bb10&Prime;][vc_column width=\u00a0\u00bb1\/4&Prime;][vc_single_image image=\u00a0\u00bb2495&Prime; img_size=\u00a0\u00bbfull\u00a0\u00bb alignment=\u00a0\u00bbcenter\u00a0\u00bb css=\u00a0\u00bb\u00a0\u00bb image_hovers=\u00a0\u00bbfalse\u00a0\u00bb lazy_loading=\u00a0\u00bbtrue\u00a0\u00bb][vc_column_text]<strong>L&rsquo;angle traditionnel<\/strong>, le plus fr\u00e9quent dans les maisons fabriqu\u00e9es \u00e0 la machine.[\/vc_column_text][vc_empty_space height=\u00a0\u00bb50px\u00a0\u00bb][\/vc_column][vc_column width=\u00a0\u00bb1\/4&Prime;][vc_single_image image=\u00a0\u00bb2477&Prime; img_size=\u00a0\u00bbfull\u00a0\u00bb alignment=\u00a0\u00bbcenter\u00a0\u00bb css=\u00a0\u00bb\u00a0\u00bb image_hovers=\u00a0\u00bbfalse\u00a0\u00bb lazy_loading=\u00a0\u00bbtrue\u00a0\u00bb][vc_column_text]<strong>L&rsquo;angle en queue d&rsquo;aronde<\/strong>, imitant les coins traditionnels faits \u00e0 la main.<\/p>\n<p>Avec ce type d&rsquo;assemblage la maison ne pr\u00e9sente pas d&rsquo;angles saillants, cela permet d&rsquo;obtenir des autorisations dans les zones de construction o\u00f9 ceux-ci ne sont pas accept\u00e9s.[\/vc_column_text][vc_empty_space height=\u00a0\u00bb50px\u00a0\u00bb][\/vc_column][vc_column width=\u00a0\u00bb1\/4&Prime;][vc_single_image image=\u00a0\u00bb2486&Prime; img_size=\u00a0\u00bbfull\u00a0\u00bb alignment=\u00a0\u00bbcenter\u00a0\u00bb css=\u00a0\u00bb\u00a0\u00bb image_hovers=\u00a0\u00bbfalse\u00a0\u00bb lazy_loading=\u00a0\u00bbtrue\u00a0\u00bb][vc_column_text]<strong>L&rsquo; angle \u00ab\u00a0box type\u00a0\u00bb<\/strong> diff\u00e8rent de l&rsquo;angle traditionnel car les extr\u00e9mit\u00e9s des madriers ne s&rsquo;\u00e9tendent que de quelques centim\u00e8tres et l&rsquo;angle est recouvert de planches.[\/vc_column_text][vc_empty_space height=\u00a0\u00bb50px\u00a0\u00bb][\/vc_column][vc_column width=\u00a0\u00bb1\/4&Prime;][vc_single_image image=\u00a0\u00bb15817&Prime; img_size=\u00a0\u00bbfull\u00a0\u00bb alignment=\u00a0\u00bbcenter\u00a0\u00bb css=\u00a0\u00bb\u00a0\u00bb image_hovers=\u00a0\u00bbfalse\u00a0\u00bb lazy_loading=\u00a0\u00bbtrue\u00a0\u00bb][vc_column_text]<strong>L&rsquo;angle \u201ccity corner\u201d<\/strong> ne comporte pas d&rsquo;ar\u00eates visibles et les couches de madriers sont au m\u00eame niveau sur tous les murs.[\/vc_column_text][vc_empty_space height=\u00a0\u00bb50px\u00a0\u00bb][\/vc_column][\/vc_row]<\/p>\n<\/div>","protected":false},"excerpt":{"rendered":"<p>[vc_row][vc_column][vc_column_text css=\u00a0\u00bb\u00a0\u00bb] Le madrier est \u00e9cologique et constitue un excellent choix pour la construction. La qualit\u00e9 exceptionnelle de l&rsquo;air \u00e0 l&rsquo;int\u00e9rieur d&rsquo;une maison construite en madrier est scientifiquement prouv\u00e9e. &nbsp; Le madrier r\u00e9gule l&rsquo;humidit\u00e9 et la temp\u00e9rature \u00e0 l&rsquo;int\u00e9rieur d&rsquo;une pi\u00e8ce. Hirsiset utilise du pin arctique de la meilleure qualit\u00e9 pour assurer une construction durable.&hellip;<\/p>\n","protected":false},"author":1,"featured_media":0,"parent":0,"menu_order":0,"comment_status":"closed","ping_status":"closed","template":"","meta":{"footnotes":""},"class_list":["post-948","page","type-page","status-publish","hentry","description-off"],"yoast_head":"<!-- This site is optimized with the Yoast SEO plugin v27.4 - https:\/\/yoast.com\/product\/yoast-seo-wordpress\/ -->\n<title>Les madriers - Hirsiset - Maisons en rondins, chalets en rondins et logements de temps libre<\/title>\n<meta name=\"description\" content=\"\u00c0 quoi ressemble votre maison en bois rond? Consultez nos mat\u00e9riaux et types de journaux. Consid\u00e9rons ensemble la bonne alternative naturelle \u00e0 votre prochaine maison.\" \/>\n<meta name=\"robots\" content=\"index, follow, max-snippet:-1, max-image-preview:large, max-video-preview:-1\" \/>\n<link rel=\"canonical\" href=\"https:\/\/www.hirsiset.com\/fr\/les-madriers\/\" \/>\n<meta property=\"og:locale\" content=\"fr_FR\" \/>\n<meta property=\"og:type\" content=\"article\" \/>\n<meta property=\"og:title\" content=\"Les madriers - Hirsiset - Maisons en rondins, chalets en rondins et logements de temps libre\" \/>\n<meta property=\"og:description\" content=\"\u00c0 quoi ressemble votre maison en bois rond? Consultez nos mat\u00e9riaux et types de journaux. Consid\u00e9rons ensemble la bonne alternative naturelle \u00e0 votre prochaine maison.\" \/>\n<meta property=\"og:url\" content=\"https:\/\/www.hirsiset.com\/fr\/les-madriers\/\" \/>\n<meta property=\"og:site_name\" content=\"Hirsiset\" \/>\n<meta property=\"article:publisher\" content=\"https:\/\/www.facebook.com\/Hirsiset\/\" \/>\n<meta property=\"article:modified_time\" content=\"2026-04-02T11:59:01+00:00\" \/>\n<meta name=\"twitter:card\" content=\"summary_large_image\" \/>\n<meta name=\"twitter:site\" content=\"@hirsiset\" \/>\n<meta name=\"twitter:label1\" content=\"Dur\u00e9e de lecture estim\u00e9e\" \/>\n\t<meta name=\"twitter:data1\" content=\"8 minutes\" \/>\n<script type=\"application\/ld+json\" class=\"yoast-schema-graph\">{\"@context\":\"https:\\\/\\\/schema.org\",\"@graph\":[{\"@type\":\"WebPage\",\"@id\":\"https:\\\/\\\/www.hirsiset.com\\\/fr\\\/les-madriers\\\/\",\"url\":\"https:\\\/\\\/www.hirsiset.com\\\/fr\\\/les-madriers\\\/\",\"name\":\"Les madriers - Hirsiset - Maisons en rondins, chalets en rondins et logements de temps libre\",\"isPartOf\":{\"@id\":\"https:\\\/\\\/www.hirsiset.com\\\/fr\\\/#website\"},\"datePublished\":\"2017-01-04T12:03:57+00:00\",\"dateModified\":\"2026-04-02T11:59:01+00:00\",\"description\":\"\u00c0 quoi ressemble votre maison en bois rond? Consultez nos mat\u00e9riaux et types de journaux. Consid\u00e9rons ensemble la bonne alternative naturelle \u00e0 votre prochaine maison.\",\"breadcrumb\":{\"@id\":\"https:\\\/\\\/www.hirsiset.com\\\/fr\\\/les-madriers\\\/#breadcrumb\"},\"inLanguage\":\"fr-FR\",\"potentialAction\":[{\"@type\":\"ReadAction\",\"target\":[\"https:\\\/\\\/www.hirsiset.com\\\/fr\\\/les-madriers\\\/\"]}]},{\"@type\":\"BreadcrumbList\",\"@id\":\"https:\\\/\\\/www.hirsiset.com\\\/fr\\\/les-madriers\\\/#breadcrumb\",\"itemListElement\":[{\"@type\":\"ListItem\",\"position\":1,\"name\":\"Home\",\"item\":\"https:\\\/\\\/www.hirsiset.com\\\/fr\\\/\"},{\"@type\":\"ListItem\",\"position\":2,\"name\":\"Les madriers\"}]},{\"@type\":\"WebSite\",\"@id\":\"https:\\\/\\\/www.hirsiset.com\\\/fr\\\/#website\",\"url\":\"https:\\\/\\\/www.hirsiset.com\\\/fr\\\/\",\"name\":\"Hirsiset\",\"description\":\"Maisons en rondins avec plus de 30 ans d'exp\u00e9rience\",\"publisher\":{\"@id\":\"https:\\\/\\\/www.hirsiset.com\\\/fr\\\/#organization\"},\"potentialAction\":[{\"@type\":\"SearchAction\",\"target\":{\"@type\":\"EntryPoint\",\"urlTemplate\":\"https:\\\/\\\/www.hirsiset.com\\\/fr\\\/?s={search_term_string}\"},\"query-input\":{\"@type\":\"PropertyValueSpecification\",\"valueRequired\":true,\"valueName\":\"search_term_string\"}}],\"inLanguage\":\"fr-FR\"},{\"@type\":\"Organization\",\"@id\":\"https:\\\/\\\/www.hirsiset.com\\\/fr\\\/#organization\",\"name\":\"Oulun Hirsiset Oy\",\"url\":\"https:\\\/\\\/www.hirsiset.com\\\/fr\\\/\",\"logo\":{\"@type\":\"ImageObject\",\"inLanguage\":\"fr-FR\",\"@id\":\"https:\\\/\\\/www.hirsiset.com\\\/fr\\\/#\\\/schema\\\/logo\\\/image\\\/\",\"url\":\"https:\\\/\\\/www.hirsiset.com\\\/wp-content\\\/uploads\\\/Hirsiset_logo65px.png\",\"contentUrl\":\"https:\\\/\\\/www.hirsiset.com\\\/wp-content\\\/uploads\\\/Hirsiset_logo65px.png\",\"width\":299,\"height\":65,\"caption\":\"Oulun Hirsiset Oy\"},\"image\":{\"@id\":\"https:\\\/\\\/www.hirsiset.com\\\/fr\\\/#\\\/schema\\\/logo\\\/image\\\/\"},\"sameAs\":[\"https:\\\/\\\/www.facebook.com\\\/Hirsiset\\\/\",\"https:\\\/\\\/x.com\\\/hirsiset\",\"https:\\\/\\\/www.instagram.com\\\/hirsiset_oy\\\/\"]}]}<\/script>\n<!-- \/ Yoast SEO plugin. -->","yoast_head_json":{"title":"Les madriers - Hirsiset - Maisons en rondins, chalets en rondins et logements de temps libre","description":"\u00c0 quoi ressemble votre maison en bois rond? Consultez nos mat\u00e9riaux et types de journaux. Consid\u00e9rons ensemble la bonne alternative naturelle \u00e0 votre prochaine maison.","robots":{"index":"index","follow":"follow","max-snippet":"max-snippet:-1","max-image-preview":"max-image-preview:large","max-video-preview":"max-video-preview:-1"},"canonical":"https:\/\/www.hirsiset.com\/fr\/les-madriers\/","og_locale":"fr_FR","og_type":"article","og_title":"Les madriers - Hirsiset - Maisons en rondins, chalets en rondins et logements de temps libre","og_description":"\u00c0 quoi ressemble votre maison en bois rond? Consultez nos mat\u00e9riaux et types de journaux. Consid\u00e9rons ensemble la bonne alternative naturelle \u00e0 votre prochaine maison.","og_url":"https:\/\/www.hirsiset.com\/fr\/les-madriers\/","og_site_name":"Hirsiset","article_publisher":"https:\/\/www.facebook.com\/Hirsiset\/","article_modified_time":"2026-04-02T11:59:01+00:00","twitter_card":"summary_large_image","twitter_site":"@hirsiset","twitter_misc":{"Dur\u00e9e de lecture estim\u00e9e":"8 minutes"},"schema":{"@context":"https:\/\/schema.org","@graph":[{"@type":"WebPage","@id":"https:\/\/www.hirsiset.com\/fr\/les-madriers\/","url":"https:\/\/www.hirsiset.com\/fr\/les-madriers\/","name":"Les madriers - Hirsiset - Maisons en rondins, chalets en rondins et logements de temps libre","isPartOf":{"@id":"https:\/\/www.hirsiset.com\/fr\/#website"},"datePublished":"2017-01-04T12:03:57+00:00","dateModified":"2026-04-02T11:59:01+00:00","description":"\u00c0 quoi ressemble votre maison en bois rond? Consultez nos mat\u00e9riaux et types de journaux. Consid\u00e9rons ensemble la bonne alternative naturelle \u00e0 votre prochaine maison.","breadcrumb":{"@id":"https:\/\/www.hirsiset.com\/fr\/les-madriers\/#breadcrumb"},"inLanguage":"fr-FR","potentialAction":[{"@type":"ReadAction","target":["https:\/\/www.hirsiset.com\/fr\/les-madriers\/"]}]},{"@type":"BreadcrumbList","@id":"https:\/\/www.hirsiset.com\/fr\/les-madriers\/#breadcrumb","itemListElement":[{"@type":"ListItem","position":1,"name":"Home","item":"https:\/\/www.hirsiset.com\/fr\/"},{"@type":"ListItem","position":2,"name":"Les madriers"}]},{"@type":"WebSite","@id":"https:\/\/www.hirsiset.com\/fr\/#website","url":"https:\/\/www.hirsiset.com\/fr\/","name":"Hirsiset","description":"Maisons en rondins avec plus de 30 ans d'exp\u00e9rience","publisher":{"@id":"https:\/\/www.hirsiset.com\/fr\/#organization"},"potentialAction":[{"@type":"SearchAction","target":{"@type":"EntryPoint","urlTemplate":"https:\/\/www.hirsiset.com\/fr\/?s={search_term_string}"},"query-input":{"@type":"PropertyValueSpecification","valueRequired":true,"valueName":"search_term_string"}}],"inLanguage":"fr-FR"},{"@type":"Organization","@id":"https:\/\/www.hirsiset.com\/fr\/#organization","name":"Oulun Hirsiset Oy","url":"https:\/\/www.hirsiset.com\/fr\/","logo":{"@type":"ImageObject","inLanguage":"fr-FR","@id":"https:\/\/www.hirsiset.com\/fr\/#\/schema\/logo\/image\/","url":"https:\/\/www.hirsiset.com\/wp-content\/uploads\/Hirsiset_logo65px.png","contentUrl":"https:\/\/www.hirsiset.com\/wp-content\/uploads\/Hirsiset_logo65px.png","width":299,"height":65,"caption":"Oulun Hirsiset Oy"},"image":{"@id":"https:\/\/www.hirsiset.com\/fr\/#\/schema\/logo\/image\/"},"sameAs":["https:\/\/www.facebook.com\/Hirsiset\/","https:\/\/x.com\/hirsiset","https:\/\/www.instagram.com\/hirsiset_oy\/"]}]}},"_links":{"self":[{"href":"https:\/\/www.hirsiset.com\/fr\/wp-json\/wp\/v2\/pages\/948","targetHints":{"allow":["GET"]}}],"collection":[{"href":"https:\/\/www.hirsiset.com\/fr\/wp-json\/wp\/v2\/pages"}],"about":[{"href":"https:\/\/www.hirsiset.com\/fr\/wp-json\/wp\/v2\/types\/page"}],"author":[{"embeddable":true,"href":"https:\/\/www.hirsiset.com\/fr\/wp-json\/wp\/v2\/users\/1"}],"replies":[{"embeddable":true,"href":"https:\/\/www.hirsiset.com\/fr\/wp-json\/wp\/v2\/comments?post=948"}],"version-history":[{"count":23,"href":"https:\/\/www.hirsiset.com\/fr\/wp-json\/wp\/v2\/pages\/948\/revisions"}],"predecessor-version":[{"id":36512,"href":"https:\/\/www.hirsiset.com\/fr\/wp-json\/wp\/v2\/pages\/948\/revisions\/36512"}],"wp:attachment":[{"href":"https:\/\/www.hirsiset.com\/fr\/wp-json\/wp\/v2\/media?parent=948"}],"curies":[{"name":"wp","href":"https:\/\/api.w.org\/{rel}","templated":true}]}}