{"id":23795,"date":"2019-08-28T09:26:41","date_gmt":"2019-08-28T06:26:41","guid":{"rendered":"https:\/\/www.hirsiset.com\/house-models\/river-oulu\/"},"modified":"2024-02-27T13:22:05","modified_gmt":"2024-02-27T11:22:05","slug":"rio-oulu","status":"publish","type":"page","link":"https:\/\/www.hirsiset.com\/es\/casa-de-tronco\/rio-oulu\/","title":{"rendered":"R\u00edo Oulu"},"content":{"rendered":"<div class=\"wpb-content-wrapper\"><p>[vc_row][vc_column][vc_column_text]La nueva colecci\u00f3n de casas Rio Oulu -log de Hirsiset es fresca, moderna y altamente personalizable para adaptarse a los deseos y necesidades de todos. Desde la cabina de sauna hasta la casa familiar numerosa, los modelos nuevos est\u00e1n dise\u00f1ados para satisfacer las necesidades y requisitos de hoy. Queremos que nuestras casas de madera sean f\u00e1ciles y pr\u00e1cticas en su d\u00eda a d\u00eda, sin olvidar su belleza. Se ha prestado especial atenci\u00f3n a las soluciones de espacios funcionales en \u00e1reas como la cocina, el lavadero y el espacio de almacenamiento.<\/p>\n<p>Una de las caracter\u00edsticas clave de una casa de troncos es su <a href=\"https:\/\/www.hirsiset.com\/es\/logs\/\">soluci\u00f3n de esquina<\/a>. \u00bfElegir\u00e1s una esquina en cruz tradicional, una esquina de caja discreta, una esquina de ciudad moderna o una esquina de cola de milano impresionante? \u00bfTe gusta una sala de estar elevada y espaciosa? Especialmente la estructura de techo a dos aguas brinda un espacio abierto de techo alto a la sala de estar. Casi todos los modelos de la colecci\u00f3n se pueden dise\u00f1ar con formato de techo preferible; cubierta tradicional a dos aguas, cubierta a dos aguas o cubierta a dos aguas n\u00f3rdica. Las soluciones de patio, la dimensi\u00f3n de las ventanas, el color de la casa de troncos y los peque\u00f1os detalles de interior y exterior crean una totalidad personalizada.<\/p>\n<p>En Hirsiset siempre dise\u00f1amos una casa de troncos junto con el cliente para satisfacer sus necesidades y preferencias. \u00a1Cont\u00e1ctanos para comenzar a dise\u00f1ar la casa de tus sue\u00f1os![\/vc_column_text][vc_empty_space][\/vc_column][\/vc_row][vc_row][vc_column width=\u00bb1\/4&#8243;][vc_column_text css=\u00bb.vc_custom_1675853200835{padding-top: 0px !important;padding-bottom: 0px !important;}\u00bb]<a href=\"https:\/\/www.ark-stenius.fi\/\"><img loading=\"lazy\" decoding=\"async\" class=\"alignnone wp-image-11632\" src=\"https:\/\/www.hirsiset.com\/wp-content\/uploads\/Petra-Karjalainen-s.jpg\" alt=\"Petra Stenius\" width=\"178\" height=\"200\" srcset=\"https:\/\/www.hirsiset.com\/wp-content\/uploads\/Petra-Karjalainen-s.jpg 300w, https:\/\/www.hirsiset.com\/wp-content\/uploads\/Petra-Karjalainen-s-267x300.jpg 267w\" sizes=\"auto, (max-width: 178px) 100vw, 178px\" \/><\/a><\/p>\n<p><em>La colecci\u00f3n Rio Oulu est\u00e1 realizada en colaboraci\u00f3n con Hirsiset dise\u00f1ada por <a href=\"https:\/\/www.ark-stenius.fi\/\">Petra Stenius<\/a><\/em>[\/vc_column_text][vc_empty_space][\/vc_column][vc_column width=\u00bb3\/4&#8243; css=\u00bb.vc_custom_1617969426442{padding-top: 0px !important;padding-right: 40px !important;padding-bottom: 0px !important;padding-left: 40px !important;}\u00bb][vc_single_image image=\u00bb23615&#8243; img_size=\u00bbfull\u00bb alignment=\u00bbcenter\u00bb onclick=\u00bbcustom_link\u00bb link=\u00bbhttps:\/\/www.hirsiset.com\/es\/gallery\/pyhakoski\/\u00bb][vc_column_text]<\/p>\n<p style=\"text-align: center;\"><a href=\"https:\/\/www.hirsiset.com\/es\/gallery\/pyhakoski\/\" target=\"_blank\" rel=\"noopener\"><em>Pyh\u00e4koski galer\u00eda de fotos<\/em><\/a><\/p>\n<p>[\/vc_column_text][vc_empty_space][\/vc_column][\/vc_row][vc_row gap=\u00bb20&#8243; css=\u00bb.vc_custom_1625226789196{margin-bottom: 60px !important;background-color: #efefef !important;}\u00bb][vc_column width=\u00bb1\/2&#8243;][vc_single_image image=\u00bb23666&#8243; img_size=\u00bbmedium\u00bb alignment=\u00bbcenter\u00bb image_hovers=\u00bbfalse\u00bb][\/vc_column][vc_column width=\u00bb1\/2&#8243;][vc_empty_space height=\u00bb20px\u00bb][vc_column_text]<\/p>\n<h4><span class=\"HwtZe\" lang=\"es\"><span class=\"jCAhz ChMk0b\"><span class=\"ryNqvb\">Descargue un folleto gratis<\/span><\/span><\/span><\/h4>\n<p>El folleto contiene todos los modelos de River Oulu.<\/p>\n<p>\u00a1Que tengas una buena lectura![\/vc_column_text]<style type=\"text\/css\" data-type=\"the7_shortcodes-inline-css\">#default-btn-c67a46d733099f7287631315f65ee053.ico-right-side > i {\n  margin-right: 0px;\n  margin-left: 8px;\n}\n#default-btn-c67a46d733099f7287631315f65ee053 > i {\n  margin-right: 8px;\n}<\/style><a href=\"https:\/\/www.hirsiset.com\/es\/descargar-un-folleto\/\" class=\"default-btn-shortcode dt-btn dt-btn-l link-hover-off btn-inline-left \" target=\"_blank\" id=\"default-btn-c67a46d733099f7287631315f65ee053\" title=\"Descargar un folleto\" rel=\"noopener\"><span>Descargar un folleto<\/span><\/a>[vc_empty_space height=\u00bb30px\u00bb][\/vc_column][\/vc_row]<\/p>\n<\/div>","protected":false},"excerpt":{"rendered":"<p>[vc_row][vc_column][vc_column_text]La nueva colecci\u00f3n de casas Rio Oulu -log de Hirsiset es fresca, moderna y altamente personalizable para adaptarse a los deseos y necesidades de todos. Desde la cabina de sauna hasta la casa familiar numerosa, los modelos nuevos est\u00e1n dise\u00f1ados para satisfacer las necesidades y requisitos de hoy. Queremos que nuestras casas de madera sean&hellip;<\/p>\n","protected":false},"author":5,"featured_media":23605,"parent":23793,"menu_order":0,"comment_status":"closed","ping_status":"closed","template":"template-portfolio-masonry.php","meta":{"footnotes":""},"class_list":["post-23795","page","type-page","status-publish","has-post-thumbnail","hentry","description-off"],"yoast_head":"<!-- This site is optimized with the Yoast SEO plugin v27.5 - https:\/\/yoast.com\/product\/yoast-seo-wordpress\/ -->\n<title>R\u00edo Oulu-log house collection - Hirsiset - Log houses and log cabins<\/title>\n<meta name=\"description\" content=\"The River Oulu collection is fresh, modern and can be modified to suit everyone&#039;s wishes. All models are designed to meet current needs and requirements.\" \/>\n<meta name=\"robots\" content=\"index, follow, max-snippet:-1, max-image-preview:large, max-video-preview:-1\" \/>\n<link rel=\"canonical\" href=\"https:\/\/www.hirsiset.com\/es\/casa-de-tronco\/rio-oulu\/\" \/>\n<meta property=\"og:locale\" content=\"es_ES\" \/>\n<meta property=\"og:type\" content=\"article\" \/>\n<meta property=\"og:title\" content=\"R\u00edo Oulu-log house collection - Hirsiset - Log houses and log cabins\" \/>\n<meta property=\"og:description\" content=\"The River Oulu collection is fresh, modern and can be modified to suit everyone&#039;s wishes. All models are designed to meet current needs and requirements.\" \/>\n<meta property=\"og:url\" content=\"https:\/\/www.hirsiset.com\/es\/casa-de-tronco\/rio-oulu\/\" \/>\n<meta property=\"og:site_name\" content=\"Hirsiset\" \/>\n<meta property=\"article:publisher\" content=\"https:\/\/www.facebook.com\/Hirsiset\/\" \/>\n<meta property=\"article:modified_time\" content=\"2024-02-27T11:22:05+00:00\" \/>\n<meta property=\"og:image\" content=\"https:\/\/www.hirsiset.com\/wp-content\/uploads\/moderni-kaksikerroksinen-hirsitalo.jpg\" \/>\n\t<meta property=\"og:image:width\" content=\"1500\" \/>\n\t<meta property=\"og:image:height\" content=\"1001\" \/>\n\t<meta property=\"og:image:type\" content=\"image\/jpeg\" \/>\n<meta name=\"twitter:card\" content=\"summary_large_image\" \/>\n<meta name=\"twitter:site\" content=\"@hirsiset\" \/>\n<meta name=\"twitter:label1\" content=\"Tiempo de lectura\" \/>\n\t<meta name=\"twitter:data1\" content=\"3 minutos\" \/>\n<script type=\"application\/ld+json\" class=\"yoast-schema-graph\">{\"@context\":\"https:\\\/\\\/schema.org\",\"@graph\":[{\"@type\":\"WebPage\",\"@id\":\"https:\\\/\\\/www.hirsiset.com\\\/es\\\/casa-de-tronco\\\/rio-oulu\\\/\",\"url\":\"https:\\\/\\\/www.hirsiset.com\\\/es\\\/casa-de-tronco\\\/rio-oulu\\\/\",\"name\":\"R\u00edo Oulu-log house collection - Hirsiset - Log houses and log cabins\",\"isPartOf\":{\"@id\":\"https:\\\/\\\/www.hirsiset.com\\\/es\\\/#website\"},\"primaryImageOfPage\":{\"@id\":\"https:\\\/\\\/www.hirsiset.com\\\/es\\\/casa-de-tronco\\\/rio-oulu\\\/#primaryimage\"},\"image\":{\"@id\":\"https:\\\/\\\/www.hirsiset.com\\\/es\\\/casa-de-tronco\\\/rio-oulu\\\/#primaryimage\"},\"thumbnailUrl\":\"https:\\\/\\\/www.hirsiset.com\\\/wp-content\\\/uploads\\\/moderni-kaksikerroksinen-hirsitalo.jpg\",\"datePublished\":\"2019-08-28T06:26:41+00:00\",\"dateModified\":\"2024-02-27T11:22:05+00:00\",\"description\":\"The River Oulu collection is fresh, modern and can be modified to suit everyone's wishes. All models are designed to meet current needs and requirements.\",\"breadcrumb\":{\"@id\":\"https:\\\/\\\/www.hirsiset.com\\\/es\\\/casa-de-tronco\\\/rio-oulu\\\/#breadcrumb\"},\"inLanguage\":\"es\",\"potentialAction\":[{\"@type\":\"ReadAction\",\"target\":[\"https:\\\/\\\/www.hirsiset.com\\\/es\\\/casa-de-tronco\\\/rio-oulu\\\/\"]}]},{\"@type\":\"ImageObject\",\"inLanguage\":\"es\",\"@id\":\"https:\\\/\\\/www.hirsiset.com\\\/es\\\/casa-de-tronco\\\/rio-oulu\\\/#primaryimage\",\"url\":\"https:\\\/\\\/www.hirsiset.com\\\/wp-content\\\/uploads\\\/moderni-kaksikerroksinen-hirsitalo.jpg\",\"contentUrl\":\"https:\\\/\\\/www.hirsiset.com\\\/wp-content\\\/uploads\\\/moderni-kaksikerroksinen-hirsitalo.jpg\",\"width\":1500,\"height\":1001},{\"@type\":\"BreadcrumbList\",\"@id\":\"https:\\\/\\\/www.hirsiset.com\\\/es\\\/casa-de-tronco\\\/rio-oulu\\\/#breadcrumb\",\"itemListElement\":[{\"@type\":\"ListItem\",\"position\":1,\"name\":\"Home\",\"item\":\"https:\\\/\\\/www.hirsiset.com\\\/es\\\/\"},{\"@type\":\"ListItem\",\"position\":2,\"name\":\"Modelos de casas\",\"item\":\"https:\\\/\\\/www.hirsiset.com\\\/es\\\/casa-de-tronco\\\/\"},{\"@type\":\"ListItem\",\"position\":3,\"name\":\"R\u00edo Oulu\"}]},{\"@type\":\"WebSite\",\"@id\":\"https:\\\/\\\/www.hirsiset.com\\\/es\\\/#website\",\"url\":\"https:\\\/\\\/www.hirsiset.com\\\/es\\\/\",\"name\":\"Hirsiset\",\"description\":\"Hirsitaloja yli 30-vuoden kokemuksella\",\"publisher\":{\"@id\":\"https:\\\/\\\/www.hirsiset.com\\\/es\\\/#organization\"},\"potentialAction\":[{\"@type\":\"SearchAction\",\"target\":{\"@type\":\"EntryPoint\",\"urlTemplate\":\"https:\\\/\\\/www.hirsiset.com\\\/es\\\/?s={search_term_string}\"},\"query-input\":{\"@type\":\"PropertyValueSpecification\",\"valueRequired\":true,\"valueName\":\"search_term_string\"}}],\"inLanguage\":\"es\"},{\"@type\":\"Organization\",\"@id\":\"https:\\\/\\\/www.hirsiset.com\\\/es\\\/#organization\",\"name\":\"Oulun Hirsiset Oy\",\"url\":\"https:\\\/\\\/www.hirsiset.com\\\/es\\\/\",\"logo\":{\"@type\":\"ImageObject\",\"inLanguage\":\"es\",\"@id\":\"https:\\\/\\\/www.hirsiset.com\\\/es\\\/#\\\/schema\\\/logo\\\/image\\\/\",\"url\":\"https:\\\/\\\/www.hirsiset.com\\\/wp-content\\\/uploads\\\/Hirsiset_logo65px.png\",\"contentUrl\":\"https:\\\/\\\/www.hirsiset.com\\\/wp-content\\\/uploads\\\/Hirsiset_logo65px.png\",\"width\":299,\"height\":65,\"caption\":\"Oulun Hirsiset Oy\"},\"image\":{\"@id\":\"https:\\\/\\\/www.hirsiset.com\\\/es\\\/#\\\/schema\\\/logo\\\/image\\\/\"},\"sameAs\":[\"https:\\\/\\\/www.facebook.com\\\/Hirsiset\\\/\",\"https:\\\/\\\/x.com\\\/hirsiset\",\"https:\\\/\\\/www.instagram.com\\\/hirsiset_oy\\\/\"]}]}<\/script>\n<!-- \/ Yoast SEO plugin. -->","yoast_head_json":{"title":"R\u00edo Oulu-log house collection - Hirsiset - Log houses and log cabins","description":"The River Oulu collection is fresh, modern and can be modified to suit everyone's wishes. All models are designed to meet current needs and requirements.","robots":{"index":"index","follow":"follow","max-snippet":"max-snippet:-1","max-image-preview":"max-image-preview:large","max-video-preview":"max-video-preview:-1"},"canonical":"https:\/\/www.hirsiset.com\/es\/casa-de-tronco\/rio-oulu\/","og_locale":"es_ES","og_type":"article","og_title":"R\u00edo Oulu-log house collection - Hirsiset - Log houses and log cabins","og_description":"The River Oulu collection is fresh, modern and can be modified to suit everyone's wishes. All models are designed to meet current needs and requirements.","og_url":"https:\/\/www.hirsiset.com\/es\/casa-de-tronco\/rio-oulu\/","og_site_name":"Hirsiset","article_publisher":"https:\/\/www.facebook.com\/Hirsiset\/","article_modified_time":"2024-02-27T11:22:05+00:00","og_image":[{"width":1500,"height":1001,"url":"https:\/\/www.hirsiset.com\/wp-content\/uploads\/moderni-kaksikerroksinen-hirsitalo.jpg","type":"image\/jpeg"}],"twitter_card":"summary_large_image","twitter_site":"@hirsiset","twitter_misc":{"Tiempo de lectura":"3 minutos"},"schema":{"@context":"https:\/\/schema.org","@graph":[{"@type":"WebPage","@id":"https:\/\/www.hirsiset.com\/es\/casa-de-tronco\/rio-oulu\/","url":"https:\/\/www.hirsiset.com\/es\/casa-de-tronco\/rio-oulu\/","name":"R\u00edo Oulu-log house collection - Hirsiset - Log houses and log cabins","isPartOf":{"@id":"https:\/\/www.hirsiset.com\/es\/#website"},"primaryImageOfPage":{"@id":"https:\/\/www.hirsiset.com\/es\/casa-de-tronco\/rio-oulu\/#primaryimage"},"image":{"@id":"https:\/\/www.hirsiset.com\/es\/casa-de-tronco\/rio-oulu\/#primaryimage"},"thumbnailUrl":"https:\/\/www.hirsiset.com\/wp-content\/uploads\/moderni-kaksikerroksinen-hirsitalo.jpg","datePublished":"2019-08-28T06:26:41+00:00","dateModified":"2024-02-27T11:22:05+00:00","description":"The River Oulu collection is fresh, modern and can be modified to suit everyone's wishes. All models are designed to meet current needs and requirements.","breadcrumb":{"@id":"https:\/\/www.hirsiset.com\/es\/casa-de-tronco\/rio-oulu\/#breadcrumb"},"inLanguage":"es","potentialAction":[{"@type":"ReadAction","target":["https:\/\/www.hirsiset.com\/es\/casa-de-tronco\/rio-oulu\/"]}]},{"@type":"ImageObject","inLanguage":"es","@id":"https:\/\/www.hirsiset.com\/es\/casa-de-tronco\/rio-oulu\/#primaryimage","url":"https:\/\/www.hirsiset.com\/wp-content\/uploads\/moderni-kaksikerroksinen-hirsitalo.jpg","contentUrl":"https:\/\/www.hirsiset.com\/wp-content\/uploads\/moderni-kaksikerroksinen-hirsitalo.jpg","width":1500,"height":1001},{"@type":"BreadcrumbList","@id":"https:\/\/www.hirsiset.com\/es\/casa-de-tronco\/rio-oulu\/#breadcrumb","itemListElement":[{"@type":"ListItem","position":1,"name":"Home","item":"https:\/\/www.hirsiset.com\/es\/"},{"@type":"ListItem","position":2,"name":"Modelos de casas","item":"https:\/\/www.hirsiset.com\/es\/casa-de-tronco\/"},{"@type":"ListItem","position":3,"name":"R\u00edo Oulu"}]},{"@type":"WebSite","@id":"https:\/\/www.hirsiset.com\/es\/#website","url":"https:\/\/www.hirsiset.com\/es\/","name":"Hirsiset","description":"Hirsitaloja yli 30-vuoden kokemuksella","publisher":{"@id":"https:\/\/www.hirsiset.com\/es\/#organization"},"potentialAction":[{"@type":"SearchAction","target":{"@type":"EntryPoint","urlTemplate":"https:\/\/www.hirsiset.com\/es\/?s={search_term_string}"},"query-input":{"@type":"PropertyValueSpecification","valueRequired":true,"valueName":"search_term_string"}}],"inLanguage":"es"},{"@type":"Organization","@id":"https:\/\/www.hirsiset.com\/es\/#organization","name":"Oulun Hirsiset Oy","url":"https:\/\/www.hirsiset.com\/es\/","logo":{"@type":"ImageObject","inLanguage":"es","@id":"https:\/\/www.hirsiset.com\/es\/#\/schema\/logo\/image\/","url":"https:\/\/www.hirsiset.com\/wp-content\/uploads\/Hirsiset_logo65px.png","contentUrl":"https:\/\/www.hirsiset.com\/wp-content\/uploads\/Hirsiset_logo65px.png","width":299,"height":65,"caption":"Oulun Hirsiset Oy"},"image":{"@id":"https:\/\/www.hirsiset.com\/es\/#\/schema\/logo\/image\/"},"sameAs":["https:\/\/www.facebook.com\/Hirsiset\/","https:\/\/x.com\/hirsiset","https:\/\/www.instagram.com\/hirsiset_oy\/"]}]}},"_links":{"self":[{"href":"https:\/\/www.hirsiset.com\/es\/wp-json\/wp\/v2\/pages\/23795","targetHints":{"allow":["GET"]}}],"collection":[{"href":"https:\/\/www.hirsiset.com\/es\/wp-json\/wp\/v2\/pages"}],"about":[{"href":"https:\/\/www.hirsiset.com\/es\/wp-json\/wp\/v2\/types\/page"}],"author":[{"embeddable":true,"href":"https:\/\/www.hirsiset.com\/es\/wp-json\/wp\/v2\/users\/5"}],"replies":[{"embeddable":true,"href":"https:\/\/www.hirsiset.com\/es\/wp-json\/wp\/v2\/comments?post=23795"}],"version-history":[{"count":17,"href":"https:\/\/www.hirsiset.com\/es\/wp-json\/wp\/v2\/pages\/23795\/revisions"}],"predecessor-version":[{"id":30536,"href":"https:\/\/www.hirsiset.com\/es\/wp-json\/wp\/v2\/pages\/23795\/revisions\/30536"}],"up":[{"embeddable":true,"href":"https:\/\/www.hirsiset.com\/es\/wp-json\/wp\/v2\/pages\/23793"}],"wp:featuredmedia":[{"embeddable":true,"href":"https:\/\/www.hirsiset.com\/es\/wp-json\/wp\/v2\/media\/23605"}],"wp:attachment":[{"href":"https:\/\/www.hirsiset.com\/es\/wp-json\/wp\/v2\/media?parent=23795"}],"curies":[{"name":"wp","href":"https:\/\/api.w.org\/{rel}","templated":true}]}}