{"id":21658,"date":"2021-10-14T17:03:48","date_gmt":"2021-10-14T14:03:48","guid":{"rendered":"https:\/\/www.hirsiset.com\/dankeschoen\/"},"modified":"2021-10-14T17:07:22","modified_gmt":"2021-10-14T14:07:22","slug":"dankeschoen","status":"publish","type":"page","link":"https:\/\/www.hirsiset.com\/de\/dankeschoen\/","title":{"rendered":"Dankesch\u00f6n!"},"content":{"rendered":"<div class=\"wpb-content-wrapper\"><p>[vc_row][vc_column width=&#8220;1\/2&#8243;][vc_single_image image=&#8220;20188&#8243; img_size=&#8220;large&#8220; alignment=&#8220;center&#8220; image_hovers=&#8220;false&#8220;][\/vc_column][vc_column width=&#8220;1\/2&#8243;][vc_column_text]<\/p>\n<div class=\"wpb_text_column wpb_content_element \">\n<div class=\"wpb_wrapper\">\n<h3>Dankesch\u00f6n!<\/h3>\n<h4>Ihre Nachricht wurde gesendet. An die von Ihnen angegebene E-Mail-Adresse wurde eine E-Mail mit einem Link zum Herunterladen der Brosch\u00fcre gesendet.<\/h4>\n<p>Die Brosch\u00fcre liegt im PDF-Format vor. Sie k\u00f6nnen es mit dem Acrobat Reader \u00f6ffnen und die neuesten Browser unterst\u00fctzen es. Wenn Sie Probleme beim \u00d6ffnen der Brosch\u00fcre haben, kontaktieren Sie uns bitte: hirsiset@hirsiset.com oder rufen Sie +358 50 470 3112 an.<\/p>\n<p>Sch\u00f6ne Momente mit unserer Brosch\u00fcre!<\/p>\n<\/div>\n<p>Oulun Hirsiset Oy<\/p>\n<\/div>\n<p>[\/vc_column_text][vc_empty_space height=&#8220;50px&#8220;][\/vc_column][\/vc_row]<\/p>\n<\/div>","protected":false},"excerpt":{"rendered":"<p>[vc_row][vc_column width=&#8220;1\/2&#8243;][vc_single_image image=&#8220;20188&#8243; img_size=&#8220;large&#8220; alignment=&#8220;center&#8220; image_hovers=&#8220;false&#8220;][\/vc_column][vc_column width=&#8220;1\/2&#8243;][vc_column_text] Dankesch\u00f6n! Ihre Nachricht wurde gesendet. An die von Ihnen angegebene E-Mail-Adresse wurde eine E-Mail mit einem Link zum Herunterladen der Brosch\u00fcre gesendet. Die Brosch\u00fcre liegt im PDF-Format vor. Sie k\u00f6nnen es mit dem Acrobat Reader \u00f6ffnen und die neuesten Browser unterst\u00fctzen es. Wenn Sie Probleme beim \u00d6ffnen der&hellip;<\/p>\n","protected":false},"author":1,"featured_media":0,"parent":0,"menu_order":0,"comment_status":"closed","ping_status":"closed","template":"","meta":{"footnotes":""},"class_list":["post-21658","page","type-page","status-publish","hentry","description-off"],"yoast_head":"<!-- This site is optimized with the Yoast SEO plugin v27.4 - https:\/\/yoast.com\/product\/yoast-seo-wordpress\/ -->\n<title>Dankesch\u00f6n! - Hirsiset<\/title>\n<meta name=\"description\" content=\"Ein Blockhaus bietet die Voraussetzungen f\u00fcr ein gesundes Wohnen. Blockhaus nach Wunsch. Komfort in einem Blockhaus.\" \/>\n<meta name=\"robots\" content=\"index, follow, max-snippet:-1, max-image-preview:large, max-video-preview:-1\" \/>\n<link rel=\"canonical\" href=\"https:\/\/www.hirsiset.com\/de\/dankeschoen\/\" \/>\n<meta property=\"og:locale\" content=\"de_DE\" \/>\n<meta property=\"og:type\" content=\"article\" \/>\n<meta property=\"og:title\" content=\"Dankesch\u00f6n! - Hirsiset\" \/>\n<meta property=\"og:description\" content=\"Ein Blockhaus bietet die Voraussetzungen f\u00fcr ein gesundes Wohnen. Blockhaus nach Wunsch. Komfort in einem Blockhaus.\" \/>\n<meta property=\"og:url\" content=\"https:\/\/www.hirsiset.com\/de\/dankeschoen\/\" \/>\n<meta property=\"og:site_name\" content=\"Hirsiset\" \/>\n<meta property=\"article:publisher\" content=\"https:\/\/www.facebook.com\/Hirsiset\/\" \/>\n<meta property=\"article:modified_time\" content=\"2021-10-14T14:07:22+00:00\" \/>\n<meta name=\"twitter:card\" content=\"summary_large_image\" \/>\n<meta name=\"twitter:site\" content=\"@hirsiset\" \/>\n<meta name=\"twitter:label1\" content=\"Gesch\u00e4tzte Lesezeit\" \/>\n\t<meta name=\"twitter:data1\" content=\"1\u00a0Minute\" \/>\n<script type=\"application\/ld+json\" class=\"yoast-schema-graph\">{\"@context\":\"https:\\\/\\\/schema.org\",\"@graph\":[{\"@type\":\"WebPage\",\"@id\":\"https:\\\/\\\/www.hirsiset.com\\\/de\\\/dankeschoen\\\/\",\"url\":\"https:\\\/\\\/www.hirsiset.com\\\/de\\\/dankeschoen\\\/\",\"name\":\"Dankesch\u00f6n! - Hirsiset\",\"isPartOf\":{\"@id\":\"https:\\\/\\\/www.hirsiset.com\\\/de\\\/#website\"},\"datePublished\":\"2021-10-14T14:03:48+00:00\",\"dateModified\":\"2021-10-14T14:07:22+00:00\",\"description\":\"Ein Blockhaus bietet die Voraussetzungen f\u00fcr ein gesundes Wohnen. Blockhaus nach Wunsch. Komfort in einem Blockhaus.\",\"breadcrumb\":{\"@id\":\"https:\\\/\\\/www.hirsiset.com\\\/de\\\/dankeschoen\\\/#breadcrumb\"},\"inLanguage\":\"de\",\"potentialAction\":[{\"@type\":\"ReadAction\",\"target\":[\"https:\\\/\\\/www.hirsiset.com\\\/de\\\/dankeschoen\\\/\"]}]},{\"@type\":\"BreadcrumbList\",\"@id\":\"https:\\\/\\\/www.hirsiset.com\\\/de\\\/dankeschoen\\\/#breadcrumb\",\"itemListElement\":[{\"@type\":\"ListItem\",\"position\":1,\"name\":\"Home\",\"item\":\"https:\\\/\\\/www.hirsiset.com\\\/de\\\/\"},{\"@type\":\"ListItem\",\"position\":2,\"name\":\"Dankesch\u00f6n!\"}]},{\"@type\":\"WebSite\",\"@id\":\"https:\\\/\\\/www.hirsiset.com\\\/de\\\/#website\",\"url\":\"https:\\\/\\\/www.hirsiset.com\\\/de\\\/\",\"name\":\"Hirsiset\",\"description\":\"Blockh\u00e4user mit \u00fcber 30 Jahren Erfahrung\",\"publisher\":{\"@id\":\"https:\\\/\\\/www.hirsiset.com\\\/de\\\/#organization\"},\"potentialAction\":[{\"@type\":\"SearchAction\",\"target\":{\"@type\":\"EntryPoint\",\"urlTemplate\":\"https:\\\/\\\/www.hirsiset.com\\\/de\\\/?s={search_term_string}\"},\"query-input\":{\"@type\":\"PropertyValueSpecification\",\"valueRequired\":true,\"valueName\":\"search_term_string\"}}],\"inLanguage\":\"de\"},{\"@type\":\"Organization\",\"@id\":\"https:\\\/\\\/www.hirsiset.com\\\/de\\\/#organization\",\"name\":\"Oulun Hirsiset Oy\",\"url\":\"https:\\\/\\\/www.hirsiset.com\\\/de\\\/\",\"logo\":{\"@type\":\"ImageObject\",\"inLanguage\":\"de\",\"@id\":\"https:\\\/\\\/www.hirsiset.com\\\/de\\\/#\\\/schema\\\/logo\\\/image\\\/\",\"url\":\"https:\\\/\\\/www.hirsiset.com\\\/wp-content\\\/uploads\\\/Hirsiset_logo65px.png\",\"contentUrl\":\"https:\\\/\\\/www.hirsiset.com\\\/wp-content\\\/uploads\\\/Hirsiset_logo65px.png\",\"width\":299,\"height\":65,\"caption\":\"Oulun Hirsiset Oy\"},\"image\":{\"@id\":\"https:\\\/\\\/www.hirsiset.com\\\/de\\\/#\\\/schema\\\/logo\\\/image\\\/\"},\"sameAs\":[\"https:\\\/\\\/www.facebook.com\\\/Hirsiset\\\/\",\"https:\\\/\\\/x.com\\\/hirsiset\",\"https:\\\/\\\/www.instagram.com\\\/hirsiset_oy\\\/\"]}]}<\/script>\n<!-- \/ Yoast SEO plugin. -->","yoast_head_json":{"title":"Dankesch\u00f6n! - Hirsiset","description":"Ein Blockhaus bietet die Voraussetzungen f\u00fcr ein gesundes Wohnen. Blockhaus nach Wunsch. Komfort in einem Blockhaus.","robots":{"index":"index","follow":"follow","max-snippet":"max-snippet:-1","max-image-preview":"max-image-preview:large","max-video-preview":"max-video-preview:-1"},"canonical":"https:\/\/www.hirsiset.com\/de\/dankeschoen\/","og_locale":"de_DE","og_type":"article","og_title":"Dankesch\u00f6n! - Hirsiset","og_description":"Ein Blockhaus bietet die Voraussetzungen f\u00fcr ein gesundes Wohnen. Blockhaus nach Wunsch. Komfort in einem Blockhaus.","og_url":"https:\/\/www.hirsiset.com\/de\/dankeschoen\/","og_site_name":"Hirsiset","article_publisher":"https:\/\/www.facebook.com\/Hirsiset\/","article_modified_time":"2021-10-14T14:07:22+00:00","twitter_card":"summary_large_image","twitter_site":"@hirsiset","twitter_misc":{"Gesch\u00e4tzte Lesezeit":"1\u00a0Minute"},"schema":{"@context":"https:\/\/schema.org","@graph":[{"@type":"WebPage","@id":"https:\/\/www.hirsiset.com\/de\/dankeschoen\/","url":"https:\/\/www.hirsiset.com\/de\/dankeschoen\/","name":"Dankesch\u00f6n! - Hirsiset","isPartOf":{"@id":"https:\/\/www.hirsiset.com\/de\/#website"},"datePublished":"2021-10-14T14:03:48+00:00","dateModified":"2021-10-14T14:07:22+00:00","description":"Ein Blockhaus bietet die Voraussetzungen f\u00fcr ein gesundes Wohnen. Blockhaus nach Wunsch. Komfort in einem Blockhaus.","breadcrumb":{"@id":"https:\/\/www.hirsiset.com\/de\/dankeschoen\/#breadcrumb"},"inLanguage":"de","potentialAction":[{"@type":"ReadAction","target":["https:\/\/www.hirsiset.com\/de\/dankeschoen\/"]}]},{"@type":"BreadcrumbList","@id":"https:\/\/www.hirsiset.com\/de\/dankeschoen\/#breadcrumb","itemListElement":[{"@type":"ListItem","position":1,"name":"Home","item":"https:\/\/www.hirsiset.com\/de\/"},{"@type":"ListItem","position":2,"name":"Dankesch\u00f6n!"}]},{"@type":"WebSite","@id":"https:\/\/www.hirsiset.com\/de\/#website","url":"https:\/\/www.hirsiset.com\/de\/","name":"Hirsiset","description":"Blockh\u00e4user mit \u00fcber 30 Jahren Erfahrung","publisher":{"@id":"https:\/\/www.hirsiset.com\/de\/#organization"},"potentialAction":[{"@type":"SearchAction","target":{"@type":"EntryPoint","urlTemplate":"https:\/\/www.hirsiset.com\/de\/?s={search_term_string}"},"query-input":{"@type":"PropertyValueSpecification","valueRequired":true,"valueName":"search_term_string"}}],"inLanguage":"de"},{"@type":"Organization","@id":"https:\/\/www.hirsiset.com\/de\/#organization","name":"Oulun Hirsiset Oy","url":"https:\/\/www.hirsiset.com\/de\/","logo":{"@type":"ImageObject","inLanguage":"de","@id":"https:\/\/www.hirsiset.com\/de\/#\/schema\/logo\/image\/","url":"https:\/\/www.hirsiset.com\/wp-content\/uploads\/Hirsiset_logo65px.png","contentUrl":"https:\/\/www.hirsiset.com\/wp-content\/uploads\/Hirsiset_logo65px.png","width":299,"height":65,"caption":"Oulun Hirsiset Oy"},"image":{"@id":"https:\/\/www.hirsiset.com\/de\/#\/schema\/logo\/image\/"},"sameAs":["https:\/\/www.facebook.com\/Hirsiset\/","https:\/\/x.com\/hirsiset","https:\/\/www.instagram.com\/hirsiset_oy\/"]}]}},"_links":{"self":[{"href":"https:\/\/www.hirsiset.com\/de\/wp-json\/wp\/v2\/pages\/21658","targetHints":{"allow":["GET"]}}],"collection":[{"href":"https:\/\/www.hirsiset.com\/de\/wp-json\/wp\/v2\/pages"}],"about":[{"href":"https:\/\/www.hirsiset.com\/de\/wp-json\/wp\/v2\/types\/page"}],"author":[{"embeddable":true,"href":"https:\/\/www.hirsiset.com\/de\/wp-json\/wp\/v2\/users\/1"}],"replies":[{"embeddable":true,"href":"https:\/\/www.hirsiset.com\/de\/wp-json\/wp\/v2\/comments?post=21658"}],"version-history":[{"count":3,"href":"https:\/\/www.hirsiset.com\/de\/wp-json\/wp\/v2\/pages\/21658\/revisions"}],"predecessor-version":[{"id":21661,"href":"https:\/\/www.hirsiset.com\/de\/wp-json\/wp\/v2\/pages\/21658\/revisions\/21661"}],"wp:attachment":[{"href":"https:\/\/www.hirsiset.com\/de\/wp-json\/wp\/v2\/media?parent=21658"}],"curies":[{"name":"wp","href":"https:\/\/api.w.org\/{rel}","templated":true}]}}