{"id":21648,"date":"2021-10-14T16:56:22","date_gmt":"2021-10-14T13:56:22","guid":{"rendered":"https:\/\/www.hirsiset.com\/broschuere-herunterladen\/"},"modified":"2021-10-14T17:00:56","modified_gmt":"2021-10-14T14:00:56","slug":"broschuere-herunterladen","status":"publish","type":"page","link":"https:\/\/www.hirsiset.com\/de\/broschuere-herunterladen\/","title":{"rendered":"Brosch\u00fcre herunterladen"},"content":{"rendered":"<div class=\"wpb-content-wrapper\"><p>[vc_row][vc_column width=&#8220;1\/2&#8243;][vc_single_image image=&#8220;20188&#8243; img_size=&#8220;large&#8220; alignment=&#8220;center&#8220; image_hovers=&#8220;false&#8220;][\/vc_column][vc_column width=&#8220;1\/2&#8243;][vc_column_text]<\/p>\n<div class=\"wpb_text_column wpb_content_element \">\n<div class=\"wpb_wrapper\">\n<h3>Hirsiset neue River Oulu &#8211; Blockhauskollektion<\/h3>\n<h4>Sehen Sie sich die Kollektion an oder laden Sie eine kostenlose Brosch\u00fcre herunter!<\/h4>\n<p><a href=\"https:\/\/www.hirsiset.com\/de\/hauser\/oulu-fluss\/\">Die neue Fluss Oulujoki-Blockhauskollektion<\/a> bietet frische, moderne und sehr anpassungsf\u00e4hige Blockh\u00e4user f\u00fcr alle W\u00fcnsche und Bed\u00fcrfnisse. Alle neuen Modelle von der Saunakabine bis zum gro\u00dfen Einfamilienhaus sind auf die heutigen Bed\u00fcrfnisse und Anforderungen ausgerichtet.<\/p>\n<p>Wir m\u00f6chten, dass unsere Blockh\u00e4user im Alltag einfach und praktisch sind, ohne ihre Sch\u00f6nheit zu vergessen. Bei der Gestaltung wurde besonderes Augenmerk auf funktionale Rauml\u00f6sungen unter anderem f\u00fcr K\u00fcche, Hauswirtschaftsraum und Lagerraum gelegt.<\/p>\n<p>Schauen Sie sich <a href=\"https:\/\/www.hirsiset.com\/de\/hauser\/oulu-fluss\/\">die Kollektion auf unserer Website<\/a> an oder laden Sie eine Brosch\u00fcre mit allen Modellen der Fluss Oulujoki-Kollektion herunter.<\/p>\n<p>Hinterlassen Sie Ihre Kontaktdaten, erhalten Sie eine Nachricht von uns per E-Mail und laden Sie die Brosch\u00fcre herunter. Beginnen wir mit der Gestaltung Ihres Traumblockhauses!<\/p>\n<\/div>\n<\/div>\n<p>[\/vc_column_text]\n<div class=\"wpcf7 no-js\" id=\"wpcf7-f21647-o1\" lang=\"de-DE\" dir=\"ltr\" data-wpcf7-id=\"21647\">\n<div class=\"screen-reader-response\"><p role=\"status\" aria-live=\"polite\" aria-atomic=\"true\"><\/p> <ul><\/ul><\/div>\n<form action=\"\/de\/wp-json\/wp\/v2\/pages\/21648#wpcf7-f21647-o1\" method=\"post\" class=\"wpcf7-form init\" aria-label=\"Kontaktformular\" novalidate=\"novalidate\" data-status=\"init\">\n<fieldset class=\"hidden-fields-container\"><input type=\"hidden\" name=\"_wpcf7\" value=\"21647\" \/><input type=\"hidden\" name=\"_wpcf7_version\" value=\"6.1.5\" \/><input type=\"hidden\" name=\"_wpcf7_locale\" value=\"de_DE\" \/><input type=\"hidden\" name=\"_wpcf7_unit_tag\" value=\"wpcf7-f21647-o1\" \/><input type=\"hidden\" name=\"_wpcf7_container_post\" value=\"0\" \/><input type=\"hidden\" name=\"_wpcf7_posted_data_hash\" value=\"\" \/><input type=\"hidden\" name=\"_wpcf7_recaptcha_response\" value=\"\" \/>\n<\/fieldset>\n<p>Name *\n<\/p>\n<p><span class=\"wpcf7-form-control-wrap\" data-name=\"your-name\"><input size=\"40\" maxlength=\"400\" class=\"wpcf7-form-control wpcf7-text wpcf7-validates-as-required\" aria-required=\"true\" aria-invalid=\"false\" value=\"\" type=\"text\" name=\"your-name\" \/><\/span>\n<\/p>\n<p>Email *\n<\/p>\n<p><span class=\"wpcf7-form-control-wrap\" data-name=\"your-email\"><input size=\"40\" maxlength=\"400\" class=\"wpcf7-form-control wpcf7-email wpcf7-validates-as-required wpcf7-text wpcf7-validates-as-email\" aria-required=\"true\" aria-invalid=\"false\" value=\"\" type=\"email\" name=\"your-email\" \/><\/span>\n<\/p>\n<p>Telefon *\n<\/p>\n<p><span class=\"wpcf7-form-control-wrap\" data-name=\"tel-405\"><input size=\"40\" maxlength=\"400\" class=\"wpcf7-form-control wpcf7-tel wpcf7-validates-as-required wpcf7-text wpcf7-validates-as-tel\" aria-required=\"true\" aria-invalid=\"false\" value=\"\" type=\"tel\" name=\"tel-405\" \/><\/span>\n<\/p>\n<p>Gegenstand\n<\/p>\n<p><span class=\"wpcf7-form-control-wrap\" data-name=\"your-subject\"><input size=\"40\" maxlength=\"400\" class=\"wpcf7-form-control wpcf7-text\" aria-invalid=\"false\" value=\"\" type=\"text\" name=\"your-subject\" \/><\/span>\n<\/p>\n<p>Sie haben eine Baustelle?<br \/>\n<span class=\"wpcf7-form-control-wrap\" data-name=\"radio-22\"><span class=\"wpcf7-form-control wpcf7-radio\"><span class=\"wpcf7-list-item first\"><label><input type=\"radio\" name=\"radio-22\" value=\"Jawohl\" checked=\"checked\" \/><span class=\"wpcf7-list-item-label\">Jawohl<\/span><\/label><\/span><span class=\"wpcf7-list-item last\"><label><input type=\"radio\" name=\"radio-22\" value=\"Noch nicht\" \/><span class=\"wpcf7-list-item-label\">Noch nicht<\/span><\/label><\/span><\/span><\/span>\n<\/p>\n<p>Erz\u00e4hlen Sie uns mehr \u00fcber Ihre Baupl\u00e4ne\n<\/p>\n<p><span class=\"wpcf7-form-control-wrap\" data-name=\"your-message\"><textarea cols=\"40\" rows=\"10\" maxlength=\"2000\" class=\"wpcf7-form-control wpcf7-textarea\" aria-invalid=\"false\" name=\"your-message\"><\/textarea><\/span>\n<\/p>\n<p><span class=\"wpcf7-form-control-wrap\" data-name=\"acceptance-150\"><span class=\"wpcf7-form-control wpcf7-acceptance\"><span class=\"wpcf7-list-item\"><label><input type=\"checkbox\" name=\"acceptance-150\" value=\"1\" aria-invalid=\"false\" \/><span class=\"wpcf7-list-item-label\">Ich akzeptiere die Nutzungsbedingungen und kann kontaktiert werden *<\/span><\/label><\/span><\/span><\/span>\n<\/p>\n<p><a href=\"\/de\/register-statement\/\">Registrierungsbeschreibung<\/a>\n<\/p>\n<p>\n<span class=\"wpcf7-form-control-wrap recaptcha\" data-name=\"recaptcha\"><span data-sitekey=\"6LfD8rIUAAAAAGCzvEWumyjINGEM0Xer_BbNTwNo\" class=\"wpcf7-form-control wpcf7-recaptcha g-recaptcha\"><\/span>\r\n<noscript>\r\n\t<div class=\"grecaptcha-noscript\">\r\n\t\t<iframe loading=\"lazy\" src=\"https:\/\/www.google.com\/recaptcha\/api\/fallback?k=6LfD8rIUAAAAAGCzvEWumyjINGEM0Xer_BbNTwNo\" frameborder=\"0\" scrolling=\"no\" width=\"310\" height=\"430\">\r\n\t\t<\/iframe>\r\n\t\t<textarea name=\"g-recaptcha-response\" rows=\"3\" cols=\"40\" placeholder=\"reCaptcha Response Here\">\r\n\t\t<\/textarea>\r\n\t<\/div>\r\n<\/noscript>\r\n<\/span>\n<\/p>\n<p>* Pflichtangaben\n<\/p>\n<p><input class=\"wpcf7-form-control wpcf7-submit has-spinner\" type=\"submit\" value=\"einreichen\" \/>\n<\/p><div class=\"wpcf7-response-output\" aria-hidden=\"true\"><\/div>\n<\/form>\n<\/div>\n[vc_empty_space height=&#8220;50px&#8220;][\/vc_column][\/vc_row]<\/p>\n<\/div>","protected":false},"excerpt":{"rendered":"<p>[vc_row][vc_column width=&#8220;1\/2&#8243;][vc_single_image image=&#8220;20188&#8243; img_size=&#8220;large&#8220; alignment=&#8220;center&#8220; image_hovers=&#8220;false&#8220;][\/vc_column][vc_column width=&#8220;1\/2&#8243;][vc_column_text] Hirsiset neue River Oulu &#8211; Blockhauskollektion Sehen Sie sich die Kollektion an oder laden Sie eine kostenlose Brosch\u00fcre herunter! Die neue Fluss Oulujoki-Blockhauskollektion bietet frische, moderne und sehr anpassungsf\u00e4hige Blockh\u00e4user f\u00fcr alle W\u00fcnsche und Bed\u00fcrfnisse. Alle neuen Modelle von der Saunakabine bis zum gro\u00dfen Einfamilienhaus sind auf die&hellip;<\/p>\n","protected":false},"author":1,"featured_media":20496,"parent":0,"menu_order":0,"comment_status":"closed","ping_status":"closed","template":"","meta":{"footnotes":""},"class_list":["post-21648","page","type-page","status-publish","has-post-thumbnail","hentry","description-off"],"yoast_head":"<!-- This site is optimized with the Yoast SEO plugin v27.4 - https:\/\/yoast.com\/product\/yoast-seo-wordpress\/ -->\n<title>Brosch\u00fcre herunterladen - Hirsiset - Die neue Fluss Oulujoki \u2013 Blockhauskollektion von Hirsiset<\/title>\n<meta name=\"description\" content=\"Die neue Fluss Oulujoki \u2013 Blockhauskollektion, laden Sie eine kostenlose Brosch\u00fcre herunter. Blockh\u00e4user und Blockvillen nach Ihren W\u00fcnschen.\" \/>\n<meta name=\"robots\" content=\"index, follow, max-snippet:-1, max-image-preview:large, max-video-preview:-1\" \/>\n<link rel=\"canonical\" href=\"https:\/\/www.hirsiset.com\/de\/broschuere-herunterladen\/\" \/>\n<meta property=\"og:locale\" content=\"de_DE\" \/>\n<meta property=\"og:type\" content=\"article\" \/>\n<meta property=\"og:title\" content=\"Brosch\u00fcre herunterladen - Hirsiset - Die neue Fluss Oulujoki \u2013 Blockhauskollektion von Hirsiset\" \/>\n<meta property=\"og:description\" content=\"Die neue Fluss Oulujoki \u2013 Blockhauskollektion, laden Sie eine kostenlose Brosch\u00fcre herunter. Blockh\u00e4user und Blockvillen nach Ihren W\u00fcnschen.\" \/>\n<meta property=\"og:url\" content=\"https:\/\/www.hirsiset.com\/de\/broschuere-herunterladen\/\" \/>\n<meta property=\"og:site_name\" content=\"Hirsiset\" \/>\n<meta property=\"article:publisher\" content=\"https:\/\/www.facebook.com\/Hirsiset\/\" \/>\n<meta property=\"article:modified_time\" content=\"2021-10-14T14:00:56+00:00\" \/>\n<meta property=\"og:image\" content=\"https:\/\/www.hirsiset.com\/wp-content\/uploads\/Hirsiset-tilaa-kuvasto-1.jpg\" \/>\n\t<meta property=\"og:image:width\" content=\"1600\" \/>\n\t<meta property=\"og:image:height\" content=\"821\" \/>\n\t<meta property=\"og:image:type\" content=\"image\/jpeg\" \/>\n<meta name=\"twitter:card\" content=\"summary_large_image\" \/>\n<meta name=\"twitter:site\" content=\"@hirsiset\" \/>\n<meta name=\"twitter:label1\" content=\"Gesch\u00e4tzte Lesezeit\" \/>\n\t<meta name=\"twitter:data1\" content=\"1\u00a0Minute\" \/>\n<script type=\"application\/ld+json\" class=\"yoast-schema-graph\">{\"@context\":\"https:\\\/\\\/schema.org\",\"@graph\":[{\"@type\":\"WebPage\",\"@id\":\"https:\\\/\\\/www.hirsiset.com\\\/de\\\/broschuere-herunterladen\\\/\",\"url\":\"https:\\\/\\\/www.hirsiset.com\\\/de\\\/broschuere-herunterladen\\\/\",\"name\":\"Brosch\u00fcre herunterladen - Hirsiset - Die neue Fluss Oulujoki \u2013 Blockhauskollektion von Hirsiset\",\"isPartOf\":{\"@id\":\"https:\\\/\\\/www.hirsiset.com\\\/de\\\/#website\"},\"primaryImageOfPage\":{\"@id\":\"https:\\\/\\\/www.hirsiset.com\\\/de\\\/broschuere-herunterladen\\\/#primaryimage\"},\"image\":{\"@id\":\"https:\\\/\\\/www.hirsiset.com\\\/de\\\/broschuere-herunterladen\\\/#primaryimage\"},\"thumbnailUrl\":\"https:\\\/\\\/www.hirsiset.com\\\/wp-content\\\/uploads\\\/Hirsiset-tilaa-kuvasto-1.jpg\",\"datePublished\":\"2021-10-14T13:56:22+00:00\",\"dateModified\":\"2021-10-14T14:00:56+00:00\",\"description\":\"Die neue Fluss Oulujoki \u2013 Blockhauskollektion, laden Sie eine kostenlose Brosch\u00fcre herunter. Blockh\u00e4user und Blockvillen nach Ihren W\u00fcnschen.\",\"breadcrumb\":{\"@id\":\"https:\\\/\\\/www.hirsiset.com\\\/de\\\/broschuere-herunterladen\\\/#breadcrumb\"},\"inLanguage\":\"de\",\"potentialAction\":[{\"@type\":\"ReadAction\",\"target\":[\"https:\\\/\\\/www.hirsiset.com\\\/de\\\/broschuere-herunterladen\\\/\"]}]},{\"@type\":\"ImageObject\",\"inLanguage\":\"de\",\"@id\":\"https:\\\/\\\/www.hirsiset.com\\\/de\\\/broschuere-herunterladen\\\/#primaryimage\",\"url\":\"https:\\\/\\\/www.hirsiset.com\\\/wp-content\\\/uploads\\\/Hirsiset-tilaa-kuvasto-1.jpg\",\"contentUrl\":\"https:\\\/\\\/www.hirsiset.com\\\/wp-content\\\/uploads\\\/Hirsiset-tilaa-kuvasto-1.jpg\",\"width\":1600,\"height\":821,\"caption\":\"Tilaa Hirsiset Oulujoki-esite\"},{\"@type\":\"BreadcrumbList\",\"@id\":\"https:\\\/\\\/www.hirsiset.com\\\/de\\\/broschuere-herunterladen\\\/#breadcrumb\",\"itemListElement\":[{\"@type\":\"ListItem\",\"position\":1,\"name\":\"Home\",\"item\":\"https:\\\/\\\/www.hirsiset.com\\\/de\\\/\"},{\"@type\":\"ListItem\",\"position\":2,\"name\":\"Brosch\u00fcre herunterladen\"}]},{\"@type\":\"WebSite\",\"@id\":\"https:\\\/\\\/www.hirsiset.com\\\/de\\\/#website\",\"url\":\"https:\\\/\\\/www.hirsiset.com\\\/de\\\/\",\"name\":\"Hirsiset\",\"description\":\"Blockh\u00e4user mit \u00fcber 30 Jahren Erfahrung\",\"publisher\":{\"@id\":\"https:\\\/\\\/www.hirsiset.com\\\/de\\\/#organization\"},\"potentialAction\":[{\"@type\":\"SearchAction\",\"target\":{\"@type\":\"EntryPoint\",\"urlTemplate\":\"https:\\\/\\\/www.hirsiset.com\\\/de\\\/?s={search_term_string}\"},\"query-input\":{\"@type\":\"PropertyValueSpecification\",\"valueRequired\":true,\"valueName\":\"search_term_string\"}}],\"inLanguage\":\"de\"},{\"@type\":\"Organization\",\"@id\":\"https:\\\/\\\/www.hirsiset.com\\\/de\\\/#organization\",\"name\":\"Oulun Hirsiset Oy\",\"url\":\"https:\\\/\\\/www.hirsiset.com\\\/de\\\/\",\"logo\":{\"@type\":\"ImageObject\",\"inLanguage\":\"de\",\"@id\":\"https:\\\/\\\/www.hirsiset.com\\\/de\\\/#\\\/schema\\\/logo\\\/image\\\/\",\"url\":\"https:\\\/\\\/www.hirsiset.com\\\/wp-content\\\/uploads\\\/Hirsiset_logo65px.png\",\"contentUrl\":\"https:\\\/\\\/www.hirsiset.com\\\/wp-content\\\/uploads\\\/Hirsiset_logo65px.png\",\"width\":299,\"height\":65,\"caption\":\"Oulun Hirsiset Oy\"},\"image\":{\"@id\":\"https:\\\/\\\/www.hirsiset.com\\\/de\\\/#\\\/schema\\\/logo\\\/image\\\/\"},\"sameAs\":[\"https:\\\/\\\/www.facebook.com\\\/Hirsiset\\\/\",\"https:\\\/\\\/x.com\\\/hirsiset\",\"https:\\\/\\\/www.instagram.com\\\/hirsiset_oy\\\/\"]}]}<\/script>\n<!-- \/ Yoast SEO plugin. -->","yoast_head_json":{"title":"Brosch\u00fcre herunterladen - Hirsiset - Die neue Fluss Oulujoki \u2013 Blockhauskollektion von Hirsiset","description":"Die neue Fluss Oulujoki \u2013 Blockhauskollektion, laden Sie eine kostenlose Brosch\u00fcre herunter. Blockh\u00e4user und Blockvillen nach Ihren W\u00fcnschen.","robots":{"index":"index","follow":"follow","max-snippet":"max-snippet:-1","max-image-preview":"max-image-preview:large","max-video-preview":"max-video-preview:-1"},"canonical":"https:\/\/www.hirsiset.com\/de\/broschuere-herunterladen\/","og_locale":"de_DE","og_type":"article","og_title":"Brosch\u00fcre herunterladen - Hirsiset - Die neue Fluss Oulujoki \u2013 Blockhauskollektion von Hirsiset","og_description":"Die neue Fluss Oulujoki \u2013 Blockhauskollektion, laden Sie eine kostenlose Brosch\u00fcre herunter. Blockh\u00e4user und Blockvillen nach Ihren W\u00fcnschen.","og_url":"https:\/\/www.hirsiset.com\/de\/broschuere-herunterladen\/","og_site_name":"Hirsiset","article_publisher":"https:\/\/www.facebook.com\/Hirsiset\/","article_modified_time":"2021-10-14T14:00:56+00:00","og_image":[{"width":1600,"height":821,"url":"https:\/\/www.hirsiset.com\/wp-content\/uploads\/Hirsiset-tilaa-kuvasto-1.jpg","type":"image\/jpeg"}],"twitter_card":"summary_large_image","twitter_site":"@hirsiset","twitter_misc":{"Gesch\u00e4tzte Lesezeit":"1\u00a0Minute"},"schema":{"@context":"https:\/\/schema.org","@graph":[{"@type":"WebPage","@id":"https:\/\/www.hirsiset.com\/de\/broschuere-herunterladen\/","url":"https:\/\/www.hirsiset.com\/de\/broschuere-herunterladen\/","name":"Brosch\u00fcre herunterladen - Hirsiset - Die neue Fluss Oulujoki \u2013 Blockhauskollektion von Hirsiset","isPartOf":{"@id":"https:\/\/www.hirsiset.com\/de\/#website"},"primaryImageOfPage":{"@id":"https:\/\/www.hirsiset.com\/de\/broschuere-herunterladen\/#primaryimage"},"image":{"@id":"https:\/\/www.hirsiset.com\/de\/broschuere-herunterladen\/#primaryimage"},"thumbnailUrl":"https:\/\/www.hirsiset.com\/wp-content\/uploads\/Hirsiset-tilaa-kuvasto-1.jpg","datePublished":"2021-10-14T13:56:22+00:00","dateModified":"2021-10-14T14:00:56+00:00","description":"Die neue Fluss Oulujoki \u2013 Blockhauskollektion, laden Sie eine kostenlose Brosch\u00fcre herunter. Blockh\u00e4user und Blockvillen nach Ihren W\u00fcnschen.","breadcrumb":{"@id":"https:\/\/www.hirsiset.com\/de\/broschuere-herunterladen\/#breadcrumb"},"inLanguage":"de","potentialAction":[{"@type":"ReadAction","target":["https:\/\/www.hirsiset.com\/de\/broschuere-herunterladen\/"]}]},{"@type":"ImageObject","inLanguage":"de","@id":"https:\/\/www.hirsiset.com\/de\/broschuere-herunterladen\/#primaryimage","url":"https:\/\/www.hirsiset.com\/wp-content\/uploads\/Hirsiset-tilaa-kuvasto-1.jpg","contentUrl":"https:\/\/www.hirsiset.com\/wp-content\/uploads\/Hirsiset-tilaa-kuvasto-1.jpg","width":1600,"height":821,"caption":"Tilaa Hirsiset Oulujoki-esite"},{"@type":"BreadcrumbList","@id":"https:\/\/www.hirsiset.com\/de\/broschuere-herunterladen\/#breadcrumb","itemListElement":[{"@type":"ListItem","position":1,"name":"Home","item":"https:\/\/www.hirsiset.com\/de\/"},{"@type":"ListItem","position":2,"name":"Brosch\u00fcre herunterladen"}]},{"@type":"WebSite","@id":"https:\/\/www.hirsiset.com\/de\/#website","url":"https:\/\/www.hirsiset.com\/de\/","name":"Hirsiset","description":"Blockh\u00e4user mit \u00fcber 30 Jahren Erfahrung","publisher":{"@id":"https:\/\/www.hirsiset.com\/de\/#organization"},"potentialAction":[{"@type":"SearchAction","target":{"@type":"EntryPoint","urlTemplate":"https:\/\/www.hirsiset.com\/de\/?s={search_term_string}"},"query-input":{"@type":"PropertyValueSpecification","valueRequired":true,"valueName":"search_term_string"}}],"inLanguage":"de"},{"@type":"Organization","@id":"https:\/\/www.hirsiset.com\/de\/#organization","name":"Oulun Hirsiset Oy","url":"https:\/\/www.hirsiset.com\/de\/","logo":{"@type":"ImageObject","inLanguage":"de","@id":"https:\/\/www.hirsiset.com\/de\/#\/schema\/logo\/image\/","url":"https:\/\/www.hirsiset.com\/wp-content\/uploads\/Hirsiset_logo65px.png","contentUrl":"https:\/\/www.hirsiset.com\/wp-content\/uploads\/Hirsiset_logo65px.png","width":299,"height":65,"caption":"Oulun Hirsiset Oy"},"image":{"@id":"https:\/\/www.hirsiset.com\/de\/#\/schema\/logo\/image\/"},"sameAs":["https:\/\/www.facebook.com\/Hirsiset\/","https:\/\/x.com\/hirsiset","https:\/\/www.instagram.com\/hirsiset_oy\/"]}]}},"_links":{"self":[{"href":"https:\/\/www.hirsiset.com\/de\/wp-json\/wp\/v2\/pages\/21648","targetHints":{"allow":["GET"]}}],"collection":[{"href":"https:\/\/www.hirsiset.com\/de\/wp-json\/wp\/v2\/pages"}],"about":[{"href":"https:\/\/www.hirsiset.com\/de\/wp-json\/wp\/v2\/types\/page"}],"author":[{"embeddable":true,"href":"https:\/\/www.hirsiset.com\/de\/wp-json\/wp\/v2\/users\/1"}],"replies":[{"embeddable":true,"href":"https:\/\/www.hirsiset.com\/de\/wp-json\/wp\/v2\/comments?post=21648"}],"version-history":[{"count":10,"href":"https:\/\/www.hirsiset.com\/de\/wp-json\/wp\/v2\/pages\/21648\/revisions"}],"predecessor-version":[{"id":25732,"href":"https:\/\/www.hirsiset.com\/de\/wp-json\/wp\/v2\/pages\/21648\/revisions\/25732"}],"wp:featuredmedia":[{"embeddable":true,"href":"https:\/\/www.hirsiset.com\/de\/wp-json\/wp\/v2\/media\/20496"}],"wp:attachment":[{"href":"https:\/\/www.hirsiset.com\/de\/wp-json\/wp\/v2\/media?parent=21648"}],"curies":[{"name":"wp","href":"https:\/\/api.w.org\/{rel}","templated":true}]}}