{"id":36138,"date":"2021-09-22T17:16:59","date_gmt":"2021-09-22T14:16:59","guid":{"rendered":"https:\/\/www.hirsiset.com\/thank-you\/"},"modified":"2026-03-27T08:32:43","modified_gmt":"2026-03-27T06:32:43","slug":"dekuji","status":"publish","type":"page","link":"https:\/\/www.hirsiset.com\/cs\/dekuji\/","title":{"rendered":"D\u011bkuji!"},"content":{"rendered":"<div class=\"wpb-content-wrapper\"><p>[vc_row][vc_column width=&#8220;1\/2&#8243;][vc_single_image image=&#8220;36052&#8243; img_size=&#8220;large&#8220; alignment=&#8220;center&#8220; image_hovers=&#8220;false&#8220;][\/vc_column][vc_column width=&#8220;1\/2&#8243;][vc_column_text css=&#8220;&#8220;]<\/p>\n<div class=\"wpb_text_column wpb_content_element \">\n<div class=\"wpb_wrapper\">\n<h3>D\u011bkuji!<\/h3>\n<h4>Va\u0161e zpr\u00e1va byla odesl\u00e1na. Na v\u00e1mi uveden\u00fd e-mail jsme zaslali zpr\u00e1vu s odkazem ke sta\u017een\u00ed bro\u017eury.<\/h4>\n<p>Bro\u017eura je ve form\u00e1tu PDF. M\u016f\u017eete ji otev\u0159\u00edt pomoc\u00ed aplikace Acrobat Reader, podporuj\u00ed ji tak\u00e9 nejnov\u011bj\u0161\u00ed webov\u00e9 prohl\u00ed\u017ee\u010de. Pokud byste m\u011bli s otev\u0159en\u00edm bro\u017eury jak\u00fdkoli probl\u00e9m, kontaktujte n\u00e1s na e-mailu hirsiset@hirsiset.com nebo na telefonn\u00edm \u010d\u00edsle +358 50 470 3112.<\/p>\n<p>P\u0159ejeme v\u00e1m p\u0159\u00edjemn\u00e9 chv\u00edle s na\u0161\u00ed bro\u017eurou!<\/p>\n<\/div>\n<p>Oulun Hirsiset Oy<\/p>\n<\/div>\n<p>[\/vc_column_text][vc_empty_space height=&#8220;50px&#8220;][\/vc_column][\/vc_row]<\/p>\n<\/div>","protected":false},"excerpt":{"rendered":"<p>[vc_row][vc_column width=&#8220;1\/2&#8243;][vc_single_image image=&#8220;36052&#8243; img_size=&#8220;large&#8220; alignment=&#8220;center&#8220; image_hovers=&#8220;false&#8220;][\/vc_column][vc_column width=&#8220;1\/2&#8243;][vc_column_text css=&#8220;&#8220;] D\u011bkuji! Va\u0161e zpr\u00e1va byla odesl\u00e1na. Na v\u00e1mi uveden\u00fd e-mail jsme zaslali zpr\u00e1vu s odkazem ke sta\u017een\u00ed bro\u017eury. Bro\u017eura je ve form\u00e1tu PDF. M\u016f\u017eete ji otev\u0159\u00edt pomoc\u00ed aplikace Acrobat Reader, podporuj\u00ed ji tak\u00e9 nejnov\u011bj\u0161\u00ed webov\u00e9 prohl\u00ed\u017ee\u010de. Pokud byste m\u011bli s otev\u0159en\u00edm bro\u017eury jak\u00fdkoli probl\u00e9m, kontaktujte n\u00e1s na e-mailu&hellip;<\/p>\n","protected":false},"author":1,"featured_media":0,"parent":0,"menu_order":0,"comment_status":"closed","ping_status":"closed","template":"","meta":{"footnotes":""},"class_list":["post-36138","page","type-page","status-publish","hentry","description-off"],"yoast_head":"<!-- This site is optimized with the Yoast SEO plugin v27.4 - https:\/\/yoast.com\/product\/yoast-seo-wordpress\/ -->\n<title>D\u011bkuji! - Hirsiset log house, a log home or a log villa<\/title>\n<meta name=\"description\" content=\"A log house, a log home or a log villa offer the conditions for healthy living. Log house according to wishes. Comfort in a log home and log cabin.\" \/>\n<meta name=\"robots\" content=\"index, follow, max-snippet:-1, max-image-preview:large, max-video-preview:-1\" \/>\n<link rel=\"canonical\" href=\"https:\/\/www.hirsiset.com\/cs\/dekuji\/\" \/>\n<meta property=\"og:locale\" content=\"cs_CZ\" \/>\n<meta property=\"og:type\" content=\"article\" \/>\n<meta property=\"og:title\" content=\"D\u011bkuji! - Hirsiset log house, a log home or a log villa\" \/>\n<meta property=\"og:description\" content=\"A log house, a log home or a log villa offer the conditions for healthy living. Log house according to wishes. Comfort in a log home and log cabin.\" \/>\n<meta property=\"og:url\" content=\"https:\/\/www.hirsiset.com\/cs\/dekuji\/\" \/>\n<meta property=\"og:site_name\" content=\"Hirsiset\" \/>\n<meta property=\"article:publisher\" content=\"https:\/\/www.facebook.com\/Hirsiset\/\" \/>\n<meta property=\"article:modified_time\" content=\"2026-03-27T06:32:43+00:00\" \/>\n<meta name=\"twitter:card\" content=\"summary_large_image\" \/>\n<meta name=\"twitter:site\" content=\"@hirsiset\" \/>\n<meta name=\"twitter:label1\" content=\"Odhadovan\u00e1 doba \u010dten\u00ed\" \/>\n\t<meta name=\"twitter:data1\" content=\"1 minuta\" \/>\n<script type=\"application\/ld+json\" class=\"yoast-schema-graph\">{\"@context\":\"https:\\\/\\\/schema.org\",\"@graph\":[{\"@type\":\"WebPage\",\"@id\":\"https:\\\/\\\/www.hirsiset.com\\\/cs\\\/dekuji\\\/\",\"url\":\"https:\\\/\\\/www.hirsiset.com\\\/cs\\\/dekuji\\\/\",\"name\":\"D\u011bkuji! - Hirsiset log house, a log home or a log villa\",\"isPartOf\":{\"@id\":\"https:\\\/\\\/www.hirsiset.com\\\/cs\\\/#website\"},\"datePublished\":\"2021-09-22T14:16:59+00:00\",\"dateModified\":\"2026-03-27T06:32:43+00:00\",\"description\":\"A log house, a log home or a log villa offer the conditions for healthy living. Log house according to wishes. Comfort in a log home and log cabin.\",\"breadcrumb\":{\"@id\":\"https:\\\/\\\/www.hirsiset.com\\\/cs\\\/dekuji\\\/#breadcrumb\"},\"inLanguage\":\"cs\",\"potentialAction\":[{\"@type\":\"ReadAction\",\"target\":[\"https:\\\/\\\/www.hirsiset.com\\\/cs\\\/dekuji\\\/\"]}]},{\"@type\":\"BreadcrumbList\",\"@id\":\"https:\\\/\\\/www.hirsiset.com\\\/cs\\\/dekuji\\\/#breadcrumb\",\"itemListElement\":[{\"@type\":\"ListItem\",\"position\":1,\"name\":\"Home\",\"item\":\"https:\\\/\\\/www.hirsiset.com\\\/cs\\\/\"},{\"@type\":\"ListItem\",\"position\":2,\"name\":\"D\u011bkuji!\"}]},{\"@type\":\"WebSite\",\"@id\":\"https:\\\/\\\/www.hirsiset.com\\\/cs\\\/#website\",\"url\":\"https:\\\/\\\/www.hirsiset.com\\\/cs\\\/\",\"name\":\"Hirsiset\",\"description\":\"Srubov\u00e9 domy s v\u00edce ne\u017e 30 lety zku\u0161enost\u00ed\",\"publisher\":{\"@id\":\"https:\\\/\\\/www.hirsiset.com\\\/cs\\\/#organization\"},\"potentialAction\":[{\"@type\":\"SearchAction\",\"target\":{\"@type\":\"EntryPoint\",\"urlTemplate\":\"https:\\\/\\\/www.hirsiset.com\\\/cs\\\/?s={search_term_string}\"},\"query-input\":{\"@type\":\"PropertyValueSpecification\",\"valueRequired\":true,\"valueName\":\"search_term_string\"}}],\"inLanguage\":\"cs\"},{\"@type\":\"Organization\",\"@id\":\"https:\\\/\\\/www.hirsiset.com\\\/cs\\\/#organization\",\"name\":\"Oulun Hirsiset Oy\",\"url\":\"https:\\\/\\\/www.hirsiset.com\\\/cs\\\/\",\"logo\":{\"@type\":\"ImageObject\",\"inLanguage\":\"cs\",\"@id\":\"https:\\\/\\\/www.hirsiset.com\\\/cs\\\/#\\\/schema\\\/logo\\\/image\\\/\",\"url\":\"https:\\\/\\\/www.hirsiset.com\\\/wp-content\\\/uploads\\\/Hirsiset_logo65px.png\",\"contentUrl\":\"https:\\\/\\\/www.hirsiset.com\\\/wp-content\\\/uploads\\\/Hirsiset_logo65px.png\",\"width\":299,\"height\":65,\"caption\":\"Oulun Hirsiset Oy\"},\"image\":{\"@id\":\"https:\\\/\\\/www.hirsiset.com\\\/cs\\\/#\\\/schema\\\/logo\\\/image\\\/\"},\"sameAs\":[\"https:\\\/\\\/www.facebook.com\\\/Hirsiset\\\/\",\"https:\\\/\\\/x.com\\\/hirsiset\",\"https:\\\/\\\/www.instagram.com\\\/hirsiset_oy\\\/\"]}]}<\/script>\n<!-- \/ Yoast SEO plugin. -->","yoast_head_json":{"title":"D\u011bkuji! - Hirsiset log house, a log home or a log villa","description":"A log house, a log home or a log villa offer the conditions for healthy living. Log house according to wishes. Comfort in a log home and log cabin.","robots":{"index":"index","follow":"follow","max-snippet":"max-snippet:-1","max-image-preview":"max-image-preview:large","max-video-preview":"max-video-preview:-1"},"canonical":"https:\/\/www.hirsiset.com\/cs\/dekuji\/","og_locale":"cs_CZ","og_type":"article","og_title":"D\u011bkuji! - Hirsiset log house, a log home or a log villa","og_description":"A log house, a log home or a log villa offer the conditions for healthy living. Log house according to wishes. Comfort in a log home and log cabin.","og_url":"https:\/\/www.hirsiset.com\/cs\/dekuji\/","og_site_name":"Hirsiset","article_publisher":"https:\/\/www.facebook.com\/Hirsiset\/","article_modified_time":"2026-03-27T06:32:43+00:00","twitter_card":"summary_large_image","twitter_site":"@hirsiset","twitter_misc":{"Odhadovan\u00e1 doba \u010dten\u00ed":"1 minuta"},"schema":{"@context":"https:\/\/schema.org","@graph":[{"@type":"WebPage","@id":"https:\/\/www.hirsiset.com\/cs\/dekuji\/","url":"https:\/\/www.hirsiset.com\/cs\/dekuji\/","name":"D\u011bkuji! - Hirsiset log house, a log home or a log villa","isPartOf":{"@id":"https:\/\/www.hirsiset.com\/cs\/#website"},"datePublished":"2021-09-22T14:16:59+00:00","dateModified":"2026-03-27T06:32:43+00:00","description":"A log house, a log home or a log villa offer the conditions for healthy living. Log house according to wishes. Comfort in a log home and log cabin.","breadcrumb":{"@id":"https:\/\/www.hirsiset.com\/cs\/dekuji\/#breadcrumb"},"inLanguage":"cs","potentialAction":[{"@type":"ReadAction","target":["https:\/\/www.hirsiset.com\/cs\/dekuji\/"]}]},{"@type":"BreadcrumbList","@id":"https:\/\/www.hirsiset.com\/cs\/dekuji\/#breadcrumb","itemListElement":[{"@type":"ListItem","position":1,"name":"Home","item":"https:\/\/www.hirsiset.com\/cs\/"},{"@type":"ListItem","position":2,"name":"D\u011bkuji!"}]},{"@type":"WebSite","@id":"https:\/\/www.hirsiset.com\/cs\/#website","url":"https:\/\/www.hirsiset.com\/cs\/","name":"Hirsiset","description":"Srubov\u00e9 domy s v\u00edce ne\u017e 30 lety zku\u0161enost\u00ed","publisher":{"@id":"https:\/\/www.hirsiset.com\/cs\/#organization"},"potentialAction":[{"@type":"SearchAction","target":{"@type":"EntryPoint","urlTemplate":"https:\/\/www.hirsiset.com\/cs\/?s={search_term_string}"},"query-input":{"@type":"PropertyValueSpecification","valueRequired":true,"valueName":"search_term_string"}}],"inLanguage":"cs"},{"@type":"Organization","@id":"https:\/\/www.hirsiset.com\/cs\/#organization","name":"Oulun Hirsiset Oy","url":"https:\/\/www.hirsiset.com\/cs\/","logo":{"@type":"ImageObject","inLanguage":"cs","@id":"https:\/\/www.hirsiset.com\/cs\/#\/schema\/logo\/image\/","url":"https:\/\/www.hirsiset.com\/wp-content\/uploads\/Hirsiset_logo65px.png","contentUrl":"https:\/\/www.hirsiset.com\/wp-content\/uploads\/Hirsiset_logo65px.png","width":299,"height":65,"caption":"Oulun Hirsiset Oy"},"image":{"@id":"https:\/\/www.hirsiset.com\/cs\/#\/schema\/logo\/image\/"},"sameAs":["https:\/\/www.facebook.com\/Hirsiset\/","https:\/\/x.com\/hirsiset","https:\/\/www.instagram.com\/hirsiset_oy\/"]}]}},"_links":{"self":[{"href":"https:\/\/www.hirsiset.com\/cs\/wp-json\/wp\/v2\/pages\/36138","targetHints":{"allow":["GET"]}}],"collection":[{"href":"https:\/\/www.hirsiset.com\/cs\/wp-json\/wp\/v2\/pages"}],"about":[{"href":"https:\/\/www.hirsiset.com\/cs\/wp-json\/wp\/v2\/types\/page"}],"author":[{"embeddable":true,"href":"https:\/\/www.hirsiset.com\/cs\/wp-json\/wp\/v2\/users\/1"}],"replies":[{"embeddable":true,"href":"https:\/\/www.hirsiset.com\/cs\/wp-json\/wp\/v2\/comments?post=36138"}],"version-history":[{"count":4,"href":"https:\/\/www.hirsiset.com\/cs\/wp-json\/wp\/v2\/pages\/36138\/revisions"}],"predecessor-version":[{"id":36416,"href":"https:\/\/www.hirsiset.com\/cs\/wp-json\/wp\/v2\/pages\/36138\/revisions\/36416"}],"wp:attachment":[{"href":"https:\/\/www.hirsiset.com\/cs\/wp-json\/wp\/v2\/media?parent=36138"}],"curies":[{"name":"wp","href":"https:\/\/api.w.org\/{rel}","templated":true}]}}