{"id":36110,"date":"2017-01-04T14:03:57","date_gmt":"2017-01-04T12:03:57","guid":{"rendered":"https:\/\/www.hirsiset.com\/logs\/"},"modified":"2026-04-14T10:16:45","modified_gmt":"2026-04-14T07:16:45","slug":"material","status":"publish","type":"page","link":"https:\/\/www.hirsiset.com\/cs\/material\/","title":{"rendered":"Materi\u00e1l"},"content":{"rendered":"<div class=\"wpb-content-wrapper\"><p>[vc_row][vc_column][vc_column_text css=&#8220;&#8220;]<\/p>\n<h3>D\u0159evo je ekologick\u00e1 a kr\u00e1sn\u00e1 volba pro stavby. Podle v\u00fdzkum\u016f maj\u00ed rouben\u00e9 domy mimo\u0159\u00e1dn\u011b kvalitn\u00ed vnit\u0159n\u00ed vzduch.<\/h3>\n<p>&nbsp;<\/p>\n<p>Masivn\u00ed rouben\u00e1 konstrukce vyrovn\u00e1v\u00e1 vlhkost a teplotu vzduchu v m\u00edstnosti. Hirsiset pou\u017e\u00edv\u00e1 nejlep\u0161\u00ed kvalitu arktick\u00e9 borovice a smrku, aby zajistil stavbu, kter\u00e1 vydr\u017e\u00ed generace.<\/p>\n<p>D\u0159evo je tepl\u00fd a p\u0159\u00edrodn\u00ed materi\u00e1l. Je to nejlep\u0161\u00ed volba stavebn\u00edho materi\u00e1lu, proto\u017ee je 100\u202f% obnoviteln\u00fd. Pou\u017e\u00edv\u00e1n\u00ed d\u0159eva znamen\u00e1, \u017ee uhl\u00edkov\u00e1 stopa a ekologick\u00fd dopad stavby jsou v\u00fdrazn\u011b sn\u00ed\u017eeny. D\u0159evo v\u00e1\u017ee mno\u017estv\u00ed oxidu uhli\u010dit\u00e9ho (CO\u2082) dvojn\u00e1sobn\u00e9 v\u016f\u010di sv\u00e9 hmotnosti. Rouben\u00e9 domy Hirsiset uchov\u00e1vaj\u00ed mnoho tun oxidu uhli\u010dit\u00e9ho a mohou b\u00fdt skv\u011bl\u00fdm ekologick\u00fdm p\u0159\u00edsp\u011bvkem proti klimatick\u00fdm zm\u011bn\u00e1m.<\/p>\n<p>&nbsp;<\/p>\n<h4>Jak bude vypadat va\u0161e roubenka? Jak\u00fd typ hranol\u016f preferujete ve sv\u00e9m dom\u011b?<\/h4>\n<p>M\u00e1me \u0161irok\u00fd v\u00fdb\u011br rozm\u011br\u016f a typ\u016f hranol\u016f.<\/p>\n<p><a href=\"https:\/\/www.hirsiset.com\/cs\/dodani\/\">Hirsiset dod\u00e1 v\u00e1\u0161 d\u016fm<\/a> s typem a rozm\u011brem hranol\u016f, kter\u00fd si zvol\u00edte. Najd\u011bte spr\u00e1vnou alternativu pro svou roubenku p\u0159esn\u011b podle va\u0161ich po\u017eadavk\u016f.[\/vc_column_text][vc_empty_space height=&#8220;50px&#8220;][\/vc_column][\/vc_row][vc_row full_width=&#8220;stretch_row&#8220; css=&#8220;.vc_custom_1774599244330{margin-bottom: -30px !important;padding-top: 30px !important;background-color: #f2f1ef !important;}&#8220; el_id=&#8220;hranoly&#8220;][vc_column][vc_column_text css=&#8220;&#8220;]<\/p>\n<h4>P\u0159\u00edklady n\u00e1mi nab\u00edzen\u00fdch profil\u016f<\/h4>\n<p>[\/vc_column_text][\/vc_column][\/vc_row][vc_row full_width=&#8220;stretch_row&#8220; css=&#8220;.vc_custom_1616677502278{background-color: #f2f1ef !important;}&#8220;][vc_column width=&#8220;1\/5&#8243;][vc_single_image image=&#8220;36115&#8243; img_size=&#8220;full&#8220; alignment=&#8220;center&#8220; image_hovers=&#8220;false&#8220; lazy_loading=&#8220;true&#8220;][vc_column_text]<\/p>\n<p style=\"text-align: center;\">PH 190<\/p>\n<p>[\/vc_column_text][\/vc_column][vc_column width=&#8220;1\/5&#8243;][vc_single_image image=&#8220;36125&#8243; img_size=&#8220;full&#8220; alignment=&#8220;center&#8220; image_hovers=&#8220;false&#8220; lazy_loading=&#8220;true&#8220;][vc_column_text]<\/p>\n<p style=\"text-align: center;\">LH 114&#215;185<\/p>\n<p>[\/vc_column_text][\/vc_column][vc_column width=&#8220;1\/5&#8243;][vc_single_image image=&#8220;36117&#8243; img_size=&#8220;full&#8220; alignment=&#8220;center&#8220; image_hovers=&#8220;false&#8220; lazy_loading=&#8220;true&#8220;][vc_column_text]<\/p>\n<p style=\"text-align: center;\">LH 134&#215;260<\/p>\n<p>[\/vc_column_text][\/vc_column][vc_column width=&#8220;1\/5&#8243;][vc_single_image image=&#8220;36120&#8243; img_size=&#8220;full&#8220; alignment=&#8220;center&#8220; image_hovers=&#8220;false&#8220; lazy_loading=&#8220;true&#8220;][vc_column_text]<\/p>\n<p style=\"text-align: center;\">LH 204&#215;205<\/p>\n<p>[\/vc_column_text][\/vc_column][vc_column width=&#8220;1\/5&#8243;][vc_single_image image=&#8220;36119&#8243; img_size=&#8220;full&#8220; alignment=&#8220;center&#8220; image_hovers=&#8220;false&#8220; lazy_loading=&#8220;true&#8220;][vc_column_text]<\/p>\n<p style=\"text-align: center;\">LH 204&#215;260<\/p>\n<p>[\/vc_column_text][\/vc_column][\/vc_row][vc_row full_width=&#8220;stretch_row&#8220; css=&#8220;.vc_custom_1616755969539{padding-bottom: 30px !important;background-color: #f2f1ef !important;}&#8220;][vc_column width=&#8220;1\/5&#8243;][vc_single_image image=&#8220;36124&#8243; img_size=&#8220;full&#8220; alignment=&#8220;center&#8220; image_hovers=&#8220;false&#8220; lazy_loading=&#8220;true&#8220;][vc_column_text]<\/p>\n<p style=\"text-align: center;\">LH 240&#215;205<\/p>\n<p>[\/vc_column_text][\/vc_column][vc_column width=&#8220;1\/5&#8243;][vc_single_image image=&#8220;36116&#8243; img_size=&#8220;full&#8220; alignment=&#8220;center&#8220; image_hovers=&#8220;false&#8220; lazy_loading=&#8220;true&#8220;][vc_column_text]<\/p>\n<p style=\"text-align: center;\">LH 270&#215;260<\/p>\n<p>[\/vc_column_text][\/vc_column][vc_column width=&#8220;1\/5&#8243;][vc_single_image image=&#8220;36122&#8243; img_size=&#8220;full&#8220; alignment=&#8220;center&#8220; css=&#8220;&#8220; image_hovers=&#8220;false&#8220; lazy_loading=&#8220;true&#8220;][vc_column_text css=&#8220;&#8220;]<\/p>\n<p style=\"text-align: center;\">Maxi 200&#215;360 borovice<\/p>\n<p>[\/vc_column_text][\/vc_column][vc_column width=&#8220;1\/5&#8243;][vc_single_image image=&#8220;36121&#8243; img_size=&#8220;full&#8220; alignment=&#8220;center&#8220; css=&#8220;&#8220; image_hovers=&#8220;false&#8220; lazy_loading=&#8220;true&#8220;][vc_column_text css=&#8220;&#8220;]<\/p>\n<p style=\"text-align: center;\">Maxi 200&#215;360 smrk<\/p>\n<p>[\/vc_column_text][\/vc_column][vc_column width=&#8220;1\/5&#8243;][vc_single_image image=&#8220;36123&#8243; img_size=&#8220;full&#8220; alignment=&#8220;center&#8220; css=&#8220;&#8220; image_hovers=&#8220;false&#8220; lazy_loading=&#8220;true&#8220;][vc_column_text css=&#8220;&#8220;]<\/p>\n<p style=\"text-align: center;\">Maxi 300&#215;360 borovice<\/p>\n<p>[\/vc_column_text][\/vc_column][\/vc_row][vc_row][vc_column width=&#8220;1\/2&#8243;][vc_empty_space height=&#8220;50px&#8220;]<section class=\"shortcode-teaser frame-fancy frame-on fadeIn animate-element\"><div class=\"layzr-bg shortcode-teaser-img\"><img loading=\"lazy\" decoding=\"async\" class=\"lazy-load\" src=\"data:image\/svg+xml;charset=utf-8,%3Csvg xmlns%3D&#039;http%3A%2F%2Fwww.w3.org%2F2000%2Fsvg&#039; viewBox%3D&#039;0 0 631 406&#039;%2F%3E\" width=\"631\" height=\"406\" alt=\"Kvalita\" data-srcset=\"https:\/\/www.hirsiset.com\/wp-content\/uploads\/lake-1626504_640.png 631w\" data-src=\"https:\/\/www.hirsiset.com\/wp-content\/uploads\/lake-1626504_640.png\" \/><\/div><div class=\"shortcode-teaser-content text-normal\"><h4>Kvalita<\/h4>\n<p>Ka\u017ed\u00fd n\u00e1mi vyroben\u00fd a dodan\u00fd rouben\u00fd d\u016fm Hirsiset je tvo\u0159en z vysoce kvalitn\u00edch materi\u00e1l\u016f a p\u0159ekra\u010duje po\u017eadavky sm\u011brnic organizace Hirsitaloteollisuus Ry (finsk\u00e9 asociace v\u00fdrobc\u016f rouben\u00fdch dom\u016f). V\u00fdroba je rovn\u011b\u017e \u0159\u00edzena syst\u00e9mem \u0159\u00edzen\u00ed kvality ISO 9001:2015, kter\u00fd zaji\u0161\u0165uje, \u017ee jako z\u00e1kazn\u00edk obdr\u017e\u00edte p\u0159esn\u011b ten d\u016fm, kter\u00fd jste si objednali.<\/p>\n<\/div><\/section>[vc_empty_space height=&#8220;80px&#8220;][\/vc_column][vc_column width=&#8220;1\/2&#8243;][vc_empty_space height=&#8220;50px&#8220;]<section class=\"shortcode-teaser frame-fancy frame-on fadeIn animate-element\"><div class=\"layzr-bg shortcode-teaser-img\"><img loading=\"lazy\" decoding=\"async\" class=\"lazy-load\" src=\"data:image\/svg+xml;charset=utf-8,%3Csvg xmlns%3D&#039;http%3A%2F%2Fwww.w3.org%2F2000%2Fsvg&#039; viewBox%3D&#039;0 0 631 406&#039;%2F%3E\" width=\"631\" height=\"406\" alt=\"Hranol Maxi\" data-srcset=\"https:\/\/www.hirsiset.com\/wp-content\/uploads\/maxihirsi-hirsiset.jpg 631w\" data-src=\"https:\/\/www.hirsiset.com\/wp-content\/uploads\/maxihirsi-hirsiset.jpg\" \/><\/div><div class=\"shortcode-teaser-content text-normal\"><h4>Hranol Maxi<\/h4>\n<p>je nov\u00e1 varianta hranol\u016f pro stavbu rouben\u00fdch dom\u016f, kter\u00e1 usnad\u0148uje mont\u00e1\u017e a je vyr\u00e1b\u011bna ve vy\u0161\u0161\u00edch dimenz\u00edch ne\u017e b\u011b\u017en\u00e9 hranoly. Jejich v\u00fd\u0161ka je v\u017edy 360 mm, zat\u00edmco tlou\u0161\u0165ku si m\u016f\u017ee z\u00e1kazn\u00edk zvolit s\u00e1m.<\/p>\n<\/div><\/section>[vc_empty_space height=&#8220;80px&#8220;][\/vc_column][\/vc_row][vc_row full_width=&#8220;stretch_row&#8220; type=&#8220;vc_default&#8220; bg_type=&#8220;bg_color&#8220; bg_override=&#8220;full&#8220; el_id=&#8220;materialy&#8220; bg_color_value=&#8220;#f2f0ee&#8220; css=&#8220;.vc_custom_1774599208261{background-color: #f2f1ef !important;}&#8220;][vc_column width=&#8220;2\/3&#8243;][vc_empty_space height=&#8220;50px&#8220;][vc_column_text css=&#8220;&#8220; el_id=&#8220;materiaalit&#8220;]<\/p>\n<h2>Materi\u00e1ly<\/h2>\n<p>V\u0161echny viditeln\u00e9 d\u0159ev\u011bn\u00e9 \u010d\u00e1sti rouben\u00fdch dom\u016f Hirsiset jsou vyrobeny z pomalu rostouc\u00ed severn\u00ed borovice, nebo smrku, jejich kr\u00e1sn\u00fd vzhled a vlastnosti jsou zn\u00e1m\u00e9 po cel\u00e9m sv\u011bt\u011b. Materi\u00e1l poch\u00e1z\u00ed ze d\u0159evozpracuj\u00edc\u00edch z\u00e1vod\u016f na severu Finska, kter\u00e9 se specializuj\u00ed na kvalitn\u00ed materi\u00e1l p\u0159ipravovan\u00fd p\u0159esn\u011b podle po\u017eadavk\u016f z\u00e1kazn\u00edka. D\u00edky tomu na\u0161i z\u00e1kazn\u00edci z\u00edsk\u00e1vaj\u00ed materi\u00e1ly nejvy\u0161\u0161\u00ed kvality.[\/vc_column_text][vc_empty_space height=&#8220;50px&#8220;][\/vc_column][vc_column width=&#8220;1\/3&#8243;][vc_empty_space height=&#8220;50px&#8220;][vc_single_image image=&#8220;6603&#8243; img_size=&#8220;full&#8220; css=&#8220;&#8220; image_hovers=&#8220;false&#8220;][vc_empty_space height=&#8220;50px&#8220;][\/vc_column][\/vc_row][vc_row type=&#8220;vc_default&#8220; anchor=&#8220;nurkat&#8220; el_id=&#8220;rohy&#8220;][vc_column][vc_empty_space height=&#8220;50px&#8220;][vc_column_text css=&#8220;&#8220;]<\/p>\n<h2>Rohov\u00e9 spoje<\/h2>\n<p>Rohy va\u0161\u00ed roubenky mohou b\u00fdt provedeny n\u011bkolika r\u016fzn\u00fdmi zp\u016fsoby. Ka\u017ed\u00fd z typu rohov\u00e9 spoje m\u016f\u017ee v\u00fdrazn\u011b ovlivnit celkov\u00fd vzhled domu. Rohov\u00e9 spoje Hirsiset pat\u0159\u00ed nejen k t\u011bm nejpevn\u011bj\u0161\u00edm na trhu, ale jsou tak\u00e9 esteticky velmi p\u016fsobiv\u00e9.<\/p>\n<p>&nbsp;<\/p>\n<h4>\u010cty\u0159i hlavn\u00ed typy rouben\u00fdch rohov\u00fdch spoj\u016f.<\/h4>\n<p>[\/vc_column_text][\/vc_column][\/vc_row][vc_row gap=&#8220;10&#8243;][vc_column width=&#8220;1\/4&#8243;][vc_single_image image=&#8220;2493&#8243; img_size=&#8220;full&#8220; alignment=&#8220;center&#8220; css=&#8220;&#8220; image_hovers=&#8220;false&#8220; lazy_loading=&#8220;true&#8220;][vc_column_text css=&#8220;&#8220;]<strong>Spoj tradi\u010dn\u00ed k\u0159\u00ed\u017eov\u00fd<\/strong>, kter\u00fd je nejobl\u00edben\u011bj\u0161\u00ed u strojov\u011b vyr\u00e1b\u011bn\u00fdch rouben\u00fdch dom\u016f.[\/vc_column_text][vc_empty_space height=&#8220;50px&#8220;][\/vc_column][vc_column width=&#8220;1\/4&#8243;][vc_single_image image=&#8220;2475&#8243; img_size=&#8220;full&#8220; alignment=&#8220;center&#8220; css=&#8220;&#8220; image_hovers=&#8220;false&#8220; lazy_loading=&#8220;true&#8220;][vc_column_text css=&#8220;&#8220;]<strong>Spoj rybinov\u00fd<\/strong>, kter\u00fd napodobuje tradi\u010dn\u00ed ru\u010dn\u011b vyr\u00e1b\u011bn\u00e9 rohy. D\u00edky tomuto spoji nem\u00e1 rouben\u00fd d\u016fm p\u0159esahuj\u00edc\u00ed rohy, a proto je vhodn\u00fd i do stavebn\u00edch oblast\u00ed, kde jsou takov\u00e9 p\u0159esahy ne\u017e\u00e1douc\u00ed.[\/vc_column_text][vc_empty_space height=&#8220;50px&#8220;][\/vc_column][vc_column width=&#8220;1\/4&#8243;][vc_single_image image=&#8220;2484&#8243; img_size=&#8220;full&#8220; alignment=&#8220;center&#8220; css=&#8220;&#8220; image_hovers=&#8220;false&#8220; lazy_loading=&#8220;true&#8220;][vc_column_text css=&#8220;&#8220;]<strong>Spoj typu box<\/strong> se od tradi\u010dn\u00edho k\u0159\u00ed\u017eov\u00e9ho rohov\u00e9ho spoje li\u0161\u00ed t\u00edm, \u017ee konce k\u0159\u00ed\u017e\u00edc\u00edch se kmen\u016f p\u0159esahuj\u00ed roh pouze o n\u011bkolik centimetr\u016f a rohy jsou zakryty prkny.[\/vc_column_text][vc_empty_space height=&#8220;50px&#8220;][\/vc_column][vc_column width=&#8220;1\/4&#8243;][vc_single_image image=&#8220;36112&#8243; img_size=&#8220;full&#8220; alignment=&#8220;center&#8220; css=&#8220;&#8220; image_hovers=&#8220;false&#8220; lazy_loading=&#8220;true&#8220;][vc_column_text css=&#8220;&#8220;]<strong>Spoj city corner<\/strong> je proveden bez viditeln\u00fdch rohov\u00fdch p\u0159esah\u016f a vrstvy hranol\u016f prob\u00edhaj\u00ed na v\u0161ech st\u011bn\u00e1ch ve stejn\u00e9 \u00farovni.[\/vc_column_text][vc_empty_space height=&#8220;50px&#8220;][\/vc_column][\/vc_row]<\/p>\n<\/div>","protected":false},"excerpt":{"rendered":"<p>[vc_row][vc_column][vc_column_text css=&#8220;&#8220;] D\u0159evo je ekologick\u00e1 a kr\u00e1sn\u00e1 volba pro stavby. Podle v\u00fdzkum\u016f maj\u00ed rouben\u00e9 domy mimo\u0159\u00e1dn\u011b kvalitn\u00ed vnit\u0159n\u00ed vzduch. &nbsp; Masivn\u00ed rouben\u00e1 konstrukce vyrovn\u00e1v\u00e1 vlhkost a teplotu vzduchu v m\u00edstnosti. Hirsiset pou\u017e\u00edv\u00e1 nejlep\u0161\u00ed kvalitu arktick\u00e9 borovice a smrku, aby zajistil stavbu, kter\u00e1 vydr\u017e\u00ed generace. D\u0159evo je tepl\u00fd a p\u0159\u00edrodn\u00ed materi\u00e1l. Je to nejlep\u0161\u00ed volba stavebn\u00edho&hellip;<\/p>\n","protected":false},"author":1,"featured_media":0,"parent":0,"menu_order":0,"comment_status":"closed","ping_status":"closed","template":"","meta":{"footnotes":""},"class_list":["post-36110","page","type-page","status-publish","hentry","description-off"],"yoast_head":"<!-- This site is optimized with the Yoast SEO plugin v27.4 - https:\/\/yoast.com\/product\/yoast-seo-wordpress\/ -->\n<title>Materi\u00e1l - Hirsiset - What is Your log home like?<\/title>\n<meta name=\"description\" content=\"What is Your log home like? Check out our log materials and types of logs to find the right, natural alternative to your log home.\" \/>\n<meta name=\"robots\" content=\"index, follow, max-snippet:-1, max-image-preview:large, max-video-preview:-1\" \/>\n<link rel=\"canonical\" href=\"https:\/\/www.hirsiset.com\/cs\/material\/\" \/>\n<meta property=\"og:locale\" content=\"cs_CZ\" \/>\n<meta property=\"og:type\" content=\"article\" \/>\n<meta property=\"og:title\" content=\"Materi\u00e1l - Hirsiset - What is Your log home like?\" \/>\n<meta property=\"og:description\" content=\"What is Your log home like? Check out our log materials and types of logs to find the right, natural alternative to your log home.\" \/>\n<meta property=\"og:url\" content=\"https:\/\/www.hirsiset.com\/cs\/material\/\" \/>\n<meta property=\"og:site_name\" content=\"Hirsiset\" \/>\n<meta property=\"article:publisher\" content=\"https:\/\/www.facebook.com\/Hirsiset\/\" \/>\n<meta property=\"article:modified_time\" content=\"2026-04-14T07:16:45+00:00\" \/>\n<meta name=\"twitter:card\" content=\"summary_large_image\" \/>\n<meta name=\"twitter:site\" content=\"@hirsiset\" \/>\n<meta name=\"twitter:label1\" content=\"Odhadovan\u00e1 doba \u010dten\u00ed\" \/>\n\t<meta name=\"twitter:data1\" content=\"8 minut\" \/>\n<script type=\"application\/ld+json\" class=\"yoast-schema-graph\">{\"@context\":\"https:\\\/\\\/schema.org\",\"@graph\":[{\"@type\":\"WebPage\",\"@id\":\"https:\\\/\\\/www.hirsiset.com\\\/cs\\\/material\\\/\",\"url\":\"https:\\\/\\\/www.hirsiset.com\\\/cs\\\/material\\\/\",\"name\":\"Materi\u00e1l - Hirsiset - What is Your log home like?\",\"isPartOf\":{\"@id\":\"https:\\\/\\\/www.hirsiset.com\\\/cs\\\/#website\"},\"datePublished\":\"2017-01-04T12:03:57+00:00\",\"dateModified\":\"2026-04-14T07:16:45+00:00\",\"description\":\"What is Your log home like? Check out our log materials and types of logs to find the right, natural alternative to your log home.\",\"breadcrumb\":{\"@id\":\"https:\\\/\\\/www.hirsiset.com\\\/cs\\\/material\\\/#breadcrumb\"},\"inLanguage\":\"cs\",\"potentialAction\":[{\"@type\":\"ReadAction\",\"target\":[\"https:\\\/\\\/www.hirsiset.com\\\/cs\\\/material\\\/\"]}]},{\"@type\":\"BreadcrumbList\",\"@id\":\"https:\\\/\\\/www.hirsiset.com\\\/cs\\\/material\\\/#breadcrumb\",\"itemListElement\":[{\"@type\":\"ListItem\",\"position\":1,\"name\":\"Home\",\"item\":\"https:\\\/\\\/www.hirsiset.com\\\/cs\\\/\"},{\"@type\":\"ListItem\",\"position\":2,\"name\":\"Materi\u00e1l\"}]},{\"@type\":\"WebSite\",\"@id\":\"https:\\\/\\\/www.hirsiset.com\\\/cs\\\/#website\",\"url\":\"https:\\\/\\\/www.hirsiset.com\\\/cs\\\/\",\"name\":\"Hirsiset\",\"description\":\"Srubov\u00e9 domy s v\u00edce ne\u017e 30 lety zku\u0161enost\u00ed\",\"publisher\":{\"@id\":\"https:\\\/\\\/www.hirsiset.com\\\/cs\\\/#organization\"},\"potentialAction\":[{\"@type\":\"SearchAction\",\"target\":{\"@type\":\"EntryPoint\",\"urlTemplate\":\"https:\\\/\\\/www.hirsiset.com\\\/cs\\\/?s={search_term_string}\"},\"query-input\":{\"@type\":\"PropertyValueSpecification\",\"valueRequired\":true,\"valueName\":\"search_term_string\"}}],\"inLanguage\":\"cs\"},{\"@type\":\"Organization\",\"@id\":\"https:\\\/\\\/www.hirsiset.com\\\/cs\\\/#organization\",\"name\":\"Oulun Hirsiset Oy\",\"url\":\"https:\\\/\\\/www.hirsiset.com\\\/cs\\\/\",\"logo\":{\"@type\":\"ImageObject\",\"inLanguage\":\"cs\",\"@id\":\"https:\\\/\\\/www.hirsiset.com\\\/cs\\\/#\\\/schema\\\/logo\\\/image\\\/\",\"url\":\"https:\\\/\\\/www.hirsiset.com\\\/wp-content\\\/uploads\\\/Hirsiset_logo65px.png\",\"contentUrl\":\"https:\\\/\\\/www.hirsiset.com\\\/wp-content\\\/uploads\\\/Hirsiset_logo65px.png\",\"width\":299,\"height\":65,\"caption\":\"Oulun Hirsiset Oy\"},\"image\":{\"@id\":\"https:\\\/\\\/www.hirsiset.com\\\/cs\\\/#\\\/schema\\\/logo\\\/image\\\/\"},\"sameAs\":[\"https:\\\/\\\/www.facebook.com\\\/Hirsiset\\\/\",\"https:\\\/\\\/x.com\\\/hirsiset\",\"https:\\\/\\\/www.instagram.com\\\/hirsiset_oy\\\/\"]}]}<\/script>\n<!-- \/ Yoast SEO plugin. -->","yoast_head_json":{"title":"Materi\u00e1l - Hirsiset - What is Your log home like?","description":"What is Your log home like? Check out our log materials and types of logs to find the right, natural alternative to your log home.","robots":{"index":"index","follow":"follow","max-snippet":"max-snippet:-1","max-image-preview":"max-image-preview:large","max-video-preview":"max-video-preview:-1"},"canonical":"https:\/\/www.hirsiset.com\/cs\/material\/","og_locale":"cs_CZ","og_type":"article","og_title":"Materi\u00e1l - Hirsiset - What is Your log home like?","og_description":"What is Your log home like? Check out our log materials and types of logs to find the right, natural alternative to your log home.","og_url":"https:\/\/www.hirsiset.com\/cs\/material\/","og_site_name":"Hirsiset","article_publisher":"https:\/\/www.facebook.com\/Hirsiset\/","article_modified_time":"2026-04-14T07:16:45+00:00","twitter_card":"summary_large_image","twitter_site":"@hirsiset","twitter_misc":{"Odhadovan\u00e1 doba \u010dten\u00ed":"8 minut"},"schema":{"@context":"https:\/\/schema.org","@graph":[{"@type":"WebPage","@id":"https:\/\/www.hirsiset.com\/cs\/material\/","url":"https:\/\/www.hirsiset.com\/cs\/material\/","name":"Materi\u00e1l - Hirsiset - What is Your log home like?","isPartOf":{"@id":"https:\/\/www.hirsiset.com\/cs\/#website"},"datePublished":"2017-01-04T12:03:57+00:00","dateModified":"2026-04-14T07:16:45+00:00","description":"What is Your log home like? Check out our log materials and types of logs to find the right, natural alternative to your log home.","breadcrumb":{"@id":"https:\/\/www.hirsiset.com\/cs\/material\/#breadcrumb"},"inLanguage":"cs","potentialAction":[{"@type":"ReadAction","target":["https:\/\/www.hirsiset.com\/cs\/material\/"]}]},{"@type":"BreadcrumbList","@id":"https:\/\/www.hirsiset.com\/cs\/material\/#breadcrumb","itemListElement":[{"@type":"ListItem","position":1,"name":"Home","item":"https:\/\/www.hirsiset.com\/cs\/"},{"@type":"ListItem","position":2,"name":"Materi\u00e1l"}]},{"@type":"WebSite","@id":"https:\/\/www.hirsiset.com\/cs\/#website","url":"https:\/\/www.hirsiset.com\/cs\/","name":"Hirsiset","description":"Srubov\u00e9 domy s v\u00edce ne\u017e 30 lety zku\u0161enost\u00ed","publisher":{"@id":"https:\/\/www.hirsiset.com\/cs\/#organization"},"potentialAction":[{"@type":"SearchAction","target":{"@type":"EntryPoint","urlTemplate":"https:\/\/www.hirsiset.com\/cs\/?s={search_term_string}"},"query-input":{"@type":"PropertyValueSpecification","valueRequired":true,"valueName":"search_term_string"}}],"inLanguage":"cs"},{"@type":"Organization","@id":"https:\/\/www.hirsiset.com\/cs\/#organization","name":"Oulun Hirsiset Oy","url":"https:\/\/www.hirsiset.com\/cs\/","logo":{"@type":"ImageObject","inLanguage":"cs","@id":"https:\/\/www.hirsiset.com\/cs\/#\/schema\/logo\/image\/","url":"https:\/\/www.hirsiset.com\/wp-content\/uploads\/Hirsiset_logo65px.png","contentUrl":"https:\/\/www.hirsiset.com\/wp-content\/uploads\/Hirsiset_logo65px.png","width":299,"height":65,"caption":"Oulun Hirsiset Oy"},"image":{"@id":"https:\/\/www.hirsiset.com\/cs\/#\/schema\/logo\/image\/"},"sameAs":["https:\/\/www.facebook.com\/Hirsiset\/","https:\/\/x.com\/hirsiset","https:\/\/www.instagram.com\/hirsiset_oy\/"]}]}},"_links":{"self":[{"href":"https:\/\/www.hirsiset.com\/cs\/wp-json\/wp\/v2\/pages\/36110","targetHints":{"allow":["GET"]}}],"collection":[{"href":"https:\/\/www.hirsiset.com\/cs\/wp-json\/wp\/v2\/pages"}],"about":[{"href":"https:\/\/www.hirsiset.com\/cs\/wp-json\/wp\/v2\/types\/page"}],"author":[{"embeddable":true,"href":"https:\/\/www.hirsiset.com\/cs\/wp-json\/wp\/v2\/users\/1"}],"replies":[{"embeddable":true,"href":"https:\/\/www.hirsiset.com\/cs\/wp-json\/wp\/v2\/comments?post=36110"}],"version-history":[{"count":10,"href":"https:\/\/www.hirsiset.com\/cs\/wp-json\/wp\/v2\/pages\/36110\/revisions"}],"predecessor-version":[{"id":36889,"href":"https:\/\/www.hirsiset.com\/cs\/wp-json\/wp\/v2\/pages\/36110\/revisions\/36889"}],"wp:attachment":[{"href":"https:\/\/www.hirsiset.com\/cs\/wp-json\/wp\/v2\/media?parent=36110"}],"curies":[{"name":"wp","href":"https:\/\/api.w.org\/{rel}","templated":true}]}}