{"id":36108,"date":"2016-04-27T09:39:33","date_gmt":"2016-04-27T06:39:33","guid":{"rendered":"https:\/\/www.hirsiset.com\/log-house\/log-house-models\/"},"modified":"2026-04-08T09:56:13","modified_gmt":"2026-04-08T06:56:13","slug":"modely-roubenych-domu","status":"publish","type":"page","link":"https:\/\/www.hirsiset.com\/cs\/roubenka\/modely-roubenych-domu\/","title":{"rendered":"Fotogalerie"},"content":{"rendered":"<p>Hirsiset log house models are high quality artworks. Log house or a log villa is a high-quality example of craftsmanship. Go further and come see what the log house looks like from the inside. Whether you want a log sauna, a log cabin, a small log mini house, a log home for a large or small family or any other log building please contact us. You may find your new log home in the log house models of Hirsiset.<\/p>\n<p>A log is a beautiful and ecological option. The quality of the indoor air in the log house is excellent, preventing allergies. The log glows with a cozy atmosphere. The massive wall structure of the log house balances the fluctuations of heat and humidity. The log house is an energy-efficient solution and the log used in its construction is an ecological material and a value choice.<\/p>\n<p>A log is a warm and genuine natural material. Of the building materials, only wood is genuine 100% renewable and recyclable material. The carbon footprint of the log is the smallest and it binds carbon dioxide twice its weight.<br \/>\nA log house is a value choice that will also be appreciated by future generations.<\/p>\n","protected":false},"excerpt":{"rendered":"<p>Hirsiset log house models are high quality artworks. Log house or a log villa is a high-quality example of craftsmanship. Go further and come see what the log house looks like from the inside. Whether you want a log sauna, a log cabin, a small log mini house, a log home for a large or&hellip;<\/p>\n","protected":false},"author":1,"featured_media":0,"parent":36092,"menu_order":4,"comment_status":"closed","ping_status":"closed","template":"template-albums-jgrid.php","meta":{"footnotes":""},"class_list":["post-36108","page","type-page","status-publish","hentry","description-off"],"yoast_head":"<!-- This site is optimized with the Yoast SEO plugin v27.4 - https:\/\/yoast.com\/product\/yoast-seo-wordpress\/ -->\n<title>Log House Models - Hirsiset - Log houses, cabins and free time housings<\/title>\n<meta name=\"description\" content=\"Hirsiset log house models are high quality artworks. Go further and see what the inside of the Hirsiset Log House looks like.\" \/>\n<meta name=\"robots\" content=\"index, follow, max-snippet:-1, max-image-preview:large, max-video-preview:-1\" \/>\n<link rel=\"canonical\" href=\"https:\/\/www.hirsiset.com\/cs\/roubenka\/modely-roubenych-domu\/\" \/>\n<meta property=\"og:locale\" content=\"cs_CZ\" \/>\n<meta property=\"og:type\" content=\"article\" \/>\n<meta property=\"og:title\" content=\"Log House Models - Hirsiset - Log houses, cabins and free time housings\" \/>\n<meta property=\"og:description\" content=\"Hirsiset log house models are high quality artworks. Go further and see what the inside of the Hirsiset Log House looks like.\" \/>\n<meta property=\"og:url\" content=\"https:\/\/www.hirsiset.com\/cs\/roubenka\/modely-roubenych-domu\/\" \/>\n<meta property=\"og:site_name\" content=\"Hirsiset\" \/>\n<meta property=\"article:publisher\" content=\"https:\/\/www.facebook.com\/Hirsiset\/\" \/>\n<meta property=\"article:modified_time\" content=\"2026-04-08T06:56:13+00:00\" \/>\n<meta name=\"twitter:card\" content=\"summary_large_image\" \/>\n<meta name=\"twitter:site\" content=\"@hirsiset\" \/>\n<meta name=\"twitter:label1\" content=\"Odhadovan\u00e1 doba \u010dten\u00ed\" \/>\n\t<meta name=\"twitter:data1\" content=\"2 minuty\" \/>\n<script type=\"application\/ld+json\" class=\"yoast-schema-graph\">{\"@context\":\"https:\\\/\\\/schema.org\",\"@graph\":[{\"@type\":\"WebPage\",\"@id\":\"https:\\\/\\\/www.hirsiset.com\\\/cs\\\/roubenka\\\/modely-roubenych-domu\\\/\",\"url\":\"https:\\\/\\\/www.hirsiset.com\\\/cs\\\/roubenka\\\/modely-roubenych-domu\\\/\",\"name\":\"Log House Models - Hirsiset - Log houses, cabins and free time housings\",\"isPartOf\":{\"@id\":\"https:\\\/\\\/www.hirsiset.com\\\/cs\\\/#website\"},\"datePublished\":\"2016-04-27T06:39:33+00:00\",\"dateModified\":\"2026-04-08T06:56:13+00:00\",\"description\":\"Hirsiset log house models are high quality artworks. Go further and see what the inside of the Hirsiset Log House looks like.\",\"breadcrumb\":{\"@id\":\"https:\\\/\\\/www.hirsiset.com\\\/cs\\\/roubenka\\\/modely-roubenych-domu\\\/#breadcrumb\"},\"inLanguage\":\"cs\",\"potentialAction\":[{\"@type\":\"ReadAction\",\"target\":[\"https:\\\/\\\/www.hirsiset.com\\\/cs\\\/roubenka\\\/modely-roubenych-domu\\\/\"]}]},{\"@type\":\"BreadcrumbList\",\"@id\":\"https:\\\/\\\/www.hirsiset.com\\\/cs\\\/roubenka\\\/modely-roubenych-domu\\\/#breadcrumb\",\"itemListElement\":[{\"@type\":\"ListItem\",\"position\":1,\"name\":\"Home\",\"item\":\"https:\\\/\\\/www.hirsiset.com\\\/cs\\\/\"},{\"@type\":\"ListItem\",\"position\":2,\"name\":\"Vzorov\u00e9 domy\",\"item\":\"https:\\\/\\\/www.hirsiset.com\\\/cs\\\/roubenka\\\/\"},{\"@type\":\"ListItem\",\"position\":3,\"name\":\"Fotogalerie\"}]},{\"@type\":\"WebSite\",\"@id\":\"https:\\\/\\\/www.hirsiset.com\\\/cs\\\/#website\",\"url\":\"https:\\\/\\\/www.hirsiset.com\\\/cs\\\/\",\"name\":\"Hirsiset\",\"description\":\"Srubov\u00e9 domy s v\u00edce ne\u017e 30 lety zku\u0161enost\u00ed\",\"publisher\":{\"@id\":\"https:\\\/\\\/www.hirsiset.com\\\/cs\\\/#organization\"},\"potentialAction\":[{\"@type\":\"SearchAction\",\"target\":{\"@type\":\"EntryPoint\",\"urlTemplate\":\"https:\\\/\\\/www.hirsiset.com\\\/cs\\\/?s={search_term_string}\"},\"query-input\":{\"@type\":\"PropertyValueSpecification\",\"valueRequired\":true,\"valueName\":\"search_term_string\"}}],\"inLanguage\":\"cs\"},{\"@type\":\"Organization\",\"@id\":\"https:\\\/\\\/www.hirsiset.com\\\/cs\\\/#organization\",\"name\":\"Oulun Hirsiset Oy\",\"url\":\"https:\\\/\\\/www.hirsiset.com\\\/cs\\\/\",\"logo\":{\"@type\":\"ImageObject\",\"inLanguage\":\"cs\",\"@id\":\"https:\\\/\\\/www.hirsiset.com\\\/cs\\\/#\\\/schema\\\/logo\\\/image\\\/\",\"url\":\"https:\\\/\\\/www.hirsiset.com\\\/wp-content\\\/uploads\\\/Hirsiset_logo65px.png\",\"contentUrl\":\"https:\\\/\\\/www.hirsiset.com\\\/wp-content\\\/uploads\\\/Hirsiset_logo65px.png\",\"width\":299,\"height\":65,\"caption\":\"Oulun Hirsiset Oy\"},\"image\":{\"@id\":\"https:\\\/\\\/www.hirsiset.com\\\/cs\\\/#\\\/schema\\\/logo\\\/image\\\/\"},\"sameAs\":[\"https:\\\/\\\/www.facebook.com\\\/Hirsiset\\\/\",\"https:\\\/\\\/x.com\\\/hirsiset\",\"https:\\\/\\\/www.instagram.com\\\/hirsiset_oy\\\/\"]}]}<\/script>\n<!-- \/ Yoast SEO plugin. -->","yoast_head_json":{"title":"Log House Models - Hirsiset - Log houses, cabins and free time housings","description":"Hirsiset log house models are high quality artworks. Go further and see what the inside of the Hirsiset Log House looks like.","robots":{"index":"index","follow":"follow","max-snippet":"max-snippet:-1","max-image-preview":"max-image-preview:large","max-video-preview":"max-video-preview:-1"},"canonical":"https:\/\/www.hirsiset.com\/cs\/roubenka\/modely-roubenych-domu\/","og_locale":"cs_CZ","og_type":"article","og_title":"Log House Models - Hirsiset - Log houses, cabins and free time housings","og_description":"Hirsiset log house models are high quality artworks. Go further and see what the inside of the Hirsiset Log House looks like.","og_url":"https:\/\/www.hirsiset.com\/cs\/roubenka\/modely-roubenych-domu\/","og_site_name":"Hirsiset","article_publisher":"https:\/\/www.facebook.com\/Hirsiset\/","article_modified_time":"2026-04-08T06:56:13+00:00","twitter_card":"summary_large_image","twitter_site":"@hirsiset","twitter_misc":{"Odhadovan\u00e1 doba \u010dten\u00ed":"2 minuty"},"schema":{"@context":"https:\/\/schema.org","@graph":[{"@type":"WebPage","@id":"https:\/\/www.hirsiset.com\/cs\/roubenka\/modely-roubenych-domu\/","url":"https:\/\/www.hirsiset.com\/cs\/roubenka\/modely-roubenych-domu\/","name":"Log House Models - Hirsiset - Log houses, cabins and free time housings","isPartOf":{"@id":"https:\/\/www.hirsiset.com\/cs\/#website"},"datePublished":"2016-04-27T06:39:33+00:00","dateModified":"2026-04-08T06:56:13+00:00","description":"Hirsiset log house models are high quality artworks. Go further and see what the inside of the Hirsiset Log House looks like.","breadcrumb":{"@id":"https:\/\/www.hirsiset.com\/cs\/roubenka\/modely-roubenych-domu\/#breadcrumb"},"inLanguage":"cs","potentialAction":[{"@type":"ReadAction","target":["https:\/\/www.hirsiset.com\/cs\/roubenka\/modely-roubenych-domu\/"]}]},{"@type":"BreadcrumbList","@id":"https:\/\/www.hirsiset.com\/cs\/roubenka\/modely-roubenych-domu\/#breadcrumb","itemListElement":[{"@type":"ListItem","position":1,"name":"Home","item":"https:\/\/www.hirsiset.com\/cs\/"},{"@type":"ListItem","position":2,"name":"Vzorov\u00e9 domy","item":"https:\/\/www.hirsiset.com\/cs\/roubenka\/"},{"@type":"ListItem","position":3,"name":"Fotogalerie"}]},{"@type":"WebSite","@id":"https:\/\/www.hirsiset.com\/cs\/#website","url":"https:\/\/www.hirsiset.com\/cs\/","name":"Hirsiset","description":"Srubov\u00e9 domy s v\u00edce ne\u017e 30 lety zku\u0161enost\u00ed","publisher":{"@id":"https:\/\/www.hirsiset.com\/cs\/#organization"},"potentialAction":[{"@type":"SearchAction","target":{"@type":"EntryPoint","urlTemplate":"https:\/\/www.hirsiset.com\/cs\/?s={search_term_string}"},"query-input":{"@type":"PropertyValueSpecification","valueRequired":true,"valueName":"search_term_string"}}],"inLanguage":"cs"},{"@type":"Organization","@id":"https:\/\/www.hirsiset.com\/cs\/#organization","name":"Oulun Hirsiset Oy","url":"https:\/\/www.hirsiset.com\/cs\/","logo":{"@type":"ImageObject","inLanguage":"cs","@id":"https:\/\/www.hirsiset.com\/cs\/#\/schema\/logo\/image\/","url":"https:\/\/www.hirsiset.com\/wp-content\/uploads\/Hirsiset_logo65px.png","contentUrl":"https:\/\/www.hirsiset.com\/wp-content\/uploads\/Hirsiset_logo65px.png","width":299,"height":65,"caption":"Oulun Hirsiset Oy"},"image":{"@id":"https:\/\/www.hirsiset.com\/cs\/#\/schema\/logo\/image\/"},"sameAs":["https:\/\/www.facebook.com\/Hirsiset\/","https:\/\/x.com\/hirsiset","https:\/\/www.instagram.com\/hirsiset_oy\/"]}]}},"_links":{"self":[{"href":"https:\/\/www.hirsiset.com\/cs\/wp-json\/wp\/v2\/pages\/36108","targetHints":{"allow":["GET"]}}],"collection":[{"href":"https:\/\/www.hirsiset.com\/cs\/wp-json\/wp\/v2\/pages"}],"about":[{"href":"https:\/\/www.hirsiset.com\/cs\/wp-json\/wp\/v2\/types\/page"}],"author":[{"embeddable":true,"href":"https:\/\/www.hirsiset.com\/cs\/wp-json\/wp\/v2\/users\/1"}],"replies":[{"embeddable":true,"href":"https:\/\/www.hirsiset.com\/cs\/wp-json\/wp\/v2\/comments?post=36108"}],"version-history":[{"count":2,"href":"https:\/\/www.hirsiset.com\/cs\/wp-json\/wp\/v2\/pages\/36108\/revisions"}],"predecessor-version":[{"id":36202,"href":"https:\/\/www.hirsiset.com\/cs\/wp-json\/wp\/v2\/pages\/36108\/revisions\/36202"}],"up":[{"embeddable":true,"href":"https:\/\/www.hirsiset.com\/cs\/wp-json\/wp\/v2\/pages\/36092"}],"wp:attachment":[{"href":"https:\/\/www.hirsiset.com\/cs\/wp-json\/wp\/v2\/media?parent=36108"}],"curies":[{"name":"wp","href":"https:\/\/api.w.org\/{rel}","templated":true}]}}