{"id":36107,"date":"2019-03-15T14:05:22","date_gmt":"2019-03-15T12:05:22","guid":{"rendered":"https:\/\/www.hirsiset.com\/log-house\/unique-homes\/"},"modified":"2026-03-26T16:30:53","modified_gmt":"2026-03-26T14:30:53","slug":"unique-homes","status":"publish","type":"page","link":"https:\/\/www.hirsiset.com\/cs\/roubenka\/unique-homes\/","title":{"rendered":"Unique Homes"},"content":{"rendered":"<p><span class=\"HwtZe\" lang=\"en\"><span class=\"jCAhz ChMk0b\"><span class=\"ryNqvb\">Hirsiset Unique homes collection dream log house as the basis of your log home plans. Unique and original log buildings that stand the test of time. It is possible to realize exactly the log house or log cabin you want based on your own plans.<br \/>\n<\/span><\/span><\/span><\/p>\n<p><span class=\"HwtZe\" lang=\"en\"><span class=\"jCAhz ChMk0b\"><span class=\"ryNqvb\">Go further, let&#8217;s realize your dream log house together.<\/span><\/span><\/span><\/p>\n<h3><span class=\"HwtZe\" lang=\"en\"><span class=\"jCAhz ChMk0b\"><span class=\"ryNqvb\">\u00a0<\/span><\/span><\/span><\/h3>\n","protected":false},"excerpt":{"rendered":"<p>Hirsiset Unique homes collection dream log house as the basis of your log home plans. Unique and original log buildings that stand the test of time. It is possible to realize exactly the log house or log cabin you want based on your own plans. Go further, let&#8217;s realize your dream log house together. \u00a0<\/p>\n","protected":false},"author":1,"featured_media":0,"parent":36092,"menu_order":3,"comment_status":"closed","ping_status":"closed","template":"template-portfolio-masonry.php","meta":{"footnotes":""},"class_list":["post-36107","page","type-page","status-publish","hentry","description-off"],"yoast_head":"<!-- This site is optimized with the Yoast SEO plugin v27.4 - https:\/\/yoast.com\/product\/yoast-seo-wordpress\/ -->\n<title>Hirsiset Unique homes collection dream log house<\/title>\n<meta name=\"description\" content=\"Hirsiset Unique homes collection dream log house as the basis of your log home plans. Unique log buildings that stand the test of time.\" \/>\n<meta name=\"robots\" content=\"index, follow, max-snippet:-1, max-image-preview:large, max-video-preview:-1\" \/>\n<link rel=\"canonical\" href=\"https:\/\/www.hirsiset.com\/cs\/roubenka\/unique-homes\/\" \/>\n<meta property=\"og:locale\" content=\"cs_CZ\" \/>\n<meta property=\"og:type\" content=\"article\" \/>\n<meta property=\"og:title\" content=\"Hirsiset Unique homes collection dream log house\" \/>\n<meta property=\"og:description\" content=\"Hirsiset Unique homes collection dream log house as the basis of your log home plans. Unique log buildings that stand the test of time.\" \/>\n<meta property=\"og:url\" content=\"https:\/\/www.hirsiset.com\/cs\/roubenka\/unique-homes\/\" \/>\n<meta property=\"og:site_name\" content=\"Hirsiset\" \/>\n<meta property=\"article:publisher\" content=\"https:\/\/www.facebook.com\/Hirsiset\/\" \/>\n<meta property=\"article:modified_time\" content=\"2026-03-26T14:30:53+00:00\" \/>\n<meta name=\"twitter:card\" content=\"summary_large_image\" \/>\n<meta name=\"twitter:site\" content=\"@hirsiset\" \/>\n<meta name=\"twitter:label1\" content=\"Odhadovan\u00e1 doba \u010dten\u00ed\" \/>\n\t<meta name=\"twitter:data1\" content=\"1 minuta\" \/>\n<script type=\"application\/ld+json\" class=\"yoast-schema-graph\">{\"@context\":\"https:\\\/\\\/schema.org\",\"@graph\":[{\"@type\":\"WebPage\",\"@id\":\"https:\\\/\\\/www.hirsiset.com\\\/cs\\\/roubenka\\\/unique-homes\\\/\",\"url\":\"https:\\\/\\\/www.hirsiset.com\\\/cs\\\/roubenka\\\/unique-homes\\\/\",\"name\":\"Hirsiset Unique homes collection dream log house\",\"isPartOf\":{\"@id\":\"https:\\\/\\\/www.hirsiset.com\\\/cs\\\/#website\"},\"datePublished\":\"2019-03-15T12:05:22+00:00\",\"dateModified\":\"2026-03-26T14:30:53+00:00\",\"description\":\"Hirsiset Unique homes collection dream log house as the basis of your log home plans. Unique log buildings that stand the test of time.\",\"breadcrumb\":{\"@id\":\"https:\\\/\\\/www.hirsiset.com\\\/cs\\\/roubenka\\\/unique-homes\\\/#breadcrumb\"},\"inLanguage\":\"cs\",\"potentialAction\":[{\"@type\":\"ReadAction\",\"target\":[\"https:\\\/\\\/www.hirsiset.com\\\/cs\\\/roubenka\\\/unique-homes\\\/\"]}]},{\"@type\":\"BreadcrumbList\",\"@id\":\"https:\\\/\\\/www.hirsiset.com\\\/cs\\\/roubenka\\\/unique-homes\\\/#breadcrumb\",\"itemListElement\":[{\"@type\":\"ListItem\",\"position\":1,\"name\":\"Home\",\"item\":\"https:\\\/\\\/www.hirsiset.com\\\/cs\\\/\"},{\"@type\":\"ListItem\",\"position\":2,\"name\":\"Vzorov\u00e9 domy\",\"item\":\"https:\\\/\\\/www.hirsiset.com\\\/cs\\\/roubenka\\\/\"},{\"@type\":\"ListItem\",\"position\":3,\"name\":\"Unique Homes\"}]},{\"@type\":\"WebSite\",\"@id\":\"https:\\\/\\\/www.hirsiset.com\\\/cs\\\/#website\",\"url\":\"https:\\\/\\\/www.hirsiset.com\\\/cs\\\/\",\"name\":\"Hirsiset\",\"description\":\"Srubov\u00e9 domy s v\u00edce ne\u017e 30 lety zku\u0161enost\u00ed\",\"publisher\":{\"@id\":\"https:\\\/\\\/www.hirsiset.com\\\/cs\\\/#organization\"},\"potentialAction\":[{\"@type\":\"SearchAction\",\"target\":{\"@type\":\"EntryPoint\",\"urlTemplate\":\"https:\\\/\\\/www.hirsiset.com\\\/cs\\\/?s={search_term_string}\"},\"query-input\":{\"@type\":\"PropertyValueSpecification\",\"valueRequired\":true,\"valueName\":\"search_term_string\"}}],\"inLanguage\":\"cs\"},{\"@type\":\"Organization\",\"@id\":\"https:\\\/\\\/www.hirsiset.com\\\/cs\\\/#organization\",\"name\":\"Oulun Hirsiset Oy\",\"url\":\"https:\\\/\\\/www.hirsiset.com\\\/cs\\\/\",\"logo\":{\"@type\":\"ImageObject\",\"inLanguage\":\"cs\",\"@id\":\"https:\\\/\\\/www.hirsiset.com\\\/cs\\\/#\\\/schema\\\/logo\\\/image\\\/\",\"url\":\"https:\\\/\\\/www.hirsiset.com\\\/wp-content\\\/uploads\\\/Hirsiset_logo65px.png\",\"contentUrl\":\"https:\\\/\\\/www.hirsiset.com\\\/wp-content\\\/uploads\\\/Hirsiset_logo65px.png\",\"width\":299,\"height\":65,\"caption\":\"Oulun Hirsiset Oy\"},\"image\":{\"@id\":\"https:\\\/\\\/www.hirsiset.com\\\/cs\\\/#\\\/schema\\\/logo\\\/image\\\/\"},\"sameAs\":[\"https:\\\/\\\/www.facebook.com\\\/Hirsiset\\\/\",\"https:\\\/\\\/x.com\\\/hirsiset\",\"https:\\\/\\\/www.instagram.com\\\/hirsiset_oy\\\/\"]}]}<\/script>\n<!-- \/ Yoast SEO plugin. -->","yoast_head_json":{"title":"Hirsiset Unique homes collection dream log house","description":"Hirsiset Unique homes collection dream log house as the basis of your log home plans. Unique log buildings that stand the test of time.","robots":{"index":"index","follow":"follow","max-snippet":"max-snippet:-1","max-image-preview":"max-image-preview:large","max-video-preview":"max-video-preview:-1"},"canonical":"https:\/\/www.hirsiset.com\/cs\/roubenka\/unique-homes\/","og_locale":"cs_CZ","og_type":"article","og_title":"Hirsiset Unique homes collection dream log house","og_description":"Hirsiset Unique homes collection dream log house as the basis of your log home plans. Unique log buildings that stand the test of time.","og_url":"https:\/\/www.hirsiset.com\/cs\/roubenka\/unique-homes\/","og_site_name":"Hirsiset","article_publisher":"https:\/\/www.facebook.com\/Hirsiset\/","article_modified_time":"2026-03-26T14:30:53+00:00","twitter_card":"summary_large_image","twitter_site":"@hirsiset","twitter_misc":{"Odhadovan\u00e1 doba \u010dten\u00ed":"1 minuta"},"schema":{"@context":"https:\/\/schema.org","@graph":[{"@type":"WebPage","@id":"https:\/\/www.hirsiset.com\/cs\/roubenka\/unique-homes\/","url":"https:\/\/www.hirsiset.com\/cs\/roubenka\/unique-homes\/","name":"Hirsiset Unique homes collection dream log house","isPartOf":{"@id":"https:\/\/www.hirsiset.com\/cs\/#website"},"datePublished":"2019-03-15T12:05:22+00:00","dateModified":"2026-03-26T14:30:53+00:00","description":"Hirsiset Unique homes collection dream log house as the basis of your log home plans. Unique log buildings that stand the test of time.","breadcrumb":{"@id":"https:\/\/www.hirsiset.com\/cs\/roubenka\/unique-homes\/#breadcrumb"},"inLanguage":"cs","potentialAction":[{"@type":"ReadAction","target":["https:\/\/www.hirsiset.com\/cs\/roubenka\/unique-homes\/"]}]},{"@type":"BreadcrumbList","@id":"https:\/\/www.hirsiset.com\/cs\/roubenka\/unique-homes\/#breadcrumb","itemListElement":[{"@type":"ListItem","position":1,"name":"Home","item":"https:\/\/www.hirsiset.com\/cs\/"},{"@type":"ListItem","position":2,"name":"Vzorov\u00e9 domy","item":"https:\/\/www.hirsiset.com\/cs\/roubenka\/"},{"@type":"ListItem","position":3,"name":"Unique Homes"}]},{"@type":"WebSite","@id":"https:\/\/www.hirsiset.com\/cs\/#website","url":"https:\/\/www.hirsiset.com\/cs\/","name":"Hirsiset","description":"Srubov\u00e9 domy s v\u00edce ne\u017e 30 lety zku\u0161enost\u00ed","publisher":{"@id":"https:\/\/www.hirsiset.com\/cs\/#organization"},"potentialAction":[{"@type":"SearchAction","target":{"@type":"EntryPoint","urlTemplate":"https:\/\/www.hirsiset.com\/cs\/?s={search_term_string}"},"query-input":{"@type":"PropertyValueSpecification","valueRequired":true,"valueName":"search_term_string"}}],"inLanguage":"cs"},{"@type":"Organization","@id":"https:\/\/www.hirsiset.com\/cs\/#organization","name":"Oulun Hirsiset Oy","url":"https:\/\/www.hirsiset.com\/cs\/","logo":{"@type":"ImageObject","inLanguage":"cs","@id":"https:\/\/www.hirsiset.com\/cs\/#\/schema\/logo\/image\/","url":"https:\/\/www.hirsiset.com\/wp-content\/uploads\/Hirsiset_logo65px.png","contentUrl":"https:\/\/www.hirsiset.com\/wp-content\/uploads\/Hirsiset_logo65px.png","width":299,"height":65,"caption":"Oulun Hirsiset Oy"},"image":{"@id":"https:\/\/www.hirsiset.com\/cs\/#\/schema\/logo\/image\/"},"sameAs":["https:\/\/www.facebook.com\/Hirsiset\/","https:\/\/x.com\/hirsiset","https:\/\/www.instagram.com\/hirsiset_oy\/"]}]}},"_links":{"self":[{"href":"https:\/\/www.hirsiset.com\/cs\/wp-json\/wp\/v2\/pages\/36107","targetHints":{"allow":["GET"]}}],"collection":[{"href":"https:\/\/www.hirsiset.com\/cs\/wp-json\/wp\/v2\/pages"}],"about":[{"href":"https:\/\/www.hirsiset.com\/cs\/wp-json\/wp\/v2\/types\/page"}],"author":[{"embeddable":true,"href":"https:\/\/www.hirsiset.com\/cs\/wp-json\/wp\/v2\/users\/1"}],"replies":[{"embeddable":true,"href":"https:\/\/www.hirsiset.com\/cs\/wp-json\/wp\/v2\/comments?post=36107"}],"version-history":[{"count":1,"href":"https:\/\/www.hirsiset.com\/cs\/wp-json\/wp\/v2\/pages\/36107\/revisions"}],"predecessor-version":[{"id":36200,"href":"https:\/\/www.hirsiset.com\/cs\/wp-json\/wp\/v2\/pages\/36107\/revisions\/36200"}],"up":[{"embeddable":true,"href":"https:\/\/www.hirsiset.com\/cs\/wp-json\/wp\/v2\/pages\/36092"}],"wp:attachment":[{"href":"https:\/\/www.hirsiset.com\/cs\/wp-json\/wp\/v2\/media?parent=36107"}],"curies":[{"name":"wp","href":"https:\/\/api.w.org\/{rel}","templated":true}]}}