{"id":36095,"date":"2019-08-28T09:26:41","date_gmt":"2019-08-28T06:26:41","guid":{"rendered":"https:\/\/www.hirsiset.com\/log-house\/river-oulu\/"},"modified":"2026-04-15T16:11:49","modified_gmt":"2026-04-15T13:11:49","slug":"river-ouluu","status":"publish","type":"page","link":"https:\/\/www.hirsiset.com\/cs\/roubenka\/river-ouluu\/","title":{"rendered":"River Ouluu"},"content":{"rendered":"<div class=\"wpb-content-wrapper\"><p>[vc_row][vc_column][vc_column_text css=&#8220;&#8220;]Kolekce rouben\u00fdch dom\u016f River Ouluu od Hirsiset je sv\u011b\u017e\u00ed, modern\u00ed a vysoce p\u0159izp\u016fsobiteln\u00e1, aby vyhov\u011bla p\u0159\u00e1n\u00edm a pot\u0159eb\u00e1m ka\u017ed\u00e9ho. Od sauny po prostorn\u00fd rodinn\u00fd d\u016fm \u2013 v\u0161echny nov\u00e9 modely jsou navr\u017eeny tak, aby odpov\u00eddaly po\u017eadavk\u016fm sou\u010dasn\u00e9ho \u017eivota. Na\u0161\u00edm c\u00edlem je, aby roubenky byly praktick\u00e9 a pohodln\u00e9 pro ka\u017edodenn\u00ed \u017eivot, ani\u017e by se ztratila jejich kr\u00e1sa. Zvl\u00e1\u0161tn\u00ed pozornost byla v\u011bnov\u00e1na funk\u010dn\u00edmu vyu\u017eit\u00ed prostoru, nap\u0159\u00edklad v kuchyni, technick\u00e9 m\u00edstnosti \u010di \u00falo\u017en\u00fdch prostor\u00e1ch.<\/p>\n<p>Jedn\u00edm z kl\u00ed\u010dov\u00fdch prvk\u016f roubenky je <a href=\"https:\/\/www.hirsiset.com\/cs\/material\/\">\u0159e\u0161en\u00ed roh\u016f<\/a>. Vyberete si tradi\u010dn\u00ed k\u0159\u00ed\u017eov\u00fd roh, nen\u00e1padn\u00fd box corner, modern\u00ed city corner nebo efektn\u00ed dove tail corner? Chcete vyv\u00fd\u0161en\u00fd a prostorn\u00fd obytn\u00fd prostor? Nap\u0159\u00edklad jednopl\u00e1\u0161\u0165ov\u00e1 st\u0159echa p\u0159in\u00e1\u0161\u00ed do obytn\u00e9 \u010d\u00e1sti vysok\u00fd strop a otev\u0159en\u00fd prostor. T\u00e9m\u011b\u0159 v\u0161echny modely kolekce lze navrhnout s preferovan\u00fdm typem st\u0159echy \u2013 tradi\u010dn\u00ed sedlov\u00e1, jednopl\u00e1\u0161\u0165ov\u00e1 nebo seversk\u00e1 \u0161ikm\u00e1 st\u0159echa. \u0158e\u0161en\u00ed teras, rozm\u011bry oken, barva domu i drobn\u00e9 detaily interi\u00e9ru a exteri\u00e9ru tvo\u0159\u00ed personalizovan\u00fd celek. Chcete zakoupit specifikovan\u00e9 d\u0159ev\u011bn\u00e9 materi\u00e1ly, nebo hotov\u00fd bal\u00ed\u010dek <a href=\"https:\/\/www.hirsiset.com\/cs\/roubenka\/\">roubenky p\u0159ipraven\u00fd k mont\u00e1\u017ei<\/a>? V\u0161e je mo\u017en\u00e9, proto\u017ee domy dod\u00e1v\u00e1me s obsahem p\u0159esn\u011b podle va\u0161eho p\u0159\u00e1n\u00ed.<\/p>\n<p>V Hirsiset v\u017edy navrhujeme roubenku spole\u010dn\u011b se z\u00e1kazn\u00edkem, aby odpov\u00eddala va\u0161im pot\u0159eb\u00e1m a preferenc\u00edm. <a href=\"https:\/\/www.hirsiset.com\/cs\/kontaktuje-nas\/\">Kontaktujte n\u00e1s<\/a> a za\u010dn\u011bte navrhovat sv\u016fj vysn\u011bn\u00fd domov![\/vc_column_text][vc_empty_space][\/vc_column][\/vc_row][vc_row][vc_column width=&#8220;1\/4&#8243;][vc_column_text css=&#8220;.vc_custom_1775818681498{padding-top: 0px !important;padding-bottom: 0px !important;}&#8220;]<a href=\"https:\/\/www.ark-stenius.fi\/\"><img loading=\"lazy\" decoding=\"async\" class=\"alignnone wp-image-11632\" src=\"https:\/\/www.hirsiset.com\/wp-content\/uploads\/Petra-Karjalainen-s.jpg\" alt=\"Petra Stenius\" width=\"178\" height=\"200\" srcset=\"https:\/\/www.hirsiset.com\/wp-content\/uploads\/Petra-Karjalainen-s.jpg 300w, https:\/\/www.hirsiset.com\/wp-content\/uploads\/Petra-Karjalainen-s-267x300.jpg 267w\" sizes=\"auto, (max-width: 178px) 100vw, 178px\" \/><\/a><\/p>\n<p><em>Kolekce River Ouluu vznikla ve spolupr\u00e1ci s Hirsiset a je navr\u017eena <a href=\"https:\/\/www.ark-stenius.fi\/\">Petra Stenius<\/a>.<\/em>[\/vc_column_text][vc_empty_space][\/vc_column][vc_column width=&#8220;3\/4&#8243; css=&#8220;.vc_custom_1617969426442{padding-top: 0px !important;padding-right: 40px !important;padding-bottom: 0px !important;padding-left: 40px !important;}&#8220;][vc_single_image image=&#8220;17043&#8243; img_size=&#8220;full&#8220; alignment=&#8220;center&#8220; onclick=&#8220;custom_link&#8220; css=&#8220;&#8220; link=&#8220;https:\/\/www.hirsiset.com\/cs\/gallery\/pyhakoski\/&#8220;][vc_column_text css=&#8220;&#8220;]<\/p>\n<p style=\"text-align: center;\"><a href=\"https:\/\/www.hirsiset.com\/cs\/gallery\/pyhakoski\/\" target=\"_blank\" rel=\"noopener\"><em>Pyh\u00e4koski photogallery<\/em><\/a><\/p>\n<p>[\/vc_column_text][vc_empty_space][\/vc_column][\/vc_row][vc_row gap=&#8220;20&#8243; css=&#8220;.vc_custom_1625226789196{margin-bottom: 60px !important;background-color: #efefef !important;}&#8220;][vc_column width=&#8220;1\/2&#8243;][vc_single_image image=&#8220;36052&#8243; img_size=&#8220;medium&#8220; alignment=&#8220;center&#8220; image_hovers=&#8220;false&#8220;][\/vc_column][vc_column width=&#8220;1\/2&#8243;][vc_empty_space height=&#8220;20px&#8220;][vc_column_text css=&#8220;&#8220;]<\/p>\n<h4>St\u00e1hni si bro\u017euru zdarma.<\/h4>\n<p>Bro\u017eura obsahuje v\u0161echny modely kolekce River Ouluu.<\/p>\n<p>P\u0159\u00edjemn\u00e9 \u010dten\u00ed![\/vc_column_text]<style type=\"text\/css\" data-type=\"the7_shortcodes-inline-css\">#default-btn-f6050db4e57bd9f64289e386f73274b9.ico-right-side > i {\n  margin-right: 0px;\n  margin-left: 8px;\n}\n#default-btn-f6050db4e57bd9f64289e386f73274b9 > i {\n  margin-right: 8px;\n}<\/style><a href=\"https:\/\/www.hirsiset.com\/cs\/stahni-brozuru\/\" class=\"default-btn-shortcode dt-btn dt-btn-l link-hover-off btn-inline-left \" id=\"default-btn-f6050db4e57bd9f64289e386f73274b9\" title=\"St\u00e1hni bro\u017euru\"><span>St\u00e1hni bro\u017euru<\/span><\/a>[vc_empty_space height=&#8220;30px&#8220;][\/vc_column][\/vc_row]<\/p>\n<\/div>","protected":false},"excerpt":{"rendered":"<p>[vc_row][vc_column][vc_column_text css=&#8220;&#8220;]Kolekce rouben\u00fdch dom\u016f River Ouluu od Hirsiset je sv\u011b\u017e\u00ed, modern\u00ed a vysoce p\u0159izp\u016fsobiteln\u00e1, aby vyhov\u011bla p\u0159\u00e1n\u00edm a pot\u0159eb\u00e1m ka\u017ed\u00e9ho. Od sauny po prostorn\u00fd rodinn\u00fd d\u016fm \u2013 v\u0161echny nov\u00e9 modely jsou navr\u017eeny tak, aby odpov\u00eddaly po\u017eadavk\u016fm sou\u010dasn\u00e9ho \u017eivota. Na\u0161\u00edm c\u00edlem je, aby roubenky byly praktick\u00e9 a pohodln\u00e9 pro ka\u017edodenn\u00ed \u017eivot, ani\u017e by se ztratila jejich&hellip;<\/p>\n","protected":false},"author":5,"featured_media":36097,"parent":36092,"menu_order":0,"comment_status":"closed","ping_status":"closed","template":"template-portfolio-masonry.php","meta":{"footnotes":""},"class_list":["post-36095","page","type-page","status-publish","has-post-thumbnail","hentry","description-off"],"yoast_head":"<!-- This site is optimized with the Yoast SEO plugin v27.4 - https:\/\/yoast.com\/product\/yoast-seo-wordpress\/ -->\n<title>Hirsiset - River Ouluu collection log home modern dream log house<\/title>\n<meta name=\"description\" content=\"The River Oulu collection log home dream log house is fresh, modern and can be modified to suit everyone&#039;s wishes. All models are designed to meet current needs and requirements.\" \/>\n<meta name=\"robots\" content=\"index, follow, max-snippet:-1, max-image-preview:large, max-video-preview:-1\" \/>\n<link rel=\"canonical\" href=\"https:\/\/www.hirsiset.com\/cs\/roubenka\/river-ouluu\/\" \/>\n<meta property=\"og:locale\" content=\"cs_CZ\" \/>\n<meta property=\"og:type\" content=\"article\" \/>\n<meta property=\"og:title\" content=\"Hirsiset - River Ouluu collection log home modern dream log house\" \/>\n<meta property=\"og:description\" content=\"The River Oulu collection log home dream log house is fresh, modern and can be modified to suit everyone&#039;s wishes. All models are designed to meet current needs and requirements.\" \/>\n<meta property=\"og:url\" content=\"https:\/\/www.hirsiset.com\/cs\/roubenka\/river-ouluu\/\" \/>\n<meta property=\"og:site_name\" content=\"Hirsiset\" \/>\n<meta property=\"article:publisher\" content=\"https:\/\/www.facebook.com\/Hirsiset\/\" \/>\n<meta property=\"article:modified_time\" content=\"2026-04-15T13:11:49+00:00\" \/>\n<meta property=\"og:image\" content=\"https:\/\/www.hirsiset.com\/wp-content\/uploads\/moderni-kaksikerroksinen-hirsitalo.jpg\" \/>\n\t<meta property=\"og:image:width\" content=\"1500\" \/>\n\t<meta property=\"og:image:height\" content=\"1001\" \/>\n\t<meta property=\"og:image:type\" content=\"image\/jpeg\" \/>\n<meta name=\"twitter:card\" content=\"summary_large_image\" \/>\n<meta name=\"twitter:site\" content=\"@hirsiset\" \/>\n<meta name=\"twitter:label1\" content=\"Odhadovan\u00e1 doba \u010dten\u00ed\" \/>\n\t<meta name=\"twitter:data1\" content=\"3 minuty\" \/>\n<script type=\"application\/ld+json\" class=\"yoast-schema-graph\">{\"@context\":\"https:\\\/\\\/schema.org\",\"@graph\":[{\"@type\":\"WebPage\",\"@id\":\"https:\\\/\\\/www.hirsiset.com\\\/cs\\\/roubenka\\\/river-ouluu\\\/\",\"url\":\"https:\\\/\\\/www.hirsiset.com\\\/cs\\\/roubenka\\\/river-ouluu\\\/\",\"name\":\"Hirsiset - River Ouluu collection log home modern dream log house\",\"isPartOf\":{\"@id\":\"https:\\\/\\\/www.hirsiset.com\\\/cs\\\/#website\"},\"primaryImageOfPage\":{\"@id\":\"https:\\\/\\\/www.hirsiset.com\\\/cs\\\/roubenka\\\/river-ouluu\\\/#primaryimage\"},\"image\":{\"@id\":\"https:\\\/\\\/www.hirsiset.com\\\/cs\\\/roubenka\\\/river-ouluu\\\/#primaryimage\"},\"thumbnailUrl\":\"https:\\\/\\\/www.hirsiset.com\\\/wp-content\\\/uploads\\\/moderni-kaksikerroksinen-hirsitalo.jpg\",\"datePublished\":\"2019-08-28T06:26:41+00:00\",\"dateModified\":\"2026-04-15T13:11:49+00:00\",\"description\":\"The River Oulu collection log home dream log house is fresh, modern and can be modified to suit everyone's wishes. All models are designed to meet current needs and requirements.\",\"breadcrumb\":{\"@id\":\"https:\\\/\\\/www.hirsiset.com\\\/cs\\\/roubenka\\\/river-ouluu\\\/#breadcrumb\"},\"inLanguage\":\"cs\",\"potentialAction\":[{\"@type\":\"ReadAction\",\"target\":[\"https:\\\/\\\/www.hirsiset.com\\\/cs\\\/roubenka\\\/river-ouluu\\\/\"]}]},{\"@type\":\"ImageObject\",\"inLanguage\":\"cs\",\"@id\":\"https:\\\/\\\/www.hirsiset.com\\\/cs\\\/roubenka\\\/river-ouluu\\\/#primaryimage\",\"url\":\"https:\\\/\\\/www.hirsiset.com\\\/wp-content\\\/uploads\\\/moderni-kaksikerroksinen-hirsitalo.jpg\",\"contentUrl\":\"https:\\\/\\\/www.hirsiset.com\\\/wp-content\\\/uploads\\\/moderni-kaksikerroksinen-hirsitalo.jpg\",\"width\":1500,\"height\":1001,\"caption\":\"moderni hirsitalo\"},{\"@type\":\"BreadcrumbList\",\"@id\":\"https:\\\/\\\/www.hirsiset.com\\\/cs\\\/roubenka\\\/river-ouluu\\\/#breadcrumb\",\"itemListElement\":[{\"@type\":\"ListItem\",\"position\":1,\"name\":\"Home\",\"item\":\"https:\\\/\\\/www.hirsiset.com\\\/cs\\\/\"},{\"@type\":\"ListItem\",\"position\":2,\"name\":\"Vzorov\u00e9 domy\",\"item\":\"https:\\\/\\\/www.hirsiset.com\\\/cs\\\/roubenka\\\/\"},{\"@type\":\"ListItem\",\"position\":3,\"name\":\"River Ouluu\"}]},{\"@type\":\"WebSite\",\"@id\":\"https:\\\/\\\/www.hirsiset.com\\\/cs\\\/#website\",\"url\":\"https:\\\/\\\/www.hirsiset.com\\\/cs\\\/\",\"name\":\"Hirsiset\",\"description\":\"Srubov\u00e9 domy s v\u00edce ne\u017e 30 lety zku\u0161enost\u00ed\",\"publisher\":{\"@id\":\"https:\\\/\\\/www.hirsiset.com\\\/cs\\\/#organization\"},\"potentialAction\":[{\"@type\":\"SearchAction\",\"target\":{\"@type\":\"EntryPoint\",\"urlTemplate\":\"https:\\\/\\\/www.hirsiset.com\\\/cs\\\/?s={search_term_string}\"},\"query-input\":{\"@type\":\"PropertyValueSpecification\",\"valueRequired\":true,\"valueName\":\"search_term_string\"}}],\"inLanguage\":\"cs\"},{\"@type\":\"Organization\",\"@id\":\"https:\\\/\\\/www.hirsiset.com\\\/cs\\\/#organization\",\"name\":\"Oulun Hirsiset Oy\",\"url\":\"https:\\\/\\\/www.hirsiset.com\\\/cs\\\/\",\"logo\":{\"@type\":\"ImageObject\",\"inLanguage\":\"cs\",\"@id\":\"https:\\\/\\\/www.hirsiset.com\\\/cs\\\/#\\\/schema\\\/logo\\\/image\\\/\",\"url\":\"https:\\\/\\\/www.hirsiset.com\\\/wp-content\\\/uploads\\\/Hirsiset_logo65px.png\",\"contentUrl\":\"https:\\\/\\\/www.hirsiset.com\\\/wp-content\\\/uploads\\\/Hirsiset_logo65px.png\",\"width\":299,\"height\":65,\"caption\":\"Oulun Hirsiset Oy\"},\"image\":{\"@id\":\"https:\\\/\\\/www.hirsiset.com\\\/cs\\\/#\\\/schema\\\/logo\\\/image\\\/\"},\"sameAs\":[\"https:\\\/\\\/www.facebook.com\\\/Hirsiset\\\/\",\"https:\\\/\\\/x.com\\\/hirsiset\",\"https:\\\/\\\/www.instagram.com\\\/hirsiset_oy\\\/\"]}]}<\/script>\n<!-- \/ Yoast SEO plugin. -->","yoast_head_json":{"title":"Hirsiset - River Ouluu collection log home modern dream log house","description":"The River Oulu collection log home dream log house is fresh, modern and can be modified to suit everyone's wishes. All models are designed to meet current needs and requirements.","robots":{"index":"index","follow":"follow","max-snippet":"max-snippet:-1","max-image-preview":"max-image-preview:large","max-video-preview":"max-video-preview:-1"},"canonical":"https:\/\/www.hirsiset.com\/cs\/roubenka\/river-ouluu\/","og_locale":"cs_CZ","og_type":"article","og_title":"Hirsiset - River Ouluu collection log home modern dream log house","og_description":"The River Oulu collection log home dream log house is fresh, modern and can be modified to suit everyone's wishes. All models are designed to meet current needs and requirements.","og_url":"https:\/\/www.hirsiset.com\/cs\/roubenka\/river-ouluu\/","og_site_name":"Hirsiset","article_publisher":"https:\/\/www.facebook.com\/Hirsiset\/","article_modified_time":"2026-04-15T13:11:49+00:00","og_image":[{"width":1500,"height":1001,"url":"https:\/\/www.hirsiset.com\/wp-content\/uploads\/moderni-kaksikerroksinen-hirsitalo.jpg","type":"image\/jpeg"}],"twitter_card":"summary_large_image","twitter_site":"@hirsiset","twitter_misc":{"Odhadovan\u00e1 doba \u010dten\u00ed":"3 minuty"},"schema":{"@context":"https:\/\/schema.org","@graph":[{"@type":"WebPage","@id":"https:\/\/www.hirsiset.com\/cs\/roubenka\/river-ouluu\/","url":"https:\/\/www.hirsiset.com\/cs\/roubenka\/river-ouluu\/","name":"Hirsiset - River Ouluu collection log home modern dream log house","isPartOf":{"@id":"https:\/\/www.hirsiset.com\/cs\/#website"},"primaryImageOfPage":{"@id":"https:\/\/www.hirsiset.com\/cs\/roubenka\/river-ouluu\/#primaryimage"},"image":{"@id":"https:\/\/www.hirsiset.com\/cs\/roubenka\/river-ouluu\/#primaryimage"},"thumbnailUrl":"https:\/\/www.hirsiset.com\/wp-content\/uploads\/moderni-kaksikerroksinen-hirsitalo.jpg","datePublished":"2019-08-28T06:26:41+00:00","dateModified":"2026-04-15T13:11:49+00:00","description":"The River Oulu collection log home dream log house is fresh, modern and can be modified to suit everyone's wishes. All models are designed to meet current needs and requirements.","breadcrumb":{"@id":"https:\/\/www.hirsiset.com\/cs\/roubenka\/river-ouluu\/#breadcrumb"},"inLanguage":"cs","potentialAction":[{"@type":"ReadAction","target":["https:\/\/www.hirsiset.com\/cs\/roubenka\/river-ouluu\/"]}]},{"@type":"ImageObject","inLanguage":"cs","@id":"https:\/\/www.hirsiset.com\/cs\/roubenka\/river-ouluu\/#primaryimage","url":"https:\/\/www.hirsiset.com\/wp-content\/uploads\/moderni-kaksikerroksinen-hirsitalo.jpg","contentUrl":"https:\/\/www.hirsiset.com\/wp-content\/uploads\/moderni-kaksikerroksinen-hirsitalo.jpg","width":1500,"height":1001,"caption":"moderni hirsitalo"},{"@type":"BreadcrumbList","@id":"https:\/\/www.hirsiset.com\/cs\/roubenka\/river-ouluu\/#breadcrumb","itemListElement":[{"@type":"ListItem","position":1,"name":"Home","item":"https:\/\/www.hirsiset.com\/cs\/"},{"@type":"ListItem","position":2,"name":"Vzorov\u00e9 domy","item":"https:\/\/www.hirsiset.com\/cs\/roubenka\/"},{"@type":"ListItem","position":3,"name":"River Ouluu"}]},{"@type":"WebSite","@id":"https:\/\/www.hirsiset.com\/cs\/#website","url":"https:\/\/www.hirsiset.com\/cs\/","name":"Hirsiset","description":"Srubov\u00e9 domy s v\u00edce ne\u017e 30 lety zku\u0161enost\u00ed","publisher":{"@id":"https:\/\/www.hirsiset.com\/cs\/#organization"},"potentialAction":[{"@type":"SearchAction","target":{"@type":"EntryPoint","urlTemplate":"https:\/\/www.hirsiset.com\/cs\/?s={search_term_string}"},"query-input":{"@type":"PropertyValueSpecification","valueRequired":true,"valueName":"search_term_string"}}],"inLanguage":"cs"},{"@type":"Organization","@id":"https:\/\/www.hirsiset.com\/cs\/#organization","name":"Oulun Hirsiset Oy","url":"https:\/\/www.hirsiset.com\/cs\/","logo":{"@type":"ImageObject","inLanguage":"cs","@id":"https:\/\/www.hirsiset.com\/cs\/#\/schema\/logo\/image\/","url":"https:\/\/www.hirsiset.com\/wp-content\/uploads\/Hirsiset_logo65px.png","contentUrl":"https:\/\/www.hirsiset.com\/wp-content\/uploads\/Hirsiset_logo65px.png","width":299,"height":65,"caption":"Oulun Hirsiset Oy"},"image":{"@id":"https:\/\/www.hirsiset.com\/cs\/#\/schema\/logo\/image\/"},"sameAs":["https:\/\/www.facebook.com\/Hirsiset\/","https:\/\/x.com\/hirsiset","https:\/\/www.instagram.com\/hirsiset_oy\/"]}]}},"_links":{"self":[{"href":"https:\/\/www.hirsiset.com\/cs\/wp-json\/wp\/v2\/pages\/36095","targetHints":{"allow":["GET"]}}],"collection":[{"href":"https:\/\/www.hirsiset.com\/cs\/wp-json\/wp\/v2\/pages"}],"about":[{"href":"https:\/\/www.hirsiset.com\/cs\/wp-json\/wp\/v2\/types\/page"}],"author":[{"embeddable":true,"href":"https:\/\/www.hirsiset.com\/cs\/wp-json\/wp\/v2\/users\/5"}],"replies":[{"embeddable":true,"href":"https:\/\/www.hirsiset.com\/cs\/wp-json\/wp\/v2\/comments?post=36095"}],"version-history":[{"count":6,"href":"https:\/\/www.hirsiset.com\/cs\/wp-json\/wp\/v2\/pages\/36095\/revisions"}],"predecessor-version":[{"id":37048,"href":"https:\/\/www.hirsiset.com\/cs\/wp-json\/wp\/v2\/pages\/36095\/revisions\/37048"}],"up":[{"embeddable":true,"href":"https:\/\/www.hirsiset.com\/cs\/wp-json\/wp\/v2\/pages\/36092"}],"wp:featuredmedia":[{"embeddable":true,"href":"https:\/\/www.hirsiset.com\/cs\/wp-json\/wp\/v2\/media\/36097"}],"wp:attachment":[{"href":"https:\/\/www.hirsiset.com\/cs\/wp-json\/wp\/v2\/media?parent=36095"}],"curies":[{"name":"wp","href":"https:\/\/api.w.org\/{rel}","templated":true}]}}