{"id":36050,"date":"2021-09-22T16:55:59","date_gmt":"2021-09-22T13:55:59","guid":{"rendered":"https:\/\/www.hirsiset.com\/download-a-brochure\/"},"modified":"2026-04-10T14:30:23","modified_gmt":"2026-04-10T11:30:23","slug":"stahni-brozuru","status":"publish","type":"page","link":"https:\/\/www.hirsiset.com\/cs\/stahni-brozuru\/","title":{"rendered":"St\u00e1hni bro\u017euru"},"content":{"rendered":"<div class=\"wpb-content-wrapper\"><p>[vc_row][vc_column width=&#8220;1\/2&#8243;][vc_single_image image=&#8220;36052&#8243; img_size=&#8220;large&#8220; alignment=&#8220;center&#8220; image_hovers=&#8220;false&#8220;][\/vc_column][vc_column width=&#8220;1\/2&#8243;][vc_column_text css=&#8220;&#8220;]<\/p>\n<div class=\"wpb_text_column wpb_content_element \">\n<div class=\"wpb_wrapper\">\n<h3>Nov\u00e1 kolekce roubenek Hirsiset River Oulu<\/h3>\n<h4>Prohl\u00e9dn\u011bte si kolekci nebo si st\u00e1hn\u011bte bezplatnou bro\u017euru!<\/h4>\n<p>Nov\u00e1 kolekce <a href=\"https:\/\/www.hirsiset.com\/cs\/roubenku\/river-ouluu\/\">rouben\u00fdch dom\u016f River Ouluu<\/a> od Hirsiset je sv\u011b\u017e\u00ed, modern\u00ed a vysoce p\u0159izp\u016fsobiteln\u00e1, aby vyhov\u011bla p\u0159\u00e1n\u00edm a pot\u0159eb\u00e1m ka\u017ed\u00e9ho. Od sauny po prostorn\u00fd rodinn\u00fd d\u016fm \u2013 v\u0161echny nov\u00e9 modely jsou navr\u017eeny tak, aby odpov\u00eddaly po\u017eadavk\u016fm sou\u010dasn\u00e9ho \u017eivota.<\/p>\n<p>Na\u0161\u00edm c\u00edlem je, aby roubenky byly praktick\u00e9 a pohodln\u00e9 pro ka\u017edodenn\u00ed \u017eivot, ani\u017e by se ztratila jejich kr\u00e1sa. Zvl\u00e1\u0161tn\u00ed pozornost byla v\u011bnov\u00e1na funk\u010dn\u00edmu vyu\u017eit\u00ed prostoru, nap\u0159\u00edklad v kuchyni, technick\u00e9 m\u00edstnosti \u010di \u00falo\u017en\u00fdch prostor\u00e1ch.<\/p>\n<p>Prohl\u00e9dn\u011bte si <a href=\"https:\/\/www.hirsiset.com\/cs\/roubenku\/river-ouluu\/\">kolekci na na\u0161em webu<\/a> nebo si st\u00e1hn\u011bte bro\u017euru se v\u0161emi modely kolekce River Ouluu.<\/p>\n<p>Zanechte sv\u00e9 kontaktn\u00ed \u00fadaje, obdr\u017e\u00edte od n\u00e1s e-mail a m\u016f\u017eete si st\u00e1hnout bro\u017euru. Poj\u010fme spole\u010dn\u011b za\u010d\u00edt navrhovat v\u00e1\u0161 vysn\u011bn\u00fd d\u016fm z hranol\u016f!<\/p>\n<\/div>\n<\/div>\n<p>[\/vc_column_text]\n<div class=\"wpcf7 no-js\" id=\"wpcf7-f36593-o1\" lang=\"cs-CZ\" dir=\"ltr\" data-wpcf7-id=\"36593\">\n<div class=\"screen-reader-response\"><p role=\"status\" aria-live=\"polite\" aria-atomic=\"true\"><\/p> <ul><\/ul><\/div>\n<form action=\"\/cs\/wp-json\/wp\/v2\/pages\/36050#wpcf7-f36593-o1\" method=\"post\" class=\"wpcf7-form init\" aria-label=\"Kontaktn\u00ed formul\u00e1\u0159\" novalidate=\"novalidate\" data-status=\"init\">\n<fieldset class=\"hidden-fields-container\"><input type=\"hidden\" name=\"_wpcf7\" value=\"36593\" \/><input type=\"hidden\" name=\"_wpcf7_version\" value=\"6.1.5\" \/><input type=\"hidden\" name=\"_wpcf7_locale\" value=\"cs_CZ\" \/><input type=\"hidden\" name=\"_wpcf7_unit_tag\" value=\"wpcf7-f36593-o1\" \/><input type=\"hidden\" name=\"_wpcf7_container_post\" value=\"0\" \/><input type=\"hidden\" name=\"_wpcf7_posted_data_hash\" value=\"\" \/><input type=\"hidden\" name=\"_wpcf7_recaptcha_response\" value=\"\" \/>\n<\/fieldset>\n<p>Jm\u00e9no *\n<\/p>\n<p><span class=\"wpcf7-form-control-wrap\" data-name=\"your-name\"><input size=\"40\" maxlength=\"400\" class=\"wpcf7-form-control wpcf7-text wpcf7-validates-as-required\" aria-required=\"true\" aria-invalid=\"false\" value=\"\" type=\"text\" name=\"your-name\" \/><\/span>\n<\/p>\n<p>Email *\n<\/p>\n<p><span class=\"wpcf7-form-control-wrap\" data-name=\"your-email\"><input size=\"40\" maxlength=\"400\" class=\"wpcf7-form-control wpcf7-email wpcf7-validates-as-required wpcf7-text wpcf7-validates-as-email\" aria-required=\"true\" aria-invalid=\"false\" value=\"\" type=\"email\" name=\"your-email\" \/><\/span>\n<\/p>\n<p>Telefonn\u00ed \u010d\u00edslo *\n<\/p>\n<p><span class=\"wpcf7-form-control-wrap\" data-name=\"tel-405\"><input size=\"40\" maxlength=\"400\" class=\"wpcf7-form-control wpcf7-tel wpcf7-validates-as-required wpcf7-text wpcf7-validates-as-tel\" aria-required=\"true\" aria-invalid=\"false\" value=\"\" type=\"tel\" name=\"tel-405\" \/><\/span>\n<\/p>\n<p>P\u0159edm\u011bt\n<\/p>\n<p><span class=\"wpcf7-form-control-wrap\" data-name=\"your-subject\"><input size=\"40\" maxlength=\"400\" class=\"wpcf7-form-control wpcf7-text\" aria-invalid=\"false\" value=\"\" type=\"text\" name=\"your-subject\" \/><\/span>\n<\/p>\n<p>M\u00e1te staveni\u0161t\u011b?<br \/>\n<span class=\"wpcf7-form-control-wrap\" data-name=\"radio-22\"><span class=\"wpcf7-form-control wpcf7-radio\"><span class=\"wpcf7-list-item first\"><label><input type=\"radio\" name=\"radio-22\" value=\"Ano\" checked=\"checked\" \/><span class=\"wpcf7-list-item-label\">Ano<\/span><\/label><\/span><span class=\"wpcf7-list-item last\"><label><input type=\"radio\" name=\"radio-22\" value=\"Je\u0161t\u011b ne\" \/><span class=\"wpcf7-list-item-label\">Je\u0161t\u011b ne<\/span><\/label><\/span><\/span><\/span>\n<\/p>\n<p>\u0158ekn\u011bte n\u00e1m v\u00edce o va\u0161ich pl\u00e1nech\n<\/p>\n<p><span class=\"wpcf7-form-control-wrap\" data-name=\"your-message\"><textarea cols=\"40\" rows=\"10\" maxlength=\"2000\" class=\"wpcf7-form-control wpcf7-textarea\" aria-invalid=\"false\" name=\"your-message\"><\/textarea><\/span>\n<\/p>\n<p><span class=\"wpcf7-form-control-wrap\" data-name=\"acceptance-150\"><span class=\"wpcf7-form-control wpcf7-acceptance\"><span class=\"wpcf7-list-item\"><label><input type=\"checkbox\" name=\"acceptance-150\" value=\"1\" aria-invalid=\"false\" \/><span class=\"wpcf7-list-item-label\">Souhlas\u00edm s podm\u00ednkami pou\u017eit\u00ed a mohu b\u00fdt kontaktov\u00e1n *<\/span><\/label><\/span><\/span><\/span>\n<\/p>\n<p><a href=\"\/cs\/prohlaseni-z-registru\/\">Popis registrace<\/a>\n<\/p>\n<p>\n<span class=\"wpcf7-form-control-wrap recaptcha\" data-name=\"recaptcha\"><span data-sitekey=\"6LfD8rIUAAAAAGCzvEWumyjINGEM0Xer_BbNTwNo\" class=\"wpcf7-form-control wpcf7-recaptcha g-recaptcha\"><\/span>\r\n<noscript>\r\n\t<div class=\"grecaptcha-noscript\">\r\n\t\t<iframe loading=\"lazy\" src=\"https:\/\/www.google.com\/recaptcha\/api\/fallback?k=6LfD8rIUAAAAAGCzvEWumyjINGEM0Xer_BbNTwNo\" frameborder=\"0\" scrolling=\"no\" width=\"310\" height=\"430\">\r\n\t\t<\/iframe>\r\n\t\t<textarea name=\"g-recaptcha-response\" rows=\"3\" cols=\"40\" placeholder=\"reCaptcha Response Here\">\r\n\t\t<\/textarea>\r\n\t<\/div>\r\n<\/noscript>\r\n<\/span>\n<\/p>\n<p>* Povinn\u00e9\n<\/p>\n<p><input class=\"wpcf7-form-control wpcf7-submit has-spinner\" type=\"submit\" value=\"Potvrzuji\" \/>\n<\/p><div class=\"wpcf7-response-output\" aria-hidden=\"true\"><\/div>\n<\/form>\n<\/div>\n[vc_empty_space height=&#8220;50px&#8220;][\/vc_column][\/vc_row]<\/p>\n<\/div>","protected":false},"excerpt":{"rendered":"<p>[vc_row][vc_column width=&#8220;1\/2&#8243;][vc_single_image image=&#8220;36052&#8243; img_size=&#8220;large&#8220; alignment=&#8220;center&#8220; image_hovers=&#8220;false&#8220;][\/vc_column][vc_column width=&#8220;1\/2&#8243;][vc_column_text css=&#8220;&#8220;] Nov\u00e1 kolekce roubenek Hirsiset River Oulu Prohl\u00e9dn\u011bte si kolekci nebo si st\u00e1hn\u011bte bezplatnou bro\u017euru! Nov\u00e1 kolekce rouben\u00fdch dom\u016f River Ouluu od Hirsiset je sv\u011b\u017e\u00ed, modern\u00ed a vysoce p\u0159izp\u016fsobiteln\u00e1, aby vyhov\u011bla p\u0159\u00e1n\u00edm a pot\u0159eb\u00e1m ka\u017ed\u00e9ho. Od sauny po prostorn\u00fd rodinn\u00fd d\u016fm \u2013 v\u0161echny nov\u00e9 modely jsou navr\u017eeny tak,&hellip;<\/p>\n","protected":false},"author":1,"featured_media":36053,"parent":0,"menu_order":0,"comment_status":"closed","ping_status":"closed","template":"","meta":{"footnotes":""},"class_list":["post-36050","page","type-page","status-publish","has-post-thumbnail","hentry","description-off"],"yoast_head":"<!-- This site is optimized with the Yoast SEO plugin v27.4 - https:\/\/yoast.com\/product\/yoast-seo-wordpress\/ -->\n<title>St\u00e1hni bro\u017euru - Hirsiset - Hirsiset new River Oulu -log homes collection<\/title>\n<meta name=\"description\" content=\"Check out Hirsiset new River Oulu -log homes collection or download a free brochure! Log houses, log villas, log homes and log cabins according to your wishes.\" \/>\n<meta name=\"robots\" content=\"index, follow, max-snippet:-1, max-image-preview:large, max-video-preview:-1\" \/>\n<link rel=\"canonical\" href=\"https:\/\/www.hirsiset.com\/cs\/stahni-brozuru\/\" \/>\n<meta property=\"og:locale\" content=\"cs_CZ\" \/>\n<meta property=\"og:type\" content=\"article\" \/>\n<meta property=\"og:title\" content=\"St\u00e1hni bro\u017euru - Hirsiset - Hirsiset new River Oulu -log homes collection\" \/>\n<meta property=\"og:description\" content=\"Check out Hirsiset new River Oulu -log homes collection or download a free brochure! Log houses, log villas, log homes and log cabins according to your wishes.\" \/>\n<meta property=\"og:url\" content=\"https:\/\/www.hirsiset.com\/cs\/stahni-brozuru\/\" \/>\n<meta property=\"og:site_name\" content=\"Hirsiset\" \/>\n<meta property=\"article:publisher\" content=\"https:\/\/www.facebook.com\/Hirsiset\/\" \/>\n<meta property=\"article:modified_time\" content=\"2026-04-10T11:30:23+00:00\" \/>\n<meta property=\"og:image\" content=\"https:\/\/www.hirsiset.com\/wp-content\/uploads\/Hirsiset-tilaa-kuvasto-1.jpg\" \/>\n\t<meta property=\"og:image:width\" content=\"1600\" \/>\n\t<meta property=\"og:image:height\" content=\"821\" \/>\n\t<meta property=\"og:image:type\" content=\"image\/jpeg\" \/>\n<meta name=\"twitter:card\" content=\"summary_large_image\" \/>\n<meta name=\"twitter:site\" content=\"@hirsiset\" \/>\n<meta name=\"twitter:label1\" content=\"Odhadovan\u00e1 doba \u010dten\u00ed\" \/>\n\t<meta name=\"twitter:data1\" content=\"2 minuty\" \/>\n<script type=\"application\/ld+json\" class=\"yoast-schema-graph\">{\"@context\":\"https:\\\/\\\/schema.org\",\"@graph\":[{\"@type\":\"WebPage\",\"@id\":\"https:\\\/\\\/www.hirsiset.com\\\/cs\\\/stahni-brozuru\\\/\",\"url\":\"https:\\\/\\\/www.hirsiset.com\\\/cs\\\/stahni-brozuru\\\/\",\"name\":\"St\u00e1hni bro\u017euru - Hirsiset - Hirsiset new River Oulu -log homes collection\",\"isPartOf\":{\"@id\":\"https:\\\/\\\/www.hirsiset.com\\\/cs\\\/#website\"},\"primaryImageOfPage\":{\"@id\":\"https:\\\/\\\/www.hirsiset.com\\\/cs\\\/stahni-brozuru\\\/#primaryimage\"},\"image\":{\"@id\":\"https:\\\/\\\/www.hirsiset.com\\\/cs\\\/stahni-brozuru\\\/#primaryimage\"},\"thumbnailUrl\":\"https:\\\/\\\/www.hirsiset.com\\\/wp-content\\\/uploads\\\/Hirsiset-tilaa-kuvasto-1.jpg\",\"datePublished\":\"2021-09-22T13:55:59+00:00\",\"dateModified\":\"2026-04-10T11:30:23+00:00\",\"description\":\"Check out Hirsiset new River Oulu -log homes collection or download a free brochure! Log houses, log villas, log homes and log cabins according to your wishes.\",\"breadcrumb\":{\"@id\":\"https:\\\/\\\/www.hirsiset.com\\\/cs\\\/stahni-brozuru\\\/#breadcrumb\"},\"inLanguage\":\"cs\",\"potentialAction\":[{\"@type\":\"ReadAction\",\"target\":[\"https:\\\/\\\/www.hirsiset.com\\\/cs\\\/stahni-brozuru\\\/\"]}]},{\"@type\":\"ImageObject\",\"inLanguage\":\"cs\",\"@id\":\"https:\\\/\\\/www.hirsiset.com\\\/cs\\\/stahni-brozuru\\\/#primaryimage\",\"url\":\"https:\\\/\\\/www.hirsiset.com\\\/wp-content\\\/uploads\\\/Hirsiset-tilaa-kuvasto-1.jpg\",\"contentUrl\":\"https:\\\/\\\/www.hirsiset.com\\\/wp-content\\\/uploads\\\/Hirsiset-tilaa-kuvasto-1.jpg\",\"width\":1600,\"height\":821,\"caption\":\"Tilaa Hirsiset Oulujoki-esite\"},{\"@type\":\"BreadcrumbList\",\"@id\":\"https:\\\/\\\/www.hirsiset.com\\\/cs\\\/stahni-brozuru\\\/#breadcrumb\",\"itemListElement\":[{\"@type\":\"ListItem\",\"position\":1,\"name\":\"Home\",\"item\":\"https:\\\/\\\/www.hirsiset.com\\\/cs\\\/\"},{\"@type\":\"ListItem\",\"position\":2,\"name\":\"St\u00e1hni bro\u017euru\"}]},{\"@type\":\"WebSite\",\"@id\":\"https:\\\/\\\/www.hirsiset.com\\\/cs\\\/#website\",\"url\":\"https:\\\/\\\/www.hirsiset.com\\\/cs\\\/\",\"name\":\"Hirsiset\",\"description\":\"Srubov\u00e9 domy s v\u00edce ne\u017e 30 lety zku\u0161enost\u00ed\",\"publisher\":{\"@id\":\"https:\\\/\\\/www.hirsiset.com\\\/cs\\\/#organization\"},\"potentialAction\":[{\"@type\":\"SearchAction\",\"target\":{\"@type\":\"EntryPoint\",\"urlTemplate\":\"https:\\\/\\\/www.hirsiset.com\\\/cs\\\/?s={search_term_string}\"},\"query-input\":{\"@type\":\"PropertyValueSpecification\",\"valueRequired\":true,\"valueName\":\"search_term_string\"}}],\"inLanguage\":\"cs\"},{\"@type\":\"Organization\",\"@id\":\"https:\\\/\\\/www.hirsiset.com\\\/cs\\\/#organization\",\"name\":\"Oulun Hirsiset Oy\",\"url\":\"https:\\\/\\\/www.hirsiset.com\\\/cs\\\/\",\"logo\":{\"@type\":\"ImageObject\",\"inLanguage\":\"cs\",\"@id\":\"https:\\\/\\\/www.hirsiset.com\\\/cs\\\/#\\\/schema\\\/logo\\\/image\\\/\",\"url\":\"https:\\\/\\\/www.hirsiset.com\\\/wp-content\\\/uploads\\\/Hirsiset_logo65px.png\",\"contentUrl\":\"https:\\\/\\\/www.hirsiset.com\\\/wp-content\\\/uploads\\\/Hirsiset_logo65px.png\",\"width\":299,\"height\":65,\"caption\":\"Oulun Hirsiset Oy\"},\"image\":{\"@id\":\"https:\\\/\\\/www.hirsiset.com\\\/cs\\\/#\\\/schema\\\/logo\\\/image\\\/\"},\"sameAs\":[\"https:\\\/\\\/www.facebook.com\\\/Hirsiset\\\/\",\"https:\\\/\\\/x.com\\\/hirsiset\",\"https:\\\/\\\/www.instagram.com\\\/hirsiset_oy\\\/\"]}]}<\/script>\n<!-- \/ Yoast SEO plugin. -->","yoast_head_json":{"title":"St\u00e1hni bro\u017euru - Hirsiset - Hirsiset new River Oulu -log homes collection","description":"Check out Hirsiset new River Oulu -log homes collection or download a free brochure! Log houses, log villas, log homes and log cabins according to your wishes.","robots":{"index":"index","follow":"follow","max-snippet":"max-snippet:-1","max-image-preview":"max-image-preview:large","max-video-preview":"max-video-preview:-1"},"canonical":"https:\/\/www.hirsiset.com\/cs\/stahni-brozuru\/","og_locale":"cs_CZ","og_type":"article","og_title":"St\u00e1hni bro\u017euru - Hirsiset - Hirsiset new River Oulu -log homes collection","og_description":"Check out Hirsiset new River Oulu -log homes collection or download a free brochure! Log houses, log villas, log homes and log cabins according to your wishes.","og_url":"https:\/\/www.hirsiset.com\/cs\/stahni-brozuru\/","og_site_name":"Hirsiset","article_publisher":"https:\/\/www.facebook.com\/Hirsiset\/","article_modified_time":"2026-04-10T11:30:23+00:00","og_image":[{"width":1600,"height":821,"url":"https:\/\/www.hirsiset.com\/wp-content\/uploads\/Hirsiset-tilaa-kuvasto-1.jpg","type":"image\/jpeg"}],"twitter_card":"summary_large_image","twitter_site":"@hirsiset","twitter_misc":{"Odhadovan\u00e1 doba \u010dten\u00ed":"2 minuty"},"schema":{"@context":"https:\/\/schema.org","@graph":[{"@type":"WebPage","@id":"https:\/\/www.hirsiset.com\/cs\/stahni-brozuru\/","url":"https:\/\/www.hirsiset.com\/cs\/stahni-brozuru\/","name":"St\u00e1hni bro\u017euru - Hirsiset - Hirsiset new River Oulu -log homes collection","isPartOf":{"@id":"https:\/\/www.hirsiset.com\/cs\/#website"},"primaryImageOfPage":{"@id":"https:\/\/www.hirsiset.com\/cs\/stahni-brozuru\/#primaryimage"},"image":{"@id":"https:\/\/www.hirsiset.com\/cs\/stahni-brozuru\/#primaryimage"},"thumbnailUrl":"https:\/\/www.hirsiset.com\/wp-content\/uploads\/Hirsiset-tilaa-kuvasto-1.jpg","datePublished":"2021-09-22T13:55:59+00:00","dateModified":"2026-04-10T11:30:23+00:00","description":"Check out Hirsiset new River Oulu -log homes collection or download a free brochure! Log houses, log villas, log homes and log cabins according to your wishes.","breadcrumb":{"@id":"https:\/\/www.hirsiset.com\/cs\/stahni-brozuru\/#breadcrumb"},"inLanguage":"cs","potentialAction":[{"@type":"ReadAction","target":["https:\/\/www.hirsiset.com\/cs\/stahni-brozuru\/"]}]},{"@type":"ImageObject","inLanguage":"cs","@id":"https:\/\/www.hirsiset.com\/cs\/stahni-brozuru\/#primaryimage","url":"https:\/\/www.hirsiset.com\/wp-content\/uploads\/Hirsiset-tilaa-kuvasto-1.jpg","contentUrl":"https:\/\/www.hirsiset.com\/wp-content\/uploads\/Hirsiset-tilaa-kuvasto-1.jpg","width":1600,"height":821,"caption":"Tilaa Hirsiset Oulujoki-esite"},{"@type":"BreadcrumbList","@id":"https:\/\/www.hirsiset.com\/cs\/stahni-brozuru\/#breadcrumb","itemListElement":[{"@type":"ListItem","position":1,"name":"Home","item":"https:\/\/www.hirsiset.com\/cs\/"},{"@type":"ListItem","position":2,"name":"St\u00e1hni bro\u017euru"}]},{"@type":"WebSite","@id":"https:\/\/www.hirsiset.com\/cs\/#website","url":"https:\/\/www.hirsiset.com\/cs\/","name":"Hirsiset","description":"Srubov\u00e9 domy s v\u00edce ne\u017e 30 lety zku\u0161enost\u00ed","publisher":{"@id":"https:\/\/www.hirsiset.com\/cs\/#organization"},"potentialAction":[{"@type":"SearchAction","target":{"@type":"EntryPoint","urlTemplate":"https:\/\/www.hirsiset.com\/cs\/?s={search_term_string}"},"query-input":{"@type":"PropertyValueSpecification","valueRequired":true,"valueName":"search_term_string"}}],"inLanguage":"cs"},{"@type":"Organization","@id":"https:\/\/www.hirsiset.com\/cs\/#organization","name":"Oulun Hirsiset Oy","url":"https:\/\/www.hirsiset.com\/cs\/","logo":{"@type":"ImageObject","inLanguage":"cs","@id":"https:\/\/www.hirsiset.com\/cs\/#\/schema\/logo\/image\/","url":"https:\/\/www.hirsiset.com\/wp-content\/uploads\/Hirsiset_logo65px.png","contentUrl":"https:\/\/www.hirsiset.com\/wp-content\/uploads\/Hirsiset_logo65px.png","width":299,"height":65,"caption":"Oulun Hirsiset Oy"},"image":{"@id":"https:\/\/www.hirsiset.com\/cs\/#\/schema\/logo\/image\/"},"sameAs":["https:\/\/www.facebook.com\/Hirsiset\/","https:\/\/x.com\/hirsiset","https:\/\/www.instagram.com\/hirsiset_oy\/"]}]}},"_links":{"self":[{"href":"https:\/\/www.hirsiset.com\/cs\/wp-json\/wp\/v2\/pages\/36050","targetHints":{"allow":["GET"]}}],"collection":[{"href":"https:\/\/www.hirsiset.com\/cs\/wp-json\/wp\/v2\/pages"}],"about":[{"href":"https:\/\/www.hirsiset.com\/cs\/wp-json\/wp\/v2\/types\/page"}],"author":[{"embeddable":true,"href":"https:\/\/www.hirsiset.com\/cs\/wp-json\/wp\/v2\/users\/1"}],"replies":[{"embeddable":true,"href":"https:\/\/www.hirsiset.com\/cs\/wp-json\/wp\/v2\/comments?post=36050"}],"version-history":[{"count":5,"href":"https:\/\/www.hirsiset.com\/cs\/wp-json\/wp\/v2\/pages\/36050\/revisions"}],"predecessor-version":[{"id":36860,"href":"https:\/\/www.hirsiset.com\/cs\/wp-json\/wp\/v2\/pages\/36050\/revisions\/36860"}],"wp:featuredmedia":[{"embeddable":true,"href":"https:\/\/www.hirsiset.com\/cs\/wp-json\/wp\/v2\/media\/36053"}],"wp:attachment":[{"href":"https:\/\/www.hirsiset.com\/cs\/wp-json\/wp\/v2\/media?parent=36050"}],"curies":[{"name":"wp","href":"https:\/\/api.w.org\/{rel}","templated":true}]}}